{"id":5758,"date":"2025-09-23T23:36:04","date_gmt":"2025-09-23T21:36:04","guid":{"rendered":"https:\/\/bidads.pl\/?page_id=5758"},"modified":"2025-09-30T11:09:03","modified_gmt":"2025-09-30T09:09:03","slug":"body-leasing","status":"publish","type":"page","link":"https:\/\/bidads.pl\/en\/body-leasing\/","title":{"rendered":"Body Leasing"},"content":{"rendered":"<div data-elementor-type=\"wp-page\" data-elementor-id=\"5758\" class=\"elementor elementor-5758\">\n\t\t\t\t<div class=\"elementor-element elementor-element-242d1eb6 elementor-hidden-mobile e-flex e-con-boxed e-con e-parent\" data-id=\"242d1eb6\" data-element_type=\"container\">\n\t\t\t\t\t<div class=\"e-con-inner\">\n\t\t<div class=\"elementor-element elementor-element-28263c02 e-con-full e-flex e-con e-child\" data-id=\"28263c02\" data-element_type=\"container\">\n\t\t\t\t<div class=\"elementor-element elementor-element-3b33d126 elementor-widget elementor-widget-sidebar-nav\" data-id=\"3b33d126\" data-element_type=\"widget\" data-widget_type=\"sidebar-nav.default\">\n\t\t\t\t<div class=\"elementor-widget-container\">\n\t\t\t\t\t    <div class=\"page-sidebar__service page-sidebar__single wow animated fadeInLeft\" data-wow-delay=\"0.1s\" data-wow-duration=\"1500ms\">\r\n        <h3 class=\"page-sidebar__title\">Our services<\/h3>        <div class=\"menu-nasze-uslugi-container\"><ul id=\"menu-nasze-uslugi\" class=\"page-sidebar__service-list\"><li id=\"menu-item-5733\" class=\"menu-item menu-item-type-post_type menu-item-object-page megamenu-hide menu-item-5733\"><a href=\"https:\/\/bidads.pl\/en\/performance-marketing\/\">Performance Marketing<\/a><\/li>\n<li id=\"menu-item-5740\" class=\"menu-item menu-item-type-post_type menu-item-object-page megamenu-hide menu-item-5740\"><a href=\"https:\/\/bidads.pl\/en\/seo-content-marketing\/\">SEO &amp; Content Marketing<\/a><\/li>\n<li id=\"menu-item-5746\" class=\"menu-item menu-item-type-post_type menu-item-object-page megamenu-hide menu-item-5746\"><a href=\"https:\/\/bidads.pl\/en\/social-media-marketing\/\">Social Media Marketing<\/a><\/li>\n<li id=\"menu-item-5753\" class=\"menu-item menu-item-type-post_type menu-item-object-page megamenu-hide menu-item-5753\"><a href=\"https:\/\/bidads.pl\/en\/programmatic-media-buying\/\">Programmatic &amp; Media Buying<\/a><\/li>\n<li id=\"menu-item-5764\" class=\"menu-item menu-item-type-post_type menu-item-object-page megamenu-hide menu-item-5764\"><a href=\"https:\/\/bidads.pl\/en\/body-leasing\/\">Body Leasing<\/a><\/li>\n<\/ul><\/div>        <\/ul>\r\n    <\/div><!-- \/.blog-sidebar__service -->\r\n\t\t\t\t<\/div>\n\t\t\t\t<\/div>\n\t\t\t\t<div class=\"elementor-element elementor-element-709c9b14 elementor-widget elementor-widget-sidebar-social-info\" data-id=\"709c9b14\" data-element_type=\"widget\" data-widget_type=\"sidebar-social-info.default\">\n\t\t\t\t<div class=\"elementor-widget-container\">\n\t\t\t\t\t    <div class=\"page-sidebar__social page-sidebar__single wow animated fadeInLeft\" data-wow-delay=\"0.1s\" data-wow-duration=\"1500ms\">\r\n        <h3 class=\"page-sidebar__title\">Social Media<\/h3>        <div class=\"page-sidebar__social-list social-list\">\r\n           \r\n                            <a class=\"page-sidebar__social-link social-link\"   href=\"https:\/\/www.facebook.com\/\">\r\n                    <i aria-hidden=\"true\" class=\"icon-facebook\"><\/i>                <\/a>\r\n                            <a class=\"page-sidebar__social-link social-link\"   href=\"https:\/\/www.linkedin.com\/company\/bidads-sp-z-o-o\/\">\r\n                    <i aria-hidden=\"true\" class=\"icon-linkedin\"><\/i>                <\/a>\r\n                    <\/div>\r\n    <\/div><!-- \/.page-sidebar__social -->\r\n\r\n\t\t\t\t<\/div>\n\t\t\t\t<\/div>\n\t\t\t\t<div class=\"elementor-element elementor-element-6db3928d elementor-widget elementor-widget-noile-sidebar-call-to-action\" data-id=\"6db3928d\" data-element_type=\"widget\" data-widget_type=\"noile-sidebar-call-to-action.default\">\n\t\t\t\t<div class=\"elementor-widget-container\">\n\t\t\t\t\t    <div class=\"page-sidebar__contact page-sidebar__single wow animated fadeInLeft\" data-wow-delay=\"0.1s\" data-wow-duration=\"1500ms\" style=\"background-image: url('https:\/\/bidads.pl\/wp-content\/uploads\/2025\/01\/BIDads_body_leasing_masz_pytania_zadzwon.jpg');\">\r\n        <div class=\"page-sidebar__contact-wrap\">\r\n            <h3 class=\"page-sidebar__contact-title\">Got questions? Give us a call!<\/h3>            <a href=\"tel:-+48-698-578-557\" class=\"page-sidebar__contact-btn\">\r\n                <span class=\"page-sidebar__contact-icon icon-phone\"><\/span>\r\n                <h4 class=\"page-sidebar__contact-text\">  +48 698 578 557<\/h4>\r\n            <\/a>\r\n        <\/div>\r\n    <\/div><!-- \/.page-sidebar__contact -->\r\n\t\t\t\t<\/div>\n\t\t\t\t<\/div>\n\t\t\t\t<\/div>\n\t\t<div class=\"elementor-element elementor-element-55bd57fd e-con-full e-flex e-con e-child\" data-id=\"55bd57fd\" data-element_type=\"container\">\n\t\t<div class=\"elementor-element elementor-element-8bd3d7 e-con-full e-flex e-con e-child\" data-id=\"8bd3d7\" data-element_type=\"container\">\n\t\t\t\t<div class=\"elementor-element elementor-element-33f51f7c elementor-widget elementor-widget-image\" data-id=\"33f51f7c\" data-element_type=\"widget\" data-widget_type=\"image.default\">\n\t\t\t\t<div class=\"elementor-widget-container\">\n\t\t\t\t\t\t\t\t\t\t\t\t\t\t\t<img fetchpriority=\"high\" decoding=\"async\" width=\"2000\" height=\"1333\" src=\"https:\/\/bidads.pl\/wp-content\/uploads\/2025\/09\/Body-leasing-_-BIDads-_.jpg\" class=\"attachment-full size-full wp-image-5793\" alt=\"\" srcset=\"https:\/\/bidads.pl\/wp-content\/uploads\/2025\/09\/Body-leasing-_-BIDads-_.jpg 2000w, https:\/\/bidads.pl\/wp-content\/uploads\/2025\/09\/Body-leasing-_-BIDads-_-300x200.jpg 300w, https:\/\/bidads.pl\/wp-content\/uploads\/2025\/09\/Body-leasing-_-BIDads-_-1024x682.jpg 1024w, https:\/\/bidads.pl\/wp-content\/uploads\/2025\/09\/Body-leasing-_-BIDads-_-768x512.jpg 768w, https:\/\/bidads.pl\/wp-content\/uploads\/2025\/09\/Body-leasing-_-BIDads-_-1536x1024.jpg 1536w, https:\/\/bidads.pl\/wp-content\/uploads\/2025\/09\/Body-leasing-_-BIDads-_-18x12.jpg 18w, https:\/\/bidads.pl\/wp-content\/uploads\/2025\/09\/Body-leasing-_-BIDads-_-900x600.jpg 900w\" sizes=\"(max-width: 2000px) 100vw, 2000px\" \/>\t\t\t\t\t\t\t\t\t\t\t\t\t\t\t<\/div>\n\t\t\t\t<\/div>\n\t\t\t\t<div class=\"elementor-element elementor-element-ff066e0 elementor-widget elementor-widget-text-editor\" data-id=\"ff066e0\" data-element_type=\"widget\" data-widget_type=\"text-editor.default\">\n\t\t\t\t<div class=\"elementor-widget-container\">\n\t\t\t\t\t\t\t\t\t<h3 class=\"service-details-page__top-service-title\">Body Leasing<\/h3>\t\t\t\t\t\t\t\t<\/div>\n\t\t\t\t<\/div>\n\t\t\t\t<div class=\"elementor-element elementor-element-3fcdd4bd elementor-widget elementor-widget-text-editor\" data-id=\"3fcdd4bd\" data-element_type=\"widget\" data-widget_type=\"text-editor.default\">\n\t\t\t\t<div class=\"elementor-widget-container\">\n\t\t\t\t\t\t\t\t\t<p class=\"service-details-page__top-service-desc\">Body Leasing is flexible team support in marketing and digital, tailored to the needs of a project or long-term cooperation.<\/p>\t\t\t\t\t\t\t\t<\/div>\n\t\t\t\t<\/div>\n\t\t\t\t<div class=\"elementor-element elementor-element-ab02ae5 elementor-widget elementor-widget-text-editor\" data-id=\"ab02ae5\" data-element_type=\"widget\" data-widget_type=\"text-editor.default\">\n\t\t\t\t<div class=\"elementor-widget-container\">\n\t\t\t\t\t\t\t\t\t<p>We offer specialists who join your team on a project or permanent basis, bringing expertise in performance, SEO, content marketing, social media, and programmatic.\u00a0<\/p><p>We provide rapid strengthening of team competences, flexible resource management, and\nachievement of business goals without the need to recruit permanent employees.<\/p>\t\t\t\t\t\t\t\t<\/div>\n\t\t\t\t<\/div>\n\t\t\t\t<div class=\"elementor-element elementor-element-d489e64 elementor-widget elementor-widget-text-editor\" data-id=\"d489e64\" data-element_type=\"widget\" data-widget_type=\"text-editor.default\">\n\t\t\t\t<div class=\"elementor-widget-container\">\n\t\t\t\t\t\t\t\t\t<p>With Body Leasing, your company gains access to experienced specialists and support\nexactly where it is needed.<\/p>\t\t\t\t\t\t\t\t<\/div>\n\t\t\t\t<\/div>\n\t\t\t\t<\/div>\n\t\t\t\t<\/div>\n\t\t\t\t\t<\/div>\n\t\t\t\t<\/div>\n\t\t<div class=\"elementor-element elementor-element-1f85f0d elementor-hidden-desktop elementor-hidden-tablet e-flex e-con-boxed e-con e-parent\" data-id=\"1f85f0d\" data-element_type=\"container\">\n\t\t\t\t\t<div class=\"e-con-inner\">\n\t\t<div class=\"elementor-element elementor-element-62feb6b7 e-con-full e-flex e-con e-child\" data-id=\"62feb6b7\" data-element_type=\"container\">\n\t\t\t\t<div class=\"elementor-element elementor-element-369ede8f elementor-widget elementor-widget-sidebar-nav\" data-id=\"369ede8f\" data-element_type=\"widget\" data-widget_type=\"sidebar-nav.default\">\n\t\t\t\t<div class=\"elementor-widget-container\">\n\t\t\t\t\t    <div class=\"page-sidebar__service page-sidebar__single wow animated fadeInLeft\" data-wow-delay=\"0.1s\" data-wow-duration=\"1500ms\">\r\n        <h3 class=\"page-sidebar__title\">Collaboration Models<\/h3>        <div class=\"menu-modele-wspolpracy-container\"><ul id=\"menu-modele-wspolpracy\" class=\"page-sidebar__service-list\"><li id=\"menu-item-73\" class=\"menu-item menu-item-type-post_type menu-item-object-page megamenu-hide menu-item-73\"><a href=\"https:\/\/bidads.pl\/en\/body-leasing-na-czas-okreslony\/\">Fixed-term<\/a><\/li>\n<li id=\"menu-item-71\" class=\"menu-item menu-item-type-post_type menu-item-object-page megamenu-hide menu-item-71\"><a href=\"https:\/\/bidads.pl\/en\/body-leasing-projektowy\/\">Project-based<\/a><\/li>\n<li id=\"menu-item-72\" class=\"menu-item menu-item-type-post_type menu-item-object-page megamenu-hide menu-item-72\"><a href=\"https:\/\/bidads.pl\/en\/body-leasing-dlugoterminowy\/\">Long-term<\/a><\/li>\n<li id=\"menu-item-70\" class=\"menu-item menu-item-type-post_type menu-item-object-page megamenu-hide menu-item-70\"><a href=\"https:\/\/bidads.pl\/en\/body-leasing-z-mozliwoscia-zatrudnienia\/\">Contract-to-hire<\/a><\/li>\n<li id=\"menu-item-69\" class=\"menu-item menu-item-type-post_type menu-item-object-page megamenu-hide menu-item-69\"><a href=\"https:\/\/bidads.pl\/en\/body-leasing-zespolowy\/\">Team-based<\/a><\/li>\n<\/ul><\/div>        <\/ul>\r\n    <\/div><!-- \/.blog-sidebar__service -->\r\n\t\t\t\t<\/div>\n\t\t\t\t<\/div>\n\t\t\t\t<div class=\"elementor-element elementor-element-58555188 elementor-widget elementor-widget-sidebar-social-info\" data-id=\"58555188\" data-element_type=\"widget\" data-widget_type=\"sidebar-social-info.default\">\n\t\t\t\t<div class=\"elementor-widget-container\">\n\t\t\t\t\t    <div class=\"page-sidebar__social page-sidebar__single wow animated fadeInLeft\" data-wow-delay=\"0.1s\" data-wow-duration=\"1500ms\">\r\n        <h3 class=\"page-sidebar__title\">Social Media<\/h3>        <div class=\"page-sidebar__social-list social-list\">\r\n           \r\n                            <a class=\"page-sidebar__social-link social-link\"   href=\"https:\/\/www.facebook.com\/\">\r\n                    <i aria-hidden=\"true\" class=\"icon-facebook\"><\/i>                <\/a>\r\n                            <a class=\"page-sidebar__social-link social-link\"   href=\"https:\/\/www.linkedin.com\/company\/bidads-sp-z-o-o\/\">\r\n                    <i aria-hidden=\"true\" class=\"icon-linkedin\"><\/i>                <\/a>\r\n                    <\/div>\r\n    <\/div><!-- \/.page-sidebar__social -->\r\n\r\n\t\t\t\t<\/div>\n\t\t\t\t<\/div>\n\t\t\t\t<div class=\"elementor-element elementor-element-51285bfa elementor-widget elementor-widget-noile-sidebar-call-to-action\" data-id=\"51285bfa\" data-element_type=\"widget\" data-widget_type=\"noile-sidebar-call-to-action.default\">\n\t\t\t\t<div class=\"elementor-widget-container\">\n\t\t\t\t\t    <div class=\"page-sidebar__contact page-sidebar__single wow animated fadeInLeft\" data-wow-delay=\"0.1s\" data-wow-duration=\"1500ms\" style=\"background-image: url('https:\/\/bidads.pl\/wp-content\/uploads\/2025\/01\/BIDads_body_leasing_masz_pytania_zadzwon.jpg');\">\r\n        <div class=\"page-sidebar__contact-wrap\">\r\n            <h3 class=\"page-sidebar__contact-title\">Got questions? Give us a call!<\/h3>            <a href=\"tel:-+48-698-578-557\" class=\"page-sidebar__contact-btn\">\r\n                <span class=\"page-sidebar__contact-icon icon-phone\"><\/span>\r\n                <h4 class=\"page-sidebar__contact-text\">  +48 698 578 557<\/h4>\r\n            <\/a>\r\n        <\/div>\r\n    <\/div><!-- \/.page-sidebar__contact -->\r\n\t\t\t\t<\/div>\n\t\t\t\t<\/div>\n\t\t\t\t<\/div>\n\t\t<div class=\"elementor-element elementor-element-630db391 e-con-full e-flex e-con e-child\" data-id=\"630db391\" data-element_type=\"container\">\n\t\t<div class=\"elementor-element elementor-element-5043d5db e-con-full e-flex e-con e-child\" data-id=\"5043d5db\" data-element_type=\"container\">\n\t\t\t\t<div class=\"elementor-element elementor-element-40fb4f7b elementor-widget elementor-widget-image\" data-id=\"40fb4f7b\" data-element_type=\"widget\" data-widget_type=\"image.default\">\n\t\t\t\t<div class=\"elementor-widget-container\">\n\t\t\t\t\t\t\t\t\t\t\t\t\t\t\t<img fetchpriority=\"high\" decoding=\"async\" width=\"2000\" height=\"1333\" src=\"https:\/\/bidads.pl\/wp-content\/uploads\/2025\/09\/Body-leasing-_-BIDads-_.jpg\" class=\"attachment-full size-full wp-image-5793\" alt=\"\" srcset=\"https:\/\/bidads.pl\/wp-content\/uploads\/2025\/09\/Body-leasing-_-BIDads-_.jpg 2000w, https:\/\/bidads.pl\/wp-content\/uploads\/2025\/09\/Body-leasing-_-BIDads-_-300x200.jpg 300w, https:\/\/bidads.pl\/wp-content\/uploads\/2025\/09\/Body-leasing-_-BIDads-_-1024x682.jpg 1024w, https:\/\/bidads.pl\/wp-content\/uploads\/2025\/09\/Body-leasing-_-BIDads-_-768x512.jpg 768w, https:\/\/bidads.pl\/wp-content\/uploads\/2025\/09\/Body-leasing-_-BIDads-_-1536x1024.jpg 1536w, https:\/\/bidads.pl\/wp-content\/uploads\/2025\/09\/Body-leasing-_-BIDads-_-18x12.jpg 18w, https:\/\/bidads.pl\/wp-content\/uploads\/2025\/09\/Body-leasing-_-BIDads-_-900x600.jpg 900w\" sizes=\"(max-width: 2000px) 100vw, 2000px\" \/>\t\t\t\t\t\t\t\t\t\t\t\t\t\t\t<\/div>\n\t\t\t\t<\/div>\n\t\t\t\t<div class=\"elementor-element elementor-element-1f34a77c elementor-widget elementor-widget-text-editor\" data-id=\"1f34a77c\" data-element_type=\"widget\" data-widget_type=\"text-editor.default\">\n\t\t\t\t<div class=\"elementor-widget-container\">\n\t\t\t\t\t\t\t\t\t<h3 class=\"service-details-page__top-service-title\">Body Leasing<\/h3>\t\t\t\t\t\t\t\t<\/div>\n\t\t\t\t<\/div>\n\t\t\t\t<div class=\"elementor-element elementor-element-39a5fae2 elementor-widget elementor-widget-text-editor\" data-id=\"39a5fae2\" data-element_type=\"widget\" data-widget_type=\"text-editor.default\">\n\t\t\t\t<div class=\"elementor-widget-container\">\n\t\t\t\t\t\t\t\t\t<p class=\"service-details-page__top-service-desc\">Body Leasing to elastyczne wsparcie zespo\u0142owe w marketingu i digitalu, dopasowane do<br \/>potrzeb projektu lub d\u0142ugoterminowej wsp\u00f3\u0142pracy.<\/p>\t\t\t\t\t\t\t\t<\/div>\n\t\t\t\t<\/div>\n\t\t\t\t<div class=\"elementor-element elementor-element-987f79a elementor-widget elementor-widget-text-editor\" data-id=\"987f79a\" data-element_type=\"widget\" data-widget_type=\"text-editor.default\">\n\t\t\t\t<div class=\"elementor-widget-container\">\n\t\t\t\t\t\t\t\t\t<p>\u25cf Oferujemy specjalist\u00f3w do\u0142\u0105czaj\u0105cych do Twojego zespo\u0142u w modelu projektowym lub sta\u0142ym, kt\u00f3rzy wnosz\u0105 wiedz\u0119 eksperck\u0105 w obszarach performance, SEO, content<br \/>marketingu, social media czy programmatic.\u00a0<\/p><p>\u25cf Zapewniamy szybkie wzmocnienie kompetencji zespo\u0142u, elastyczne zarz\u0105dzanie<br \/>zasobami i realizacj\u0119 cel\u00f3w biznesowych bez konieczno\u015bci rekrutacji sta\u0142ych<br \/>pracownik\u00f3w.<\/p>\t\t\t\t\t\t\t\t<\/div>\n\t\t\t\t<\/div>\n\t\t\t\t<div class=\"elementor-element elementor-element-edd0505 elementor-widget elementor-widget-text-editor\" data-id=\"edd0505\" data-element_type=\"widget\" data-widget_type=\"text-editor.default\">\n\t\t\t\t<div class=\"elementor-widget-container\">\n\t\t\t\t\t\t\t\t\t<p>With Body Leasing, your company gains access to experienced specialists and support\nexactly where it is needed.<\/p>\t\t\t\t\t\t\t\t<\/div>\n\t\t\t\t<\/div>\n\t\t\t\t<\/div>\n\t\t\t\t<\/div>\n\t\t\t\t\t<\/div>\n\t\t\t\t<\/div>\n\t\t\t\t<\/div>","protected":false},"excerpt":{"rendered":"<p>Nasze Us\u0142ugi Performance Marketing SEO &amp; Content Marketing Social Media Marketing Programmatic &amp; Media Buying Body Leasing Social Media Masz pytania? Zadzwo\u0144 +48 698 578 557 Body Leasing Body Leasing to elastyczne wsparcie zespo\u0142owe w marketingu i digitalu, dopasowane do potrzeb projektu lub d\u0142ugoterminowej wsp\u00f3\u0142pracy. \u25cf Oferujemy specjalist\u00f3d do\u0142\u0105czaj\u0105cych do Twojego zespo\u0142u w modelu projektowym [&hellip;]<\/p>","protected":false},"author":3,"featured_media":0,"parent":0,"menu_order":0,"comment_status":"closed","ping_status":"closed","template":"","meta":{"footnotes":""},"class_list":["post-5758","page","type-page","status-publish","hentry"],"yoast_head":"<!-- This site is optimized with the Yoast SEO plugin v25.2 - https:\/\/yoast.com\/wordpress\/plugins\/seo\/ -->\n<title>Body Leasing - Bidads<\/title>\n<meta name=\"robots\" content=\"index, follow, max-snippet:-1, max-image-preview:large, max-video-preview:-1\" \/>\n<link rel=\"canonical\" href=\"https:\/\/bidads.pl\/en\/body-leasing\/\" \/>\n<meta property=\"og:locale\" content=\"en_GB\" \/>\n<meta property=\"og:type\" content=\"article\" \/>\n<meta property=\"og:title\" content=\"Body Leasing - Bidads\" \/>\n<meta property=\"og:description\" content=\"Nasze Us\u0142ugi Performance Marketing SEO &amp; Content Marketing Social Media Marketing Programmatic &amp; Media Buying Body Leasing Social Media Masz pytania? Zadzwo\u0144 +48 698 578 557 Body Leasing Body Leasing to elastyczne wsparcie zespo\u0142owe w marketingu i digitalu, dopasowane do potrzeb projektu lub d\u0142ugoterminowej wsp\u00f3\u0142pracy. \u25cf Oferujemy specjalist\u00f3d do\u0142\u0105czaj\u0105cych do Twojego zespo\u0142u w modelu projektowym [&hellip;]\" \/>\n<meta property=\"og:url\" content=\"https:\/\/bidads.pl\/en\/body-leasing\/\" \/>\n<meta property=\"og:site_name\" content=\"Bidads\" \/>\n<meta property=\"article:modified_time\" content=\"2025-09-30T09:09:03+00:00\" \/>\n<meta property=\"og:image\" content=\"https:\/\/bidads.pl\/wp-content\/uploads\/2025\/09\/Body-leasing-_-BIDads-_.jpg\" \/>\n\t<meta property=\"og:image:width\" content=\"2000\" \/>\n\t<meta property=\"og:image:height\" content=\"1333\" \/>\n\t<meta property=\"og:image:type\" content=\"image\/jpeg\" \/>\n<meta name=\"twitter:card\" content=\"summary_large_image\" \/>\n<meta name=\"twitter:label1\" content=\"Estimated reading time\" \/>\n\t<meta name=\"twitter:data1\" content=\"2 minutes\" \/>\n<script type=\"application\/ld+json\" class=\"yoast-schema-graph\">{\"@context\":\"https:\/\/schema.org\",\"@graph\":[{\"@type\":\"WebPage\",\"@id\":\"https:\/\/bidads.pl\/body-leasing\/\",\"url\":\"https:\/\/bidads.pl\/body-leasing\/\",\"name\":\"Body Leasing - Bidads\",\"isPartOf\":{\"@id\":\"https:\/\/bidads.pl\/#website\"},\"primaryImageOfPage\":{\"@id\":\"https:\/\/bidads.pl\/body-leasing\/#primaryimage\"},\"image\":{\"@id\":\"https:\/\/bidads.pl\/body-leasing\/#primaryimage\"},\"thumbnailUrl\":\"https:\/\/bidads.pl\/wp-content\/uploads\/2025\/09\/Body-leasing-_-BIDads-_.jpg\",\"datePublished\":\"2025-09-23T21:36:04+00:00\",\"dateModified\":\"2025-09-30T09:09:03+00:00\",\"breadcrumb\":{\"@id\":\"https:\/\/bidads.pl\/body-leasing\/#breadcrumb\"},\"inLanguage\":\"en-GB\",\"potentialAction\":[{\"@type\":\"ReadAction\",\"target\":[\"https:\/\/bidads.pl\/body-leasing\/\"]}]},{\"@type\":\"ImageObject\",\"inLanguage\":\"en-GB\",\"@id\":\"https:\/\/bidads.pl\/body-leasing\/#primaryimage\",\"url\":\"https:\/\/bidads.pl\/wp-content\/uploads\/2025\/09\/Body-leasing-_-BIDads-_.jpg\",\"contentUrl\":\"https:\/\/bidads.pl\/wp-content\/uploads\/2025\/09\/Body-leasing-_-BIDads-_.jpg\"},{\"@type\":\"BreadcrumbList\",\"@id\":\"https:\/\/bidads.pl\/body-leasing\/#breadcrumb\",\"itemListElement\":[{\"@type\":\"ListItem\",\"position\":1,\"name\":\"Strona g\u0142\u00f3wna\",\"item\":\"https:\/\/bidads.pl\/\"},{\"@type\":\"ListItem\",\"position\":2,\"name\":\"Body Leasing\"}]},{\"@type\":\"WebSite\",\"@id\":\"https:\/\/bidads.pl\/#website\",\"url\":\"https:\/\/bidads.pl\/\",\"name\":\"Bidads\",\"description\":\"\",\"publisher\":{\"@id\":\"https:\/\/bidads.pl\/#organization\"},\"potentialAction\":[{\"@type\":\"SearchAction\",\"target\":{\"@type\":\"EntryPoint\",\"urlTemplate\":\"https:\/\/bidads.pl\/?s={search_term_string}\"},\"query-input\":{\"@type\":\"PropertyValueSpecification\",\"valueRequired\":true,\"valueName\":\"search_term_string\"}}],\"inLanguage\":\"en-GB\"},{\"@type\":\"Organization\",\"@id\":\"https:\/\/bidads.pl\/#organization\",\"name\":\"Bidads\",\"url\":\"https:\/\/bidads.pl\/\",\"logo\":{\"@type\":\"ImageObject\",\"inLanguage\":\"en-GB\",\"@id\":\"https:\/\/bidads.pl\/#\/schema\/logo\/image\/\",\"url\":\"https:\/\/bidads.pl\/wp-content\/uploads\/2024\/12\/cropped-logo_BIDads.jpg\",\"contentUrl\":\"https:\/\/bidads.pl\/wp-content\/uploads\/2024\/12\/cropped-logo_BIDads.jpg\",\"width\":424,\"height\":424,\"caption\":\"Bidads\"},\"image\":{\"@id\":\"https:\/\/bidads.pl\/#\/schema\/logo\/image\/\"},\"sameAs\":[\"https:\/\/www.linkedin.com\/company\/bidads-sp-z-o-o\/\"]}]}<\/script>\n<!-- \/ Yoast SEO plugin. -->","yoast_head_json":{"title":"Body Leasing - Bidads","robots":{"index":"index","follow":"follow","max-snippet":"max-snippet:-1","max-image-preview":"max-image-preview:large","max-video-preview":"max-video-preview:-1"},"canonical":"https:\/\/bidads.pl\/en\/body-leasing\/","og_locale":"en_GB","og_type":"article","og_title":"Body Leasing - Bidads","og_description":"Nasze Us\u0142ugi Performance Marketing SEO &amp; Content Marketing Social Media Marketing Programmatic &amp; Media Buying Body Leasing Social Media Masz pytania? Zadzwo\u0144 +48 698 578 557 Body Leasing Body Leasing to elastyczne wsparcie zespo\u0142owe w marketingu i digitalu, dopasowane do potrzeb projektu lub d\u0142ugoterminowej wsp\u00f3\u0142pracy. \u25cf Oferujemy specjalist\u00f3d do\u0142\u0105czaj\u0105cych do Twojego zespo\u0142u w modelu projektowym [&hellip;]","og_url":"https:\/\/bidads.pl\/en\/body-leasing\/","og_site_name":"Bidads","article_modified_time":"2025-09-30T09:09:03+00:00","og_image":[{"width":2000,"height":1333,"url":"https:\/\/bidads.pl\/wp-content\/uploads\/2025\/09\/Body-leasing-_-BIDads-_.jpg","type":"image\/jpeg"}],"twitter_card":"summary_large_image","twitter_misc":{"Estimated reading time":"2 minutes"},"schema":{"@context":"https:\/\/schema.org","@graph":[{"@type":"WebPage","@id":"https:\/\/bidads.pl\/body-leasing\/","url":"https:\/\/bidads.pl\/body-leasing\/","name":"Body Leasing - Bidads","isPartOf":{"@id":"https:\/\/bidads.pl\/#website"},"primaryImageOfPage":{"@id":"https:\/\/bidads.pl\/body-leasing\/#primaryimage"},"image":{"@id":"https:\/\/bidads.pl\/body-leasing\/#primaryimage"},"thumbnailUrl":"https:\/\/bidads.pl\/wp-content\/uploads\/2025\/09\/Body-leasing-_-BIDads-_.jpg","datePublished":"2025-09-23T21:36:04+00:00","dateModified":"2025-09-30T09:09:03+00:00","breadcrumb":{"@id":"https:\/\/bidads.pl\/body-leasing\/#breadcrumb"},"inLanguage":"en-GB","potentialAction":[{"@type":"ReadAction","target":["https:\/\/bidads.pl\/body-leasing\/"]}]},{"@type":"ImageObject","inLanguage":"en-GB","@id":"https:\/\/bidads.pl\/body-leasing\/#primaryimage","url":"https:\/\/bidads.pl\/wp-content\/uploads\/2025\/09\/Body-leasing-_-BIDads-_.jpg","contentUrl":"https:\/\/bidads.pl\/wp-content\/uploads\/2025\/09\/Body-leasing-_-BIDads-_.jpg"},{"@type":"BreadcrumbList","@id":"https:\/\/bidads.pl\/body-leasing\/#breadcrumb","itemListElement":[{"@type":"ListItem","position":1,"name":"Strona g\u0142\u00f3wna","item":"https:\/\/bidads.pl\/"},{"@type":"ListItem","position":2,"name":"Body Leasing"}]},{"@type":"WebSite","@id":"https:\/\/bidads.pl\/#website","url":"https:\/\/bidads.pl\/","name":"Bidads","description":"","publisher":{"@id":"https:\/\/bidads.pl\/#organization"},"potentialAction":[{"@type":"SearchAction","target":{"@type":"EntryPoint","urlTemplate":"https:\/\/bidads.pl\/?s={search_term_string}"},"query-input":{"@type":"PropertyValueSpecification","valueRequired":true,"valueName":"search_term_string"}}],"inLanguage":"en-GB"},{"@type":"Organization","@id":"https:\/\/bidads.pl\/#organization","name":"Bidads","url":"https:\/\/bidads.pl\/","logo":{"@type":"ImageObject","inLanguage":"en-GB","@id":"https:\/\/bidads.pl\/#\/schema\/logo\/image\/","url":"https:\/\/bidads.pl\/wp-content\/uploads\/2024\/12\/cropped-logo_BIDads.jpg","contentUrl":"https:\/\/bidads.pl\/wp-content\/uploads\/2024\/12\/cropped-logo_BIDads.jpg","width":424,"height":424,"caption":"Bidads"},"image":{"@id":"https:\/\/bidads.pl\/#\/schema\/logo\/image\/"},"sameAs":["https:\/\/www.linkedin.com\/company\/bidads-sp-z-o-o\/"]}]}},"_links":{"self":[{"href":"https:\/\/bidads.pl\/en\/wp-json\/wp\/v2\/pages\/5758","targetHints":{"allow":["GET"]}}],"collection":[{"href":"https:\/\/bidads.pl\/en\/wp-json\/wp\/v2\/pages"}],"about":[{"href":"https:\/\/bidads.pl\/en\/wp-json\/wp\/v2\/types\/page"}],"author":[{"embeddable":true,"href":"https:\/\/bidads.pl\/en\/wp-json\/wp\/v2\/users\/3"}],"replies":[{"embeddable":true,"href":"https:\/\/bidads.pl\/en\/wp-json\/wp\/v2\/comments?post=5758"}],"version-history":[{"count":16,"href":"https:\/\/bidads.pl\/en\/wp-json\/wp\/v2\/pages\/5758\/revisions"}],"predecessor-version":[{"id":5828,"href":"https:\/\/bidads.pl\/en\/wp-json\/wp\/v2\/pages\/5758\/revisions\/5828"}],"wp:attachment":[{"href":"https:\/\/bidads.pl\/en\/wp-json\/wp\/v2\/media?parent=5758"}],"curies":[{"name":"wp","href":"https:\/\/api.w.org\/{rel}","templated":true}]}}