{"id":5751,"date":"2025-09-23T23:30:42","date_gmt":"2025-09-23T21:30:42","guid":{"rendered":"https:\/\/bidads.pl\/?page_id=5751"},"modified":"2025-09-30T10:55:50","modified_gmt":"2025-09-30T08:55:50","slug":"programmatic-media-buying","status":"publish","type":"page","link":"https:\/\/bidads.pl\/en\/programmatic-media-buying\/","title":{"rendered":"Programmatic &amp; Media Buying"},"content":{"rendered":"<div data-elementor-type=\"wp-page\" data-elementor-id=\"5751\" class=\"elementor elementor-5751\">\n\t\t\t\t<div class=\"elementor-element elementor-element-6464f89e elementor-hidden-mobile e-flex e-con-boxed e-con e-parent\" data-id=\"6464f89e\" data-element_type=\"container\">\n\t\t\t\t\t<div class=\"e-con-inner\">\n\t\t<div class=\"elementor-element elementor-element-23d4a97c e-con-full e-flex e-con e-child\" data-id=\"23d4a97c\" data-element_type=\"container\">\n\t\t\t\t<div class=\"elementor-element elementor-element-1061247a elementor-widget elementor-widget-sidebar-nav\" data-id=\"1061247a\" data-element_type=\"widget\" data-widget_type=\"sidebar-nav.default\">\n\t\t\t\t<div class=\"elementor-widget-container\">\n\t\t\t\t\t    <div class=\"page-sidebar__service page-sidebar__single wow animated fadeInLeft\" data-wow-delay=\"0.1s\" data-wow-duration=\"1500ms\">\r\n        <h3 class=\"page-sidebar__title\">Our services<\/h3>        <div class=\"menu-nasze-uslugi-container\"><ul id=\"menu-nasze-uslugi\" class=\"page-sidebar__service-list\"><li id=\"menu-item-5733\" class=\"menu-item menu-item-type-post_type menu-item-object-page megamenu-hide menu-item-5733\"><a href=\"https:\/\/bidads.pl\/en\/performance-marketing\/\">Performance Marketing<\/a><\/li>\n<li id=\"menu-item-5740\" class=\"menu-item menu-item-type-post_type menu-item-object-page megamenu-hide menu-item-5740\"><a href=\"https:\/\/bidads.pl\/en\/seo-content-marketing\/\">SEO &amp; Content Marketing<\/a><\/li>\n<li id=\"menu-item-5746\" class=\"menu-item menu-item-type-post_type menu-item-object-page megamenu-hide menu-item-5746\"><a href=\"https:\/\/bidads.pl\/en\/social-media-marketing\/\">Social Media Marketing<\/a><\/li>\n<li id=\"menu-item-5753\" class=\"menu-item menu-item-type-post_type menu-item-object-page megamenu-hide menu-item-5753\"><a href=\"https:\/\/bidads.pl\/en\/programmatic-media-buying\/\">Programmatic &amp; Media Buying<\/a><\/li>\n<li id=\"menu-item-5764\" class=\"menu-item menu-item-type-post_type menu-item-object-page megamenu-hide menu-item-5764\"><a href=\"https:\/\/bidads.pl\/en\/body-leasing\/\">Body Leasing<\/a><\/li>\n<\/ul><\/div>        <\/ul>\r\n    <\/div><!-- \/.blog-sidebar__service -->\r\n\t\t\t\t<\/div>\n\t\t\t\t<\/div>\n\t\t\t\t<div class=\"elementor-element elementor-element-dc87a99 elementor-widget elementor-widget-sidebar-social-info\" data-id=\"dc87a99\" data-element_type=\"widget\" data-widget_type=\"sidebar-social-info.default\">\n\t\t\t\t<div class=\"elementor-widget-container\">\n\t\t\t\t\t    <div class=\"page-sidebar__social page-sidebar__single wow animated fadeInLeft\" data-wow-delay=\"0.1s\" data-wow-duration=\"1500ms\">\r\n        <h3 class=\"page-sidebar__title\">Social Media<\/h3>        <div class=\"page-sidebar__social-list social-list\">\r\n           \r\n                            <a class=\"page-sidebar__social-link social-link\"   href=\"https:\/\/www.facebook.com\/\">\r\n                    <i aria-hidden=\"true\" class=\"icon-facebook\"><\/i>                <\/a>\r\n                            <a class=\"page-sidebar__social-link social-link\"   href=\"https:\/\/www.linkedin.com\/company\/bidads-sp-z-o-o\/\">\r\n                    <i aria-hidden=\"true\" class=\"icon-linkedin\"><\/i>                <\/a>\r\n                    <\/div>\r\n    <\/div><!-- \/.page-sidebar__social -->\r\n\r\n\t\t\t\t<\/div>\n\t\t\t\t<\/div>\n\t\t\t\t<div class=\"elementor-element elementor-element-436db709 elementor-widget elementor-widget-noile-sidebar-call-to-action\" data-id=\"436db709\" data-element_type=\"widget\" data-widget_type=\"noile-sidebar-call-to-action.default\">\n\t\t\t\t<div class=\"elementor-widget-container\">\n\t\t\t\t\t    <div class=\"page-sidebar__contact page-sidebar__single wow animated fadeInLeft\" data-wow-delay=\"0.1s\" data-wow-duration=\"1500ms\" style=\"background-image: url('https:\/\/bidads.pl\/wp-content\/uploads\/2025\/01\/BIDads_body_leasing_masz_pytania_zadzwon.jpg');\">\r\n        <div class=\"page-sidebar__contact-wrap\">\r\n            <h3 class=\"page-sidebar__contact-title\">Got questions? Give us a call!<\/h3>            <a href=\"tel:-+48-698-578-557\" class=\"page-sidebar__contact-btn\">\r\n                <span class=\"page-sidebar__contact-icon icon-phone\"><\/span>\r\n                <h4 class=\"page-sidebar__contact-text\">  +48 698 578 557<\/h4>\r\n            <\/a>\r\n        <\/div>\r\n    <\/div><!-- \/.page-sidebar__contact -->\r\n\t\t\t\t<\/div>\n\t\t\t\t<\/div>\n\t\t\t\t<\/div>\n\t\t<div class=\"elementor-element elementor-element-227e9db0 e-con-full e-flex e-con e-child\" data-id=\"227e9db0\" data-element_type=\"container\">\n\t\t<div class=\"elementor-element elementor-element-bacad33 e-con-full e-flex e-con e-child\" data-id=\"bacad33\" data-element_type=\"container\">\n\t\t\t\t<div class=\"elementor-element elementor-element-661d8ea8 elementor-widget elementor-widget-image\" data-id=\"661d8ea8\" data-element_type=\"widget\" data-widget_type=\"image.default\">\n\t\t\t\t<div class=\"elementor-widget-container\">\n\t\t\t\t\t\t\t\t\t\t\t\t\t\t\t<img fetchpriority=\"high\" decoding=\"async\" width=\"1500\" height=\"1000\" src=\"https:\/\/bidads.pl\/wp-content\/uploads\/2025\/09\/Programmatic-Media-Buying-_-BIDads.jpg\" class=\"attachment-full size-full wp-image-5788\" alt=\"\" srcset=\"https:\/\/bidads.pl\/wp-content\/uploads\/2025\/09\/Programmatic-Media-Buying-_-BIDads.jpg 1500w, https:\/\/bidads.pl\/wp-content\/uploads\/2025\/09\/Programmatic-Media-Buying-_-BIDads-300x200.jpg 300w, https:\/\/bidads.pl\/wp-content\/uploads\/2025\/09\/Programmatic-Media-Buying-_-BIDads-1024x683.jpg 1024w, https:\/\/bidads.pl\/wp-content\/uploads\/2025\/09\/Programmatic-Media-Buying-_-BIDads-768x512.jpg 768w, https:\/\/bidads.pl\/wp-content\/uploads\/2025\/09\/Programmatic-Media-Buying-_-BIDads-18x12.jpg 18w, https:\/\/bidads.pl\/wp-content\/uploads\/2025\/09\/Programmatic-Media-Buying-_-BIDads-900x600.jpg 900w\" sizes=\"(max-width: 1500px) 100vw, 1500px\" \/>\t\t\t\t\t\t\t\t\t\t\t\t\t\t\t<\/div>\n\t\t\t\t<\/div>\n\t\t\t\t<div class=\"elementor-element elementor-element-20513a10 elementor-widget elementor-widget-text-editor\" data-id=\"20513a10\" data-element_type=\"widget\" data-widget_type=\"text-editor.default\">\n\t\t\t\t<div class=\"elementor-widget-container\">\n\t\t\t\t\t\t\t\t\t<h3 class=\"service-details-page__top-service-title\">Programmatic &amp; Media Buying<\/h3>\t\t\t\t\t\t\t\t<\/div>\n\t\t\t\t<\/div>\n\t\t\t\t<div class=\"elementor-element elementor-element-28fe2e94 elementor-widget elementor-widget-text-editor\" data-id=\"28fe2e94\" data-element_type=\"widget\" data-widget_type=\"text-editor.default\">\n\t\t\t\t<div class=\"elementor-widget-container\">\n\t\t\t\t\t\t\t\t\t<p class=\"service-details-page__top-service-desc\">Programmatic &amp; Media Buying is comprehensive management of advertising campaigns\nthrough automated media buying.<\/p>\t\t\t\t\t\t\t\t<\/div>\n\t\t\t\t<\/div>\n\t\t\t\t<div class=\"elementor-element elementor-element-93c5534 elementor-widget elementor-widget-text-editor\" data-id=\"93c5534\" data-element_type=\"widget\" data-widget_type=\"text-editor.default\">\n\t\t\t\t<div class=\"elementor-widget-container\">\n\t\t\t\t\t\t\t\t\t<p>\u25cf We deliver display, video, rich media, CTV\/OTT, and audio campaigns, precisely reaching the right audience at the right time.<br \/>\u25cf We develop the strategy, plan the budget, and select formats, followed by ongoing optimisation to maximise campaign effectiveness.<br \/>\u25cf We use data and advanced targeting tools to increase reach, engagement, and conversions.<\/p>\t\t\t\t\t\t\t\t<\/div>\n\t\t\t\t<\/div>\n\t\t\t\t<div class=\"elementor-element elementor-element-f6fb817 elementor-widget elementor-widget-text-editor\" data-id=\"f6fb817\" data-element_type=\"widget\" data-widget_type=\"text-editor.default\">\n\t\t\t\t<div class=\"elementor-widget-container\">\n\t\t\t\t\t\t\t\t\t<p>Dzi\u0119ki temu Twoje reklamy wy\u015bwietlaj\u0105 si\u0119 tam, gdzie przynosz\u0105 najlepsze wyniki i realny zwrot z inwestycji.<\/p>\t\t\t\t\t\t\t\t<\/div>\n\t\t\t\t<\/div>\n\t\t\t\t<\/div>\n\t\t\t\t<\/div>\n\t\t\t\t\t<\/div>\n\t\t\t\t<\/div>\n\t\t<div class=\"elementor-element elementor-element-1a6e6a5e elementor-hidden-desktop elementor-hidden-tablet e-flex e-con-boxed e-con e-parent\" data-id=\"1a6e6a5e\" data-element_type=\"container\">\n\t\t\t\t\t<div class=\"e-con-inner\">\n\t\t<div class=\"elementor-element elementor-element-490fac7c e-con-full e-flex e-con e-child\" data-id=\"490fac7c\" data-element_type=\"container\">\n\t\t\t\t<div class=\"elementor-element elementor-element-710809c5 elementor-widget elementor-widget-sidebar-nav\" data-id=\"710809c5\" data-element_type=\"widget\" data-widget_type=\"sidebar-nav.default\">\n\t\t\t\t<div class=\"elementor-widget-container\">\n\t\t\t\t\t    <div class=\"page-sidebar__service page-sidebar__single wow animated fadeInLeft\" data-wow-delay=\"0.1s\" data-wow-duration=\"1500ms\">\r\n        <h3 class=\"page-sidebar__title\">Collaboration Models<\/h3>        <div class=\"menu-modele-wspolpracy-container\"><ul id=\"menu-modele-wspolpracy\" class=\"page-sidebar__service-list\"><li id=\"menu-item-73\" class=\"menu-item menu-item-type-post_type menu-item-object-page megamenu-hide menu-item-73\"><a href=\"https:\/\/bidads.pl\/en\/body-leasing-na-czas-okreslony\/\">Fixed-term<\/a><\/li>\n<li id=\"menu-item-71\" class=\"menu-item menu-item-type-post_type menu-item-object-page megamenu-hide menu-item-71\"><a href=\"https:\/\/bidads.pl\/en\/body-leasing-projektowy\/\">Project-based<\/a><\/li>\n<li id=\"menu-item-72\" class=\"menu-item menu-item-type-post_type menu-item-object-page megamenu-hide menu-item-72\"><a href=\"https:\/\/bidads.pl\/en\/body-leasing-dlugoterminowy\/\">Long-term<\/a><\/li>\n<li id=\"menu-item-70\" class=\"menu-item menu-item-type-post_type menu-item-object-page megamenu-hide menu-item-70\"><a href=\"https:\/\/bidads.pl\/en\/body-leasing-z-mozliwoscia-zatrudnienia\/\">Contract-to-hire<\/a><\/li>\n<li id=\"menu-item-69\" class=\"menu-item menu-item-type-post_type menu-item-object-page megamenu-hide menu-item-69\"><a href=\"https:\/\/bidads.pl\/en\/body-leasing-zespolowy\/\">Team-based<\/a><\/li>\n<\/ul><\/div>        <\/ul>\r\n    <\/div><!-- \/.blog-sidebar__service -->\r\n\t\t\t\t<\/div>\n\t\t\t\t<\/div>\n\t\t\t\t<div class=\"elementor-element elementor-element-6712b2cb elementor-widget elementor-widget-sidebar-social-info\" data-id=\"6712b2cb\" data-element_type=\"widget\" data-widget_type=\"sidebar-social-info.default\">\n\t\t\t\t<div class=\"elementor-widget-container\">\n\t\t\t\t\t    <div class=\"page-sidebar__social page-sidebar__single wow animated fadeInLeft\" data-wow-delay=\"0.1s\" data-wow-duration=\"1500ms\">\r\n        <h3 class=\"page-sidebar__title\">Social Media<\/h3>        <div class=\"page-sidebar__social-list social-list\">\r\n           \r\n                            <a class=\"page-sidebar__social-link social-link\"   href=\"https:\/\/www.facebook.com\/\">\r\n                    <i aria-hidden=\"true\" class=\"icon-facebook\"><\/i>                <\/a>\r\n                            <a class=\"page-sidebar__social-link social-link\"   href=\"https:\/\/www.linkedin.com\/company\/bidads-sp-z-o-o\/\">\r\n                    <i aria-hidden=\"true\" class=\"icon-linkedin\"><\/i>                <\/a>\r\n                    <\/div>\r\n    <\/div><!-- \/.page-sidebar__social -->\r\n\r\n\t\t\t\t<\/div>\n\t\t\t\t<\/div>\n\t\t\t\t<div class=\"elementor-element elementor-element-3ab3ea7a elementor-widget elementor-widget-noile-sidebar-call-to-action\" data-id=\"3ab3ea7a\" data-element_type=\"widget\" data-widget_type=\"noile-sidebar-call-to-action.default\">\n\t\t\t\t<div class=\"elementor-widget-container\">\n\t\t\t\t\t    <div class=\"page-sidebar__contact page-sidebar__single wow animated fadeInLeft\" data-wow-delay=\"0.1s\" data-wow-duration=\"1500ms\" style=\"background-image: url('https:\/\/bidads.pl\/wp-content\/uploads\/2025\/01\/BIDads_body_leasing_masz_pytania_zadzwon.jpg');\">\r\n        <div class=\"page-sidebar__contact-wrap\">\r\n            <h3 class=\"page-sidebar__contact-title\">Got questions? Give us a call!<\/h3>            <a href=\"tel:-+48-698-578-557\" class=\"page-sidebar__contact-btn\">\r\n                <span class=\"page-sidebar__contact-icon icon-phone\"><\/span>\r\n                <h4 class=\"page-sidebar__contact-text\">  +48 698 578 557<\/h4>\r\n            <\/a>\r\n        <\/div>\r\n    <\/div><!-- \/.page-sidebar__contact -->\r\n\t\t\t\t<\/div>\n\t\t\t\t<\/div>\n\t\t\t\t<\/div>\n\t\t<div class=\"elementor-element elementor-element-73a1960 e-con-full e-flex e-con e-child\" data-id=\"73a1960\" data-element_type=\"container\">\n\t\t<div class=\"elementor-element elementor-element-55e3bf11 e-con-full e-flex e-con e-child\" data-id=\"55e3bf11\" data-element_type=\"container\">\n\t\t\t\t<div class=\"elementor-element elementor-element-2fd131f1 elementor-widget elementor-widget-image\" data-id=\"2fd131f1\" data-element_type=\"widget\" data-widget_type=\"image.default\">\n\t\t\t\t<div class=\"elementor-widget-container\">\n\t\t\t\t\t\t\t\t\t\t\t\t\t\t\t<img decoding=\"async\" width=\"1500\" height=\"1000\" src=\"https:\/\/bidads.pl\/wp-content\/uploads\/2025\/09\/Programmatic-Media-Buying-_-BIDads-1.jpg\" class=\"attachment-full size-full wp-image-5789\" alt=\"\" srcset=\"https:\/\/bidads.pl\/wp-content\/uploads\/2025\/09\/Programmatic-Media-Buying-_-BIDads-1.jpg 1500w, https:\/\/bidads.pl\/wp-content\/uploads\/2025\/09\/Programmatic-Media-Buying-_-BIDads-1-300x200.jpg 300w, https:\/\/bidads.pl\/wp-content\/uploads\/2025\/09\/Programmatic-Media-Buying-_-BIDads-1-1024x683.jpg 1024w, https:\/\/bidads.pl\/wp-content\/uploads\/2025\/09\/Programmatic-Media-Buying-_-BIDads-1-768x512.jpg 768w, https:\/\/bidads.pl\/wp-content\/uploads\/2025\/09\/Programmatic-Media-Buying-_-BIDads-1-18x12.jpg 18w, https:\/\/bidads.pl\/wp-content\/uploads\/2025\/09\/Programmatic-Media-Buying-_-BIDads-1-900x600.jpg 900w\" sizes=\"(max-width: 1500px) 100vw, 1500px\" \/>\t\t\t\t\t\t\t\t\t\t\t\t\t\t\t<\/div>\n\t\t\t\t<\/div>\n\t\t\t\t<div class=\"elementor-element elementor-element-4915ff72 elementor-widget elementor-widget-text-editor\" data-id=\"4915ff72\" data-element_type=\"widget\" data-widget_type=\"text-editor.default\">\n\t\t\t\t<div class=\"elementor-widget-container\">\n\t\t\t\t\t\t\t\t\t<h3 class=\"service-details-page__top-service-title\">Programmatic &amp; Media Buying<\/h3>\t\t\t\t\t\t\t\t<\/div>\n\t\t\t\t<\/div>\n\t\t\t\t<div class=\"elementor-element elementor-element-510fb7f4 elementor-widget elementor-widget-text-editor\" data-id=\"510fb7f4\" data-element_type=\"widget\" data-widget_type=\"text-editor.default\">\n\t\t\t\t<div class=\"elementor-widget-container\">\n\t\t\t\t\t\t\t\t\t<p class=\"service-details-page__top-service-desc\">Programmatic &amp; Media Buying to kompleksowa obs\u0142uga kampanii reklamowych w modelu<br \/>automatycznego zakupu powierzchni.<\/p>\t\t\t\t\t\t\t\t<\/div>\n\t\t\t\t<\/div>\n\t\t\t\t<div class=\"elementor-element elementor-element-e73544c elementor-widget elementor-widget-text-editor\" data-id=\"e73544c\" data-element_type=\"widget\" data-widget_type=\"text-editor.default\">\n\t\t\t\t<div class=\"elementor-widget-container\">\n\t\t\t\t\t\t\t\t\t<p>\u25cf Realizujemy dzia\u0142ania display, wideo, rich media, CTV\/OTT oraz audio, precyzyjnie<br \/>docieraj\u0105c do w\u0142a\u015bciwych odbiorc\u00f3w w odpowiednim momencie.<br \/>\u25cf Opracowujemy strategi\u0119, planujemy bud\u017cet i dobieramy formaty, a nast\u0119pnie<br \/>prowadzimy bie\u017c\u0105c\u0105 optymalizacj\u0119, by maksymalizowa\u0107 efektywno\u015b\u0107 kampanii.<br \/>\u25cf Korzystamy z danych i zaawansowanych narz\u0119dzi targetowania, aby zwi\u0119ksza\u0107 zasi\u0119g,<br \/>zaanga\u017cowanie i konwersje.<\/p>\t\t\t\t\t\t\t\t<\/div>\n\t\t\t\t<\/div>\n\t\t\t\t<div class=\"elementor-element elementor-element-89256cb elementor-widget elementor-widget-text-editor\" data-id=\"89256cb\" data-element_type=\"widget\" data-widget_type=\"text-editor.default\">\n\t\t\t\t<div class=\"elementor-widget-container\">\n\t\t\t\t\t\t\t\t\t<p>Dzi\u0119ki temu Twoje reklamy wy\u015bwietlaj\u0105 si\u0119 tam, gdzie przynosz\u0105 najlepsze wyniki i realny zwrot z inwestycji.<\/p>\t\t\t\t\t\t\t\t<\/div>\n\t\t\t\t<\/div>\n\t\t\t\t<\/div>\n\t\t\t\t<\/div>\n\t\t\t\t\t<\/div>\n\t\t\t\t<\/div>\n\t\t\t\t<\/div>","protected":false},"excerpt":{"rendered":"<p>Nasze Us\u0142ugi Performance Marketing SEO &amp; Content Marketing Social Media Marketing Programmatic &amp; Media Buying Body Leasing Social Media Masz pytania? Zadzwo\u0144 +48 698 578 557 Programmatic &amp; Media Buying Programmatic &amp; Media Buying to kompleksowa obs\u0142uga kampanii reklamowych w modelu automatycznego zakupu powierzchni. \u25cf Realizujemy dzia\u0142ania display, wideo, rich media, CTV\/OTT oraz audio, precyzyjnie [&hellip;]<\/p>","protected":false},"author":3,"featured_media":0,"parent":0,"menu_order":0,"comment_status":"closed","ping_status":"closed","template":"","meta":{"footnotes":""},"class_list":["post-5751","page","type-page","status-publish","hentry"],"yoast_head":"<!-- This site is optimized with the Yoast SEO plugin v25.2 - https:\/\/yoast.com\/wordpress\/plugins\/seo\/ -->\n<title>Programmatic &amp; Media Buying - Bidads<\/title>\n<meta name=\"robots\" content=\"index, follow, max-snippet:-1, max-image-preview:large, max-video-preview:-1\" \/>\n<link rel=\"canonical\" href=\"https:\/\/bidads.pl\/en\/programmatic-media-buying\/\" \/>\n<meta property=\"og:locale\" content=\"en_GB\" \/>\n<meta property=\"og:type\" content=\"article\" \/>\n<meta property=\"og:title\" content=\"Programmatic &amp; Media Buying - Bidads\" \/>\n<meta property=\"og:description\" content=\"Nasze Us\u0142ugi Performance Marketing SEO &amp; Content Marketing Social Media Marketing Programmatic &amp; Media Buying Body Leasing Social Media Masz pytania? Zadzwo\u0144 +48 698 578 557 Programmatic &amp; Media Buying Programmatic &amp; Media Buying to kompleksowa obs\u0142uga kampanii reklamowych w modelu automatycznego zakupu powierzchni. \u25cf Realizujemy dzia\u0142ania display, wideo, rich media, CTV\/OTT oraz audio, precyzyjnie [&hellip;]\" \/>\n<meta property=\"og:url\" content=\"https:\/\/bidads.pl\/en\/programmatic-media-buying\/\" \/>\n<meta property=\"og:site_name\" content=\"Bidads\" \/>\n<meta property=\"article:modified_time\" content=\"2025-09-30T08:55:50+00:00\" \/>\n<meta property=\"og:image\" content=\"https:\/\/bidads.pl\/wp-content\/uploads\/2025\/09\/Programmatic-Media-Buying-_-BIDads.jpg\" \/>\n\t<meta property=\"og:image:width\" content=\"1500\" \/>\n\t<meta property=\"og:image:height\" content=\"1000\" \/>\n\t<meta property=\"og:image:type\" content=\"image\/jpeg\" \/>\n<meta name=\"twitter:card\" content=\"summary_large_image\" \/>\n<meta name=\"twitter:label1\" content=\"Estimated reading time\" \/>\n\t<meta name=\"twitter:data1\" content=\"2 minutes\" \/>\n<script type=\"application\/ld+json\" class=\"yoast-schema-graph\">{\"@context\":\"https:\/\/schema.org\",\"@graph\":[{\"@type\":\"WebPage\",\"@id\":\"https:\/\/bidads.pl\/programmatic-media-buying\/\",\"url\":\"https:\/\/bidads.pl\/programmatic-media-buying\/\",\"name\":\"Programmatic &amp; Media Buying - Bidads\",\"isPartOf\":{\"@id\":\"https:\/\/bidads.pl\/#website\"},\"primaryImageOfPage\":{\"@id\":\"https:\/\/bidads.pl\/programmatic-media-buying\/#primaryimage\"},\"image\":{\"@id\":\"https:\/\/bidads.pl\/programmatic-media-buying\/#primaryimage\"},\"thumbnailUrl\":\"https:\/\/bidads.pl\/wp-content\/uploads\/2025\/09\/Programmatic-Media-Buying-_-BIDads.jpg\",\"datePublished\":\"2025-09-23T21:30:42+00:00\",\"dateModified\":\"2025-09-30T08:55:50+00:00\",\"breadcrumb\":{\"@id\":\"https:\/\/bidads.pl\/programmatic-media-buying\/#breadcrumb\"},\"inLanguage\":\"en-GB\",\"potentialAction\":[{\"@type\":\"ReadAction\",\"target\":[\"https:\/\/bidads.pl\/programmatic-media-buying\/\"]}]},{\"@type\":\"ImageObject\",\"inLanguage\":\"en-GB\",\"@id\":\"https:\/\/bidads.pl\/programmatic-media-buying\/#primaryimage\",\"url\":\"https:\/\/bidads.pl\/wp-content\/uploads\/2025\/09\/Programmatic-Media-Buying-_-BIDads.jpg\",\"contentUrl\":\"https:\/\/bidads.pl\/wp-content\/uploads\/2025\/09\/Programmatic-Media-Buying-_-BIDads.jpg\"},{\"@type\":\"BreadcrumbList\",\"@id\":\"https:\/\/bidads.pl\/programmatic-media-buying\/#breadcrumb\",\"itemListElement\":[{\"@type\":\"ListItem\",\"position\":1,\"name\":\"Strona g\u0142\u00f3wna\",\"item\":\"https:\/\/bidads.pl\/\"},{\"@type\":\"ListItem\",\"position\":2,\"name\":\"Programmatic &amp; Media Buying\"}]},{\"@type\":\"WebSite\",\"@id\":\"https:\/\/bidads.pl\/#website\",\"url\":\"https:\/\/bidads.pl\/\",\"name\":\"Bidads\",\"description\":\"\",\"publisher\":{\"@id\":\"https:\/\/bidads.pl\/#organization\"},\"potentialAction\":[{\"@type\":\"SearchAction\",\"target\":{\"@type\":\"EntryPoint\",\"urlTemplate\":\"https:\/\/bidads.pl\/?s={search_term_string}\"},\"query-input\":{\"@type\":\"PropertyValueSpecification\",\"valueRequired\":true,\"valueName\":\"search_term_string\"}}],\"inLanguage\":\"en-GB\"},{\"@type\":\"Organization\",\"@id\":\"https:\/\/bidads.pl\/#organization\",\"name\":\"Bidads\",\"url\":\"https:\/\/bidads.pl\/\",\"logo\":{\"@type\":\"ImageObject\",\"inLanguage\":\"en-GB\",\"@id\":\"https:\/\/bidads.pl\/#\/schema\/logo\/image\/\",\"url\":\"https:\/\/bidads.pl\/wp-content\/uploads\/2024\/12\/cropped-logo_BIDads.jpg\",\"contentUrl\":\"https:\/\/bidads.pl\/wp-content\/uploads\/2024\/12\/cropped-logo_BIDads.jpg\",\"width\":424,\"height\":424,\"caption\":\"Bidads\"},\"image\":{\"@id\":\"https:\/\/bidads.pl\/#\/schema\/logo\/image\/\"},\"sameAs\":[\"https:\/\/www.linkedin.com\/company\/bidads-sp-z-o-o\/\"]}]}<\/script>\n<!-- \/ Yoast SEO plugin. -->","yoast_head_json":{"title":"Programmatic &amp; Media Buying - Bidads","robots":{"index":"index","follow":"follow","max-snippet":"max-snippet:-1","max-image-preview":"max-image-preview:large","max-video-preview":"max-video-preview:-1"},"canonical":"https:\/\/bidads.pl\/en\/programmatic-media-buying\/","og_locale":"en_GB","og_type":"article","og_title":"Programmatic &amp; Media Buying - Bidads","og_description":"Nasze Us\u0142ugi Performance Marketing SEO &amp; Content Marketing Social Media Marketing Programmatic &amp; Media Buying Body Leasing Social Media Masz pytania? Zadzwo\u0144 +48 698 578 557 Programmatic &amp; Media Buying Programmatic &amp; Media Buying to kompleksowa obs\u0142uga kampanii reklamowych w modelu automatycznego zakupu powierzchni. \u25cf Realizujemy dzia\u0142ania display, wideo, rich media, CTV\/OTT oraz audio, precyzyjnie [&hellip;]","og_url":"https:\/\/bidads.pl\/en\/programmatic-media-buying\/","og_site_name":"Bidads","article_modified_time":"2025-09-30T08:55:50+00:00","og_image":[{"width":1500,"height":1000,"url":"https:\/\/bidads.pl\/wp-content\/uploads\/2025\/09\/Programmatic-Media-Buying-_-BIDads.jpg","type":"image\/jpeg"}],"twitter_card":"summary_large_image","twitter_misc":{"Estimated reading time":"2 minutes"},"schema":{"@context":"https:\/\/schema.org","@graph":[{"@type":"WebPage","@id":"https:\/\/bidads.pl\/programmatic-media-buying\/","url":"https:\/\/bidads.pl\/programmatic-media-buying\/","name":"Programmatic &amp; Media Buying - Bidads","isPartOf":{"@id":"https:\/\/bidads.pl\/#website"},"primaryImageOfPage":{"@id":"https:\/\/bidads.pl\/programmatic-media-buying\/#primaryimage"},"image":{"@id":"https:\/\/bidads.pl\/programmatic-media-buying\/#primaryimage"},"thumbnailUrl":"https:\/\/bidads.pl\/wp-content\/uploads\/2025\/09\/Programmatic-Media-Buying-_-BIDads.jpg","datePublished":"2025-09-23T21:30:42+00:00","dateModified":"2025-09-30T08:55:50+00:00","breadcrumb":{"@id":"https:\/\/bidads.pl\/programmatic-media-buying\/#breadcrumb"},"inLanguage":"en-GB","potentialAction":[{"@type":"ReadAction","target":["https:\/\/bidads.pl\/programmatic-media-buying\/"]}]},{"@type":"ImageObject","inLanguage":"en-GB","@id":"https:\/\/bidads.pl\/programmatic-media-buying\/#primaryimage","url":"https:\/\/bidads.pl\/wp-content\/uploads\/2025\/09\/Programmatic-Media-Buying-_-BIDads.jpg","contentUrl":"https:\/\/bidads.pl\/wp-content\/uploads\/2025\/09\/Programmatic-Media-Buying-_-BIDads.jpg"},{"@type":"BreadcrumbList","@id":"https:\/\/bidads.pl\/programmatic-media-buying\/#breadcrumb","itemListElement":[{"@type":"ListItem","position":1,"name":"Strona g\u0142\u00f3wna","item":"https:\/\/bidads.pl\/"},{"@type":"ListItem","position":2,"name":"Programmatic &amp; Media Buying"}]},{"@type":"WebSite","@id":"https:\/\/bidads.pl\/#website","url":"https:\/\/bidads.pl\/","name":"Bidads","description":"","publisher":{"@id":"https:\/\/bidads.pl\/#organization"},"potentialAction":[{"@type":"SearchAction","target":{"@type":"EntryPoint","urlTemplate":"https:\/\/bidads.pl\/?s={search_term_string}"},"query-input":{"@type":"PropertyValueSpecification","valueRequired":true,"valueName":"search_term_string"}}],"inLanguage":"en-GB"},{"@type":"Organization","@id":"https:\/\/bidads.pl\/#organization","name":"Bidads","url":"https:\/\/bidads.pl\/","logo":{"@type":"ImageObject","inLanguage":"en-GB","@id":"https:\/\/bidads.pl\/#\/schema\/logo\/image\/","url":"https:\/\/bidads.pl\/wp-content\/uploads\/2024\/12\/cropped-logo_BIDads.jpg","contentUrl":"https:\/\/bidads.pl\/wp-content\/uploads\/2024\/12\/cropped-logo_BIDads.jpg","width":424,"height":424,"caption":"Bidads"},"image":{"@id":"https:\/\/bidads.pl\/#\/schema\/logo\/image\/"},"sameAs":["https:\/\/www.linkedin.com\/company\/bidads-sp-z-o-o\/"]}]}},"_links":{"self":[{"href":"https:\/\/bidads.pl\/en\/wp-json\/wp\/v2\/pages\/5751","targetHints":{"allow":["GET"]}}],"collection":[{"href":"https:\/\/bidads.pl\/en\/wp-json\/wp\/v2\/pages"}],"about":[{"href":"https:\/\/bidads.pl\/en\/wp-json\/wp\/v2\/types\/page"}],"author":[{"embeddable":true,"href":"https:\/\/bidads.pl\/en\/wp-json\/wp\/v2\/users\/3"}],"replies":[{"embeddable":true,"href":"https:\/\/bidads.pl\/en\/wp-json\/wp\/v2\/comments?post=5751"}],"version-history":[{"count":16,"href":"https:\/\/bidads.pl\/en\/wp-json\/wp\/v2\/pages\/5751\/revisions"}],"predecessor-version":[{"id":5818,"href":"https:\/\/bidads.pl\/en\/wp-json\/wp\/v2\/pages\/5751\/revisions\/5818"}],"wp:attachment":[{"href":"https:\/\/bidads.pl\/en\/wp-json\/wp\/v2\/media?parent=5751"}],"curies":[{"name":"wp","href":"https:\/\/api.w.org\/{rel}","templated":true}]}}