{"id":5744,"date":"2025-09-23T23:24:14","date_gmt":"2025-09-23T21:24:14","guid":{"rendered":"https:\/\/bidads.pl\/?page_id=5744"},"modified":"2025-09-30T10:43:57","modified_gmt":"2025-09-30T08:43:57","slug":"social-media-marketing","status":"publish","type":"page","link":"https:\/\/bidads.pl\/en\/social-media-marketing\/","title":{"rendered":"Social Media Marketing"},"content":{"rendered":"<div data-elementor-type=\"wp-page\" data-elementor-id=\"5744\" class=\"elementor elementor-5744\">\n\t\t\t\t<div class=\"elementor-element elementor-element-2cc7b4c1 elementor-hidden-mobile e-flex e-con-boxed e-con e-parent\" data-id=\"2cc7b4c1\" data-element_type=\"container\">\n\t\t\t\t\t<div class=\"e-con-inner\">\n\t\t<div class=\"elementor-element elementor-element-5c428ec0 e-con-full e-flex e-con e-child\" data-id=\"5c428ec0\" data-element_type=\"container\">\n\t\t\t\t<div class=\"elementor-element elementor-element-45d0aa7b elementor-widget elementor-widget-sidebar-nav\" data-id=\"45d0aa7b\" data-element_type=\"widget\" data-widget_type=\"sidebar-nav.default\">\n\t\t\t\t<div class=\"elementor-widget-container\">\n\t\t\t\t\t    <div class=\"page-sidebar__service page-sidebar__single wow animated fadeInLeft\" data-wow-delay=\"0.1s\" data-wow-duration=\"1500ms\">\r\n        <h3 class=\"page-sidebar__title\">Our services<\/h3>        <div class=\"menu-nasze-uslugi-container\"><ul id=\"menu-nasze-uslugi\" class=\"page-sidebar__service-list\"><li id=\"menu-item-5733\" class=\"menu-item menu-item-type-post_type menu-item-object-page megamenu-hide menu-item-5733\"><a href=\"https:\/\/bidads.pl\/en\/performance-marketing\/\">Performance Marketing<\/a><\/li>\n<li id=\"menu-item-5740\" class=\"menu-item menu-item-type-post_type menu-item-object-page megamenu-hide menu-item-5740\"><a href=\"https:\/\/bidads.pl\/en\/seo-content-marketing\/\">SEO &amp; Content Marketing<\/a><\/li>\n<li id=\"menu-item-5746\" class=\"menu-item menu-item-type-post_type menu-item-object-page megamenu-hide menu-item-5746\"><a href=\"https:\/\/bidads.pl\/en\/social-media-marketing\/\">Social Media Marketing<\/a><\/li>\n<li id=\"menu-item-5753\" class=\"menu-item menu-item-type-post_type menu-item-object-page megamenu-hide menu-item-5753\"><a href=\"https:\/\/bidads.pl\/en\/programmatic-media-buying\/\">Programmatic &amp; Media Buying<\/a><\/li>\n<li id=\"menu-item-5764\" class=\"menu-item menu-item-type-post_type menu-item-object-page megamenu-hide menu-item-5764\"><a href=\"https:\/\/bidads.pl\/en\/body-leasing\/\">Body Leasing<\/a><\/li>\n<\/ul><\/div>        <\/ul>\r\n    <\/div><!-- \/.blog-sidebar__service -->\r\n\t\t\t\t<\/div>\n\t\t\t\t<\/div>\n\t\t\t\t<div class=\"elementor-element elementor-element-78b431c0 elementor-widget elementor-widget-sidebar-social-info\" data-id=\"78b431c0\" data-element_type=\"widget\" data-widget_type=\"sidebar-social-info.default\">\n\t\t\t\t<div class=\"elementor-widget-container\">\n\t\t\t\t\t    <div class=\"page-sidebar__social page-sidebar__single wow animated fadeInLeft\" data-wow-delay=\"0.1s\" data-wow-duration=\"1500ms\">\r\n        <h3 class=\"page-sidebar__title\">Social Media<\/h3>        <div class=\"page-sidebar__social-list social-list\">\r\n           \r\n                            <a class=\"page-sidebar__social-link social-link\"   href=\"https:\/\/www.facebook.com\/\">\r\n                    <i aria-hidden=\"true\" class=\"icon-facebook\"><\/i>                <\/a>\r\n                            <a class=\"page-sidebar__social-link social-link\"   href=\"https:\/\/www.linkedin.com\/company\/bidads-sp-z-o-o\/\">\r\n                    <i aria-hidden=\"true\" class=\"icon-linkedin\"><\/i>                <\/a>\r\n                    <\/div>\r\n    <\/div><!-- \/.page-sidebar__social -->\r\n\r\n\t\t\t\t<\/div>\n\t\t\t\t<\/div>\n\t\t\t\t<div class=\"elementor-element elementor-element-1d03058d elementor-widget elementor-widget-noile-sidebar-call-to-action\" data-id=\"1d03058d\" data-element_type=\"widget\" data-widget_type=\"noile-sidebar-call-to-action.default\">\n\t\t\t\t<div class=\"elementor-widget-container\">\n\t\t\t\t\t    <div class=\"page-sidebar__contact page-sidebar__single wow animated fadeInLeft\" data-wow-delay=\"0.1s\" data-wow-duration=\"1500ms\" style=\"background-image: url('https:\/\/bidads.pl\/wp-content\/uploads\/2025\/01\/BIDads_body_leasing_masz_pytania_zadzwon.jpg');\">\r\n        <div class=\"page-sidebar__contact-wrap\">\r\n            <h3 class=\"page-sidebar__contact-title\">Got questions? Give us a call!<\/h3>            <a href=\"tel:-+48-698-578-557\" class=\"page-sidebar__contact-btn\">\r\n                <span class=\"page-sidebar__contact-icon icon-phone\"><\/span>\r\n                <h4 class=\"page-sidebar__contact-text\">  +48 698 578 557<\/h4>\r\n            <\/a>\r\n        <\/div>\r\n    <\/div><!-- \/.page-sidebar__contact -->\r\n\t\t\t\t<\/div>\n\t\t\t\t<\/div>\n\t\t\t\t<\/div>\n\t\t<div class=\"elementor-element elementor-element-2fb839bf e-con-full e-flex e-con e-child\" data-id=\"2fb839bf\" data-element_type=\"container\">\n\t\t<div class=\"elementor-element elementor-element-f539a4a e-con-full e-flex e-con e-child\" data-id=\"f539a4a\" data-element_type=\"container\">\n\t\t\t\t<div class=\"elementor-element elementor-element-32ed155 elementor-widget elementor-widget-image\" data-id=\"32ed155\" data-element_type=\"widget\" data-widget_type=\"image.default\">\n\t\t\t\t<div class=\"elementor-widget-container\">\n\t\t\t\t\t\t\t\t\t\t\t\t\t\t\t<img fetchpriority=\"high\" decoding=\"async\" width=\"1500\" height=\"1068\" src=\"https:\/\/bidads.pl\/wp-content\/uploads\/2025\/09\/Social-Media-Marketing-_-BIDads.jpg\" class=\"attachment-full size-full wp-image-5784\" alt=\"\" srcset=\"https:\/\/bidads.pl\/wp-content\/uploads\/2025\/09\/Social-Media-Marketing-_-BIDads.jpg 1500w, https:\/\/bidads.pl\/wp-content\/uploads\/2025\/09\/Social-Media-Marketing-_-BIDads-300x214.jpg 300w, https:\/\/bidads.pl\/wp-content\/uploads\/2025\/09\/Social-Media-Marketing-_-BIDads-1024x729.jpg 1024w, https:\/\/bidads.pl\/wp-content\/uploads\/2025\/09\/Social-Media-Marketing-_-BIDads-768x547.jpg 768w, https:\/\/bidads.pl\/wp-content\/uploads\/2025\/09\/Social-Media-Marketing-_-BIDads-18x12.jpg 18w\" sizes=\"(max-width: 1500px) 100vw, 1500px\" \/>\t\t\t\t\t\t\t\t\t\t\t\t\t\t\t<\/div>\n\t\t\t\t<\/div>\n\t\t\t\t<div class=\"elementor-element elementor-element-7dde340 elementor-widget elementor-widget-text-editor\" data-id=\"7dde340\" data-element_type=\"widget\" data-widget_type=\"text-editor.default\">\n\t\t\t\t<div class=\"elementor-widget-container\">\n\t\t\t\t\t\t\t\t\t<h3 class=\"service-details-page__top-service-title\">Social Media Marketing<\/h3>\t\t\t\t\t\t\t\t<\/div>\n\t\t\t\t<\/div>\n\t\t\t\t<div class=\"elementor-element elementor-element-19f63d85 elementor-widget elementor-widget-text-editor\" data-id=\"19f63d85\" data-element_type=\"widget\" data-widget_type=\"text-editor.default\">\n\t\t\t\t<div class=\"elementor-widget-container\">\n\t\t\t\t\t\t\t\t\t<p class=\"service-details-page__top-service-desc\">Social Media Marketing is a comprehensive approach to building brand awareness, audience engagement, and sales on social platforms.<\/p>\t\t\t\t\t\t\t\t<\/div>\n\t\t\t\t<\/div>\n\t\t\t\t<div class=\"elementor-element elementor-element-50f5268 elementor-widget elementor-widget-text-editor\" data-id=\"50f5268\" data-element_type=\"widget\" data-widget_type=\"text-editor.default\">\n\t\t\t\t<div class=\"elementor-widget-container\">\n\t\t\t\t\t\t\t\t\t<p>\u25cf  We develop presence strategies on key platforms, tailored to business goals and brand character.\u00a0<\/p><p>\u25cf We create engaging content \u2013 graphics, videos, reels, stories, and posts \u2013 ensuring consistency of image and tone of voice.<\/p><p>We run paid social campaigns, plan publication schedules, moderate the community, and analyse performance to continuously increase reach, engagement, and conversions.<\/p>\t\t\t\t\t\t\t\t<\/div>\n\t\t\t\t<\/div>\n\t\t\t\t<div class=\"elementor-element elementor-element-9f32044 elementor-widget elementor-widget-text-editor\" data-id=\"9f32044\" data-element_type=\"widget\" data-widget_type=\"text-editor.default\">\n\t\t\t\t<div class=\"elementor-widget-container\">\n\t\t\t\t\t\t\t\t\t<p>With us, your social media profiles become an effective communication<br \/>and sales channel.<\/p>\t\t\t\t\t\t\t\t<\/div>\n\t\t\t\t<\/div>\n\t\t\t\t<\/div>\n\t\t\t\t<\/div>\n\t\t\t\t\t<\/div>\n\t\t\t\t<\/div>\n\t\t<div class=\"elementor-element elementor-element-64abd653 elementor-hidden-desktop elementor-hidden-tablet e-flex e-con-boxed e-con e-parent\" data-id=\"64abd653\" data-element_type=\"container\">\n\t\t\t\t\t<div class=\"e-con-inner\">\n\t\t<div class=\"elementor-element elementor-element-4d780de9 e-con-full e-flex e-con e-child\" data-id=\"4d780de9\" data-element_type=\"container\">\n\t\t\t\t<div class=\"elementor-element elementor-element-230871c4 elementor-widget elementor-widget-sidebar-nav\" data-id=\"230871c4\" data-element_type=\"widget\" data-widget_type=\"sidebar-nav.default\">\n\t\t\t\t<div class=\"elementor-widget-container\">\n\t\t\t\t\t    <div class=\"page-sidebar__service page-sidebar__single wow animated fadeInLeft\" data-wow-delay=\"0.1s\" data-wow-duration=\"1500ms\">\r\n        <h3 class=\"page-sidebar__title\">Collaboration Models<\/h3>        <div class=\"menu-modele-wspolpracy-container\"><ul id=\"menu-modele-wspolpracy\" class=\"page-sidebar__service-list\"><li id=\"menu-item-73\" class=\"menu-item menu-item-type-post_type menu-item-object-page megamenu-hide menu-item-73\"><a href=\"https:\/\/bidads.pl\/en\/body-leasing-na-czas-okreslony\/\">Fixed-term<\/a><\/li>\n<li id=\"menu-item-71\" class=\"menu-item menu-item-type-post_type menu-item-object-page megamenu-hide menu-item-71\"><a href=\"https:\/\/bidads.pl\/en\/body-leasing-projektowy\/\">Project-based<\/a><\/li>\n<li id=\"menu-item-72\" class=\"menu-item menu-item-type-post_type menu-item-object-page megamenu-hide menu-item-72\"><a href=\"https:\/\/bidads.pl\/en\/body-leasing-dlugoterminowy\/\">Long-term<\/a><\/li>\n<li id=\"menu-item-70\" class=\"menu-item menu-item-type-post_type menu-item-object-page megamenu-hide menu-item-70\"><a href=\"https:\/\/bidads.pl\/en\/body-leasing-z-mozliwoscia-zatrudnienia\/\">Contract-to-hire<\/a><\/li>\n<li id=\"menu-item-69\" class=\"menu-item menu-item-type-post_type menu-item-object-page megamenu-hide menu-item-69\"><a href=\"https:\/\/bidads.pl\/en\/body-leasing-zespolowy\/\">Team-based<\/a><\/li>\n<\/ul><\/div>        <\/ul>\r\n    <\/div><!-- \/.blog-sidebar__service -->\r\n\t\t\t\t<\/div>\n\t\t\t\t<\/div>\n\t\t\t\t<div class=\"elementor-element elementor-element-7b62a222 elementor-widget elementor-widget-sidebar-social-info\" data-id=\"7b62a222\" data-element_type=\"widget\" data-widget_type=\"sidebar-social-info.default\">\n\t\t\t\t<div class=\"elementor-widget-container\">\n\t\t\t\t\t    <div class=\"page-sidebar__social page-sidebar__single wow animated fadeInLeft\" data-wow-delay=\"0.1s\" data-wow-duration=\"1500ms\">\r\n        <h3 class=\"page-sidebar__title\">Social Media<\/h3>        <div class=\"page-sidebar__social-list social-list\">\r\n           \r\n                            <a class=\"page-sidebar__social-link social-link\"   href=\"https:\/\/www.facebook.com\/\">\r\n                    <i aria-hidden=\"true\" class=\"icon-facebook\"><\/i>                <\/a>\r\n                            <a class=\"page-sidebar__social-link social-link\"   href=\"https:\/\/www.linkedin.com\/company\/bidads-sp-z-o-o\/\">\r\n                    <i aria-hidden=\"true\" class=\"icon-linkedin\"><\/i>                <\/a>\r\n                    <\/div>\r\n    <\/div><!-- \/.page-sidebar__social -->\r\n\r\n\t\t\t\t<\/div>\n\t\t\t\t<\/div>\n\t\t\t\t<div class=\"elementor-element elementor-element-7fc11f05 elementor-widget elementor-widget-noile-sidebar-call-to-action\" data-id=\"7fc11f05\" data-element_type=\"widget\" data-widget_type=\"noile-sidebar-call-to-action.default\">\n\t\t\t\t<div class=\"elementor-widget-container\">\n\t\t\t\t\t    <div class=\"page-sidebar__contact page-sidebar__single wow animated fadeInLeft\" data-wow-delay=\"0.1s\" data-wow-duration=\"1500ms\" style=\"background-image: url('https:\/\/bidads.pl\/wp-content\/uploads\/2025\/01\/BIDads_body_leasing_masz_pytania_zadzwon.jpg');\">\r\n        <div class=\"page-sidebar__contact-wrap\">\r\n            <h3 class=\"page-sidebar__contact-title\">Got questions? Give us a call!<\/h3>            <a href=\"tel:-+48-698-578-557\" class=\"page-sidebar__contact-btn\">\r\n                <span class=\"page-sidebar__contact-icon icon-phone\"><\/span>\r\n                <h4 class=\"page-sidebar__contact-text\">  +48 698 578 557<\/h4>\r\n            <\/a>\r\n        <\/div>\r\n    <\/div><!-- \/.page-sidebar__contact -->\r\n\t\t\t\t<\/div>\n\t\t\t\t<\/div>\n\t\t\t\t<\/div>\n\t\t<div class=\"elementor-element elementor-element-1165fbda e-con-full e-flex e-con e-child\" data-id=\"1165fbda\" data-element_type=\"container\">\n\t\t<div class=\"elementor-element elementor-element-2d128084 e-con-full e-flex e-con e-child\" data-id=\"2d128084\" data-element_type=\"container\">\n\t\t\t\t<div class=\"elementor-element elementor-element-26b8bd7 elementor-widget elementor-widget-image\" data-id=\"26b8bd7\" data-element_type=\"widget\" data-widget_type=\"image.default\">\n\t\t\t\t<div class=\"elementor-widget-container\">\n\t\t\t\t\t\t\t\t\t\t\t\t\t\t\t<img fetchpriority=\"high\" decoding=\"async\" width=\"1500\" height=\"1068\" src=\"https:\/\/bidads.pl\/wp-content\/uploads\/2025\/09\/Social-Media-Marketing-_-BIDads.jpg\" class=\"attachment-full size-full wp-image-5784\" alt=\"\" srcset=\"https:\/\/bidads.pl\/wp-content\/uploads\/2025\/09\/Social-Media-Marketing-_-BIDads.jpg 1500w, https:\/\/bidads.pl\/wp-content\/uploads\/2025\/09\/Social-Media-Marketing-_-BIDads-300x214.jpg 300w, https:\/\/bidads.pl\/wp-content\/uploads\/2025\/09\/Social-Media-Marketing-_-BIDads-1024x729.jpg 1024w, https:\/\/bidads.pl\/wp-content\/uploads\/2025\/09\/Social-Media-Marketing-_-BIDads-768x547.jpg 768w, https:\/\/bidads.pl\/wp-content\/uploads\/2025\/09\/Social-Media-Marketing-_-BIDads-18x12.jpg 18w\" sizes=\"(max-width: 1500px) 100vw, 1500px\" \/>\t\t\t\t\t\t\t\t\t\t\t\t\t\t\t<\/div>\n\t\t\t\t<\/div>\n\t\t\t\t<div class=\"elementor-element elementor-element-5345c306 elementor-widget elementor-widget-text-editor\" data-id=\"5345c306\" data-element_type=\"widget\" data-widget_type=\"text-editor.default\">\n\t\t\t\t<div class=\"elementor-widget-container\">\n\t\t\t\t\t\t\t\t\t<h3 class=\"service-details-page__top-service-title\">Social Media Marketing<\/h3>\t\t\t\t\t\t\t\t<\/div>\n\t\t\t\t<\/div>\n\t\t\t\t<div class=\"elementor-element elementor-element-1cbdf181 elementor-widget elementor-widget-text-editor\" data-id=\"1cbdf181\" data-element_type=\"widget\" data-widget_type=\"text-editor.default\">\n\t\t\t\t<div class=\"elementor-widget-container\">\n\t\t\t\t\t\t\t\t\t<p class=\"service-details-page__top-service-desc\">Social Media Marketing to kompleksowe dzia\u0142ania buduj\u0105ce rozpoznawalno\u015b\u0107 marki,<br \/>zaanga\u017cowanie odbiorc\u00f3w i sprzeda\u017c w mediach spo\u0142eczno\u015bciowych.<\/p>\t\t\t\t\t\t\t\t<\/div>\n\t\t\t\t<\/div>\n\t\t\t\t<div class=\"elementor-element elementor-element-7acd927 elementor-widget elementor-widget-text-editor\" data-id=\"7acd927\" data-element_type=\"widget\" data-widget_type=\"text-editor.default\">\n\t\t\t\t<div class=\"elementor-widget-container\">\n\t\t\t\t\t\t\t\t\t<p>\u25cf Opracowujemy strategie obecno\u015bci na kluczowych platformach, kt\u00f3re dopasowane s\u0105 do<br \/>cel\u00f3w biznesowych i charakteru marki.<br \/>\u25cf Tworzymy atrakcyjne tre\u015bci: grafiki, wideo, reelsy, stories i posty, dbaj\u0105c o sp\u00f3jno\u015b\u0107<br \/>wizerunku i tone of voice.<\/p><p>\u25cf Prowadzimy kampanie p\u0142atne (paid social), planujemy harmonogram publikacji,<br \/>moderujemy spo\u0142eczno\u015b\u0107 i analizujemy efekty dzia\u0142a\u0144, aby stale zwi\u0119ksza\u0107 zasi\u0119gi, liczb\u0119<br \/>interakcji i konwersji.<\/p>\t\t\t\t\t\t\t\t<\/div>\n\t\t\t\t<\/div>\n\t\t\t\t<div class=\"elementor-element elementor-element-91fea3c elementor-widget elementor-widget-text-editor\" data-id=\"91fea3c\" data-element_type=\"widget\" data-widget_type=\"text-editor.default\">\n\t\t\t\t<div class=\"elementor-widget-container\">\n\t\t\t\t\t\t\t\t\t<p>With us, your social media profiles become an effective communication<br \/>and sales channel.<\/p>\t\t\t\t\t\t\t\t<\/div>\n\t\t\t\t<\/div>\n\t\t\t\t<\/div>\n\t\t\t\t<\/div>\n\t\t\t\t\t<\/div>\n\t\t\t\t<\/div>\n\t\t\t\t<\/div>","protected":false},"excerpt":{"rendered":"<p>Nasze Us\u0142ugi Performance Marketing SEO &amp; Content Marketing Social Media Marketing Programmatic &amp; Media Buying Body Leasing Social Media Masz pytania? Zadzwo\u0144 +48 698 578 557 Social Media Marketing Social Media Marketing to kompleksowe dzia\u0142ania buduj\u0105ce rozpoznawalno\u015b\u0107 marki, zaanga\u017cowanie odbiorc\u00f3w i sprzeda\u017c w mediach spo\u0142eczno\u015bciowych. \u25cf Opracowujemy strategie obecno\u015bci na kluczowych platformach, kt\u00f3re dopasowane s\u0105 [&hellip;]<\/p>","protected":false},"author":3,"featured_media":0,"parent":0,"menu_order":0,"comment_status":"closed","ping_status":"closed","template":"","meta":{"footnotes":""},"class_list":["post-5744","page","type-page","status-publish","hentry"],"yoast_head":"<!-- This site is optimized with the Yoast SEO plugin v25.2 - https:\/\/yoast.com\/wordpress\/plugins\/seo\/ -->\n<title>Social Media Marketing - Bidads<\/title>\n<meta name=\"robots\" content=\"index, follow, max-snippet:-1, max-image-preview:large, max-video-preview:-1\" \/>\n<link rel=\"canonical\" href=\"https:\/\/bidads.pl\/en\/social-media-marketing\/\" \/>\n<meta property=\"og:locale\" content=\"en_GB\" \/>\n<meta property=\"og:type\" content=\"article\" \/>\n<meta property=\"og:title\" content=\"Social Media Marketing - Bidads\" \/>\n<meta property=\"og:description\" content=\"Nasze Us\u0142ugi Performance Marketing SEO &amp; Content Marketing Social Media Marketing Programmatic &amp; Media Buying Body Leasing Social Media Masz pytania? Zadzwo\u0144 +48 698 578 557 Social Media Marketing Social Media Marketing to kompleksowe dzia\u0142ania buduj\u0105ce rozpoznawalno\u015b\u0107 marki, zaanga\u017cowanie odbiorc\u00f3w i sprzeda\u017c w mediach spo\u0142eczno\u015bciowych. \u25cf Opracowujemy strategie obecno\u015bci na kluczowych platformach, kt\u00f3re dopasowane s\u0105 [&hellip;]\" \/>\n<meta property=\"og:url\" content=\"https:\/\/bidads.pl\/en\/social-media-marketing\/\" \/>\n<meta property=\"og:site_name\" content=\"Bidads\" \/>\n<meta property=\"article:modified_time\" content=\"2025-09-30T08:43:57+00:00\" \/>\n<meta property=\"og:image\" content=\"https:\/\/bidads.pl\/wp-content\/uploads\/2025\/09\/Social-Media-Marketing-_-BIDads.jpg\" \/>\n\t<meta property=\"og:image:width\" content=\"1500\" \/>\n\t<meta property=\"og:image:height\" content=\"1068\" \/>\n\t<meta property=\"og:image:type\" content=\"image\/jpeg\" \/>\n<meta name=\"twitter:card\" content=\"summary_large_image\" \/>\n<meta name=\"twitter:label1\" content=\"Estimated reading time\" \/>\n\t<meta name=\"twitter:data1\" content=\"2 minutes\" \/>\n<script type=\"application\/ld+json\" class=\"yoast-schema-graph\">{\"@context\":\"https:\/\/schema.org\",\"@graph\":[{\"@type\":\"WebPage\",\"@id\":\"https:\/\/bidads.pl\/social-media-marketing\/\",\"url\":\"https:\/\/bidads.pl\/social-media-marketing\/\",\"name\":\"Social Media Marketing - Bidads\",\"isPartOf\":{\"@id\":\"https:\/\/bidads.pl\/#website\"},\"primaryImageOfPage\":{\"@id\":\"https:\/\/bidads.pl\/social-media-marketing\/#primaryimage\"},\"image\":{\"@id\":\"https:\/\/bidads.pl\/social-media-marketing\/#primaryimage\"},\"thumbnailUrl\":\"https:\/\/bidads.pl\/wp-content\/uploads\/2025\/09\/Social-Media-Marketing-_-BIDads.jpg\",\"datePublished\":\"2025-09-23T21:24:14+00:00\",\"dateModified\":\"2025-09-30T08:43:57+00:00\",\"breadcrumb\":{\"@id\":\"https:\/\/bidads.pl\/social-media-marketing\/#breadcrumb\"},\"inLanguage\":\"en-GB\",\"potentialAction\":[{\"@type\":\"ReadAction\",\"target\":[\"https:\/\/bidads.pl\/social-media-marketing\/\"]}]},{\"@type\":\"ImageObject\",\"inLanguage\":\"en-GB\",\"@id\":\"https:\/\/bidads.pl\/social-media-marketing\/#primaryimage\",\"url\":\"https:\/\/bidads.pl\/wp-content\/uploads\/2025\/09\/Social-Media-Marketing-_-BIDads.jpg\",\"contentUrl\":\"https:\/\/bidads.pl\/wp-content\/uploads\/2025\/09\/Social-Media-Marketing-_-BIDads.jpg\"},{\"@type\":\"BreadcrumbList\",\"@id\":\"https:\/\/bidads.pl\/social-media-marketing\/#breadcrumb\",\"itemListElement\":[{\"@type\":\"ListItem\",\"position\":1,\"name\":\"Strona g\u0142\u00f3wna\",\"item\":\"https:\/\/bidads.pl\/\"},{\"@type\":\"ListItem\",\"position\":2,\"name\":\"Social Media Marketing\"}]},{\"@type\":\"WebSite\",\"@id\":\"https:\/\/bidads.pl\/#website\",\"url\":\"https:\/\/bidads.pl\/\",\"name\":\"Bidads\",\"description\":\"\",\"publisher\":{\"@id\":\"https:\/\/bidads.pl\/#organization\"},\"potentialAction\":[{\"@type\":\"SearchAction\",\"target\":{\"@type\":\"EntryPoint\",\"urlTemplate\":\"https:\/\/bidads.pl\/?s={search_term_string}\"},\"query-input\":{\"@type\":\"PropertyValueSpecification\",\"valueRequired\":true,\"valueName\":\"search_term_string\"}}],\"inLanguage\":\"en-GB\"},{\"@type\":\"Organization\",\"@id\":\"https:\/\/bidads.pl\/#organization\",\"name\":\"Bidads\",\"url\":\"https:\/\/bidads.pl\/\",\"logo\":{\"@type\":\"ImageObject\",\"inLanguage\":\"en-GB\",\"@id\":\"https:\/\/bidads.pl\/#\/schema\/logo\/image\/\",\"url\":\"https:\/\/bidads.pl\/wp-content\/uploads\/2024\/12\/cropped-logo_BIDads.jpg\",\"contentUrl\":\"https:\/\/bidads.pl\/wp-content\/uploads\/2024\/12\/cropped-logo_BIDads.jpg\",\"width\":424,\"height\":424,\"caption\":\"Bidads\"},\"image\":{\"@id\":\"https:\/\/bidads.pl\/#\/schema\/logo\/image\/\"},\"sameAs\":[\"https:\/\/www.linkedin.com\/company\/bidads-sp-z-o-o\/\"]}]}<\/script>\n<!-- \/ Yoast SEO plugin. -->","yoast_head_json":{"title":"Social Media Marketing - Bidads","robots":{"index":"index","follow":"follow","max-snippet":"max-snippet:-1","max-image-preview":"max-image-preview:large","max-video-preview":"max-video-preview:-1"},"canonical":"https:\/\/bidads.pl\/en\/social-media-marketing\/","og_locale":"en_GB","og_type":"article","og_title":"Social Media Marketing - Bidads","og_description":"Nasze Us\u0142ugi Performance Marketing SEO &amp; Content Marketing Social Media Marketing Programmatic &amp; Media Buying Body Leasing Social Media Masz pytania? Zadzwo\u0144 +48 698 578 557 Social Media Marketing Social Media Marketing to kompleksowe dzia\u0142ania buduj\u0105ce rozpoznawalno\u015b\u0107 marki, zaanga\u017cowanie odbiorc\u00f3w i sprzeda\u017c w mediach spo\u0142eczno\u015bciowych. \u25cf Opracowujemy strategie obecno\u015bci na kluczowych platformach, kt\u00f3re dopasowane s\u0105 [&hellip;]","og_url":"https:\/\/bidads.pl\/en\/social-media-marketing\/","og_site_name":"Bidads","article_modified_time":"2025-09-30T08:43:57+00:00","og_image":[{"width":1500,"height":1068,"url":"https:\/\/bidads.pl\/wp-content\/uploads\/2025\/09\/Social-Media-Marketing-_-BIDads.jpg","type":"image\/jpeg"}],"twitter_card":"summary_large_image","twitter_misc":{"Estimated reading time":"2 minutes"},"schema":{"@context":"https:\/\/schema.org","@graph":[{"@type":"WebPage","@id":"https:\/\/bidads.pl\/social-media-marketing\/","url":"https:\/\/bidads.pl\/social-media-marketing\/","name":"Social Media Marketing - Bidads","isPartOf":{"@id":"https:\/\/bidads.pl\/#website"},"primaryImageOfPage":{"@id":"https:\/\/bidads.pl\/social-media-marketing\/#primaryimage"},"image":{"@id":"https:\/\/bidads.pl\/social-media-marketing\/#primaryimage"},"thumbnailUrl":"https:\/\/bidads.pl\/wp-content\/uploads\/2025\/09\/Social-Media-Marketing-_-BIDads.jpg","datePublished":"2025-09-23T21:24:14+00:00","dateModified":"2025-09-30T08:43:57+00:00","breadcrumb":{"@id":"https:\/\/bidads.pl\/social-media-marketing\/#breadcrumb"},"inLanguage":"en-GB","potentialAction":[{"@type":"ReadAction","target":["https:\/\/bidads.pl\/social-media-marketing\/"]}]},{"@type":"ImageObject","inLanguage":"en-GB","@id":"https:\/\/bidads.pl\/social-media-marketing\/#primaryimage","url":"https:\/\/bidads.pl\/wp-content\/uploads\/2025\/09\/Social-Media-Marketing-_-BIDads.jpg","contentUrl":"https:\/\/bidads.pl\/wp-content\/uploads\/2025\/09\/Social-Media-Marketing-_-BIDads.jpg"},{"@type":"BreadcrumbList","@id":"https:\/\/bidads.pl\/social-media-marketing\/#breadcrumb","itemListElement":[{"@type":"ListItem","position":1,"name":"Strona g\u0142\u00f3wna","item":"https:\/\/bidads.pl\/"},{"@type":"ListItem","position":2,"name":"Social Media Marketing"}]},{"@type":"WebSite","@id":"https:\/\/bidads.pl\/#website","url":"https:\/\/bidads.pl\/","name":"Bidads","description":"","publisher":{"@id":"https:\/\/bidads.pl\/#organization"},"potentialAction":[{"@type":"SearchAction","target":{"@type":"EntryPoint","urlTemplate":"https:\/\/bidads.pl\/?s={search_term_string}"},"query-input":{"@type":"PropertyValueSpecification","valueRequired":true,"valueName":"search_term_string"}}],"inLanguage":"en-GB"},{"@type":"Organization","@id":"https:\/\/bidads.pl\/#organization","name":"Bidads","url":"https:\/\/bidads.pl\/","logo":{"@type":"ImageObject","inLanguage":"en-GB","@id":"https:\/\/bidads.pl\/#\/schema\/logo\/image\/","url":"https:\/\/bidads.pl\/wp-content\/uploads\/2024\/12\/cropped-logo_BIDads.jpg","contentUrl":"https:\/\/bidads.pl\/wp-content\/uploads\/2024\/12\/cropped-logo_BIDads.jpg","width":424,"height":424,"caption":"Bidads"},"image":{"@id":"https:\/\/bidads.pl\/#\/schema\/logo\/image\/"},"sameAs":["https:\/\/www.linkedin.com\/company\/bidads-sp-z-o-o\/"]}]}},"_links":{"self":[{"href":"https:\/\/bidads.pl\/en\/wp-json\/wp\/v2\/pages\/5744","targetHints":{"allow":["GET"]}}],"collection":[{"href":"https:\/\/bidads.pl\/en\/wp-json\/wp\/v2\/pages"}],"about":[{"href":"https:\/\/bidads.pl\/en\/wp-json\/wp\/v2\/types\/page"}],"author":[{"embeddable":true,"href":"https:\/\/bidads.pl\/en\/wp-json\/wp\/v2\/users\/3"}],"replies":[{"embeddable":true,"href":"https:\/\/bidads.pl\/en\/wp-json\/wp\/v2\/comments?post=5744"}],"version-history":[{"count":10,"href":"https:\/\/bidads.pl\/en\/wp-json\/wp\/v2\/pages\/5744\/revisions"}],"predecessor-version":[{"id":5808,"href":"https:\/\/bidads.pl\/en\/wp-json\/wp\/v2\/pages\/5744\/revisions\/5808"}],"wp:attachment":[{"href":"https:\/\/bidads.pl\/en\/wp-json\/wp\/v2\/media?parent=5744"}],"curies":[{"name":"wp","href":"https:\/\/api.w.org\/{rel}","templated":true}]}}