{"id":5737,"date":"2025-09-23T23:17:31","date_gmt":"2025-09-23T21:17:31","guid":{"rendered":"https:\/\/bidads.pl\/?page_id=5737"},"modified":"2025-09-30T10:40:33","modified_gmt":"2025-09-30T08:40:33","slug":"seo-content-marketing","status":"publish","type":"page","link":"https:\/\/bidads.pl\/en\/seo-content-marketing\/","title":{"rendered":"SEO &amp; Content Marketing"},"content":{"rendered":"<div data-elementor-type=\"wp-page\" data-elementor-id=\"5737\" class=\"elementor elementor-5737\">\n\t\t\t\t<div class=\"elementor-element elementor-element-9553cb1 elementor-hidden-mobile e-flex e-con-boxed e-con e-parent\" data-id=\"9553cb1\" data-element_type=\"container\">\n\t\t\t\t\t<div class=\"e-con-inner\">\n\t\t<div class=\"elementor-element elementor-element-d3d12bc e-con-full e-flex e-con e-child\" data-id=\"d3d12bc\" data-element_type=\"container\">\n\t\t\t\t<div class=\"elementor-element elementor-element-1f83d83 elementor-widget elementor-widget-sidebar-nav\" data-id=\"1f83d83\" data-element_type=\"widget\" data-widget_type=\"sidebar-nav.default\">\n\t\t\t\t<div class=\"elementor-widget-container\">\n\t\t\t\t\t    <div class=\"page-sidebar__service page-sidebar__single wow animated fadeInLeft\" data-wow-delay=\"0.1s\" data-wow-duration=\"1500ms\">\r\n        <h3 class=\"page-sidebar__title\">Our services<\/h3>        <div class=\"menu-nasze-uslugi-container\"><ul id=\"menu-nasze-uslugi\" class=\"page-sidebar__service-list\"><li id=\"menu-item-5733\" class=\"menu-item menu-item-type-post_type menu-item-object-page megamenu-hide menu-item-5733\"><a href=\"https:\/\/bidads.pl\/en\/performance-marketing\/\">Performance Marketing<\/a><\/li>\n<li id=\"menu-item-5740\" class=\"menu-item menu-item-type-post_type menu-item-object-page megamenu-hide menu-item-5740\"><a href=\"https:\/\/bidads.pl\/en\/seo-content-marketing\/\">SEO &amp; Content Marketing<\/a><\/li>\n<li id=\"menu-item-5746\" class=\"menu-item menu-item-type-post_type menu-item-object-page megamenu-hide menu-item-5746\"><a href=\"https:\/\/bidads.pl\/en\/social-media-marketing\/\">Social Media Marketing<\/a><\/li>\n<li id=\"menu-item-5753\" class=\"menu-item menu-item-type-post_type menu-item-object-page megamenu-hide menu-item-5753\"><a href=\"https:\/\/bidads.pl\/en\/programmatic-media-buying\/\">Programmatic &amp; Media Buying<\/a><\/li>\n<li id=\"menu-item-5764\" class=\"menu-item menu-item-type-post_type menu-item-object-page megamenu-hide menu-item-5764\"><a href=\"https:\/\/bidads.pl\/en\/body-leasing\/\">Body Leasing<\/a><\/li>\n<\/ul><\/div>        <\/ul>\r\n    <\/div><!-- \/.blog-sidebar__service -->\r\n\t\t\t\t<\/div>\n\t\t\t\t<\/div>\n\t\t\t\t<div class=\"elementor-element elementor-element-351aaf92 elementor-widget elementor-widget-sidebar-social-info\" data-id=\"351aaf92\" data-element_type=\"widget\" data-widget_type=\"sidebar-social-info.default\">\n\t\t\t\t<div class=\"elementor-widget-container\">\n\t\t\t\t\t    <div class=\"page-sidebar__social page-sidebar__single wow animated fadeInLeft\" data-wow-delay=\"0.1s\" data-wow-duration=\"1500ms\">\r\n        <h3 class=\"page-sidebar__title\">Social Media<\/h3>        <div class=\"page-sidebar__social-list social-list\">\r\n           \r\n                            <a class=\"page-sidebar__social-link social-link\"   href=\"https:\/\/www.facebook.com\/\">\r\n                    <i aria-hidden=\"true\" class=\"icon-facebook\"><\/i>                <\/a>\r\n                            <a class=\"page-sidebar__social-link social-link\"   href=\"https:\/\/www.linkedin.com\/company\/bidads-sp-z-o-o\/\">\r\n                    <i aria-hidden=\"true\" class=\"icon-linkedin\"><\/i>                <\/a>\r\n                    <\/div>\r\n    <\/div><!-- \/.page-sidebar__social -->\r\n\r\n\t\t\t\t<\/div>\n\t\t\t\t<\/div>\n\t\t\t\t<div class=\"elementor-element elementor-element-7f94260b elementor-widget elementor-widget-noile-sidebar-call-to-action\" data-id=\"7f94260b\" data-element_type=\"widget\" data-widget_type=\"noile-sidebar-call-to-action.default\">\n\t\t\t\t<div class=\"elementor-widget-container\">\n\t\t\t\t\t    <div class=\"page-sidebar__contact page-sidebar__single wow animated fadeInLeft\" data-wow-delay=\"0.1s\" data-wow-duration=\"1500ms\" style=\"background-image: url('https:\/\/bidads.pl\/wp-content\/uploads\/2025\/01\/BIDads_body_leasing_masz_pytania_zadzwon.jpg');\">\r\n        <div class=\"page-sidebar__contact-wrap\">\r\n            <h3 class=\"page-sidebar__contact-title\">Got questions? Give us a call!<\/h3>            <a href=\"tel:-+48-698-578-557\" class=\"page-sidebar__contact-btn\">\r\n                <span class=\"page-sidebar__contact-icon icon-phone\"><\/span>\r\n                <h4 class=\"page-sidebar__contact-text\">  +48 698 578 557<\/h4>\r\n            <\/a>\r\n        <\/div>\r\n    <\/div><!-- \/.page-sidebar__contact -->\r\n\t\t\t\t<\/div>\n\t\t\t\t<\/div>\n\t\t\t\t<\/div>\n\t\t<div class=\"elementor-element elementor-element-f6b319b e-con-full e-flex e-con e-child\" data-id=\"f6b319b\" data-element_type=\"container\">\n\t\t<div class=\"elementor-element elementor-element-651382c9 e-con-full e-flex e-con e-child\" data-id=\"651382c9\" data-element_type=\"container\">\n\t\t\t\t<div class=\"elementor-element elementor-element-14eb530d elementor-widget elementor-widget-image\" data-id=\"14eb530d\" data-element_type=\"widget\" data-widget_type=\"image.default\">\n\t\t\t\t<div class=\"elementor-widget-container\">\n\t\t\t\t\t\t\t\t\t\t\t\t\t\t\t<img fetchpriority=\"high\" decoding=\"async\" width=\"1500\" height=\"1000\" src=\"https:\/\/bidads.pl\/wp-content\/uploads\/2025\/09\/SEO-Content-Marketing_-BIDads-1.jpg\" class=\"attachment-full size-full wp-image-5780\" alt=\"\" srcset=\"https:\/\/bidads.pl\/wp-content\/uploads\/2025\/09\/SEO-Content-Marketing_-BIDads-1.jpg 1500w, https:\/\/bidads.pl\/wp-content\/uploads\/2025\/09\/SEO-Content-Marketing_-BIDads-1-300x200.jpg 300w, https:\/\/bidads.pl\/wp-content\/uploads\/2025\/09\/SEO-Content-Marketing_-BIDads-1-1024x683.jpg 1024w, https:\/\/bidads.pl\/wp-content\/uploads\/2025\/09\/SEO-Content-Marketing_-BIDads-1-768x512.jpg 768w, https:\/\/bidads.pl\/wp-content\/uploads\/2025\/09\/SEO-Content-Marketing_-BIDads-1-18x12.jpg 18w, https:\/\/bidads.pl\/wp-content\/uploads\/2025\/09\/SEO-Content-Marketing_-BIDads-1-900x600.jpg 900w\" sizes=\"(max-width: 1500px) 100vw, 1500px\" \/>\t\t\t\t\t\t\t\t\t\t\t\t\t\t\t<\/div>\n\t\t\t\t<\/div>\n\t\t\t\t<div class=\"elementor-element elementor-element-208e0498 elementor-widget elementor-widget-text-editor\" data-id=\"208e0498\" data-element_type=\"widget\" data-widget_type=\"text-editor.default\">\n\t\t\t\t<div class=\"elementor-widget-container\">\n\t\t\t\t\t\t\t\t\t<h3 class=\"service-details-page__top-service-title\">SEO &amp; Content Marketing<\/h3>\t\t\t\t\t\t\t\t<\/div>\n\t\t\t\t<\/div>\n\t\t\t\t<div class=\"elementor-element elementor-element-7c25be79 elementor-widget elementor-widget-text-editor\" data-id=\"7c25be79\" data-element_type=\"widget\" data-widget_type=\"text-editor.default\">\n\t\t\t\t<div class=\"elementor-widget-container\">\n\t\t\t\t\t\t\t\t\t<p class=\"service-details-page__top-service-desc\">SEO &amp; Content Marketing is a comprehensive strategy for increasing visibility on Google\nand generating valuable traffic.<\/p>\t\t\t\t\t\t\t\t<\/div>\n\t\t\t\t<\/div>\n\t\t\t\t<div class=\"elementor-element elementor-element-d957a7d elementor-widget elementor-widget-text-editor\" data-id=\"d957a7d\" data-element_type=\"widget\" data-widget_type=\"text-editor.default\">\n\t\t\t\t<div class=\"elementor-widget-container\">\n\t\t\t\t\t\t\t\t\t<p>\u25cf We carry out detailed SEO audits, optimise websites for technical and UX aspects, run\neffective link building, and develop a long-term content strategy.<br \/>\u25cf  We create content that supports sales while improving search engine rankings \u2013 from blog\narticles and product descriptions to expert materials and guides.<br \/>\u25cf  We combine advanced data analysis with thoughtful copywriting to increase brand visibility,\nprecisely reach the right target groups, and maximise conversion effectiveness.<\/p>\t\t\t\t\t\t\t\t<\/div>\n\t\t\t\t<\/div>\n\t\t\t\t<\/div>\n\t\t\t\t<\/div>\n\t\t\t\t\t<\/div>\n\t\t\t\t<\/div>\n\t\t<div class=\"elementor-element elementor-element-219a5e7d elementor-hidden-desktop elementor-hidden-tablet e-flex e-con-boxed e-con e-parent\" data-id=\"219a5e7d\" data-element_type=\"container\">\n\t\t\t\t\t<div class=\"e-con-inner\">\n\t\t<div class=\"elementor-element elementor-element-32a5773e e-con-full e-flex e-con e-child\" data-id=\"32a5773e\" data-element_type=\"container\">\n\t\t\t\t<div class=\"elementor-element elementor-element-3d336960 elementor-widget elementor-widget-sidebar-nav\" data-id=\"3d336960\" data-element_type=\"widget\" data-widget_type=\"sidebar-nav.default\">\n\t\t\t\t<div class=\"elementor-widget-container\">\n\t\t\t\t\t    <div class=\"page-sidebar__service page-sidebar__single wow animated fadeInLeft\" data-wow-delay=\"0.1s\" data-wow-duration=\"1500ms\">\r\n        <h3 class=\"page-sidebar__title\">Collaboration Models<\/h3>        <div class=\"menu-modele-wspolpracy-container\"><ul id=\"menu-modele-wspolpracy\" class=\"page-sidebar__service-list\"><li id=\"menu-item-73\" class=\"menu-item menu-item-type-post_type menu-item-object-page megamenu-hide menu-item-73\"><a href=\"https:\/\/bidads.pl\/en\/body-leasing-na-czas-okreslony\/\">Fixed-term<\/a><\/li>\n<li id=\"menu-item-71\" class=\"menu-item menu-item-type-post_type menu-item-object-page megamenu-hide menu-item-71\"><a href=\"https:\/\/bidads.pl\/en\/body-leasing-projektowy\/\">Project-based<\/a><\/li>\n<li id=\"menu-item-72\" class=\"menu-item menu-item-type-post_type menu-item-object-page megamenu-hide menu-item-72\"><a href=\"https:\/\/bidads.pl\/en\/body-leasing-dlugoterminowy\/\">Long-term<\/a><\/li>\n<li id=\"menu-item-70\" class=\"menu-item menu-item-type-post_type menu-item-object-page megamenu-hide menu-item-70\"><a href=\"https:\/\/bidads.pl\/en\/body-leasing-z-mozliwoscia-zatrudnienia\/\">Contract-to-hire<\/a><\/li>\n<li id=\"menu-item-69\" class=\"menu-item menu-item-type-post_type menu-item-object-page megamenu-hide menu-item-69\"><a href=\"https:\/\/bidads.pl\/en\/body-leasing-zespolowy\/\">Team-based<\/a><\/li>\n<\/ul><\/div>        <\/ul>\r\n    <\/div><!-- \/.blog-sidebar__service -->\r\n\t\t\t\t<\/div>\n\t\t\t\t<\/div>\n\t\t\t\t<div class=\"elementor-element elementor-element-13283478 elementor-widget elementor-widget-sidebar-social-info\" data-id=\"13283478\" data-element_type=\"widget\" data-widget_type=\"sidebar-social-info.default\">\n\t\t\t\t<div class=\"elementor-widget-container\">\n\t\t\t\t\t    <div class=\"page-sidebar__social page-sidebar__single wow animated fadeInLeft\" data-wow-delay=\"0.1s\" data-wow-duration=\"1500ms\">\r\n        <h3 class=\"page-sidebar__title\">Social Media<\/h3>        <div class=\"page-sidebar__social-list social-list\">\r\n           \r\n                            <a class=\"page-sidebar__social-link social-link\"   href=\"https:\/\/www.facebook.com\/\">\r\n                    <i aria-hidden=\"true\" class=\"icon-facebook\"><\/i>                <\/a>\r\n                            <a class=\"page-sidebar__social-link social-link\"   href=\"https:\/\/www.linkedin.com\/company\/bidads-sp-z-o-o\/\">\r\n                    <i aria-hidden=\"true\" class=\"icon-linkedin\"><\/i>                <\/a>\r\n                    <\/div>\r\n    <\/div><!-- \/.page-sidebar__social -->\r\n\r\n\t\t\t\t<\/div>\n\t\t\t\t<\/div>\n\t\t\t\t<div class=\"elementor-element elementor-element-4dc235db elementor-widget elementor-widget-noile-sidebar-call-to-action\" data-id=\"4dc235db\" data-element_type=\"widget\" data-widget_type=\"noile-sidebar-call-to-action.default\">\n\t\t\t\t<div class=\"elementor-widget-container\">\n\t\t\t\t\t    <div class=\"page-sidebar__contact page-sidebar__single wow animated fadeInLeft\" data-wow-delay=\"0.1s\" data-wow-duration=\"1500ms\" style=\"background-image: url('https:\/\/bidads.pl\/wp-content\/uploads\/2025\/01\/BIDads_body_leasing_masz_pytania_zadzwon.jpg');\">\r\n        <div class=\"page-sidebar__contact-wrap\">\r\n            <h3 class=\"page-sidebar__contact-title\">Got questions? Give us a call!<\/h3>            <a href=\"tel:-+48-698-578-557\" class=\"page-sidebar__contact-btn\">\r\n                <span class=\"page-sidebar__contact-icon icon-phone\"><\/span>\r\n                <h4 class=\"page-sidebar__contact-text\">  +48 698 578 557<\/h4>\r\n            <\/a>\r\n        <\/div>\r\n    <\/div><!-- \/.page-sidebar__contact -->\r\n\t\t\t\t<\/div>\n\t\t\t\t<\/div>\n\t\t\t\t<\/div>\n\t\t<div class=\"elementor-element elementor-element-15364a5 e-con-full e-flex e-con e-child\" data-id=\"15364a5\" data-element_type=\"container\">\n\t\t<div class=\"elementor-element elementor-element-57ed1de6 e-con-full e-flex e-con e-child\" data-id=\"57ed1de6\" data-element_type=\"container\">\n\t\t\t\t<div class=\"elementor-element elementor-element-30950210 elementor-widget elementor-widget-image\" data-id=\"30950210\" data-element_type=\"widget\" data-widget_type=\"image.default\">\n\t\t\t\t<div class=\"elementor-widget-container\">\n\t\t\t\t\t\t\t\t\t\t\t\t\t\t\t<img fetchpriority=\"high\" decoding=\"async\" width=\"1500\" height=\"1000\" src=\"https:\/\/bidads.pl\/wp-content\/uploads\/2025\/09\/SEO-Content-Marketing_-BIDads-1.jpg\" class=\"attachment-full size-full wp-image-5780\" alt=\"\" srcset=\"https:\/\/bidads.pl\/wp-content\/uploads\/2025\/09\/SEO-Content-Marketing_-BIDads-1.jpg 1500w, https:\/\/bidads.pl\/wp-content\/uploads\/2025\/09\/SEO-Content-Marketing_-BIDads-1-300x200.jpg 300w, https:\/\/bidads.pl\/wp-content\/uploads\/2025\/09\/SEO-Content-Marketing_-BIDads-1-1024x683.jpg 1024w, https:\/\/bidads.pl\/wp-content\/uploads\/2025\/09\/SEO-Content-Marketing_-BIDads-1-768x512.jpg 768w, https:\/\/bidads.pl\/wp-content\/uploads\/2025\/09\/SEO-Content-Marketing_-BIDads-1-18x12.jpg 18w, https:\/\/bidads.pl\/wp-content\/uploads\/2025\/09\/SEO-Content-Marketing_-BIDads-1-900x600.jpg 900w\" sizes=\"(max-width: 1500px) 100vw, 1500px\" \/>\t\t\t\t\t\t\t\t\t\t\t\t\t\t\t<\/div>\n\t\t\t\t<\/div>\n\t\t\t\t<div class=\"elementor-element elementor-element-45e3268a elementor-widget elementor-widget-text-editor\" data-id=\"45e3268a\" data-element_type=\"widget\" data-widget_type=\"text-editor.default\">\n\t\t\t\t<div class=\"elementor-widget-container\">\n\t\t\t\t\t\t\t\t\t<h3 class=\"service-details-page__top-service-title\">SEO &amp; Content Marketing<\/h3>\t\t\t\t\t\t\t\t<\/div>\n\t\t\t\t<\/div>\n\t\t\t\t<div class=\"elementor-element elementor-element-5b8e29b9 elementor-widget elementor-widget-text-editor\" data-id=\"5b8e29b9\" data-element_type=\"widget\" data-widget_type=\"text-editor.default\">\n\t\t\t\t<div class=\"elementor-widget-container\">\n\t\t\t\t\t\t\t\t\t<p class=\"service-details-page__top-service-desc\">SEO &amp;amp; Content Marketing to kompleksowa strategia zwi\u0119kszania widoczno\u015bci w Google i<br \/>pozyskiwania warto\u015bciowego ruchu.\u00a0<\/p>\t\t\t\t\t\t\t\t<\/div>\n\t\t\t\t<\/div>\n\t\t\t\t<div class=\"elementor-element elementor-element-bf90ab6 elementor-widget elementor-widget-text-editor\" data-id=\"bf90ab6\" data-element_type=\"widget\" data-widget_type=\"text-editor.default\">\n\t\t\t\t<div class=\"elementor-widget-container\">\n\t\t\t\t\t\t\t\t\t<p>\u25cf Wykonujemy szczeg\u00f3\u0142owe audyty SEO, optymalizujemy strony pod k\u0105tem technicznym i<br \/>UX, prowadzimy skuteczny link building oraz rozwijamy d\u0142ugofalow\u0105 strategi\u0119<br \/>contentow\u0105.<br \/>\u25cf Tworzymy tre\u015bci, kt\u00f3re wspieraj\u0105 sprzeda\u017c i jednocze\u015bnie poprawiaj\u0105 pozycje w<br \/>wyszukiwarce \u2013 od artyku\u0142\u00f3w blogowych i opis\u00f3w produkt\u00f3w po materia\u0142y eksperckie i<br \/>poradniki.<br \/>\u25cf \u0141\u0105czymy zaawansowan\u0105 analiz\u0119 danych z przemy\u015blanym copywritingiem, aby<br \/>zwi\u0119ksza\u0107 widoczno\u015b\u0107 marki, precyzyjnie dociera\u0107 do odpowiednich grup odbiorc\u00f3w<br \/>oraz maksymalizowa\u0107 skuteczno\u015b\u0107 konwersji.<\/p>\t\t\t\t\t\t\t\t<\/div>\n\t\t\t\t<\/div>\n\t\t\t\t<\/div>\n\t\t\t\t<\/div>\n\t\t\t\t\t<\/div>\n\t\t\t\t<\/div>\n\t\t\t\t<\/div>","protected":false},"excerpt":{"rendered":"<p>Nasze Us\u0142ugi Performance Marketing SEO &amp; Content Marketing Social Media Marketing Programmatic &amp; Media Buying Body Leasing Social Media Masz pytania? Zadzwo\u0144 +48 698 578 557 SEO &amp; Content Marketing SEO &amp; Content Marketing to kompleksowa strategia zwi\u0119kszania widoczno\u015bci w Google i pozyskiwania warto\u015bciowego ruchu. \u25cf Wykonujemy szczeg\u00f3\u0142owe audyty SEO, optymalizujemy strony pod k\u0105tem technicznym [&hellip;]<\/p>","protected":false},"author":3,"featured_media":0,"parent":0,"menu_order":0,"comment_status":"closed","ping_status":"closed","template":"","meta":{"footnotes":""},"class_list":["post-5737","page","type-page","status-publish","hentry"],"yoast_head":"<!-- This site is optimized with the Yoast SEO plugin v25.2 - https:\/\/yoast.com\/wordpress\/plugins\/seo\/ -->\n<title>SEO &amp; Content Marketing - Bidads<\/title>\n<meta name=\"robots\" content=\"index, follow, max-snippet:-1, max-image-preview:large, max-video-preview:-1\" \/>\n<link rel=\"canonical\" href=\"https:\/\/bidads.pl\/en\/seo-content-marketing\/\" \/>\n<meta property=\"og:locale\" content=\"en_GB\" \/>\n<meta property=\"og:type\" content=\"article\" \/>\n<meta property=\"og:title\" content=\"SEO &amp; Content Marketing - Bidads\" \/>\n<meta property=\"og:description\" content=\"Nasze Us\u0142ugi Performance Marketing SEO &amp; Content Marketing Social Media Marketing Programmatic &amp; Media Buying Body Leasing Social Media Masz pytania? Zadzwo\u0144 +48 698 578 557 SEO &amp; Content Marketing SEO &amp; Content Marketing to kompleksowa strategia zwi\u0119kszania widoczno\u015bci w Google i pozyskiwania warto\u015bciowego ruchu. \u25cf Wykonujemy szczeg\u00f3\u0142owe audyty SEO, optymalizujemy strony pod k\u0105tem technicznym [&hellip;]\" \/>\n<meta property=\"og:url\" content=\"https:\/\/bidads.pl\/en\/seo-content-marketing\/\" \/>\n<meta property=\"og:site_name\" content=\"Bidads\" \/>\n<meta property=\"article:modified_time\" content=\"2025-09-30T08:40:33+00:00\" \/>\n<meta property=\"og:image\" content=\"https:\/\/bidads.pl\/wp-content\/uploads\/2025\/09\/SEO-Content-Marketing_-BIDads-1.jpg\" \/>\n\t<meta property=\"og:image:width\" content=\"1500\" \/>\n\t<meta property=\"og:image:height\" content=\"1000\" \/>\n\t<meta property=\"og:image:type\" content=\"image\/jpeg\" \/>\n<meta name=\"twitter:card\" content=\"summary_large_image\" \/>\n<meta name=\"twitter:label1\" content=\"Estimated reading time\" \/>\n\t<meta name=\"twitter:data1\" content=\"2 minutes\" \/>\n<script type=\"application\/ld+json\" class=\"yoast-schema-graph\">{\"@context\":\"https:\/\/schema.org\",\"@graph\":[{\"@type\":\"WebPage\",\"@id\":\"https:\/\/bidads.pl\/seo-content-marketing\/\",\"url\":\"https:\/\/bidads.pl\/seo-content-marketing\/\",\"name\":\"SEO &amp; Content Marketing - Bidads\",\"isPartOf\":{\"@id\":\"https:\/\/bidads.pl\/#website\"},\"primaryImageOfPage\":{\"@id\":\"https:\/\/bidads.pl\/seo-content-marketing\/#primaryimage\"},\"image\":{\"@id\":\"https:\/\/bidads.pl\/seo-content-marketing\/#primaryimage\"},\"thumbnailUrl\":\"https:\/\/bidads.pl\/wp-content\/uploads\/2025\/09\/SEO-Content-Marketing_-BIDads-1.jpg\",\"datePublished\":\"2025-09-23T21:17:31+00:00\",\"dateModified\":\"2025-09-30T08:40:33+00:00\",\"breadcrumb\":{\"@id\":\"https:\/\/bidads.pl\/seo-content-marketing\/#breadcrumb\"},\"inLanguage\":\"en-GB\",\"potentialAction\":[{\"@type\":\"ReadAction\",\"target\":[\"https:\/\/bidads.pl\/seo-content-marketing\/\"]}]},{\"@type\":\"ImageObject\",\"inLanguage\":\"en-GB\",\"@id\":\"https:\/\/bidads.pl\/seo-content-marketing\/#primaryimage\",\"url\":\"https:\/\/bidads.pl\/wp-content\/uploads\/2025\/09\/SEO-Content-Marketing_-BIDads-1.jpg\",\"contentUrl\":\"https:\/\/bidads.pl\/wp-content\/uploads\/2025\/09\/SEO-Content-Marketing_-BIDads-1.jpg\"},{\"@type\":\"BreadcrumbList\",\"@id\":\"https:\/\/bidads.pl\/seo-content-marketing\/#breadcrumb\",\"itemListElement\":[{\"@type\":\"ListItem\",\"position\":1,\"name\":\"Strona g\u0142\u00f3wna\",\"item\":\"https:\/\/bidads.pl\/\"},{\"@type\":\"ListItem\",\"position\":2,\"name\":\"SEO &amp; Content Marketing\"}]},{\"@type\":\"WebSite\",\"@id\":\"https:\/\/bidads.pl\/#website\",\"url\":\"https:\/\/bidads.pl\/\",\"name\":\"Bidads\",\"description\":\"\",\"publisher\":{\"@id\":\"https:\/\/bidads.pl\/#organization\"},\"potentialAction\":[{\"@type\":\"SearchAction\",\"target\":{\"@type\":\"EntryPoint\",\"urlTemplate\":\"https:\/\/bidads.pl\/?s={search_term_string}\"},\"query-input\":{\"@type\":\"PropertyValueSpecification\",\"valueRequired\":true,\"valueName\":\"search_term_string\"}}],\"inLanguage\":\"en-GB\"},{\"@type\":\"Organization\",\"@id\":\"https:\/\/bidads.pl\/#organization\",\"name\":\"Bidads\",\"url\":\"https:\/\/bidads.pl\/\",\"logo\":{\"@type\":\"ImageObject\",\"inLanguage\":\"en-GB\",\"@id\":\"https:\/\/bidads.pl\/#\/schema\/logo\/image\/\",\"url\":\"https:\/\/bidads.pl\/wp-content\/uploads\/2024\/12\/cropped-logo_BIDads.jpg\",\"contentUrl\":\"https:\/\/bidads.pl\/wp-content\/uploads\/2024\/12\/cropped-logo_BIDads.jpg\",\"width\":424,\"height\":424,\"caption\":\"Bidads\"},\"image\":{\"@id\":\"https:\/\/bidads.pl\/#\/schema\/logo\/image\/\"},\"sameAs\":[\"https:\/\/www.linkedin.com\/company\/bidads-sp-z-o-o\/\"]}]}<\/script>\n<!-- \/ Yoast SEO plugin. -->","yoast_head_json":{"title":"SEO &amp; Content Marketing - Bidads","robots":{"index":"index","follow":"follow","max-snippet":"max-snippet:-1","max-image-preview":"max-image-preview:large","max-video-preview":"max-video-preview:-1"},"canonical":"https:\/\/bidads.pl\/en\/seo-content-marketing\/","og_locale":"en_GB","og_type":"article","og_title":"SEO &amp; Content Marketing - Bidads","og_description":"Nasze Us\u0142ugi Performance Marketing SEO &amp; Content Marketing Social Media Marketing Programmatic &amp; Media Buying Body Leasing Social Media Masz pytania? Zadzwo\u0144 +48 698 578 557 SEO &amp; Content Marketing SEO &amp; Content Marketing to kompleksowa strategia zwi\u0119kszania widoczno\u015bci w Google i pozyskiwania warto\u015bciowego ruchu. \u25cf Wykonujemy szczeg\u00f3\u0142owe audyty SEO, optymalizujemy strony pod k\u0105tem technicznym [&hellip;]","og_url":"https:\/\/bidads.pl\/en\/seo-content-marketing\/","og_site_name":"Bidads","article_modified_time":"2025-09-30T08:40:33+00:00","og_image":[{"width":1500,"height":1000,"url":"https:\/\/bidads.pl\/wp-content\/uploads\/2025\/09\/SEO-Content-Marketing_-BIDads-1.jpg","type":"image\/jpeg"}],"twitter_card":"summary_large_image","twitter_misc":{"Estimated reading time":"2 minutes"},"schema":{"@context":"https:\/\/schema.org","@graph":[{"@type":"WebPage","@id":"https:\/\/bidads.pl\/seo-content-marketing\/","url":"https:\/\/bidads.pl\/seo-content-marketing\/","name":"SEO &amp; Content Marketing - Bidads","isPartOf":{"@id":"https:\/\/bidads.pl\/#website"},"primaryImageOfPage":{"@id":"https:\/\/bidads.pl\/seo-content-marketing\/#primaryimage"},"image":{"@id":"https:\/\/bidads.pl\/seo-content-marketing\/#primaryimage"},"thumbnailUrl":"https:\/\/bidads.pl\/wp-content\/uploads\/2025\/09\/SEO-Content-Marketing_-BIDads-1.jpg","datePublished":"2025-09-23T21:17:31+00:00","dateModified":"2025-09-30T08:40:33+00:00","breadcrumb":{"@id":"https:\/\/bidads.pl\/seo-content-marketing\/#breadcrumb"},"inLanguage":"en-GB","potentialAction":[{"@type":"ReadAction","target":["https:\/\/bidads.pl\/seo-content-marketing\/"]}]},{"@type":"ImageObject","inLanguage":"en-GB","@id":"https:\/\/bidads.pl\/seo-content-marketing\/#primaryimage","url":"https:\/\/bidads.pl\/wp-content\/uploads\/2025\/09\/SEO-Content-Marketing_-BIDads-1.jpg","contentUrl":"https:\/\/bidads.pl\/wp-content\/uploads\/2025\/09\/SEO-Content-Marketing_-BIDads-1.jpg"},{"@type":"BreadcrumbList","@id":"https:\/\/bidads.pl\/seo-content-marketing\/#breadcrumb","itemListElement":[{"@type":"ListItem","position":1,"name":"Strona g\u0142\u00f3wna","item":"https:\/\/bidads.pl\/"},{"@type":"ListItem","position":2,"name":"SEO &amp; Content Marketing"}]},{"@type":"WebSite","@id":"https:\/\/bidads.pl\/#website","url":"https:\/\/bidads.pl\/","name":"Bidads","description":"","publisher":{"@id":"https:\/\/bidads.pl\/#organization"},"potentialAction":[{"@type":"SearchAction","target":{"@type":"EntryPoint","urlTemplate":"https:\/\/bidads.pl\/?s={search_term_string}"},"query-input":{"@type":"PropertyValueSpecification","valueRequired":true,"valueName":"search_term_string"}}],"inLanguage":"en-GB"},{"@type":"Organization","@id":"https:\/\/bidads.pl\/#organization","name":"Bidads","url":"https:\/\/bidads.pl\/","logo":{"@type":"ImageObject","inLanguage":"en-GB","@id":"https:\/\/bidads.pl\/#\/schema\/logo\/image\/","url":"https:\/\/bidads.pl\/wp-content\/uploads\/2024\/12\/cropped-logo_BIDads.jpg","contentUrl":"https:\/\/bidads.pl\/wp-content\/uploads\/2024\/12\/cropped-logo_BIDads.jpg","width":424,"height":424,"caption":"Bidads"},"image":{"@id":"https:\/\/bidads.pl\/#\/schema\/logo\/image\/"},"sameAs":["https:\/\/www.linkedin.com\/company\/bidads-sp-z-o-o\/"]}]}},"_links":{"self":[{"href":"https:\/\/bidads.pl\/en\/wp-json\/wp\/v2\/pages\/5737","targetHints":{"allow":["GET"]}}],"collection":[{"href":"https:\/\/bidads.pl\/en\/wp-json\/wp\/v2\/pages"}],"about":[{"href":"https:\/\/bidads.pl\/en\/wp-json\/wp\/v2\/types\/page"}],"author":[{"embeddable":true,"href":"https:\/\/bidads.pl\/en\/wp-json\/wp\/v2\/users\/3"}],"replies":[{"embeddable":true,"href":"https:\/\/bidads.pl\/en\/wp-json\/wp\/v2\/comments?post=5737"}],"version-history":[{"count":16,"href":"https:\/\/bidads.pl\/en\/wp-json\/wp\/v2\/pages\/5737\/revisions"}],"predecessor-version":[{"id":5805,"href":"https:\/\/bidads.pl\/en\/wp-json\/wp\/v2\/pages\/5737\/revisions\/5805"}],"wp:attachment":[{"href":"https:\/\/bidads.pl\/en\/wp-json\/wp\/v2\/media?parent=5737"}],"curies":[{"name":"wp","href":"https:\/\/api.w.org\/{rel}","templated":true}]}}