{"id":5727,"date":"2025-09-23T22:55:47","date_gmt":"2025-09-23T20:55:47","guid":{"rendered":"https:\/\/bidads.pl\/?page_id=5727"},"modified":"2025-09-24T11:10:53","modified_gmt":"2025-09-24T09:10:53","slug":"performance-marketing","status":"publish","type":"page","link":"https:\/\/bidads.pl\/en\/performance-marketing\/","title":{"rendered":"Performance Marketing"},"content":{"rendered":"<div data-elementor-type=\"wp-page\" data-elementor-id=\"5727\" class=\"elementor elementor-5727\">\n\t\t\t\t<div class=\"elementor-element elementor-element-38c56f1e elementor-hidden-mobile e-flex e-con-boxed e-con e-parent\" data-id=\"38c56f1e\" data-element_type=\"container\">\n\t\t\t\t\t<div class=\"e-con-inner\">\n\t\t<div class=\"elementor-element elementor-element-522447de e-con-full e-flex e-con e-child\" data-id=\"522447de\" data-element_type=\"container\">\n\t\t\t\t<div class=\"elementor-element elementor-element-cc7f844 elementor-widget elementor-widget-sidebar-nav\" data-id=\"cc7f844\" data-element_type=\"widget\" data-widget_type=\"sidebar-nav.default\">\n\t\t\t\t<div class=\"elementor-widget-container\">\n\t\t\t\t\t    <div class=\"page-sidebar__service page-sidebar__single wow animated fadeInLeft\" data-wow-delay=\"0.1s\" data-wow-duration=\"1500ms\">\r\n        <h3 class=\"page-sidebar__title\">Our services<\/h3>        <div class=\"menu-nasze-uslugi-container\"><ul id=\"menu-nasze-uslugi\" class=\"page-sidebar__service-list\"><li id=\"menu-item-5733\" class=\"menu-item menu-item-type-post_type menu-item-object-page megamenu-hide menu-item-5733\"><a href=\"https:\/\/bidads.pl\/en\/performance-marketing\/\">Performance Marketing<\/a><\/li>\n<li id=\"menu-item-5740\" class=\"menu-item menu-item-type-post_type menu-item-object-page megamenu-hide menu-item-5740\"><a href=\"https:\/\/bidads.pl\/en\/seo-content-marketing\/\">SEO &amp; Content Marketing<\/a><\/li>\n<li id=\"menu-item-5746\" class=\"menu-item menu-item-type-post_type menu-item-object-page megamenu-hide menu-item-5746\"><a href=\"https:\/\/bidads.pl\/en\/social-media-marketing\/\">Social Media Marketing<\/a><\/li>\n<li id=\"menu-item-5753\" class=\"menu-item menu-item-type-post_type menu-item-object-page megamenu-hide menu-item-5753\"><a href=\"https:\/\/bidads.pl\/en\/programmatic-media-buying\/\">Programmatic &amp; Media Buying<\/a><\/li>\n<li id=\"menu-item-5764\" class=\"menu-item menu-item-type-post_type menu-item-object-page megamenu-hide menu-item-5764\"><a href=\"https:\/\/bidads.pl\/en\/body-leasing\/\">Body Leasing<\/a><\/li>\n<\/ul><\/div>        <\/ul>\r\n    <\/div><!-- \/.blog-sidebar__service -->\r\n\t\t\t\t<\/div>\n\t\t\t\t<\/div>\n\t\t\t\t<div class=\"elementor-element elementor-element-6f00e88e elementor-widget elementor-widget-sidebar-social-info\" data-id=\"6f00e88e\" data-element_type=\"widget\" data-widget_type=\"sidebar-social-info.default\">\n\t\t\t\t<div class=\"elementor-widget-container\">\n\t\t\t\t\t    <div class=\"page-sidebar__social page-sidebar__single wow animated fadeInLeft\" data-wow-delay=\"0.1s\" data-wow-duration=\"1500ms\">\r\n        <h3 class=\"page-sidebar__title\">Social Media<\/h3>        <div class=\"page-sidebar__social-list social-list\">\r\n           \r\n                            <a class=\"page-sidebar__social-link social-link\"   href=\"https:\/\/www.facebook.com\/\">\r\n                    <i aria-hidden=\"true\" class=\"icon-facebook\"><\/i>                <\/a>\r\n                            <a class=\"page-sidebar__social-link social-link\"   href=\"https:\/\/www.linkedin.com\/company\/bidads-sp-z-o-o\/\">\r\n                    <i aria-hidden=\"true\" class=\"icon-linkedin\"><\/i>                <\/a>\r\n                    <\/div>\r\n    <\/div><!-- \/.page-sidebar__social -->\r\n\r\n\t\t\t\t<\/div>\n\t\t\t\t<\/div>\n\t\t\t\t<div class=\"elementor-element elementor-element-35225642 elementor-widget elementor-widget-noile-sidebar-call-to-action\" data-id=\"35225642\" data-element_type=\"widget\" data-widget_type=\"noile-sidebar-call-to-action.default\">\n\t\t\t\t<div class=\"elementor-widget-container\">\n\t\t\t\t\t    <div class=\"page-sidebar__contact page-sidebar__single wow animated fadeInLeft\" data-wow-delay=\"0.1s\" data-wow-duration=\"1500ms\" style=\"background-image: url('https:\/\/bidads.pl\/wp-content\/uploads\/2025\/01\/BIDads_body_leasing_masz_pytania_zadzwon.jpg');\">\r\n        <div class=\"page-sidebar__contact-wrap\">\r\n            <h3 class=\"page-sidebar__contact-title\">Got questions? Give us a call!<\/h3>            <a href=\"tel:-+48-698-578-557\" class=\"page-sidebar__contact-btn\">\r\n                <span class=\"page-sidebar__contact-icon icon-phone\"><\/span>\r\n                <h4 class=\"page-sidebar__contact-text\">  +48 698 578 557<\/h4>\r\n            <\/a>\r\n        <\/div>\r\n    <\/div><!-- \/.page-sidebar__contact -->\r\n\t\t\t\t<\/div>\n\t\t\t\t<\/div>\n\t\t\t\t<\/div>\n\t\t<div class=\"elementor-element elementor-element-4896830 e-con-full e-flex e-con e-child\" data-id=\"4896830\" data-element_type=\"container\">\n\t\t<div class=\"elementor-element elementor-element-47e873bc e-con-full e-flex e-con e-child\" data-id=\"47e873bc\" data-element_type=\"container\">\n\t\t\t\t<div class=\"elementor-element elementor-element-c0a4d11 elementor-widget elementor-widget-image\" data-id=\"c0a4d11\" data-element_type=\"widget\" data-widget_type=\"image.default\">\n\t\t\t\t<div class=\"elementor-widget-container\">\n\t\t\t\t\t\t\t\t\t\t\t\t\t\t\t<img fetchpriority=\"high\" decoding=\"async\" width=\"1500\" height=\"1000\" src=\"https:\/\/bidads.pl\/wp-content\/uploads\/2025\/09\/Performance-Marketing-_-BIDads-1.jpg\" class=\"attachment-full size-full wp-image-5775\" alt=\"\" srcset=\"https:\/\/bidads.pl\/wp-content\/uploads\/2025\/09\/Performance-Marketing-_-BIDads-1.jpg 1500w, https:\/\/bidads.pl\/wp-content\/uploads\/2025\/09\/Performance-Marketing-_-BIDads-1-300x200.jpg 300w, https:\/\/bidads.pl\/wp-content\/uploads\/2025\/09\/Performance-Marketing-_-BIDads-1-1024x683.jpg 1024w, https:\/\/bidads.pl\/wp-content\/uploads\/2025\/09\/Performance-Marketing-_-BIDads-1-768x512.jpg 768w, https:\/\/bidads.pl\/wp-content\/uploads\/2025\/09\/Performance-Marketing-_-BIDads-1-18x12.jpg 18w, https:\/\/bidads.pl\/wp-content\/uploads\/2025\/09\/Performance-Marketing-_-BIDads-1-900x600.jpg 900w\" sizes=\"(max-width: 1500px) 100vw, 1500px\" \/>\t\t\t\t\t\t\t\t\t\t\t\t\t\t\t<\/div>\n\t\t\t\t<\/div>\n\t\t\t\t<div class=\"elementor-element elementor-element-1d274506 elementor-widget elementor-widget-text-editor\" data-id=\"1d274506\" data-element_type=\"widget\" data-widget_type=\"text-editor.default\">\n\t\t\t\t<div class=\"elementor-widget-container\">\n\t\t\t\t\t\t\t\t\t<h3 class=\"service-details-page__top-service-title\">Performance Marketing<\/h3>\t\t\t\t\t\t\t\t<\/div>\n\t\t\t\t<\/div>\n\t\t\t\t<div class=\"elementor-element elementor-element-f86dde0 elementor-widget elementor-widget-text-editor\" data-id=\"f86dde0\" data-element_type=\"widget\" data-widget_type=\"text-editor.default\">\n\t\t\t\t<div class=\"elementor-widget-container\">\n\t\t\t\t\t\t\t\t\t<p class=\"service-details-page__top-service-desc\">Performance marketing focused on real results and full measurability of activities.\u00a0\u00a0<\/p>\t\t\t\t\t\t\t\t<\/div>\n\t\t\t\t<\/div>\n\t\t\t\t<div class=\"elementor-element elementor-element-62bac610 elementor-widget elementor-widget-text-editor\" data-id=\"62bac610\" data-element_type=\"widget\" data-widget_type=\"text-editor.default\">\n\t\t\t\t<div class=\"elementor-widget-container\">\n\t\t\t\t\t\t\t\t\t<p>\u25cf We run comprehensive campaigns in Google Ads \u2013 Search, Display, Shopping \u2013<br \/>as well as in Meta Ads (Facebook, Instagram), TikTok Ads, and LinkedIn Ads.\u00a0<\/p><p>\u25cf We create remarketing strategies to re-engage users and<br \/>continuously optimise\nconversions: from A\/B testing and analysing purchase paths to<br \/>adjusting creatives and landing pages.<\/p><p>We provide full analytics, reporting, and ongoing recommendations to ensure every<br \/>budget invested translates into maximum return on investment and long-term<br \/>sales growth.<\/p><p>\u00a0<\/p>\t\t\t\t\t\t\t\t<\/div>\n\t\t\t\t<\/div>\n\t\t\t\t<\/div>\n\t\t\t\t<\/div>\n\t\t\t\t\t<\/div>\n\t\t\t\t<\/div>\n\t\t<div class=\"elementor-element elementor-element-4a1c3e2d elementor-hidden-desktop elementor-hidden-tablet e-flex e-con-boxed e-con e-parent\" data-id=\"4a1c3e2d\" data-element_type=\"container\">\n\t\t\t\t\t<div class=\"e-con-inner\">\n\t\t<div class=\"elementor-element elementor-element-42e8da4c e-con-full e-flex e-con e-child\" data-id=\"42e8da4c\" data-element_type=\"container\">\n\t\t\t\t<div class=\"elementor-element elementor-element-174704bf elementor-widget elementor-widget-sidebar-nav\" data-id=\"174704bf\" data-element_type=\"widget\" data-widget_type=\"sidebar-nav.default\">\n\t\t\t\t<div class=\"elementor-widget-container\">\n\t\t\t\t\t    <div class=\"page-sidebar__service page-sidebar__single wow animated fadeInLeft\" data-wow-delay=\"0.1s\" data-wow-duration=\"1500ms\">\r\n        <h3 class=\"page-sidebar__title\">Collaboration Models<\/h3>        <div class=\"menu-modele-wspolpracy-container\"><ul id=\"menu-modele-wspolpracy\" class=\"page-sidebar__service-list\"><li id=\"menu-item-73\" class=\"menu-item menu-item-type-post_type menu-item-object-page megamenu-hide menu-item-73\"><a href=\"https:\/\/bidads.pl\/en\/body-leasing-na-czas-okreslony\/\">Fixed-term<\/a><\/li>\n<li id=\"menu-item-71\" class=\"menu-item menu-item-type-post_type menu-item-object-page megamenu-hide menu-item-71\"><a href=\"https:\/\/bidads.pl\/en\/body-leasing-projektowy\/\">Project-based<\/a><\/li>\n<li id=\"menu-item-72\" class=\"menu-item menu-item-type-post_type menu-item-object-page megamenu-hide menu-item-72\"><a href=\"https:\/\/bidads.pl\/en\/body-leasing-dlugoterminowy\/\">Long-term<\/a><\/li>\n<li id=\"menu-item-70\" class=\"menu-item menu-item-type-post_type menu-item-object-page megamenu-hide menu-item-70\"><a href=\"https:\/\/bidads.pl\/en\/body-leasing-z-mozliwoscia-zatrudnienia\/\">Contract-to-hire<\/a><\/li>\n<li id=\"menu-item-69\" class=\"menu-item menu-item-type-post_type menu-item-object-page megamenu-hide menu-item-69\"><a href=\"https:\/\/bidads.pl\/en\/body-leasing-zespolowy\/\">Team-based<\/a><\/li>\n<\/ul><\/div>        <\/ul>\r\n    <\/div><!-- \/.blog-sidebar__service -->\r\n\t\t\t\t<\/div>\n\t\t\t\t<\/div>\n\t\t\t\t<div class=\"elementor-element elementor-element-3120feea elementor-widget elementor-widget-sidebar-social-info\" data-id=\"3120feea\" data-element_type=\"widget\" data-widget_type=\"sidebar-social-info.default\">\n\t\t\t\t<div class=\"elementor-widget-container\">\n\t\t\t\t\t    <div class=\"page-sidebar__social page-sidebar__single wow animated fadeInLeft\" data-wow-delay=\"0.1s\" data-wow-duration=\"1500ms\">\r\n        <h3 class=\"page-sidebar__title\">Social Media<\/h3>        <div class=\"page-sidebar__social-list social-list\">\r\n           \r\n                            <a class=\"page-sidebar__social-link social-link\"   href=\"https:\/\/www.facebook.com\/\">\r\n                    <i aria-hidden=\"true\" class=\"icon-facebook\"><\/i>                <\/a>\r\n                            <a class=\"page-sidebar__social-link social-link\"   href=\"https:\/\/www.linkedin.com\/company\/bidads-sp-z-o-o\/\">\r\n                    <i aria-hidden=\"true\" class=\"icon-linkedin\"><\/i>                <\/a>\r\n                    <\/div>\r\n    <\/div><!-- \/.page-sidebar__social -->\r\n\r\n\t\t\t\t<\/div>\n\t\t\t\t<\/div>\n\t\t\t\t<div class=\"elementor-element elementor-element-504e38fa elementor-widget elementor-widget-noile-sidebar-call-to-action\" data-id=\"504e38fa\" data-element_type=\"widget\" data-widget_type=\"noile-sidebar-call-to-action.default\">\n\t\t\t\t<div class=\"elementor-widget-container\">\n\t\t\t\t\t    <div class=\"page-sidebar__contact page-sidebar__single wow animated fadeInLeft\" data-wow-delay=\"0.1s\" data-wow-duration=\"1500ms\" style=\"background-image: url('https:\/\/bidads.pl\/wp-content\/uploads\/2025\/01\/BIDads_body_leasing_masz_pytania_zadzwon.jpg');\">\r\n        <div class=\"page-sidebar__contact-wrap\">\r\n            <h3 class=\"page-sidebar__contact-title\">Got questions? Give us a call!<\/h3>            <a href=\"tel:-+48-698-578-557\" class=\"page-sidebar__contact-btn\">\r\n                <span class=\"page-sidebar__contact-icon icon-phone\"><\/span>\r\n                <h4 class=\"page-sidebar__contact-text\">  +48 698 578 557<\/h4>\r\n            <\/a>\r\n        <\/div>\r\n    <\/div><!-- \/.page-sidebar__contact -->\r\n\t\t\t\t<\/div>\n\t\t\t\t<\/div>\n\t\t\t\t<\/div>\n\t\t<div class=\"elementor-element elementor-element-2acf9631 e-con-full e-flex e-con e-child\" data-id=\"2acf9631\" data-element_type=\"container\">\n\t\t<div class=\"elementor-element elementor-element-4f968ce0 e-con-full e-flex e-con e-child\" data-id=\"4f968ce0\" data-element_type=\"container\">\n\t\t\t\t<div class=\"elementor-element elementor-element-71250375 elementor-widget elementor-widget-image\" data-id=\"71250375\" data-element_type=\"widget\" data-widget_type=\"image.default\">\n\t\t\t\t<div class=\"elementor-widget-container\">\n\t\t\t\t\t\t\t\t\t\t\t\t\t\t\t<img fetchpriority=\"high\" decoding=\"async\" width=\"1500\" height=\"1000\" src=\"https:\/\/bidads.pl\/wp-content\/uploads\/2025\/09\/Performance-Marketing-_-BIDads-1.jpg\" class=\"attachment-full size-full wp-image-5775\" alt=\"\" srcset=\"https:\/\/bidads.pl\/wp-content\/uploads\/2025\/09\/Performance-Marketing-_-BIDads-1.jpg 1500w, https:\/\/bidads.pl\/wp-content\/uploads\/2025\/09\/Performance-Marketing-_-BIDads-1-300x200.jpg 300w, https:\/\/bidads.pl\/wp-content\/uploads\/2025\/09\/Performance-Marketing-_-BIDads-1-1024x683.jpg 1024w, https:\/\/bidads.pl\/wp-content\/uploads\/2025\/09\/Performance-Marketing-_-BIDads-1-768x512.jpg 768w, https:\/\/bidads.pl\/wp-content\/uploads\/2025\/09\/Performance-Marketing-_-BIDads-1-18x12.jpg 18w, https:\/\/bidads.pl\/wp-content\/uploads\/2025\/09\/Performance-Marketing-_-BIDads-1-900x600.jpg 900w\" sizes=\"(max-width: 1500px) 100vw, 1500px\" \/>\t\t\t\t\t\t\t\t\t\t\t\t\t\t\t<\/div>\n\t\t\t\t<\/div>\n\t\t\t\t<div class=\"elementor-element elementor-element-468d3e00 elementor-widget elementor-widget-text-editor\" data-id=\"468d3e00\" data-element_type=\"widget\" data-widget_type=\"text-editor.default\">\n\t\t\t\t<div class=\"elementor-widget-container\">\n\t\t\t\t\t\t\t\t\t<h3 class=\"service-details-page__top-service-title\">Performance Marketing<\/h3>\t\t\t\t\t\t\t\t<\/div>\n\t\t\t\t<\/div>\n\t\t\t\t<div class=\"elementor-element elementor-element-4f374ada elementor-widget elementor-widget-text-editor\" data-id=\"4f374ada\" data-element_type=\"widget\" data-widget_type=\"text-editor.default\">\n\t\t\t\t<div class=\"elementor-widget-container\">\n\t\t\t\t\t\t\t\t\t<p class=\"service-details-page__top-service-desc\">Performance marketing focused on real results and full measurability of activities.<\/p>\t\t\t\t\t\t\t\t<\/div>\n\t\t\t\t<\/div>\n\t\t\t\t<div class=\"elementor-element elementor-element-4efaaf0 elementor-widget elementor-widget-text-editor\" data-id=\"4efaaf0\" data-element_type=\"widget\" data-widget_type=\"text-editor.default\">\n\t\t\t\t<div class=\"elementor-widget-container\">\n\t\t\t\t\t\t\t\t\t<p>\u25cf We run comprehensive campaigns in Google Ads \u2013 Search, Display, Shopping \u2013<br \/>as well as in Meta Ads (Facebook, Instagram), TikTok Ads, and LinkedIn Ads.<br \/>\u25cf We create remarketing strategies to re-engage users and<br \/>continuously optimise\nconversions: from A\/B testing and analysing purchase paths to<br \/>adjusting creatives and landing pages.<br \/>We provide full analytics, reporting, and ongoing recommendations to ensure every<br \/>budget invested translates into maximum return on investment and long-term<br \/>sales growth.<\/p>\t\t\t\t\t\t\t\t<\/div>\n\t\t\t\t<\/div>\n\t\t\t\t<\/div>\n\t\t\t\t<\/div>\n\t\t\t\t\t<\/div>\n\t\t\t\t<\/div>\n\t\t\t\t<\/div>","protected":false},"excerpt":{"rendered":"<p>Nasze Us\u0142ugi Performance Marketing SEO &amp; Content Marketing Social Media Marketing Programmatic &amp; Media Buying Body Leasing Social Media Masz pytania? Zadzwo\u0144 +48 698 578 557 Performance Marketing Performance Marketing skoncentrowany na realnych wynikach i pe\u0142nej mierzalno\u015bci dzia\u0142a\u0144.\u00a0\u00a0 \u25cf Prowadzimy kompleksowe kampanie w Google Ads \u2013 Search, Display, Shopping \u2013 atak\u017ce w Meta Ads (Facebook, [&hellip;]<\/p>","protected":false},"author":3,"featured_media":0,"parent":0,"menu_order":0,"comment_status":"closed","ping_status":"closed","template":"","meta":{"footnotes":""},"class_list":["post-5727","page","type-page","status-publish","hentry"],"yoast_head":"<!-- This site is optimized with the Yoast SEO plugin v25.2 - https:\/\/yoast.com\/wordpress\/plugins\/seo\/ -->\n<title>Performance Marketing - Bidads<\/title>\n<meta name=\"robots\" content=\"index, follow, max-snippet:-1, max-image-preview:large, max-video-preview:-1\" \/>\n<link rel=\"canonical\" href=\"https:\/\/bidads.pl\/en\/performance-marketing\/\" \/>\n<meta property=\"og:locale\" content=\"en_GB\" \/>\n<meta property=\"og:type\" content=\"article\" \/>\n<meta property=\"og:title\" content=\"Performance Marketing - Bidads\" \/>\n<meta property=\"og:description\" content=\"Nasze Us\u0142ugi Performance Marketing SEO &amp; Content Marketing Social Media Marketing Programmatic &amp; Media Buying Body Leasing Social Media Masz pytania? Zadzwo\u0144 +48 698 578 557 Performance Marketing Performance Marketing skoncentrowany na realnych wynikach i pe\u0142nej mierzalno\u015bci dzia\u0142a\u0144.\u00a0\u00a0 \u25cf Prowadzimy kompleksowe kampanie w Google Ads \u2013 Search, Display, Shopping \u2013 atak\u017ce w Meta Ads (Facebook, [&hellip;]\" \/>\n<meta property=\"og:url\" content=\"https:\/\/bidads.pl\/en\/performance-marketing\/\" \/>\n<meta property=\"og:site_name\" content=\"Bidads\" \/>\n<meta property=\"article:modified_time\" content=\"2025-09-24T09:10:53+00:00\" \/>\n<meta property=\"og:image\" content=\"https:\/\/bidads.pl\/wp-content\/uploads\/2025\/09\/Performance-Marketing-_-BIDads-1.jpg\" \/>\n<meta name=\"twitter:card\" content=\"summary_large_image\" \/>\n<meta name=\"twitter:label1\" content=\"Estimated reading time\" \/>\n\t<meta name=\"twitter:data1\" content=\"2 minutes\" \/>\n<script type=\"application\/ld+json\" class=\"yoast-schema-graph\">{\"@context\":\"https:\/\/schema.org\",\"@graph\":[{\"@type\":\"WebPage\",\"@id\":\"https:\/\/bidads.pl\/performance-marketing\/\",\"url\":\"https:\/\/bidads.pl\/performance-marketing\/\",\"name\":\"Performance Marketing - Bidads\",\"isPartOf\":{\"@id\":\"https:\/\/bidads.pl\/#website\"},\"primaryImageOfPage\":{\"@id\":\"https:\/\/bidads.pl\/performance-marketing\/#primaryimage\"},\"image\":{\"@id\":\"https:\/\/bidads.pl\/performance-marketing\/#primaryimage\"},\"thumbnailUrl\":\"https:\/\/bidads.pl\/wp-content\/uploads\/2025\/09\/Performance-Marketing-_-BIDads-1.jpg\",\"datePublished\":\"2025-09-23T20:55:47+00:00\",\"dateModified\":\"2025-09-24T09:10:53+00:00\",\"breadcrumb\":{\"@id\":\"https:\/\/bidads.pl\/performance-marketing\/#breadcrumb\"},\"inLanguage\":\"en-GB\",\"potentialAction\":[{\"@type\":\"ReadAction\",\"target\":[\"https:\/\/bidads.pl\/performance-marketing\/\"]}]},{\"@type\":\"ImageObject\",\"inLanguage\":\"en-GB\",\"@id\":\"https:\/\/bidads.pl\/performance-marketing\/#primaryimage\",\"url\":\"https:\/\/bidads.pl\/wp-content\/uploads\/2025\/09\/Performance-Marketing-_-BIDads-1.jpg\",\"contentUrl\":\"https:\/\/bidads.pl\/wp-content\/uploads\/2025\/09\/Performance-Marketing-_-BIDads-1.jpg\"},{\"@type\":\"BreadcrumbList\",\"@id\":\"https:\/\/bidads.pl\/performance-marketing\/#breadcrumb\",\"itemListElement\":[{\"@type\":\"ListItem\",\"position\":1,\"name\":\"Strona g\u0142\u00f3wna\",\"item\":\"https:\/\/bidads.pl\/\"},{\"@type\":\"ListItem\",\"position\":2,\"name\":\"Performance Marketing\"}]},{\"@type\":\"WebSite\",\"@id\":\"https:\/\/bidads.pl\/#website\",\"url\":\"https:\/\/bidads.pl\/\",\"name\":\"Bidads\",\"description\":\"\",\"publisher\":{\"@id\":\"https:\/\/bidads.pl\/#organization\"},\"potentialAction\":[{\"@type\":\"SearchAction\",\"target\":{\"@type\":\"EntryPoint\",\"urlTemplate\":\"https:\/\/bidads.pl\/?s={search_term_string}\"},\"query-input\":{\"@type\":\"PropertyValueSpecification\",\"valueRequired\":true,\"valueName\":\"search_term_string\"}}],\"inLanguage\":\"en-GB\"},{\"@type\":\"Organization\",\"@id\":\"https:\/\/bidads.pl\/#organization\",\"name\":\"Bidads\",\"url\":\"https:\/\/bidads.pl\/\",\"logo\":{\"@type\":\"ImageObject\",\"inLanguage\":\"en-GB\",\"@id\":\"https:\/\/bidads.pl\/#\/schema\/logo\/image\/\",\"url\":\"https:\/\/bidads.pl\/wp-content\/uploads\/2024\/12\/cropped-logo_BIDads.jpg\",\"contentUrl\":\"https:\/\/bidads.pl\/wp-content\/uploads\/2024\/12\/cropped-logo_BIDads.jpg\",\"width\":424,\"height\":424,\"caption\":\"Bidads\"},\"image\":{\"@id\":\"https:\/\/bidads.pl\/#\/schema\/logo\/image\/\"},\"sameAs\":[\"https:\/\/www.linkedin.com\/company\/bidads-sp-z-o-o\/\"]}]}<\/script>\n<!-- \/ Yoast SEO plugin. -->","yoast_head_json":{"title":"Performance Marketing - Bidads","robots":{"index":"index","follow":"follow","max-snippet":"max-snippet:-1","max-image-preview":"max-image-preview:large","max-video-preview":"max-video-preview:-1"},"canonical":"https:\/\/bidads.pl\/en\/performance-marketing\/","og_locale":"en_GB","og_type":"article","og_title":"Performance Marketing - Bidads","og_description":"Nasze Us\u0142ugi Performance Marketing SEO &amp; Content Marketing Social Media Marketing Programmatic &amp; Media Buying Body Leasing Social Media Masz pytania? Zadzwo\u0144 +48 698 578 557 Performance Marketing Performance Marketing skoncentrowany na realnych wynikach i pe\u0142nej mierzalno\u015bci dzia\u0142a\u0144.\u00a0\u00a0 \u25cf Prowadzimy kompleksowe kampanie w Google Ads \u2013 Search, Display, Shopping \u2013 atak\u017ce w Meta Ads (Facebook, [&hellip;]","og_url":"https:\/\/bidads.pl\/en\/performance-marketing\/","og_site_name":"Bidads","article_modified_time":"2025-09-24T09:10:53+00:00","og_image":[{"url":"https:\/\/bidads.pl\/wp-content\/uploads\/2025\/09\/Performance-Marketing-_-BIDads-1.jpg","type":"","width":"","height":""}],"twitter_card":"summary_large_image","twitter_misc":{"Estimated reading time":"2 minutes"},"schema":{"@context":"https:\/\/schema.org","@graph":[{"@type":"WebPage","@id":"https:\/\/bidads.pl\/performance-marketing\/","url":"https:\/\/bidads.pl\/performance-marketing\/","name":"Performance Marketing - Bidads","isPartOf":{"@id":"https:\/\/bidads.pl\/#website"},"primaryImageOfPage":{"@id":"https:\/\/bidads.pl\/performance-marketing\/#primaryimage"},"image":{"@id":"https:\/\/bidads.pl\/performance-marketing\/#primaryimage"},"thumbnailUrl":"https:\/\/bidads.pl\/wp-content\/uploads\/2025\/09\/Performance-Marketing-_-BIDads-1.jpg","datePublished":"2025-09-23T20:55:47+00:00","dateModified":"2025-09-24T09:10:53+00:00","breadcrumb":{"@id":"https:\/\/bidads.pl\/performance-marketing\/#breadcrumb"},"inLanguage":"en-GB","potentialAction":[{"@type":"ReadAction","target":["https:\/\/bidads.pl\/performance-marketing\/"]}]},{"@type":"ImageObject","inLanguage":"en-GB","@id":"https:\/\/bidads.pl\/performance-marketing\/#primaryimage","url":"https:\/\/bidads.pl\/wp-content\/uploads\/2025\/09\/Performance-Marketing-_-BIDads-1.jpg","contentUrl":"https:\/\/bidads.pl\/wp-content\/uploads\/2025\/09\/Performance-Marketing-_-BIDads-1.jpg"},{"@type":"BreadcrumbList","@id":"https:\/\/bidads.pl\/performance-marketing\/#breadcrumb","itemListElement":[{"@type":"ListItem","position":1,"name":"Strona g\u0142\u00f3wna","item":"https:\/\/bidads.pl\/"},{"@type":"ListItem","position":2,"name":"Performance Marketing"}]},{"@type":"WebSite","@id":"https:\/\/bidads.pl\/#website","url":"https:\/\/bidads.pl\/","name":"Bidads","description":"","publisher":{"@id":"https:\/\/bidads.pl\/#organization"},"potentialAction":[{"@type":"SearchAction","target":{"@type":"EntryPoint","urlTemplate":"https:\/\/bidads.pl\/?s={search_term_string}"},"query-input":{"@type":"PropertyValueSpecification","valueRequired":true,"valueName":"search_term_string"}}],"inLanguage":"en-GB"},{"@type":"Organization","@id":"https:\/\/bidads.pl\/#organization","name":"Bidads","url":"https:\/\/bidads.pl\/","logo":{"@type":"ImageObject","inLanguage":"en-GB","@id":"https:\/\/bidads.pl\/#\/schema\/logo\/image\/","url":"https:\/\/bidads.pl\/wp-content\/uploads\/2024\/12\/cropped-logo_BIDads.jpg","contentUrl":"https:\/\/bidads.pl\/wp-content\/uploads\/2024\/12\/cropped-logo_BIDads.jpg","width":424,"height":424,"caption":"Bidads"},"image":{"@id":"https:\/\/bidads.pl\/#\/schema\/logo\/image\/"},"sameAs":["https:\/\/www.linkedin.com\/company\/bidads-sp-z-o-o\/"]}]}},"_links":{"self":[{"href":"https:\/\/bidads.pl\/en\/wp-json\/wp\/v2\/pages\/5727","targetHints":{"allow":["GET"]}}],"collection":[{"href":"https:\/\/bidads.pl\/en\/wp-json\/wp\/v2\/pages"}],"about":[{"href":"https:\/\/bidads.pl\/en\/wp-json\/wp\/v2\/types\/page"}],"author":[{"embeddable":true,"href":"https:\/\/bidads.pl\/en\/wp-json\/wp\/v2\/users\/3"}],"replies":[{"embeddable":true,"href":"https:\/\/bidads.pl\/en\/wp-json\/wp\/v2\/comments?post=5727"}],"version-history":[{"count":10,"href":"https:\/\/bidads.pl\/en\/wp-json\/wp\/v2\/pages\/5727\/revisions"}],"predecessor-version":[{"id":5778,"href":"https:\/\/bidads.pl\/en\/wp-json\/wp\/v2\/pages\/5727\/revisions\/5778"}],"wp:attachment":[{"href":"https:\/\/bidads.pl\/en\/wp-json\/wp\/v2\/media?parent=5727"}],"curies":[{"name":"wp","href":"https:\/\/api.w.org\/{rel}","templated":true}]}}