{"id":5382,"date":"2025-05-29T16:33:57","date_gmt":"2025-05-29T14:33:57","guid":{"rendered":"https:\/\/bidads.pl\/?page_id=5382"},"modified":"2025-05-30T14:09:35","modified_gmt":"2025-05-30T12:09:35","slug":"polityka-prywatnosci-rekrutacja","status":"publish","type":"page","link":"https:\/\/bidads.pl\/en\/polityka-prywatnosci-rekrutacja\/","title":{"rendered":"Privacy Policy (Recruitment)"},"content":{"rendered":"<div data-elementor-type=\"wp-page\" data-elementor-id=\"5382\" class=\"elementor elementor-5382\">\n\t\t\t\t<div class=\"elementor-element elementor-element-246f63f6 e-flex e-con-boxed e-con e-parent\" data-id=\"246f63f6\" data-element_type=\"container\">\n\t\t\t\t\t<div class=\"e-con-inner\">\n\t\t\t\t<div class=\"elementor-element elementor-element-5bb8b3af elementor-widget elementor-widget-heading\" data-id=\"5bb8b3af\" data-element_type=\"widget\" data-widget_type=\"heading.default\">\n\t\t\t\t<div class=\"elementor-widget-container\">\n\t\t\t\t\t<h2 class=\"elementor-heading-title elementor-size-default\">Privacy Policy and Terms of Personal Data Processing<\/h2>\t\t\t\t<\/div>\n\t\t\t\t<\/div>\n\t\t\t\t<div class=\"elementor-element elementor-element-625ea88b elementor-widget elementor-widget-text-editor\" data-id=\"625ea88b\" data-element_type=\"widget\" data-widget_type=\"text-editor.default\">\n\t\t\t\t<div class=\"elementor-widget-container\">\n\t\t\t\t\t\t\t\t\t<p>The controller of the personal data you provide is BIDads Sp. z o.o., Aleja Jana Paw\u0142a II 27, 00-\n867 Warsaw, Poland, email: kontakt@bidads.pl, hereinafter referred to as the Controller.<\/p><p>Your personal data is processed in connection with the implementation of HR services provided\nby BIDads Sp. z o.o., such as: candidate recruitment and selection, temporary employment, body\nleasing, employee secondment, payroll services, professional development, human resources\nand remuneration planning and management.<\/p>\t\t\t\t\t\t\t\t<\/div>\n\t\t\t\t<\/div>\n\t\t\t\t<div class=\"elementor-element elementor-element-ed777e9 elementor-widget elementor-widget-heading\" data-id=\"ed777e9\" data-element_type=\"widget\" data-widget_type=\"heading.default\">\n\t\t\t\t<div class=\"elementor-widget-container\">\n\t\t\t\t\t<h3 class=\"elementor-heading-title elementor-size-default\">Jakie Twoje dane osobowe gromadzimy?<\/h3>\t\t\t\t<\/div>\n\t\t\t\t<\/div>\n\t\t\t\t<div class=\"elementor-element elementor-element-5810e4b2 elementor-widget elementor-widget-text-editor\" data-id=\"5810e4b2\" data-element_type=\"widget\" data-widget_type=\"text-editor.default\">\n\t\t\t\t<div class=\"elementor-widget-container\">\n\t\t\t\t\t\t\t\t\t<p>Zbieramy i przetwarzamy Twoje dane osobowe jako kandydata, w tym:<\/p><p>&#8211; imi\u0119 i nazwisko, dane kontaktowe (adres e-mail, numer telefonu), obywatelstwo, dat\u0119 urodzenia, p\u0142e\u0107;<\/p><p>&#8211; CV\/\u017cyciorysy, histori\u0119 pracy, informacje o Twoich umiej\u0119tno\u015bciach, do\u015bwiadczeniu i wykszta\u0142ceniu oraz inne istotne informacje (j\u0119zyki, jakimi si\u0119 pos\u0142ugujesz, dane osobowe zawarte w li\u015bcie motywacyjnym lub zebrane w ramach procesu aplikacyjnego);<\/p><p>&#8211; dane osobowe dotycz\u0105ce aktualnego wynagrodzenia i \u015bwiadcze\u0144, w tym aktualnych dodatk\u00f3w, okresowych p\u0142atno\u015bci i \u015bwiadcze\u0144;<\/p>\t\t\t\t\t\t\t\t<\/div>\n\t\t\t\t<\/div>\n\t\t\t\t<div class=\"elementor-element elementor-element-34755ad8 elementor-widget elementor-widget-heading\" data-id=\"34755ad8\" data-element_type=\"widget\" data-widget_type=\"heading.default\">\n\t\t\t\t<div class=\"elementor-widget-container\">\n\t\t\t\t\t<h3 class=\"elementor-heading-title elementor-size-default\">Dlaczego potrzebujemy Twoich danych osobowych?<\/h3>\t\t\t\t<\/div>\n\t\t\t\t<\/div>\n\t\t\t\t<div class=\"elementor-element elementor-element-12414d23 elementor-widget elementor-widget-text-editor\" data-id=\"12414d23\" data-element_type=\"widget\" data-widget_type=\"text-editor.default\">\n\t\t\t\t<div class=\"elementor-widget-container\">\n\t\t\t\t\t\t\t\t\t<p>BIDads przetwarza Twoje dane osobowe wy\u0142\u0105cznie w celach okre\u015blonych poni\u017cej, na podstawie art. 6 ust. 1 lit. a, b, c i f Rozporz\u0105dzenia Og\u00f3lnego o Danych Osobowych 2016\/679\/WE (dalej: RODO):<\/p><p>&#8211; \u015bwiadczenie na Twoj\u0105 rzecz naszych us\u0142ug, w tym dopasowywanie i proponowanie Twojej kandydatury klientom, przeprowadzanie rozm\u00f3w kwalifikacyjnych, oceny.<\/p><p>Dane osobowe przetwarzamy na podstawie:<\/p><p>&#8211; art. 6 ust. 1 lit. a RODO &#8211; zgoda na przetwarzanie danych w celach marketingowych, <br \/>&#8211; art. 6 ust. 1 lit. b RODO &#8211; przetwarzanie niezb\u0119dne do realizacji umowy lub dzia\u0142a\u0144 przed jej zawarciem (np. rekrutacja), <br \/>&#8211; art. 6 ust. 1 lit. c RODO &#8211; obowi\u0105zki wynikaj\u0105ce z przepis\u00f3w prawa, <br \/>&#8211; art. 6 ust. 1 lit. f RODO &#8211; prawnie uzasadniony interes administratora (np. prowadzenie statystyk, ochrona przed roszczeniami).<\/p><p>Mo\u017cemy przetwarza\u0107 Twoje dane osobowe i wysy\u0142a\u0107 Ci oferty pracy na numery telefon\u00f3w, adresy mailowe lub korespondencyjne, je\u015bli takie wska\u017cesz, aby poleci\u0107 Ci prac\u0119 na podstawie Twojego profilu.<br \/>Dane osobowe mog\u0105 by\u0107 przekazywane naszym klientom (potencjalnym pracodawcom) oraz podmiotom przetwarzaj\u0105cym dane w naszym imieniu (np. dostawcom us\u0142ug IT), wy\u0142\u0105cznie w zakresie niezb\u0119dnym do realizacji cel\u00f3w przetwarzania, zgodnie z obowi\u0105zuj\u0105cym prawem.\u00a0<\/p><p>Twoje dane osobowe nie s\u0105 przekazywane poza Europejski Obszar Gospodarczy (EOG). W przypadku planowanego przekazania danych, zapewnimy odpowiedni stopie\u0144 ich ochrony, zgodnie z RODO.<\/p>\t\t\t\t\t\t\t\t<\/div>\n\t\t\t\t<\/div>\n\t\t\t\t\t<\/div>\n\t\t\t\t<\/div>\n\t\t<div class=\"elementor-element elementor-element-1e45a044 e-flex e-con-boxed e-con e-parent\" data-id=\"1e45a044\" data-element_type=\"container\">\n\t\t\t\t\t<div class=\"e-con-inner\">\n\t\t\t\t<div class=\"elementor-element elementor-element-7e04dc2f elementor-widget elementor-widget-heading\" data-id=\"7e04dc2f\" data-element_type=\"widget\" data-widget_type=\"heading.default\">\n\t\t\t\t<div class=\"elementor-widget-container\">\n\t\t\t\t\t<h3 class=\"elementor-heading-title elementor-size-default\">Period of retention of personal data<\/h3>\t\t\t\t<\/div>\n\t\t\t\t<\/div>\n\t\t\t\t<div class=\"elementor-element elementor-element-8e44eb1 elementor-widget elementor-widget-text-editor\" data-id=\"8e44eb1\" data-element_type=\"widget\" data-widget_type=\"text-editor.default\">\n\t\t\t\t<div class=\"elementor-widget-container\">\n\t\t\t\t\t\t\t\t\t<p>Twoje dane osobowe mog\u0105 by\u0107 przechowywane przez okres do 24 miesi\u0119cy od momentu z\u0142o\u017cenia ostatniej aplikacji, o ile wyrazi\u0142e\u015b(-a\u015b) zgod\u0119 na Polityk\u0119 prywatno\u015bci umo\u017cliwiaj\u0105c\u0105 nam przedstawianie Ci najlepiej dopasowanych ofert pracy. W przypadku przetwarzania danych na potrzeby dzia\u0142a\u0144 marketingowych, b\u0119d\u0105 one przechowywane do momentu wycofania przez Ciebie zgody.<\/p>\t\t\t\t\t\t\t\t<\/div>\n\t\t\t\t<\/div>\n\t\t\t\t<div class=\"elementor-element elementor-element-22b21721 elementor-widget elementor-widget-heading\" data-id=\"22b21721\" data-element_type=\"widget\" data-widget_type=\"heading.default\">\n\t\t\t\t<div class=\"elementor-widget-container\">\n\t\t\t\t\t<h3 class=\"elementor-heading-title elementor-size-default\">Jak chronimy Twoje dane osobowe<\/h3>\t\t\t\t<\/div>\n\t\t\t\t<\/div>\n\t\t\t\t<div class=\"elementor-element elementor-element-7c667f57 elementor-widget elementor-widget-text-editor\" data-id=\"7c667f57\" data-element_type=\"widget\" data-widget_type=\"text-editor.default\">\n\t\t\t\t<div class=\"elementor-widget-container\">\n\t\t\t\t\t\t\t\t\t<p>W celu zabezpieczenia Twoich danych osobowych przed przypadkow\u0105 utrat\u0105, nieautoryzowanym dost\u0119pem, ujawnieniem, modyfikacj\u0105 czy zniszczeniem, wdra\u017camy odpowiednie \u015brodki techniczne i organizacyjne zapewniaj\u0105ce ich poufno\u015b\u0107, integralno\u015b\u0107 i dost\u0119pno\u015b\u0107.<\/p>\t\t\t\t\t\t\t\t<\/div>\n\t\t\t\t<\/div>\n\t\t\t\t<div class=\"elementor-element elementor-element-1d93333 elementor-widget elementor-widget-heading\" data-id=\"1d93333\" data-element_type=\"widget\" data-widget_type=\"heading.default\">\n\t\t\t\t<div class=\"elementor-widget-container\">\n\t\t\t\t\t<h3 class=\"elementor-heading-title elementor-size-default\">Twoje prawa zwi\u0105zane z ochron\u0105 danych osobowych<\/h3>\t\t\t\t<\/div>\n\t\t\t\t<\/div>\n\t\t\t\t<div class=\"elementor-element elementor-element-77f1594a elementor-widget elementor-widget-text-editor\" data-id=\"77f1594a\" data-element_type=\"widget\" data-widget_type=\"text-editor.default\">\n\t\t\t\t<div class=\"elementor-widget-container\">\n\t\t\t\t\t\t\t\t\t<p>Przys\u0142uguje Ci prawo do dost\u0119pu do swoich danych osobowych, ich poprawiania, usuni\u0119cia, ograniczenia przetwarzania, przenoszenia danych, a tak\u017ce wniesienia sprzeciwu wobec ich przetwarzania. Udzielona zgoda na przetwarzanie danych jest dobrowolna i mo\u017cesz j\u0105 w ka\u017cdej chwili wycofa\u0107 &#8211; r\u00f3wnie\u017c w odniesieniu do wybranych form kontaktu. Cofni\u0119cie zgody nie wp\u0142ywa na zgodno\u015b\u0107 z prawem przetwarzania danych, kt\u00f3re mia\u0142o miejsce przed jej wycofaniem.<br \/>Aby skorzysta\u0107 ze swoich praw mo\u017cesz napisa\u0107 wniosek pod adres mailowy <a href=\"mailto:kontakt@bidads.pl\">kontakt@bidads.pl<\/a> lub pod adres korespondencyjny: BIDads Sp. z o.o., Aleja Jana Paw\u0142a II 27, 00-867 Warszawa, Polska. Masz r\u00f3wnie\u017c prawo wniesienia skargi do Prezesa Urz\u0119du Ochrony Danych Osobowych (PUODO), je\u015bli uznasz, \u017ce przetwarzanie Twoich danych narusza przepisy prawa.<\/p>\t\t\t\t\t\t\t\t<\/div>\n\t\t\t\t<\/div>\n\t\t\t\t<div class=\"elementor-element elementor-element-5e711624 elementor-widget elementor-widget-heading\" data-id=\"5e711624\" data-element_type=\"widget\" data-widget_type=\"heading.default\">\n\t\t\t\t<div class=\"elementor-widget-container\">\n\t\t\t\t\t<h3 class=\"elementor-heading-title elementor-size-default\">Kontakt w sprawach zwi\u0105zanych z ochron\u0105 danych<\/h3>\t\t\t\t<\/div>\n\t\t\t\t<\/div>\n\t\t\t\t<div class=\"elementor-element elementor-element-7f724b34 elementor-widget elementor-widget-text-editor\" data-id=\"7f724b34\" data-element_type=\"widget\" data-widget_type=\"text-editor.default\">\n\t\t\t\t<div class=\"elementor-widget-container\">\n\t\t\t\t\t\t\t\t\t<p>W przypadku pyta\u0144 dotycz\u0105cych niniejszej polityki prywatno\u015bci, kwestii zwi\u0105zanych z przetwarzaniem Twoich danych osobowych lub ch\u0119ci skorzystania z przys\u0142uguj\u0105cych Ci praw, mo\u017cesz skontaktowa\u0107 si\u0119 z nami drog\u0105 mailow\u0105 pod adresem: <a href=\"mailto:kontakt@bidads.pl\">kontakt@bidads.pl<\/a> lub listownie na adres: BIDads Sp. z o.o., Aleja Jana Paw\u0142a II 27, 00-867 Warszawa, Polska.<\/p>\t\t\t\t\t\t\t\t<\/div>\n\t\t\t\t<\/div>\n\t\t\t\t\t<\/div>\n\t\t\t\t<\/div>\n\t\t\t\t<\/div>","protected":false},"excerpt":{"rendered":"<p>Polityka prywatno\u015bci i warunki przetwarzania danych osobowych Administratorem podanych przez Ciebie danych osobowych jest BIDads Sp. z o.o., Aleja Jana Paw\u0142a II 27, 00-867 Warszawa, Polska, e-mail: kontakt@bidads.pl, zwana dalej Administratorem. Twoje dane osobowe s\u0105 przetwarzane w zwi\u0105zku z realizacj\u0105 us\u0142ug HR \u015bwiadczonych przez BIDads Sp. z o.o., takich jak: rekrutacja i selekcja kandydat\u00f3w, zatrudnienie [&hellip;]<\/p>","protected":false},"author":3,"featured_media":0,"parent":0,"menu_order":0,"comment_status":"closed","ping_status":"closed","template":"","meta":{"footnotes":""},"class_list":["post-5382","page","type-page","status-publish","hentry"],"yoast_head":"<!-- This site is optimized with the Yoast SEO plugin v25.2 - https:\/\/yoast.com\/wordpress\/plugins\/seo\/ -->\n<title>Polityka Prywatno\u015bci (Rekrutacja) - Bidads<\/title>\n<meta name=\"robots\" content=\"index, follow, max-snippet:-1, max-image-preview:large, max-video-preview:-1\" \/>\n<link rel=\"canonical\" href=\"https:\/\/bidads.pl\/en\/polityka-prywatnosci-rekrutacja\/\" \/>\n<meta property=\"og:locale\" content=\"en_GB\" \/>\n<meta property=\"og:type\" content=\"article\" \/>\n<meta property=\"og:title\" content=\"Polityka Prywatno\u015bci (Rekrutacja) - Bidads\" \/>\n<meta property=\"og:description\" content=\"Polityka prywatno\u015bci i warunki przetwarzania danych osobowych Administratorem podanych przez Ciebie danych osobowych jest BIDads Sp. z o.o., Aleja Jana Paw\u0142a II 27, 00-867 Warszawa, Polska, e-mail: kontakt@bidads.pl, zwana dalej Administratorem. Twoje dane osobowe s\u0105 przetwarzane w zwi\u0105zku z realizacj\u0105 us\u0142ug HR \u015bwiadczonych przez BIDads Sp. z o.o., takich jak: rekrutacja i selekcja kandydat\u00f3w, zatrudnienie [&hellip;]\" \/>\n<meta property=\"og:url\" content=\"https:\/\/bidads.pl\/en\/polityka-prywatnosci-rekrutacja\/\" \/>\n<meta property=\"og:site_name\" content=\"Bidads\" \/>\n<meta property=\"article:modified_time\" content=\"2025-05-30T12:09:35+00:00\" \/>\n<meta name=\"twitter:card\" content=\"summary_large_image\" \/>\n<meta name=\"twitter:label1\" content=\"Estimated reading time\" \/>\n\t<meta name=\"twitter:data1\" content=\"4 minutes\" \/>\n<script type=\"application\/ld+json\" class=\"yoast-schema-graph\">{\"@context\":\"https:\/\/schema.org\",\"@graph\":[{\"@type\":\"WebPage\",\"@id\":\"https:\/\/bidads.pl\/polityka-prywatnosci-rekrutacja\/\",\"url\":\"https:\/\/bidads.pl\/polityka-prywatnosci-rekrutacja\/\",\"name\":\"Polityka Prywatno\u015bci (Rekrutacja) - Bidads\",\"isPartOf\":{\"@id\":\"https:\/\/bidads.pl\/#website\"},\"datePublished\":\"2025-05-29T14:33:57+00:00\",\"dateModified\":\"2025-05-30T12:09:35+00:00\",\"breadcrumb\":{\"@id\":\"https:\/\/bidads.pl\/polityka-prywatnosci-rekrutacja\/#breadcrumb\"},\"inLanguage\":\"en-GB\",\"potentialAction\":[{\"@type\":\"ReadAction\",\"target\":[\"https:\/\/bidads.pl\/polityka-prywatnosci-rekrutacja\/\"]}]},{\"@type\":\"BreadcrumbList\",\"@id\":\"https:\/\/bidads.pl\/polityka-prywatnosci-rekrutacja\/#breadcrumb\",\"itemListElement\":[{\"@type\":\"ListItem\",\"position\":1,\"name\":\"Strona g\u0142\u00f3wna\",\"item\":\"https:\/\/bidads.pl\/\"},{\"@type\":\"ListItem\",\"position\":2,\"name\":\"Polityka Prywatno\u015bci (Rekrutacja)\"}]},{\"@type\":\"WebSite\",\"@id\":\"https:\/\/bidads.pl\/#website\",\"url\":\"https:\/\/bidads.pl\/\",\"name\":\"Bidads\",\"description\":\"\",\"publisher\":{\"@id\":\"https:\/\/bidads.pl\/#organization\"},\"potentialAction\":[{\"@type\":\"SearchAction\",\"target\":{\"@type\":\"EntryPoint\",\"urlTemplate\":\"https:\/\/bidads.pl\/?s={search_term_string}\"},\"query-input\":{\"@type\":\"PropertyValueSpecification\",\"valueRequired\":true,\"valueName\":\"search_term_string\"}}],\"inLanguage\":\"en-GB\"},{\"@type\":\"Organization\",\"@id\":\"https:\/\/bidads.pl\/#organization\",\"name\":\"Bidads\",\"url\":\"https:\/\/bidads.pl\/\",\"logo\":{\"@type\":\"ImageObject\",\"inLanguage\":\"en-GB\",\"@id\":\"https:\/\/bidads.pl\/#\/schema\/logo\/image\/\",\"url\":\"https:\/\/bidads.pl\/wp-content\/uploads\/2024\/12\/cropped-logo_BIDads.jpg\",\"contentUrl\":\"https:\/\/bidads.pl\/wp-content\/uploads\/2024\/12\/cropped-logo_BIDads.jpg\",\"width\":424,\"height\":424,\"caption\":\"Bidads\"},\"image\":{\"@id\":\"https:\/\/bidads.pl\/#\/schema\/logo\/image\/\"},\"sameAs\":[\"https:\/\/www.linkedin.com\/company\/bidads-sp-z-o-o\/\"]}]}<\/script>\n<!-- \/ Yoast SEO plugin. -->","yoast_head_json":{"title":"Polityka Prywatno\u015bci (Rekrutacja) - Bidads","robots":{"index":"index","follow":"follow","max-snippet":"max-snippet:-1","max-image-preview":"max-image-preview:large","max-video-preview":"max-video-preview:-1"},"canonical":"https:\/\/bidads.pl\/en\/polityka-prywatnosci-rekrutacja\/","og_locale":"en_GB","og_type":"article","og_title":"Polityka Prywatno\u015bci (Rekrutacja) - Bidads","og_description":"Polityka prywatno\u015bci i warunki przetwarzania danych osobowych Administratorem podanych przez Ciebie danych osobowych jest BIDads Sp. z o.o., Aleja Jana Paw\u0142a II 27, 00-867 Warszawa, Polska, e-mail: kontakt@bidads.pl, zwana dalej Administratorem. Twoje dane osobowe s\u0105 przetwarzane w zwi\u0105zku z realizacj\u0105 us\u0142ug HR \u015bwiadczonych przez BIDads Sp. z o.o., takich jak: rekrutacja i selekcja kandydat\u00f3w, zatrudnienie [&hellip;]","og_url":"https:\/\/bidads.pl\/en\/polityka-prywatnosci-rekrutacja\/","og_site_name":"Bidads","article_modified_time":"2025-05-30T12:09:35+00:00","twitter_card":"summary_large_image","twitter_misc":{"Estimated reading time":"4 minutes"},"schema":{"@context":"https:\/\/schema.org","@graph":[{"@type":"WebPage","@id":"https:\/\/bidads.pl\/polityka-prywatnosci-rekrutacja\/","url":"https:\/\/bidads.pl\/polityka-prywatnosci-rekrutacja\/","name":"Polityka Prywatno\u015bci (Rekrutacja) - Bidads","isPartOf":{"@id":"https:\/\/bidads.pl\/#website"},"datePublished":"2025-05-29T14:33:57+00:00","dateModified":"2025-05-30T12:09:35+00:00","breadcrumb":{"@id":"https:\/\/bidads.pl\/polityka-prywatnosci-rekrutacja\/#breadcrumb"},"inLanguage":"en-GB","potentialAction":[{"@type":"ReadAction","target":["https:\/\/bidads.pl\/polityka-prywatnosci-rekrutacja\/"]}]},{"@type":"BreadcrumbList","@id":"https:\/\/bidads.pl\/polityka-prywatnosci-rekrutacja\/#breadcrumb","itemListElement":[{"@type":"ListItem","position":1,"name":"Strona g\u0142\u00f3wna","item":"https:\/\/bidads.pl\/"},{"@type":"ListItem","position":2,"name":"Polityka Prywatno\u015bci (Rekrutacja)"}]},{"@type":"WebSite","@id":"https:\/\/bidads.pl\/#website","url":"https:\/\/bidads.pl\/","name":"Bidads","description":"","publisher":{"@id":"https:\/\/bidads.pl\/#organization"},"potentialAction":[{"@type":"SearchAction","target":{"@type":"EntryPoint","urlTemplate":"https:\/\/bidads.pl\/?s={search_term_string}"},"query-input":{"@type":"PropertyValueSpecification","valueRequired":true,"valueName":"search_term_string"}}],"inLanguage":"en-GB"},{"@type":"Organization","@id":"https:\/\/bidads.pl\/#organization","name":"Bidads","url":"https:\/\/bidads.pl\/","logo":{"@type":"ImageObject","inLanguage":"en-GB","@id":"https:\/\/bidads.pl\/#\/schema\/logo\/image\/","url":"https:\/\/bidads.pl\/wp-content\/uploads\/2024\/12\/cropped-logo_BIDads.jpg","contentUrl":"https:\/\/bidads.pl\/wp-content\/uploads\/2024\/12\/cropped-logo_BIDads.jpg","width":424,"height":424,"caption":"Bidads"},"image":{"@id":"https:\/\/bidads.pl\/#\/schema\/logo\/image\/"},"sameAs":["https:\/\/www.linkedin.com\/company\/bidads-sp-z-o-o\/"]}]}},"_links":{"self":[{"href":"https:\/\/bidads.pl\/en\/wp-json\/wp\/v2\/pages\/5382","targetHints":{"allow":["GET"]}}],"collection":[{"href":"https:\/\/bidads.pl\/en\/wp-json\/wp\/v2\/pages"}],"about":[{"href":"https:\/\/bidads.pl\/en\/wp-json\/wp\/v2\/types\/page"}],"author":[{"embeddable":true,"href":"https:\/\/bidads.pl\/en\/wp-json\/wp\/v2\/users\/3"}],"replies":[{"embeddable":true,"href":"https:\/\/bidads.pl\/en\/wp-json\/wp\/v2\/comments?post=5382"}],"version-history":[{"count":4,"href":"https:\/\/bidads.pl\/en\/wp-json\/wp\/v2\/pages\/5382\/revisions"}],"predecessor-version":[{"id":5414,"href":"https:\/\/bidads.pl\/en\/wp-json\/wp\/v2\/pages\/5382\/revisions\/5414"}],"wp:attachment":[{"href":"https:\/\/bidads.pl\/en\/wp-json\/wp\/v2\/media?parent=5382"}],"curies":[{"name":"wp","href":"https:\/\/api.w.org\/{rel}","templated":true}]}}