{"id":5335,"date":"2025-05-28T18:00:45","date_gmt":"2025-05-28T16:00:45","guid":{"rendered":"https:\/\/bidads.pl\/?page_id=5335"},"modified":"2026-05-05T17:06:59","modified_gmt":"2026-05-05T15:06:59","slug":"zostaw-cv","status":"publish","type":"page","link":"https:\/\/bidads.pl\/en\/zostaw-cv\/","title":{"rendered":"Send Your CV"},"content":{"rendered":"<div data-elementor-type=\"wp-page\" data-elementor-id=\"5335\" class=\"elementor elementor-5335\">\n\t\t\t\t<div class=\"elementor-element elementor-element-3ccaa2e e-flex e-con-boxed e-con e-parent\" data-id=\"3ccaa2e\" data-element_type=\"container\">\n\t\t\t\t\t<div class=\"e-con-inner\">\n\t\t\t\t<div class=\"elementor-element elementor-element-5b719e4 elementor-button-info elementor-widget elementor-widget-button\" data-id=\"5b719e4\" data-element_type=\"widget\" data-widget_type=\"button.default\">\n\t\t\t\t<div class=\"elementor-widget-container\">\n\t\t\t\t\t\t\t\t\t<div class=\"elementor-button-wrapper\">\n\t\t\t\t\t<a class=\"elementor-button elementor-button-link elementor-size-sm\" href=\"https:\/\/bidads.pl\/en\/bidads-poszukuje-specjalistow-z-obszaru-digital-marketingu\/\">\n\t\t\t\t\t\t<span class=\"elementor-button-content-wrapper\">\n\t\t\t\t\t\t\t\t\t<span class=\"elementor-button-text\">Zobacz nasze oferty pracy<\/span>\n\t\t\t\t\t<\/span>\n\t\t\t\t\t<\/a>\n\t\t\t\t<\/div>\n\t\t\t\t\t\t\t\t<\/div>\n\t\t\t\t<\/div>\n\t\t\t\t<div class=\"elementor-element elementor-element-66640fd elementor-widget elementor-widget-heading\" data-id=\"66640fd\" data-element_type=\"widget\" data-widget_type=\"heading.default\">\n\t\t\t\t<div class=\"elementor-widget-container\">\n\t\t\t\t\t<h2 class=\"elementor-heading-title elementor-size-default\">Recruitment Form<\/h2>\t\t\t\t<\/div>\n\t\t\t\t<\/div>\n\t\t\t\t\t<\/div>\n\t\t\t\t<\/div>\n\t\t<div class=\"elementor-element elementor-element-ec6b7bc e-flex e-con-boxed e-con e-parent\" data-id=\"ec6b7bc\" data-element_type=\"container\">\n\t\t\t\t\t<div class=\"e-con-inner\">\n\t\t\t\t<div class=\"elementor-element elementor-element-67d7378 elementor-widget elementor-widget-text-editor\" data-id=\"67d7378\" data-element_type=\"widget\" data-widget_type=\"text-editor.default\">\n\t\t\t\t<div class=\"elementor-widget-container\">\n\t\t\t\t\t\t\t\t\t<p style=\"text-align: left;\">Body leasing offers the opportunity to work on ambitious projects, develop your skills, and collaborate with recognized brands\u2014without sacrificing flexibility. If you want to work with the best, gain experience in a dynamic digital marketing environment, and build an expert position in the market, fill out the form and let us know who you are.<\/p>\t\t\t\t\t\t\t\t<\/div>\n\t\t\t\t<\/div>\n\t\t\t\t<div class=\"elementor-element elementor-element-eecd160 elementor-widget elementor-widget-shortcode\" data-id=\"eecd160\" data-element_type=\"widget\" data-widget_type=\"shortcode.default\">\n\t\t\t\t<div class=\"elementor-widget-container\">\n\t\t\t\t\t\t\t<div class=\"elementor-shortcode\">\n<div class=\"wpcf7 no-js\" id=\"wpcf7-f5360-o1\" lang=\"pl-PL\" dir=\"ltr\" data-wpcf7-id=\"5360\">\n<div class=\"screen-reader-response\"><p role=\"status\" aria-live=\"polite\" aria-atomic=\"true\"><\/p> <ul><\/ul><\/div>\n<form action=\"\/en\/wp-json\/wp\/v2\/pages\/5335#wpcf7-f5360-o1\" method=\"post\" class=\"wpcf7-form init\" aria-label=\"Formularz kontaktowy\" enctype=\"multipart\/form-data\" novalidate=\"novalidate\" data-status=\"init\" data-trp-original-action=\"\/en\/wp-json\/wp\/v2\/pages\/5335#wpcf7-f5360-o1\">\n<fieldset class=\"hidden-fields-container\"><input type=\"hidden\" name=\"_wpcf7\" value=\"5360\" \/><input type=\"hidden\" name=\"_wpcf7_version\" value=\"6.1.1\" \/><input type=\"hidden\" name=\"_wpcf7_locale\" value=\"pl_PL\" \/><input type=\"hidden\" name=\"_wpcf7_unit_tag\" value=\"wpcf7-f5360-o1\" \/><input type=\"hidden\" name=\"_wpcf7_container_post\" value=\"0\" \/><input type=\"hidden\" name=\"_wpcf7_posted_data_hash\" value=\"\" \/><input type=\"hidden\" name=\"_wpcf7_recaptcha_response\" value=\"\" \/>\n<\/fieldset>\n<h3>Personal Information<\/h3>\n<p>Name*<br \/>\n  <span class=\"wpcf7-form-control-wrap\" data-name=\"imienazwisko\"><input size=\"40\" maxlength=\"400\" class=\"wpcf7-form-control wpcf7-text wpcf7-validates-as-required\" aria-required=\"true\" aria-invalid=\"false\" value=\"\" type=\"text\" name=\"imienazwisko\" \/><\/span>\n<\/p>\n\n<p>Email*<br \/>\n  <span class=\"wpcf7-form-control-wrap\" data-name=\"email\"><input size=\"40\" maxlength=\"400\" class=\"wpcf7-form-control wpcf7-email wpcf7-validates-as-required wpcf7-text wpcf7-validates-as-email\" aria-required=\"true\" aria-invalid=\"false\" value=\"\" type=\"email\" name=\"email\" \/><\/span>\n<\/p>\n\n<p>Phone*<br \/>\n  <span class=\"wpcf7-form-control-wrap\" data-name=\"telefon\"><input size=\"40\" maxlength=\"400\" class=\"wpcf7-form-control wpcf7-tel wpcf7-validates-as-required wpcf7-text wpcf7-validates-as-tel\" aria-required=\"true\" aria-invalid=\"false\" value=\"\" type=\"tel\" name=\"telefon\" \/><\/span>\n<\/p>\n\n<p>City*<br \/>\n  <span class=\"wpcf7-form-control-wrap\" data-name=\"miasto\"><input size=\"40\" maxlength=\"400\" class=\"wpcf7-form-control wpcf7-text wpcf7-validates-as-required\" aria-required=\"true\" aria-invalid=\"false\" value=\"\" type=\"text\" name=\"miasto\" \/><\/span>\n<\/p>\n\n<h3>Availability<\/h3>\n\n<p>When can you start working and what are your hours?<br \/>\n  <span class=\"wpcf7-form-control-wrap\" data-name=\"dyspozycyjnosc\"><textarea cols=\"40\" rows=\"10\" maxlength=\"2000\" class=\"wpcf7-form-control wpcf7-textarea wpcf7-validates-as-required\" aria-required=\"true\" aria-invalid=\"false\" name=\"dyspozycyjnosc\"><\/textarea><\/span>\n<\/p>\n\n<h3>Main areas of expertise<\/h3>\n\n<p>\n  <span class=\"wpcf7-form-control-wrap\" data-name=\"specjalizacje\"><span class=\"wpcf7-form-control wpcf7-checkbox wpcf7-validates-as-required\"><span class=\"wpcf7-list-item first\"><label><input type=\"checkbox\" name=\"specjalizacje[]\" value=\"Paid social\" \/><span class=\"wpcf7-list-item-label\">Paid social<\/span><\/label><\/span><span class=\"wpcf7-list-item\"><label><input type=\"checkbox\" name=\"specjalizacje[]\" value=\"SEM\" \/><span class=\"wpcf7-list-item-label\">SEM<\/span><\/label><\/span><span class=\"wpcf7-list-item\"><label><input type=\"checkbox\" name=\"specjalizacje[]\" value=\"SEO\" \/><span class=\"wpcf7-list-item-label\">SEO<\/span><\/label><\/span><span class=\"wpcf7-list-item\"><label><input type=\"checkbox\" name=\"specjalizacje[]\" value=\"Programmatic\" \/><span class=\"wpcf7-list-item-label\">Programmatic<\/span><\/label><\/span><span class=\"wpcf7-list-item\"><label><input type=\"checkbox\" name=\"specjalizacje[]\" value=\"Content marketing\" \/><span class=\"wpcf7-list-item-label\">Content marketing<\/span><\/label><\/span><span class=\"wpcf7-list-item\"><label><input type=\"checkbox\" name=\"specjalizacje[]\" value=\"Performance marketing\" \/><span class=\"wpcf7-list-item-label\">Performance marketing<\/span><\/label><\/span><span class=\"wpcf7-list-item\"><label><input type=\"checkbox\" name=\"specjalizacje[]\" value=\"Analityka \/ data\" \/><span class=\"wpcf7-list-item-label\">Analityka \/ data<\/span><\/label><\/span><span class=\"wpcf7-list-item\"><label><input type=\"checkbox\" name=\"specjalizacje[]\" value=\"E-mail marketing \/ automation\" \/><span class=\"wpcf7-list-item-label\">E-mail marketing \/ automation<\/span><\/label><\/span><span class=\"wpcf7-list-item\"><label><input type=\"checkbox\" name=\"specjalizacje[]\" value=\"Influencer marketing\" \/><span class=\"wpcf7-list-item-label\">Influencer marketing<\/span><\/label><\/span><span class=\"wpcf7-list-item last\"><label><input type=\"checkbox\" name=\"specjalizacje[]\" value=\"Inne\" \/><span class=\"wpcf7-list-item-label\">Inne<\/span><\/label><\/span><\/span><\/span>\n<\/p>\n\n<p>Inne (doprecyzuj):<br \/>\n  <span class=\"wpcf7-form-control-wrap\" data-name=\"inne_specjalizacje\"><input size=\"40\" maxlength=\"400\" class=\"wpcf7-form-control wpcf7-text\" aria-invalid=\"false\" value=\"\" type=\"text\" name=\"inne_specjalizacje\" \/><\/span>\n<\/p>\n\n<h3>Years of experience<\/h3>\n\n<p>Paid social: <span class=\"wpcf7-form-control-wrap\" data-name=\"paid\"><input size=\"40\" maxlength=\"400\" class=\"wpcf7-form-control wpcf7-text\" aria-invalid=\"false\" value=\"\" type=\"text\" name=\"paid\" \/><\/span><\/p>\n<p>SEM: <span class=\"wpcf7-form-control-wrap\" data-name=\"sem\"><input size=\"40\" maxlength=\"400\" class=\"wpcf7-form-control wpcf7-text\" aria-invalid=\"false\" value=\"\" type=\"text\" name=\"sem\" \/><\/span><\/p>\n<p>SEO: <span class=\"wpcf7-form-control-wrap\" data-name=\"seo\"><input size=\"40\" maxlength=\"400\" class=\"wpcf7-form-control wpcf7-text\" aria-invalid=\"false\" value=\"\" type=\"text\" name=\"seo\" \/><\/span><\/p>\n<p>Programmatic: <span class=\"wpcf7-form-control-wrap\" data-name=\"programmatic\"><input size=\"40\" maxlength=\"400\" class=\"wpcf7-form-control wpcf7-text\" aria-invalid=\"false\" value=\"\" type=\"text\" name=\"programmatic\" \/><\/span><\/p>\n<p>Content marketing: <span class=\"wpcf7-form-control-wrap\" data-name=\"content\"><input size=\"40\" maxlength=\"400\" class=\"wpcf7-form-control wpcf7-text\" aria-invalid=\"false\" value=\"\" type=\"text\" name=\"content\" \/><\/span><\/p>\n<p>Performance marketing: <span class=\"wpcf7-form-control-wrap\" data-name=\"performance\"><input size=\"40\" maxlength=\"400\" class=\"wpcf7-form-control wpcf7-text\" aria-invalid=\"false\" value=\"\" type=\"text\" name=\"performance\" \/><\/span><\/p>\n<p>Analityka \/ data: <span class=\"wpcf7-form-control-wrap\" data-name=\"analityka\"><input size=\"40\" maxlength=\"400\" class=\"wpcf7-form-control wpcf7-text\" aria-invalid=\"false\" value=\"\" type=\"text\" name=\"analityka\" \/><\/span><\/p>\n<p>E-mail marketing \/ automation: <span class=\"wpcf7-form-control-wrap\" data-name=\"emailmkt\"><input size=\"40\" maxlength=\"400\" class=\"wpcf7-form-control wpcf7-text\" aria-invalid=\"false\" value=\"\" type=\"text\" name=\"emailmkt\" \/><\/span><\/p>\n<p>Influencer marketing: <span class=\"wpcf7-form-control-wrap\" data-name=\"influencer\"><input size=\"40\" maxlength=\"400\" class=\"wpcf7-form-control wpcf7-text\" aria-invalid=\"false\" value=\"\" type=\"text\" name=\"influencer\" \/><\/span><\/p>\n<p>Inne: <span class=\"wpcf7-form-control-wrap\" data-name=\"inne_dosw\"><input size=\"40\" maxlength=\"400\" class=\"wpcf7-form-control wpcf7-text\" aria-invalid=\"false\" value=\"\" type=\"text\" name=\"inne_dosw\" \/><\/span><\/p>\n\n<h3>Certifications<\/h3>\n\n<p>Enter any certifications held (e.g., DIMAQ, Google Ads, GA4, etc.):<br \/>\n  <span class=\"wpcf7-form-control-wrap\" data-name=\"certyfikaty\"><textarea cols=\"40\" rows=\"10\" maxlength=\"2000\" class=\"wpcf7-form-control wpcf7-textarea\" aria-invalid=\"false\" name=\"certyfikaty\"><\/textarea><\/span>\n<\/p>\n\n<h3>Language skills<\/h3>\n\n<p>Enter languages and proficiency level:<br \/>\n  <span class=\"wpcf7-form-control-wrap\" data-name=\"jezyki\"><textarea cols=\"40\" rows=\"10\" maxlength=\"2000\" class=\"wpcf7-form-control wpcf7-textarea\" aria-invalid=\"false\" name=\"jezyki\"><\/textarea><\/span>\n<\/p>\n\n<h3>Portfolio \/ CV \/ LinkedIn<\/h3>\n\n<p>Upload your CV (PDF\/DOC):<br \/>\n  <span class=\"wpcf7-form-control-wrap\" data-name=\"cv\"><input size=\"40\" class=\"wpcf7-form-control wpcf7-file wpcf7-validates-as-required\" accept=\".pdf,.doc,.docx\" aria-required=\"true\" aria-invalid=\"false\" type=\"file\" name=\"cv\" \/><\/span>\n<\/p>\n\n<p>Link to LinkedIn:<br \/>\n  <span class=\"wpcf7-form-control-wrap\" data-name=\"linkedin\"><input size=\"40\" maxlength=\"400\" class=\"wpcf7-form-control wpcf7-url wpcf7-text wpcf7-validates-as-url\" aria-invalid=\"false\" value=\"\" type=\"url\" name=\"linkedin\" \/><\/span>\n<\/p>\n\n\n<h3>Consents<\/h3>\n\n\n<p><span class=\"wpcf7-form-control-wrap\" data-name=\"acceptance-172\"><span class=\"wpcf7-form-control wpcf7-acceptance\"><span class=\"wpcf7-list-item\"><label><input type=\"checkbox\" name=\"acceptance-172\" value=\"1\" aria-invalid=\"false\" \/><span class=\"wpcf7-list-item-label\">I consent to the processing of my personal data in accordance with the GDPR.<\/span><\/label><\/span><\/span><\/span><\/p>\n<p><span class=\"wpcf7-form-control-wrap\" data-name=\"acceptance-208\"><span class=\"wpcf7-form-control wpcf7-acceptance optional\"><span class=\"wpcf7-list-item\"><label><input type=\"checkbox\" name=\"acceptance-208\" value=\"1\" aria-invalid=\"false\" \/><span class=\"wpcf7-list-item-label\">I consent to being contacted for recruitment purposes.<\/span><\/label><\/span><\/span><\/span><\/p>\n<p><span class=\"wpcf7-form-control-wrap\" data-name=\"acceptance-193\"><span class=\"wpcf7-form-control wpcf7-acceptance\"><span class=\"wpcf7-list-item\"><label><input type=\"checkbox\" name=\"acceptance-193\" value=\"1\" aria-invalid=\"false\" \/><span class=\"wpcf7-list-item-label\">I consent to the processing of my data for recruitment purposes. More information in the <a href=\"https:\/\/bidads.pl\/en\/polityka-prywatnosci-rekrutacja\/\" >Privacy Policy.<\/a>.<\/span><\/label><\/span><\/span><\/span><\/p>\n\n\n<br \/>\n<input class=\"wpcf7-form-control wpcf7-submit has-spinner\" type=\"submit\" value=\"Submit form +\" \/><div class=\"wpcf7-response-output\" aria-hidden=\"true\"><\/div>\n<input type=\"hidden\" name=\"trp-form-language\" value=\"en\"\/><\/form>\n<\/div>\n<\/div>\n\t\t\t\t\t\t<\/div>\n\t\t\t\t<\/div>\n\t\t\t\t\t<\/div>\n\t\t\t\t<\/div>\n\t\t\t\t<\/div>","protected":false},"excerpt":{"rendered":"<p>Zobacz nasze oferty pracy Formularz Rekrutacyjny Zatrudnienie w formule body leasingu to szansa na prac\u0119 przy ambitnych projektach, rozw\u00f3j kompetencji i wsp\u00f3\u0142prac\u0119 z uznanymi markami \u2013 bez rezygnacji z elastyczno\u015bci. Je\u015bli chcesz pracowa\u0107 z najlepszymi, zdobywa\u0107 do\u015bwiadczenie w dynamicznym \u015brodowisku digital marketingu, budowa\u0107 eksperck\u0105 pozycj\u0119 na rynku, wype\u0142nij formularz i daj si\u0119 pozna\u0107.<\/p>","protected":false},"author":3,"featured_media":0,"parent":0,"menu_order":0,"comment_status":"closed","ping_status":"closed","template":"","meta":{"footnotes":""},"class_list":["post-5335","page","type-page","status-publish","hentry"],"yoast_head":"<!-- This site is optimized with the Yoast SEO plugin v25.2 - https:\/\/yoast.com\/wordpress\/plugins\/seo\/ -->\n<title>Zostaw CV - Bidads<\/title>\n<meta name=\"robots\" content=\"index, follow, max-snippet:-1, max-image-preview:large, max-video-preview:-1\" \/>\n<link rel=\"canonical\" href=\"https:\/\/bidads.pl\/en\/zostaw-cv\/\" \/>\n<meta property=\"og:locale\" content=\"en_GB\" \/>\n<meta property=\"og:type\" content=\"article\" \/>\n<meta property=\"og:title\" content=\"Zostaw CV - Bidads\" \/>\n<meta property=\"og:description\" content=\"Zobacz nasze oferty pracy Formularz Rekrutacyjny Zatrudnienie w formule body leasingu to szansa na prac\u0119 przy ambitnych projektach, rozw\u00f3j kompetencji i wsp\u00f3\u0142prac\u0119 z uznanymi markami \u2013 bez rezygnacji z elastyczno\u015bci. Je\u015bli chcesz pracowa\u0107 z najlepszymi, zdobywa\u0107 do\u015bwiadczenie w dynamicznym \u015brodowisku digital marketingu, budowa\u0107 eksperck\u0105 pozycj\u0119 na rynku, wype\u0142nij formularz i daj si\u0119 pozna\u0107.\" \/>\n<meta property=\"og:url\" content=\"https:\/\/bidads.pl\/en\/zostaw-cv\/\" \/>\n<meta property=\"og:site_name\" content=\"Bidads\" \/>\n<meta property=\"article:modified_time\" content=\"2026-05-05T15:06:59+00:00\" \/>\n<meta name=\"twitter:card\" content=\"summary_large_image\" \/>\n<meta name=\"twitter:label1\" content=\"Estimated reading time\" \/>\n\t<meta name=\"twitter:data1\" content=\"1 minute\" \/>\n<script type=\"application\/ld+json\" class=\"yoast-schema-graph\">{\"@context\":\"https:\/\/schema.org\",\"@graph\":[{\"@type\":\"WebPage\",\"@id\":\"https:\/\/bidads.pl\/zostaw-cv\/\",\"url\":\"https:\/\/bidads.pl\/zostaw-cv\/\",\"name\":\"Zostaw CV - Bidads\",\"isPartOf\":{\"@id\":\"https:\/\/bidads.pl\/#website\"},\"datePublished\":\"2025-05-28T16:00:45+00:00\",\"dateModified\":\"2026-05-05T15:06:59+00:00\",\"breadcrumb\":{\"@id\":\"https:\/\/bidads.pl\/zostaw-cv\/#breadcrumb\"},\"inLanguage\":\"en-GB\",\"potentialAction\":[{\"@type\":\"ReadAction\",\"target\":[\"https:\/\/bidads.pl\/zostaw-cv\/\"]}]},{\"@type\":\"BreadcrumbList\",\"@id\":\"https:\/\/bidads.pl\/zostaw-cv\/#breadcrumb\",\"itemListElement\":[{\"@type\":\"ListItem\",\"position\":1,\"name\":\"Strona g\u0142\u00f3wna\",\"item\":\"https:\/\/bidads.pl\/\"},{\"@type\":\"ListItem\",\"position\":2,\"name\":\"Zostaw CV\"}]},{\"@type\":\"WebSite\",\"@id\":\"https:\/\/bidads.pl\/#website\",\"url\":\"https:\/\/bidads.pl\/\",\"name\":\"Bidads\",\"description\":\"\",\"publisher\":{\"@id\":\"https:\/\/bidads.pl\/#organization\"},\"potentialAction\":[{\"@type\":\"SearchAction\",\"target\":{\"@type\":\"EntryPoint\",\"urlTemplate\":\"https:\/\/bidads.pl\/?s={search_term_string}\"},\"query-input\":{\"@type\":\"PropertyValueSpecification\",\"valueRequired\":true,\"valueName\":\"search_term_string\"}}],\"inLanguage\":\"en-GB\"},{\"@type\":\"Organization\",\"@id\":\"https:\/\/bidads.pl\/#organization\",\"name\":\"Bidads\",\"url\":\"https:\/\/bidads.pl\/\",\"logo\":{\"@type\":\"ImageObject\",\"inLanguage\":\"en-GB\",\"@id\":\"https:\/\/bidads.pl\/#\/schema\/logo\/image\/\",\"url\":\"https:\/\/bidads.pl\/wp-content\/uploads\/2024\/12\/cropped-logo_BIDads.jpg\",\"contentUrl\":\"https:\/\/bidads.pl\/wp-content\/uploads\/2024\/12\/cropped-logo_BIDads.jpg\",\"width\":424,\"height\":424,\"caption\":\"Bidads\"},\"image\":{\"@id\":\"https:\/\/bidads.pl\/#\/schema\/logo\/image\/\"},\"sameAs\":[\"https:\/\/www.linkedin.com\/company\/bidads-sp-z-o-o\/\"]}]}<\/script>\n<!-- \/ Yoast SEO plugin. -->","yoast_head_json":{"title":"Zostaw CV - Bidads","robots":{"index":"index","follow":"follow","max-snippet":"max-snippet:-1","max-image-preview":"max-image-preview:large","max-video-preview":"max-video-preview:-1"},"canonical":"https:\/\/bidads.pl\/en\/zostaw-cv\/","og_locale":"en_GB","og_type":"article","og_title":"Zostaw CV - Bidads","og_description":"Zobacz nasze oferty pracy Formularz Rekrutacyjny Zatrudnienie w formule body leasingu to szansa na prac\u0119 przy ambitnych projektach, rozw\u00f3j kompetencji i wsp\u00f3\u0142prac\u0119 z uznanymi markami \u2013 bez rezygnacji z elastyczno\u015bci. Je\u015bli chcesz pracowa\u0107 z najlepszymi, zdobywa\u0107 do\u015bwiadczenie w dynamicznym \u015brodowisku digital marketingu, budowa\u0107 eksperck\u0105 pozycj\u0119 na rynku, wype\u0142nij formularz i daj si\u0119 pozna\u0107.","og_url":"https:\/\/bidads.pl\/en\/zostaw-cv\/","og_site_name":"Bidads","article_modified_time":"2026-05-05T15:06:59+00:00","twitter_card":"summary_large_image","twitter_misc":{"Estimated reading time":"1 minute"},"schema":{"@context":"https:\/\/schema.org","@graph":[{"@type":"WebPage","@id":"https:\/\/bidads.pl\/zostaw-cv\/","url":"https:\/\/bidads.pl\/zostaw-cv\/","name":"Zostaw CV - Bidads","isPartOf":{"@id":"https:\/\/bidads.pl\/#website"},"datePublished":"2025-05-28T16:00:45+00:00","dateModified":"2026-05-05T15:06:59+00:00","breadcrumb":{"@id":"https:\/\/bidads.pl\/zostaw-cv\/#breadcrumb"},"inLanguage":"en-GB","potentialAction":[{"@type":"ReadAction","target":["https:\/\/bidads.pl\/zostaw-cv\/"]}]},{"@type":"BreadcrumbList","@id":"https:\/\/bidads.pl\/zostaw-cv\/#breadcrumb","itemListElement":[{"@type":"ListItem","position":1,"name":"Strona g\u0142\u00f3wna","item":"https:\/\/bidads.pl\/"},{"@type":"ListItem","position":2,"name":"Zostaw CV"}]},{"@type":"WebSite","@id":"https:\/\/bidads.pl\/#website","url":"https:\/\/bidads.pl\/","name":"Bidads","description":"","publisher":{"@id":"https:\/\/bidads.pl\/#organization"},"potentialAction":[{"@type":"SearchAction","target":{"@type":"EntryPoint","urlTemplate":"https:\/\/bidads.pl\/?s={search_term_string}"},"query-input":{"@type":"PropertyValueSpecification","valueRequired":true,"valueName":"search_term_string"}}],"inLanguage":"en-GB"},{"@type":"Organization","@id":"https:\/\/bidads.pl\/#organization","name":"Bidads","url":"https:\/\/bidads.pl\/","logo":{"@type":"ImageObject","inLanguage":"en-GB","@id":"https:\/\/bidads.pl\/#\/schema\/logo\/image\/","url":"https:\/\/bidads.pl\/wp-content\/uploads\/2024\/12\/cropped-logo_BIDads.jpg","contentUrl":"https:\/\/bidads.pl\/wp-content\/uploads\/2024\/12\/cropped-logo_BIDads.jpg","width":424,"height":424,"caption":"Bidads"},"image":{"@id":"https:\/\/bidads.pl\/#\/schema\/logo\/image\/"},"sameAs":["https:\/\/www.linkedin.com\/company\/bidads-sp-z-o-o\/"]}]}},"_links":{"self":[{"href":"https:\/\/bidads.pl\/en\/wp-json\/wp\/v2\/pages\/5335","targetHints":{"allow":["GET"]}}],"collection":[{"href":"https:\/\/bidads.pl\/en\/wp-json\/wp\/v2\/pages"}],"about":[{"href":"https:\/\/bidads.pl\/en\/wp-json\/wp\/v2\/types\/page"}],"author":[{"embeddable":true,"href":"https:\/\/bidads.pl\/en\/wp-json\/wp\/v2\/users\/3"}],"replies":[{"embeddable":true,"href":"https:\/\/bidads.pl\/en\/wp-json\/wp\/v2\/comments?post=5335"}],"version-history":[{"count":39,"href":"https:\/\/bidads.pl\/en\/wp-json\/wp\/v2\/pages\/5335\/revisions"}],"predecessor-version":[{"id":6157,"href":"https:\/\/bidads.pl\/en\/wp-json\/wp\/v2\/pages\/5335\/revisions\/6157"}],"wp:attachment":[{"href":"https:\/\/bidads.pl\/en\/wp-json\/wp\/v2\/media?parent=5335"}],"curies":[{"name":"wp","href":"https:\/\/api.w.org\/{rel}","templated":true}]}}