{"id":4250,"date":"2025-01-13T19:21:59","date_gmt":"2025-01-13T18:21:59","guid":{"rendered":"https:\/\/bidads.pl\/?page_id=4250"},"modified":"2025-05-16T16:32:05","modified_gmt":"2025-05-16T14:32:05","slug":"polityka-prywatnosci","status":"publish","type":"page","link":"https:\/\/bidads.pl\/en\/polityka-prywatnosci\/","title":{"rendered":"Privacy Policy"},"content":{"rendered":"<div data-elementor-type=\"wp-page\" data-elementor-id=\"4250\" class=\"elementor elementor-4250\">\n\t\t\t\t<div class=\"elementor-element elementor-element-7b9a388 e-flex e-con-boxed e-con e-parent\" data-id=\"7b9a388\" data-element_type=\"container\">\n\t\t\t\t\t<div class=\"e-con-inner\">\n\t\t\t\t<div class=\"elementor-element elementor-element-182547e elementor-widget elementor-widget-heading\" data-id=\"182547e\" data-element_type=\"widget\" data-widget_type=\"heading.default\">\n\t\t\t\t<div class=\"elementor-widget-container\">\n\t\t\t\t\t<h2 class=\"elementor-heading-title elementor-size-default\">Privacy Policy<\/h2>\t\t\t\t<\/div>\n\t\t\t\t<\/div>\n\t\t\t\t<div class=\"elementor-element elementor-element-59613c1 elementor-widget elementor-widget-text-editor\" data-id=\"59613c1\" data-element_type=\"widget\" data-widget_type=\"text-editor.default\">\n\t\t\t\t<div class=\"elementor-widget-container\">\n\t\t\t\t\t\t\t\t\t<p>We are committed to your privacy and to providing you with full and accurate information\nabout the processing of your personal data that may take place when you visit our website. Below you will find key information about the scope, purposes and processing of your data. If you have additional questions, you can contact us by email.<\/p>\t\t\t\t\t\t\t\t<\/div>\n\t\t\t\t<\/div>\n\t\t\t\t<div class=\"elementor-element elementor-element-cbefa2b elementor-widget elementor-widget-heading\" data-id=\"cbefa2b\" data-element_type=\"widget\" data-widget_type=\"heading.default\">\n\t\t\t\t<div class=\"elementor-widget-container\">\n\t\t\t\t\t<h3 class=\"elementor-heading-title elementor-size-default\">Administrator<\/h3>\t\t\t\t<\/div>\n\t\t\t\t<\/div>\n\t\t\t\t<div class=\"elementor-element elementor-element-22f5ad7 elementor-widget elementor-widget-text-editor\" data-id=\"22f5ad7\" data-element_type=\"widget\" data-widget_type=\"text-editor.default\">\n\t\t\t\t<div class=\"elementor-widget-container\">\n\t\t\t\t\t\t\t\t\t<p>The administrator of the website and your personal data is BIDADS Sp. z o.o., Aleja Jana Paw\u0142a II 27, 00-867 Warszawa, Polska, e-mail: <a href=\"mailto:kontakt@bidads.pl\">kontakt@bidads.pl<\/a><\/p>\t\t\t\t\t\t\t\t<\/div>\n\t\t\t\t<\/div>\n\t\t\t\t<div class=\"elementor-element elementor-element-67dc5ae elementor-widget elementor-widget-heading\" data-id=\"67dc5ae\" data-element_type=\"widget\" data-widget_type=\"heading.default\">\n\t\t\t\t<div class=\"elementor-widget-container\">\n\t\t\t\t\t<h3 class=\"elementor-heading-title elementor-size-default\">Scope, purposes and legal basis of processing<\/h3>\t\t\t\t<\/div>\n\t\t\t\t<\/div>\n\t\t\t\t<div class=\"elementor-element elementor-element-d9dbe9d elementor-widget elementor-widget-text-editor\" data-id=\"d9dbe9d\" data-element_type=\"widget\" data-widget_type=\"text-editor.default\">\n\t\t\t\t<div class=\"elementor-widget-container\">\n\t\t\t\t\t\t\t\t\t<p>We process your data:\u00a0<\/p><p>- in order to send you material in the form of an e-book, based on your consent (Article 6, paragraph 1, letter a of the RODO),\u00a0<\/p><p>- in order to contact you and archive correspondence - based on our legitimate interest (Article 6, paragraph 1, letter f of the RODO),\u00a0<\/p><p>- in the event that you initiate contact yourself - also based on the consent that you express by sending a message and waiting for a response (Article 6, paragraph 1, letter a of the RODO)<\/p>\t\t\t\t\t\t\t\t<\/div>\n\t\t\t\t<\/div>\n\t\t\t\t<div class=\"elementor-element elementor-element-e791b08 elementor-widget elementor-widget-heading\" data-id=\"e791b08\" data-element_type=\"widget\" data-widget_type=\"heading.default\">\n\t\t\t\t<div class=\"elementor-widget-container\">\n\t\t\t\t\t<h3 class=\"elementor-heading-title elementor-size-default\">Data processors and recipients<\/h3>\t\t\t\t<\/div>\n\t\t\t\t<\/div>\n\t\t\t\t<div class=\"elementor-element elementor-element-e303b55 elementor-widget elementor-widget-text-editor\" data-id=\"e303b55\" data-element_type=\"widget\" data-widget_type=\"text-editor.default\">\n\t\t\t\t<div class=\"elementor-widget-container\">\n\t\t\t\t\t\t\t\t\t<p>Your data may be transferred to entities providing services to us, such as IT service\nproviders, hosting, mailing systems or accounting firms.<\/p>\t\t\t\t\t\t\t\t<\/div>\n\t\t\t\t<\/div>\n\t\t\t\t\t<\/div>\n\t\t\t\t<\/div>\n\t\t<div class=\"elementor-element elementor-element-dfb5127 e-flex e-con-boxed e-con e-parent\" data-id=\"dfb5127\" data-element_type=\"container\">\n\t\t\t\t\t<div class=\"e-con-inner\">\n\t\t\t\t<div class=\"elementor-element elementor-element-da4bc22 elementor-widget elementor-widget-heading\" data-id=\"da4bc22\" data-element_type=\"widget\" data-widget_type=\"heading.default\">\n\t\t\t\t<div class=\"elementor-widget-container\">\n\t\t\t\t\t<h3 class=\"elementor-heading-title elementor-size-default\">Period of retention of personal data<\/h3>\t\t\t\t<\/div>\n\t\t\t\t<\/div>\n\t\t\t\t<div class=\"elementor-element elementor-element-9148277 elementor-widget elementor-widget-text-editor\" data-id=\"9148277\" data-element_type=\"widget\" data-widget_type=\"text-editor.default\">\n\t\t\t\t<div class=\"elementor-widget-container\">\n\t\t\t\t\t\t\t\t\t<p>Your personal data will be processed for as long as there is a legal and factual basis for doing so, in particular until the expiry of the limitation period for civil law claims or the period during which we are obliged by law to store the data, or the period during which we may incur legal consequences for non-performance or improper performance of obligations incumbent on us or the duration of proceedings initiated in this respect. Some data may be processed for longer, for archival, analytical or statistical purposes.<\/p>\t\t\t\t\t\t\t\t<\/div>\n\t\t\t\t<\/div>\n\t\t\t\t<div class=\"elementor-element elementor-element-434832f elementor-widget elementor-widget-heading\" data-id=\"434832f\" data-element_type=\"widget\" data-widget_type=\"heading.default\">\n\t\t\t\t<div class=\"elementor-widget-container\">\n\t\t\t\t\t<h3 class=\"elementor-heading-title elementor-size-default\">Your rights<\/h3>\t\t\t\t<\/div>\n\t\t\t\t<\/div>\n\t\t\t\t<div class=\"elementor-element elementor-element-4265544 elementor-widget elementor-widget-text-editor\" data-id=\"4265544\" data-element_type=\"widget\" data-widget_type=\"text-editor.default\">\n\t\t\t\t<div class=\"elementor-widget-container\">\n\t\t\t\t\t\t\t\t\t<p>You have the right to request access to your personal data, rectification, erasure or restriction of processing and the right to object to processing, as well as the right to data portability.<\/p><p>If the processing is based on your consent (Article 6(1)(a) or Article 9(2)(a) of the RODO), you have the right to withdraw it at any time, without affecting the lawfulness of the processing carried out on the basis of your consent prior to its withdrawal.<\/p><p>The scope of your rights and the cases in which you can exercise them are set out in the law, in particular Article 15 et seq. of the RODO. In any case, we will consider the legitimacy of your request or objection and respond to it in accordance with the law.<\/p><p>You also have the right to lodge a complaint with the President of the Data Protection Authority if you consider that the processing of your data violates the applicable legislation.<\/p>\t\t\t\t\t\t\t\t<\/div>\n\t\t\t\t<\/div>\n\t\t\t\t<div class=\"elementor-element elementor-element-8a58acb elementor-widget elementor-widget-heading\" data-id=\"8a58acb\" data-element_type=\"widget\" data-widget_type=\"heading.default\">\n\t\t\t\t<div class=\"elementor-widget-container\">\n\t\t\t\t\t<h3 class=\"elementor-heading-title elementor-size-default\">Obligation to provide personal data<\/h3>\t\t\t\t<\/div>\n\t\t\t\t<\/div>\n\t\t\t\t<div class=\"elementor-element elementor-element-2711a1d elementor-widget elementor-widget-text-editor\" data-id=\"2711a1d\" data-element_type=\"widget\" data-widget_type=\"text-editor.default\">\n\t\t\t\t<div class=\"elementor-widget-container\">\n\t\t\t\t\t\t\t\t\t<p>Your provision of personal data is voluntary, but necessary for you to use our website and\nfor us to be able to contact you.<\/p>\t\t\t\t\t\t\t\t<\/div>\n\t\t\t\t<\/div>\n\t\t\t\t<div class=\"elementor-element elementor-element-ddd17a5 elementor-widget elementor-widget-heading\" data-id=\"ddd17a5\" data-element_type=\"widget\" data-widget_type=\"heading.default\">\n\t\t\t\t<div class=\"elementor-widget-container\">\n\t\t\t\t\t<h3 class=\"elementor-heading-title elementor-size-default\">Cookies<\/h3>\t\t\t\t<\/div>\n\t\t\t\t<\/div>\n\t\t\t\t<div class=\"elementor-element elementor-element-2019565 elementor-widget elementor-widget-text-editor\" data-id=\"2019565\" data-element_type=\"widget\" data-widget_type=\"text-editor.default\">\n\t\t\t\t<div class=\"elementor-widget-container\">\n\t\t\t\t\t\t\t\t\t<p>Some elements of our website may use cookies. Cookies are small text files that are sent to\nyour computer, tablet or phone, stored on it and are read by our IT system the next time you visit the website. Cookies allow us to identify you for the purpose of performing a specific operation on the website. Cookies are used by practically every website because they make it easier for users to use the site and allow the administrator to use useful tools, for example for statistical purposes.<\/p><p>When you visit the site for the first time, we will display information on the use of cookies and ask for your consent to their use. You can change the cookie settings in your browser. You may choose not to use them at all, but you should be aware that this may make it more difficult to use not only ours, but also many other websites.<\/p><p>Our website uses cookies of its own for the purpose of ensuring that it works properly. In particular, we use cookies to remember your settings. You can find out which specific cookies we use in your browser settings.<\/p>\t\t\t\t\t\t\t\t<\/div>\n\t\t\t\t<\/div>\n\t\t\t\t<div class=\"elementor-element elementor-element-159fde5 elementor-widget elementor-widget-heading\" data-id=\"159fde5\" data-element_type=\"widget\" data-widget_type=\"heading.default\">\n\t\t\t\t<div class=\"elementor-widget-container\">\n\t\t\t\t\t<h3 class=\"elementor-heading-title elementor-size-default\">We also use third-party cookies belonging to the following entities for marketing, statistical and analytical purposes:<\/h3>\t\t\t\t<\/div>\n\t\t\t\t<\/div>\n\t\t\t\t<div class=\"elementor-element elementor-element-a0c94eb elementor-widget elementor-widget-text-editor\" data-id=\"a0c94eb\" data-element_type=\"widget\" data-widget_type=\"text-editor.default\">\n\t\t\t\t<div class=\"elementor-widget-container\">\n\t\t\t\t\t\t\t\t\t<p>Gemius Adocean<br \/>Smart Adserver<br \/>Adform<br \/>Facebook<br \/>Google<\/p>\t\t\t\t\t\t\t\t<\/div>\n\t\t\t\t<\/div>\n\t\t\t\t<div class=\"elementor-element elementor-element-7229477 elementor-widget elementor-widget-heading\" data-id=\"7229477\" data-element_type=\"widget\" data-widget_type=\"heading.default\">\n\t\t\t\t<div class=\"elementor-widget-container\">\n\t\t\t\t\t<h3 class=\"elementor-heading-title elementor-size-default\">The purposes and rules for the use of third-party cookies are defined by the privacy policies of the parties from whom the cookies originate:\n<\/h3>\t\t\t\t<\/div>\n\t\t\t\t<\/div>\n\t\t\t\t<div class=\"elementor-element elementor-element-734c0bd elementor-widget elementor-widget-text-editor\" data-id=\"734c0bd\" data-element_type=\"widget\" data-widget_type=\"text-editor.default\">\n\t\t\t\t<div class=\"elementor-widget-container\">\n\t\t\t\t\t\t\t\t\t<p><a href=\"http:\/\/www.gemius.pl\/polityka-prywatnosci.html\">http:\/\/www.gemius.pl\/polityka-prywatnosci.html<\/a><\/p><p><a href=\"http:\/\/smartadserver.pl\/firma\/privacy-policy\/\">http:\/\/smartadserver.pl\/firma\/privacy-policy\/<\/a><\/p><p><a href=\"https:\/\/site.adform.com\/privacy-center\/overview\">https:\/\/site.adform.com\/privacy-center\/overview<\/a><\/p><p><a href=\"https:\/\/www.facebook.com\/privacy\/explanation\">https:\/\/www.facebook.com\/privacy\/explanation<\/a><\/p><p><a href=\"https:\/\/policies.google.com\/privacy?hl=pl&amp;gl=pl\">https:\/\/policies.google.com\/privacy?hl=pl&amp;gl=pl<\/a><\/p>\t\t\t\t\t\t\t\t<\/div>\n\t\t\t\t<\/div>\n\t\t\t\t<div class=\"elementor-element elementor-element-9bdcad2 elementor-widget elementor-widget-heading\" data-id=\"9bdcad2\" data-element_type=\"widget\" data-widget_type=\"heading.default\">\n\t\t\t\t<div class=\"elementor-widget-container\">\n\t\t\t\t\t<h3 class=\"elementor-heading-title elementor-size-default\">Server logs<\/h3>\t\t\t\t<\/div>\n\t\t\t\t<\/div>\n\t\t\t\t<div class=\"elementor-element elementor-element-0127b6e elementor-widget elementor-widget-text-editor\" data-id=\"0127b6e\" data-element_type=\"widget\" data-widget_type=\"text-editor.default\">\n\t\t\t\t<div class=\"elementor-widget-container\">\n\t\t\t\t\t\t\t\t\t<p>In addition, when you use our website, we collect and analyse data resulting from system logs. The logs record every request made to the server. This includes information such as the IP address, date and time of the server, information about the operating system and browser you are using. The logs help us to administer the site and are not passed on to third parties. The logs are not used to identify you, as they are not attributed to specific users of the site.<\/p>\t\t\t\t\t\t\t\t<\/div>\n\t\t\t\t<\/div>\n\t\t\t\t\t<\/div>\n\t\t\t\t<\/div>\n\t\t\t\t<\/div>","protected":false},"excerpt":{"rendered":"<p>Polityka Prywatno\u015bci Dbamy o Twoj\u0105 prywatno\u015b\u0107 i o to, by\u015b uzyska\u0142 pe\u0142n\u0105 i rzeteln\u0105 informacj\u0119 na temat przetwarzania Twoich danych osobowych, kt\u00f3re mo\u017ce mie\u0107 miejsce kiedy odwiedzasz nasz\u0105 stron\u0119. Poni\u017cej znajdziesz najwa\u017cniejsze informacje dotycz\u0105ce zakresu, cel\u00f3w i sposobu przetwarzania Twoich danych. W razie dodatkowych pyta\u0144 mo\u017cesz skontaktowa\u0107 si\u0119 z nami za po\u015brednictwem poczty elektronicznej. Administrator [&hellip;]<\/p>","protected":false},"author":2,"featured_media":0,"parent":0,"menu_order":0,"comment_status":"closed","ping_status":"closed","template":"","meta":{"footnotes":""},"class_list":["post-4250","page","type-page","status-publish","hentry"],"yoast_head":"<!-- This site is optimized with the Yoast SEO plugin v25.2 - https:\/\/yoast.com\/wordpress\/plugins\/seo\/ -->\n<title>Polityka prywatno\u015bci - Bidads<\/title>\n<meta name=\"robots\" content=\"index, nofollow, max-snippet:-1, max-image-preview:large, max-video-preview:-1\" \/>\n<link rel=\"canonical\" href=\"https:\/\/bidads.pl\/en\/polityka-prywatnosci\/\" \/>\n<meta property=\"og:locale\" content=\"en_GB\" \/>\n<meta property=\"og:type\" content=\"article\" \/>\n<meta property=\"og:title\" content=\"Polityka prywatno\u015bci - Bidads\" \/>\n<meta property=\"og:description\" content=\"Polityka Prywatno\u015bci Dbamy o Twoj\u0105 prywatno\u015b\u0107 i o to, by\u015b uzyska\u0142 pe\u0142n\u0105 i rzeteln\u0105 informacj\u0119 na temat przetwarzania Twoich danych osobowych, kt\u00f3re mo\u017ce mie\u0107 miejsce kiedy odwiedzasz nasz\u0105 stron\u0119. Poni\u017cej znajdziesz najwa\u017cniejsze informacje dotycz\u0105ce zakresu, cel\u00f3w i sposobu przetwarzania Twoich danych. W razie dodatkowych pyta\u0144 mo\u017cesz skontaktowa\u0107 si\u0119 z nami za po\u015brednictwem poczty elektronicznej. Administrator [&hellip;]\" \/>\n<meta property=\"og:url\" content=\"https:\/\/bidads.pl\/en\/polityka-prywatnosci\/\" \/>\n<meta property=\"og:site_name\" content=\"Bidads\" \/>\n<meta property=\"article:modified_time\" content=\"2025-05-16T14:32:05+00:00\" \/>\n<meta name=\"twitter:card\" content=\"summary_large_image\" \/>\n<meta name=\"twitter:label1\" content=\"Estimated reading time\" \/>\n\t<meta name=\"twitter:data1\" content=\"5 minutes\" \/>\n<script type=\"application\/ld+json\" class=\"yoast-schema-graph\">{\"@context\":\"https:\/\/schema.org\",\"@graph\":[{\"@type\":\"WebPage\",\"@id\":\"https:\/\/bidads.pl\/polityka-prywatnosci\/\",\"url\":\"https:\/\/bidads.pl\/polityka-prywatnosci\/\",\"name\":\"Polityka prywatno\u015bci - Bidads\",\"isPartOf\":{\"@id\":\"https:\/\/bidads.pl\/#website\"},\"datePublished\":\"2025-01-13T18:21:59+00:00\",\"dateModified\":\"2025-05-16T14:32:05+00:00\",\"breadcrumb\":{\"@id\":\"https:\/\/bidads.pl\/polityka-prywatnosci\/#breadcrumb\"},\"inLanguage\":\"en-GB\",\"potentialAction\":[{\"@type\":\"ReadAction\",\"target\":[\"https:\/\/bidads.pl\/polityka-prywatnosci\/\"]}]},{\"@type\":\"BreadcrumbList\",\"@id\":\"https:\/\/bidads.pl\/polityka-prywatnosci\/#breadcrumb\",\"itemListElement\":[{\"@type\":\"ListItem\",\"position\":1,\"name\":\"Strona g\u0142\u00f3wna\",\"item\":\"https:\/\/bidads.pl\/\"},{\"@type\":\"ListItem\",\"position\":2,\"name\":\"Polityka prywatno\u015bci\"}]},{\"@type\":\"WebSite\",\"@id\":\"https:\/\/bidads.pl\/#website\",\"url\":\"https:\/\/bidads.pl\/\",\"name\":\"Bidads\",\"description\":\"\",\"publisher\":{\"@id\":\"https:\/\/bidads.pl\/#organization\"},\"potentialAction\":[{\"@type\":\"SearchAction\",\"target\":{\"@type\":\"EntryPoint\",\"urlTemplate\":\"https:\/\/bidads.pl\/?s={search_term_string}\"},\"query-input\":{\"@type\":\"PropertyValueSpecification\",\"valueRequired\":true,\"valueName\":\"search_term_string\"}}],\"inLanguage\":\"en-GB\"},{\"@type\":\"Organization\",\"@id\":\"https:\/\/bidads.pl\/#organization\",\"name\":\"Bidads\",\"url\":\"https:\/\/bidads.pl\/\",\"logo\":{\"@type\":\"ImageObject\",\"inLanguage\":\"en-GB\",\"@id\":\"https:\/\/bidads.pl\/#\/schema\/logo\/image\/\",\"url\":\"https:\/\/bidads.pl\/wp-content\/uploads\/2024\/12\/cropped-logo_BIDads.jpg\",\"contentUrl\":\"https:\/\/bidads.pl\/wp-content\/uploads\/2024\/12\/cropped-logo_BIDads.jpg\",\"width\":424,\"height\":424,\"caption\":\"Bidads\"},\"image\":{\"@id\":\"https:\/\/bidads.pl\/#\/schema\/logo\/image\/\"},\"sameAs\":[\"https:\/\/www.linkedin.com\/company\/bidads-sp-z-o-o\/\"]}]}<\/script>\n<!-- \/ Yoast SEO plugin. -->","yoast_head_json":{"title":"Polityka prywatno\u015bci - Bidads","robots":{"index":"index","follow":"nofollow","max-snippet":"max-snippet:-1","max-image-preview":"max-image-preview:large","max-video-preview":"max-video-preview:-1"},"canonical":"https:\/\/bidads.pl\/en\/polityka-prywatnosci\/","og_locale":"en_GB","og_type":"article","og_title":"Polityka prywatno\u015bci - Bidads","og_description":"Polityka Prywatno\u015bci Dbamy o Twoj\u0105 prywatno\u015b\u0107 i o to, by\u015b uzyska\u0142 pe\u0142n\u0105 i rzeteln\u0105 informacj\u0119 na temat przetwarzania Twoich danych osobowych, kt\u00f3re mo\u017ce mie\u0107 miejsce kiedy odwiedzasz nasz\u0105 stron\u0119. Poni\u017cej znajdziesz najwa\u017cniejsze informacje dotycz\u0105ce zakresu, cel\u00f3w i sposobu przetwarzania Twoich danych. W razie dodatkowych pyta\u0144 mo\u017cesz skontaktowa\u0107 si\u0119 z nami za po\u015brednictwem poczty elektronicznej. Administrator [&hellip;]","og_url":"https:\/\/bidads.pl\/en\/polityka-prywatnosci\/","og_site_name":"Bidads","article_modified_time":"2025-05-16T14:32:05+00:00","twitter_card":"summary_large_image","twitter_misc":{"Estimated reading time":"5 minutes"},"schema":{"@context":"https:\/\/schema.org","@graph":[{"@type":"WebPage","@id":"https:\/\/bidads.pl\/polityka-prywatnosci\/","url":"https:\/\/bidads.pl\/polityka-prywatnosci\/","name":"Polityka prywatno\u015bci - Bidads","isPartOf":{"@id":"https:\/\/bidads.pl\/#website"},"datePublished":"2025-01-13T18:21:59+00:00","dateModified":"2025-05-16T14:32:05+00:00","breadcrumb":{"@id":"https:\/\/bidads.pl\/polityka-prywatnosci\/#breadcrumb"},"inLanguage":"en-GB","potentialAction":[{"@type":"ReadAction","target":["https:\/\/bidads.pl\/polityka-prywatnosci\/"]}]},{"@type":"BreadcrumbList","@id":"https:\/\/bidads.pl\/polityka-prywatnosci\/#breadcrumb","itemListElement":[{"@type":"ListItem","position":1,"name":"Strona g\u0142\u00f3wna","item":"https:\/\/bidads.pl\/"},{"@type":"ListItem","position":2,"name":"Polityka prywatno\u015bci"}]},{"@type":"WebSite","@id":"https:\/\/bidads.pl\/#website","url":"https:\/\/bidads.pl\/","name":"Bidads","description":"","publisher":{"@id":"https:\/\/bidads.pl\/#organization"},"potentialAction":[{"@type":"SearchAction","target":{"@type":"EntryPoint","urlTemplate":"https:\/\/bidads.pl\/?s={search_term_string}"},"query-input":{"@type":"PropertyValueSpecification","valueRequired":true,"valueName":"search_term_string"}}],"inLanguage":"en-GB"},{"@type":"Organization","@id":"https:\/\/bidads.pl\/#organization","name":"Bidads","url":"https:\/\/bidads.pl\/","logo":{"@type":"ImageObject","inLanguage":"en-GB","@id":"https:\/\/bidads.pl\/#\/schema\/logo\/image\/","url":"https:\/\/bidads.pl\/wp-content\/uploads\/2024\/12\/cropped-logo_BIDads.jpg","contentUrl":"https:\/\/bidads.pl\/wp-content\/uploads\/2024\/12\/cropped-logo_BIDads.jpg","width":424,"height":424,"caption":"Bidads"},"image":{"@id":"https:\/\/bidads.pl\/#\/schema\/logo\/image\/"},"sameAs":["https:\/\/www.linkedin.com\/company\/bidads-sp-z-o-o\/"]}]}},"_links":{"self":[{"href":"https:\/\/bidads.pl\/en\/wp-json\/wp\/v2\/pages\/4250","targetHints":{"allow":["GET"]}}],"collection":[{"href":"https:\/\/bidads.pl\/en\/wp-json\/wp\/v2\/pages"}],"about":[{"href":"https:\/\/bidads.pl\/en\/wp-json\/wp\/v2\/types\/page"}],"author":[{"embeddable":true,"href":"https:\/\/bidads.pl\/en\/wp-json\/wp\/v2\/users\/2"}],"replies":[{"embeddable":true,"href":"https:\/\/bidads.pl\/en\/wp-json\/wp\/v2\/comments?post=4250"}],"version-history":[{"count":10,"href":"https:\/\/bidads.pl\/en\/wp-json\/wp\/v2\/pages\/4250\/revisions"}],"predecessor-version":[{"id":5291,"href":"https:\/\/bidads.pl\/en\/wp-json\/wp\/v2\/pages\/4250\/revisions\/5291"}],"wp:attachment":[{"href":"https:\/\/bidads.pl\/en\/wp-json\/wp\/v2\/media?parent=4250"}],"curies":[{"name":"wp","href":"https:\/\/api.w.org\/{rel}","templated":true}]}}