{"id":38,"date":"2023-10-08T04:33:12","date_gmt":"2023-10-08T04:33:12","guid":{"rendered":"http:\/\/noile-demo.local\/?page_id=38"},"modified":"2025-01-31T21:56:19","modified_gmt":"2025-01-31T20:56:19","slug":"body-leasing-na-czas-okreslony","status":"publish","type":"page","link":"https:\/\/bidads.pl\/en\/body-leasing-na-czas-okreslony\/","title":{"rendered":"Fixed-term"},"content":{"rendered":"<div data-elementor-type=\"wp-page\" data-elementor-id=\"38\" class=\"elementor elementor-38\">\n\t\t\t\t<div class=\"elementor-element elementor-element-f7eba41 elementor-hidden-mobile e-flex e-con-boxed e-con e-parent\" data-id=\"f7eba41\" data-element_type=\"container\">\n\t\t\t\t\t<div class=\"e-con-inner\">\n\t\t<div class=\"elementor-element elementor-element-20e6ad9 e-con-full e-flex e-con e-child\" data-id=\"20e6ad9\" data-element_type=\"container\">\n\t\t\t\t<div class=\"elementor-element elementor-element-a3d2de7 elementor-widget elementor-widget-sidebar-nav\" data-id=\"a3d2de7\" data-element_type=\"widget\" data-widget_type=\"sidebar-nav.default\">\n\t\t\t\t<div class=\"elementor-widget-container\">\n\t\t\t\t\t    <div class=\"page-sidebar__service page-sidebar__single wow animated fadeInLeft\" data-wow-delay=\"0.1s\" data-wow-duration=\"1500ms\">\r\n        <h3 class=\"page-sidebar__title\">Collaboration Models<\/h3>        <div class=\"menu-modele-wspolpracy-container\"><ul id=\"menu-modele-wspolpracy\" class=\"page-sidebar__service-list\"><li id=\"menu-item-73\" class=\"menu-item menu-item-type-post_type menu-item-object-page megamenu-hide menu-item-73\"><a href=\"https:\/\/bidads.pl\/en\/body-leasing-na-czas-okreslony\/\">Fixed-term<\/a><\/li>\n<li id=\"menu-item-71\" class=\"menu-item menu-item-type-post_type menu-item-object-page megamenu-hide menu-item-71\"><a href=\"https:\/\/bidads.pl\/en\/body-leasing-projektowy\/\">Project-based<\/a><\/li>\n<li id=\"menu-item-72\" class=\"menu-item menu-item-type-post_type menu-item-object-page megamenu-hide menu-item-72\"><a href=\"https:\/\/bidads.pl\/en\/body-leasing-dlugoterminowy\/\">Long-term<\/a><\/li>\n<li id=\"menu-item-70\" class=\"menu-item menu-item-type-post_type menu-item-object-page megamenu-hide menu-item-70\"><a href=\"https:\/\/bidads.pl\/en\/body-leasing-z-mozliwoscia-zatrudnienia\/\">Contract-to-hire<\/a><\/li>\n<li id=\"menu-item-69\" class=\"menu-item menu-item-type-post_type menu-item-object-page megamenu-hide menu-item-69\"><a href=\"https:\/\/bidads.pl\/en\/body-leasing-zespolowy\/\">Team-based<\/a><\/li>\n<\/ul><\/div>        <\/ul>\r\n    <\/div><!-- \/.blog-sidebar__service -->\r\n\t\t\t\t<\/div>\n\t\t\t\t<\/div>\n\t\t\t\t<div class=\"elementor-element elementor-element-f388d5d elementor-widget elementor-widget-sidebar-social-info\" data-id=\"f388d5d\" data-element_type=\"widget\" data-widget_type=\"sidebar-social-info.default\">\n\t\t\t\t<div class=\"elementor-widget-container\">\n\t\t\t\t\t    <div class=\"page-sidebar__social page-sidebar__single wow animated fadeInLeft\" data-wow-delay=\"0.1s\" data-wow-duration=\"1500ms\">\r\n        <h3 class=\"page-sidebar__title\">Social Media<\/h3>        <div class=\"page-sidebar__social-list social-list\">\r\n           \r\n                            <a class=\"page-sidebar__social-link social-link\"   href=\"https:\/\/www.facebook.com\/\">\r\n                    <i aria-hidden=\"true\" class=\"icon-facebook\"><\/i>                <\/a>\r\n                            <a class=\"page-sidebar__social-link social-link\"   href=\"https:\/\/www.linkedin.com\/company\/bidads-sp-z-o-o\/\">\r\n                    <i aria-hidden=\"true\" class=\"icon-linkedin\"><\/i>                <\/a>\r\n                    <\/div>\r\n    <\/div><!-- \/.page-sidebar__social -->\r\n\r\n\t\t\t\t<\/div>\n\t\t\t\t<\/div>\n\t\t\t\t<div class=\"elementor-element elementor-element-d8f36d1 elementor-widget elementor-widget-noile-sidebar-call-to-action\" data-id=\"d8f36d1\" data-element_type=\"widget\" data-widget_type=\"noile-sidebar-call-to-action.default\">\n\t\t\t\t<div class=\"elementor-widget-container\">\n\t\t\t\t\t    <div class=\"page-sidebar__contact page-sidebar__single wow animated fadeInLeft\" data-wow-delay=\"0.1s\" data-wow-duration=\"1500ms\" style=\"background-image: url('https:\/\/bidads.pl\/wp-content\/uploads\/2025\/01\/BIDads_body_leasing_masz_pytania_zadzwon.jpg');\">\r\n        <div class=\"page-sidebar__contact-wrap\">\r\n            <h3 class=\"page-sidebar__contact-title\">Got questions? Give us a call!<\/h3>            <a href=\"tel:-+48-698-578-557\" class=\"page-sidebar__contact-btn\">\r\n                <span class=\"page-sidebar__contact-icon icon-phone\"><\/span>\r\n                <h4 class=\"page-sidebar__contact-text\">  +48 698 578 557<\/h4>\r\n            <\/a>\r\n        <\/div>\r\n    <\/div><!-- \/.page-sidebar__contact -->\r\n\t\t\t\t<\/div>\n\t\t\t\t<\/div>\n\t\t\t\t<\/div>\n\t\t<div class=\"elementor-element elementor-element-1166807 e-con-full e-flex e-con e-child\" data-id=\"1166807\" data-element_type=\"container\">\n\t\t<div class=\"elementor-element elementor-element-afbad0c e-con-full e-flex e-con e-child\" data-id=\"afbad0c\" data-element_type=\"container\">\n\t\t\t\t<div class=\"elementor-element elementor-element-4246e14 elementor-widget elementor-widget-image\" data-id=\"4246e14\" data-element_type=\"widget\" data-widget_type=\"image.default\">\n\t\t\t\t<div class=\"elementor-widget-container\">\n\t\t\t\t\t\t\t\t\t\t\t\t\t\t\t<img fetchpriority=\"high\" decoding=\"async\" width=\"750\" height=\"500\" src=\"https:\/\/bidads.pl\/wp-content\/uploads\/2025\/01\/Body_leasing_na_czas_okreslony_BIDads_digital-marketinng.jpg\" class=\"attachment-full size-full wp-image-4422\" alt=\"Body_leasing_na_czas_okreslony_BIDads_digital-marketinng\" srcset=\"https:\/\/bidads.pl\/wp-content\/uploads\/2025\/01\/Body_leasing_na_czas_okreslony_BIDads_digital-marketinng.jpg 750w, https:\/\/bidads.pl\/wp-content\/uploads\/2025\/01\/Body_leasing_na_czas_okreslony_BIDads_digital-marketinng-300x200.jpg 300w\" sizes=\"(max-width: 750px) 100vw, 750px\" \/>\t\t\t\t\t\t\t\t\t\t\t\t\t\t\t<\/div>\n\t\t\t\t<\/div>\n\t\t\t\t<div class=\"elementor-element elementor-element-9da930e elementor-widget elementor-widget-text-editor\" data-id=\"9da930e\" data-element_type=\"widget\" data-widget_type=\"text-editor.default\">\n\t\t\t\t<div class=\"elementor-widget-container\">\n\t\t\t\t\t\t\t\t\t<h3 class=\"service-details-page__top-service-title\">Time-based body leasing talent outsourcing <\/br>(time based)<\/h3>\t\t\t\t\t\t\t\t<\/div>\n\t\t\t\t<\/div>\n\t\t\t\t<div class=\"elementor-element elementor-element-0fccc1a elementor-widget elementor-widget-text-editor\" data-id=\"0fccc1a\" data-element_type=\"widget\" data-widget_type=\"text-editor.default\">\n\t\t\t\t<div class=\"elementor-widget-container\">\n\t\t\t\t\t\t\t\t\t<p class=\"service-details-page__top-service-desc\">The company hires a digital marketing specialist for a fixed period (e.g. 3, 6, or 12 months) to\nhandle specific tasks, such as managing SEM campaigns.<\/p>\n&nbsp;\n<p class=\"service-details-page__top-service-desc\"><strong>Who is this solution for? <\/strong><\/p>\n&nbsp;\n<p class=\"service-details-page__top-service-desc\">This collaboration model is perfect for companies that need temporary support, whether for\npeak marketing seasons or after winning several short-term campaign tenders.<\/p>\n&nbsp;\n<p class=\"service-details-page__top-service-desc\"><strong>Benefits<\/strong><\/p>\n&nbsp;\n<ul>\n \n \t<li>\n<p class=\"service-details-page__top-service-desc\"><strong>Flexibility. <\/strong>You can quickly adjust your team size and expertise to meet current needs\nwithout long-term commitments.<\/p>\n<\/li>\n\n<br>\n \t\n \t<li>\n<p class=\"service-details-page__top-service-desc\"><strong>Cost optimisation <\/strong>You only pay for the time you actually need the specialist,\neliminating the overhead of full-time hires.<\/p>\n<\/li><br>\n \t<li>\n<p class=\"service-details-page__top-service-desc\"><strong>Instant access to experts<\/strong> You can quickly onboard a qualified expert, ensuring your projects stay on track and meet deadlines.<\/p>\n<\/li>\n\n<br>\n \t<li>\n<p class=\"service-details-page__top-service-desc\"><strong>Risk minimisation <\/strong>You skip the lengthy recruitment process and reduce the risk of hiring unsuitable candidates.<\/p>\n<\/li>\n\n<br>\n \t<li>\n<p class=\"service-details-page__top-service-desc\"><strong>Scalability <\/strong>You can easily expand or downsize your team as your project evolves.<\/p>\n<\/li>\n\n<br>\n \t<li>\n<p class=\"service-details-page__top-service-desc\"><strong>Seamless workflow <\/strong> You can quickly fill staffing gaps during holidays, absences, or peak demand periods.<\/p>\n<\/li>\n\n<\/ul>\t\t\t\t\t\t\t\t<\/div>\n\t\t\t\t<\/div>\n\t\t\t\t<\/div>\n\t\t\t\t<\/div>\n\t\t\t\t\t<\/div>\n\t\t\t\t<\/div>\n\t\t<div class=\"elementor-element elementor-element-8c11622 elementor-hidden-desktop elementor-hidden-tablet e-flex e-con-boxed e-con e-parent\" data-id=\"8c11622\" data-element_type=\"container\">\n\t\t\t\t\t<div class=\"e-con-inner\">\n\t\t<div class=\"elementor-element elementor-element-b757b5b e-con-full e-flex e-con e-child\" data-id=\"b757b5b\" data-element_type=\"container\">\n\t\t\t\t<div class=\"elementor-element elementor-element-9147057 elementor-widget elementor-widget-sidebar-nav\" data-id=\"9147057\" data-element_type=\"widget\" data-widget_type=\"sidebar-nav.default\">\n\t\t\t\t<div class=\"elementor-widget-container\">\n\t\t\t\t\t    <div class=\"page-sidebar__service page-sidebar__single wow animated fadeInLeft\" data-wow-delay=\"0.1s\" data-wow-duration=\"1500ms\">\r\n        <h3 class=\"page-sidebar__title\">Collaboration Models<\/h3>        <div class=\"menu-modele-wspolpracy-container\"><ul id=\"menu-modele-wspolpracy-1\" class=\"page-sidebar__service-list\"><li class=\"menu-item menu-item-type-post_type menu-item-object-page megamenu-hide menu-item-73\"><a href=\"https:\/\/bidads.pl\/en\/body-leasing-na-czas-okreslony\/\">Fixed-term<\/a><\/li>\n<li class=\"menu-item menu-item-type-post_type menu-item-object-page megamenu-hide menu-item-71\"><a href=\"https:\/\/bidads.pl\/en\/body-leasing-projektowy\/\">Project-based<\/a><\/li>\n<li class=\"menu-item menu-item-type-post_type menu-item-object-page megamenu-hide menu-item-72\"><a href=\"https:\/\/bidads.pl\/en\/body-leasing-dlugoterminowy\/\">Long-term<\/a><\/li>\n<li class=\"menu-item menu-item-type-post_type menu-item-object-page megamenu-hide menu-item-70\"><a href=\"https:\/\/bidads.pl\/en\/body-leasing-z-mozliwoscia-zatrudnienia\/\">Contract-to-hire<\/a><\/li>\n<li class=\"menu-item menu-item-type-post_type menu-item-object-page megamenu-hide menu-item-69\"><a href=\"https:\/\/bidads.pl\/en\/body-leasing-zespolowy\/\">Team-based<\/a><\/li>\n<\/ul><\/div>        <\/ul>\r\n    <\/div><!-- \/.blog-sidebar__service -->\r\n\t\t\t\t<\/div>\n\t\t\t\t<\/div>\n\t\t\t\t<div class=\"elementor-element elementor-element-bbf3901 elementor-widget elementor-widget-sidebar-social-info\" data-id=\"bbf3901\" data-element_type=\"widget\" data-widget_type=\"sidebar-social-info.default\">\n\t\t\t\t<div class=\"elementor-widget-container\">\n\t\t\t\t\t    <div class=\"page-sidebar__social page-sidebar__single wow animated fadeInLeft\" data-wow-delay=\"0.1s\" data-wow-duration=\"1500ms\">\r\n        <h3 class=\"page-sidebar__title\">Social Media<\/h3>        <div class=\"page-sidebar__social-list social-list\">\r\n           \r\n                            <a class=\"page-sidebar__social-link social-link\"   href=\"https:\/\/www.facebook.com\/\">\r\n                    <i aria-hidden=\"true\" class=\"icon-facebook\"><\/i>                <\/a>\r\n                            <a class=\"page-sidebar__social-link social-link\"   href=\"https:\/\/www.linkedin.com\/company\/bidads-sp-z-o-o\/\">\r\n                    <i aria-hidden=\"true\" class=\"icon-linkedin\"><\/i>                <\/a>\r\n                    <\/div>\r\n    <\/div><!-- \/.page-sidebar__social -->\r\n\r\n\t\t\t\t<\/div>\n\t\t\t\t<\/div>\n\t\t\t\t<div class=\"elementor-element elementor-element-f3ff1d5 elementor-widget elementor-widget-noile-sidebar-call-to-action\" data-id=\"f3ff1d5\" data-element_type=\"widget\" data-widget_type=\"noile-sidebar-call-to-action.default\">\n\t\t\t\t<div class=\"elementor-widget-container\">\n\t\t\t\t\t    <div class=\"page-sidebar__contact page-sidebar__single wow animated fadeInLeft\" data-wow-delay=\"0.1s\" data-wow-duration=\"1500ms\" style=\"background-image: url('https:\/\/bidads.pl\/wp-content\/uploads\/2025\/01\/BIDads_body_leasing_masz_pytania_zadzwon.jpg');\">\r\n        <div class=\"page-sidebar__contact-wrap\">\r\n            <h3 class=\"page-sidebar__contact-title\">Got questions? Give us a call!<\/h3>            <a href=\"tel:-+48-698-578-557\" class=\"page-sidebar__contact-btn\">\r\n                <span class=\"page-sidebar__contact-icon icon-phone\"><\/span>\r\n                <h4 class=\"page-sidebar__contact-text\">  +48 698 578 557<\/h4>\r\n            <\/a>\r\n        <\/div>\r\n    <\/div><!-- \/.page-sidebar__contact -->\r\n\t\t\t\t<\/div>\n\t\t\t\t<\/div>\n\t\t\t\t<\/div>\n\t\t<div class=\"elementor-element elementor-element-22eb8c2 e-con-full e-flex e-con e-child\" data-id=\"22eb8c2\" data-element_type=\"container\">\n\t\t<div class=\"elementor-element elementor-element-9a4fbd2 e-con-full e-flex e-con e-child\" data-id=\"9a4fbd2\" data-element_type=\"container\">\n\t\t\t\t<div class=\"elementor-element elementor-element-5a18f12 elementor-widget elementor-widget-image\" data-id=\"5a18f12\" data-element_type=\"widget\" data-widget_type=\"image.default\">\n\t\t\t\t<div class=\"elementor-widget-container\">\n\t\t\t\t\t\t\t\t\t\t\t\t\t\t\t<img fetchpriority=\"high\" decoding=\"async\" width=\"750\" height=\"500\" src=\"https:\/\/bidads.pl\/wp-content\/uploads\/2025\/01\/Body_leasing_na_czas_okreslony_BIDads_digital-marketinng.jpg\" class=\"attachment-full size-full wp-image-4422\" alt=\"Body_leasing_na_czas_okreslony_BIDads_digital-marketinng\" srcset=\"https:\/\/bidads.pl\/wp-content\/uploads\/2025\/01\/Body_leasing_na_czas_okreslony_BIDads_digital-marketinng.jpg 750w, https:\/\/bidads.pl\/wp-content\/uploads\/2025\/01\/Body_leasing_na_czas_okreslony_BIDads_digital-marketinng-300x200.jpg 300w\" sizes=\"(max-width: 750px) 100vw, 750px\" \/>\t\t\t\t\t\t\t\t\t\t\t\t\t\t\t<\/div>\n\t\t\t\t<\/div>\n\t\t\t\t<div class=\"elementor-element elementor-element-2587e74 elementor-widget elementor-widget-text-editor\" data-id=\"2587e74\" data-element_type=\"widget\" data-widget_type=\"text-editor.default\">\n\t\t\t\t<div class=\"elementor-widget-container\">\n\t\t\t\t\t\t\t\t\t<h3 class=\"service-details-page__top-service-title\">Time-based body leasing talent outsourcing <\/br>(time based)<\/h3>\t\t\t\t\t\t\t\t<\/div>\n\t\t\t\t<\/div>\n\t\t\t\t<div class=\"elementor-element elementor-element-5640478 elementor-widget elementor-widget-text-editor\" data-id=\"5640478\" data-element_type=\"widget\" data-widget_type=\"text-editor.default\">\n\t\t\t\t<div class=\"elementor-widget-container\">\n\t\t\t\t\t\t\t\t\t<p class=\"service-details-page__top-service-desc\">The company hires a digital marketing specialist for a fixed period (e.g. 3, 6, or 12 months) to\nhandle specific tasks, such as managing SEM campaigns.<\/p>\n&nbsp;\n<p class=\"service-details-page__top-service-desc\"><strong>Who is this solution for? <\/strong><\/p>\n&nbsp;\n<p class=\"service-details-page__top-service-desc\">This collaboration model is perfect for companies that need temporary support, whether for\npeak marketing seasons or after winning several short-term campaign tenders.<\/p>\n&nbsp;\n<p class=\"service-details-page__top-service-desc\"><strong>Benefits<\/strong><\/p>\n&nbsp;\n<p class=\"service-details-page__top-service-desc\"><strong>&#8211; Elastyczno\u015b\u0107. <\/strong>You can quickly adjust your team size and expertise to meet current needs\nwithout long-term commitments.<\/p>\n&nbsp;\n<p class=\"service-details-page__top-service-desc\"><strong>&#8211; Optymalizacja koszt\u00f3w. <\/strong>You only pay for the time you actually need the specialist,\neliminating the overhead of full-time hires.<\/p>\n&nbsp;\n<p class=\"service-details-page__top-service-desc\"><strong>&#8211; Szybki dost\u0119p do ekspert\u00f3w..<\/strong> You can quickly onboard a qualified expert, ensuring your projects stay on track and meet deadlines.<\/p>\n&nbsp;\n<p class=\"service-details-page__top-service-desc\"><strong>&#8211; Minimalizacja ryzyka. <\/strong>You skip the lengthy recruitment process and reduce the risk of hiring unsuitable candidates.<\/p>\n&nbsp;\n<p class=\"service-details-page__top-service-desc\"><strong>&#8211; Skalowalno\u015b\u0107. <\/strong>You can easily expand or downsize your team as your project evolves.<\/p>\n&nbsp;\n<p class=\"service-details-page__top-service-desc\"><strong>&#8211; Zachowanie ci\u0105g\u0142o\u015bci pracy. <\/strong> You can quickly fill staffing gaps during holidays, absences, or peak demand periods.<\/p>\t\t\t\t\t\t\t\t<\/div>\n\t\t\t\t<\/div>\n\t\t\t\t<\/div>\n\t\t\t\t<\/div>\n\t\t\t\t\t<\/div>\n\t\t\t\t<\/div>\n\t\t\t\t<\/div>","protected":false},"excerpt":{"rendered":"<p>Modele wsp\u00f3\u0142pracy Na czas okre\u015blony Projektowy D\u0142ugoterminowy Z mo\u017cliwo\u015bci\u0105 zatrudnienia Zespo\u0142owy Social Media Masz pytania? Zadzwo\u0144 +48 698 578 557 Body leasing na czas okre\u015blony (time based) Firma wynajmuje specjalist\u0119 z obszaru digital marketingu na \u015bci\u015ble okre\u015blony czas (np. 3, 6, 12 miesi\u0119cy) do realizacji konkretnych zada\u0144, np. prowadzenie kampanii SEM. &nbsp; Dla kogo? &nbsp; [&hellip;]<\/p>","protected":false},"author":2,"featured_media":0,"parent":0,"menu_order":0,"comment_status":"closed","ping_status":"closed","template":"","meta":{"footnotes":""},"class_list":["post-38","page","type-page","status-publish","hentry"],"yoast_head":"<!-- This site is optimized with the Yoast SEO plugin v25.2 - https:\/\/yoast.com\/wordpress\/plugins\/seo\/ -->\n<title>Na czas okre\u015blony - Bidads<\/title>\n<meta name=\"description\" content=\"Firma wynajmuje specjalist\u0119 z obszaru digital marketingu na \u015bci\u015ble okre\u015blony czas do realizacji konkretnych zada\u0144.\" \/>\n<meta name=\"robots\" content=\"index, follow, max-snippet:-1, max-image-preview:large, max-video-preview:-1\" \/>\n<link rel=\"canonical\" href=\"https:\/\/bidads.pl\/en\/body-leasing-na-czas-okreslony\/\" \/>\n<meta property=\"og:locale\" content=\"en_GB\" \/>\n<meta property=\"og:type\" content=\"article\" \/>\n<meta property=\"og:title\" content=\"Na czas okre\u015blony - Bidads\" \/>\n<meta property=\"og:description\" content=\"Firma wynajmuje specjalist\u0119 z obszaru digital marketingu na \u015bci\u015ble okre\u015blony czas do realizacji konkretnych zada\u0144.\" \/>\n<meta property=\"og:url\" content=\"https:\/\/bidads.pl\/en\/body-leasing-na-czas-okreslony\/\" \/>\n<meta property=\"og:site_name\" content=\"Bidads\" \/>\n<meta property=\"article:modified_time\" content=\"2025-01-31T20:56:19+00:00\" \/>\n<meta property=\"og:image\" content=\"https:\/\/bidads.pl\/wp-content\/uploads\/2025\/01\/Body_leasing_na_czas_okreslony_BIDads_digital-marketinng.jpg\" \/>\n<meta name=\"twitter:card\" content=\"summary_large_image\" \/>\n<meta name=\"twitter:description\" content=\"Firma wynajmuje specjalist\u0119 z obszaru digital marketingu na \u015bci\u015ble okre\u015blony czas do realizacji konkretnych zada\u0144.\" \/>\n<script type=\"application\/ld+json\" class=\"yoast-schema-graph\">{\"@context\":\"https:\/\/schema.org\",\"@graph\":[{\"@type\":\"WebPage\",\"@id\":\"https:\/\/bidads.pl\/body-leasing-na-czas-okreslony\/\",\"url\":\"https:\/\/bidads.pl\/body-leasing-na-czas-okreslony\/\",\"name\":\"Na czas okre\u015blony - Bidads\",\"isPartOf\":{\"@id\":\"https:\/\/bidads.pl\/#website\"},\"primaryImageOfPage\":{\"@id\":\"https:\/\/bidads.pl\/body-leasing-na-czas-okreslony\/#primaryimage\"},\"image\":{\"@id\":\"https:\/\/bidads.pl\/body-leasing-na-czas-okreslony\/#primaryimage\"},\"thumbnailUrl\":\"https:\/\/bidads.pl\/wp-content\/uploads\/2025\/01\/Body_leasing_na_czas_okreslony_BIDads_digital-marketinng.jpg\",\"datePublished\":\"2023-10-08T04:33:12+00:00\",\"dateModified\":\"2025-01-31T20:56:19+00:00\",\"description\":\"Firma wynajmuje specjalist\u0119 z obszaru digital marketingu na \u015bci\u015ble okre\u015blony czas do realizacji konkretnych zada\u0144.\",\"breadcrumb\":{\"@id\":\"https:\/\/bidads.pl\/body-leasing-na-czas-okreslony\/#breadcrumb\"},\"inLanguage\":\"en-GB\",\"potentialAction\":[{\"@type\":\"ReadAction\",\"target\":[\"https:\/\/bidads.pl\/body-leasing-na-czas-okreslony\/\"]}]},{\"@type\":\"ImageObject\",\"inLanguage\":\"en-GB\",\"@id\":\"https:\/\/bidads.pl\/body-leasing-na-czas-okreslony\/#primaryimage\",\"url\":\"https:\/\/bidads.pl\/wp-content\/uploads\/2025\/01\/Body_leasing_na_czas_okreslony_BIDads_digital-marketinng.jpg\",\"contentUrl\":\"https:\/\/bidads.pl\/wp-content\/uploads\/2025\/01\/Body_leasing_na_czas_okreslony_BIDads_digital-marketinng.jpg\"},{\"@type\":\"BreadcrumbList\",\"@id\":\"https:\/\/bidads.pl\/body-leasing-na-czas-okreslony\/#breadcrumb\",\"itemListElement\":[{\"@type\":\"ListItem\",\"position\":1,\"name\":\"Strona g\u0142\u00f3wna\",\"item\":\"https:\/\/bidads.pl\/\"},{\"@type\":\"ListItem\",\"position\":2,\"name\":\"Na czas okre\u015blony\"}]},{\"@type\":\"WebSite\",\"@id\":\"https:\/\/bidads.pl\/#website\",\"url\":\"https:\/\/bidads.pl\/\",\"name\":\"Bidads\",\"description\":\"\",\"publisher\":{\"@id\":\"https:\/\/bidads.pl\/#organization\"},\"potentialAction\":[{\"@type\":\"SearchAction\",\"target\":{\"@type\":\"EntryPoint\",\"urlTemplate\":\"https:\/\/bidads.pl\/?s={search_term_string}\"},\"query-input\":{\"@type\":\"PropertyValueSpecification\",\"valueRequired\":true,\"valueName\":\"search_term_string\"}}],\"inLanguage\":\"en-GB\"},{\"@type\":\"Organization\",\"@id\":\"https:\/\/bidads.pl\/#organization\",\"name\":\"Bidads\",\"url\":\"https:\/\/bidads.pl\/\",\"logo\":{\"@type\":\"ImageObject\",\"inLanguage\":\"en-GB\",\"@id\":\"https:\/\/bidads.pl\/#\/schema\/logo\/image\/\",\"url\":\"https:\/\/bidads.pl\/wp-content\/uploads\/2024\/12\/cropped-logo_BIDads.jpg\",\"contentUrl\":\"https:\/\/bidads.pl\/wp-content\/uploads\/2024\/12\/cropped-logo_BIDads.jpg\",\"width\":424,\"height\":424,\"caption\":\"Bidads\"},\"image\":{\"@id\":\"https:\/\/bidads.pl\/#\/schema\/logo\/image\/\"},\"sameAs\":[\"https:\/\/www.linkedin.com\/company\/bidads-sp-z-o-o\/\"]}]}<\/script>\n<!-- \/ Yoast SEO plugin. -->","yoast_head_json":{"title":"Na czas okre\u015blony - Bidads","description":"Firma wynajmuje specjalist\u0119 z obszaru digital marketingu na \u015bci\u015ble okre\u015blony czas do realizacji konkretnych zada\u0144.","robots":{"index":"index","follow":"follow","max-snippet":"max-snippet:-1","max-image-preview":"max-image-preview:large","max-video-preview":"max-video-preview:-1"},"canonical":"https:\/\/bidads.pl\/en\/body-leasing-na-czas-okreslony\/","og_locale":"en_GB","og_type":"article","og_title":"Na czas okre\u015blony - Bidads","og_description":"Firma wynajmuje specjalist\u0119 z obszaru digital marketingu na \u015bci\u015ble okre\u015blony czas do realizacji konkretnych zada\u0144.","og_url":"https:\/\/bidads.pl\/en\/body-leasing-na-czas-okreslony\/","og_site_name":"Bidads","article_modified_time":"2025-01-31T20:56:19+00:00","og_image":[{"url":"https:\/\/bidads.pl\/wp-content\/uploads\/2025\/01\/Body_leasing_na_czas_okreslony_BIDads_digital-marketinng.jpg","type":"","width":"","height":""}],"twitter_card":"summary_large_image","twitter_description":"Firma wynajmuje specjalist\u0119 z obszaru digital marketingu na \u015bci\u015ble okre\u015blony czas do realizacji konkretnych zada\u0144.","schema":{"@context":"https:\/\/schema.org","@graph":[{"@type":"WebPage","@id":"https:\/\/bidads.pl\/body-leasing-na-czas-okreslony\/","url":"https:\/\/bidads.pl\/body-leasing-na-czas-okreslony\/","name":"Na czas okre\u015blony - Bidads","isPartOf":{"@id":"https:\/\/bidads.pl\/#website"},"primaryImageOfPage":{"@id":"https:\/\/bidads.pl\/body-leasing-na-czas-okreslony\/#primaryimage"},"image":{"@id":"https:\/\/bidads.pl\/body-leasing-na-czas-okreslony\/#primaryimage"},"thumbnailUrl":"https:\/\/bidads.pl\/wp-content\/uploads\/2025\/01\/Body_leasing_na_czas_okreslony_BIDads_digital-marketinng.jpg","datePublished":"2023-10-08T04:33:12+00:00","dateModified":"2025-01-31T20:56:19+00:00","description":"Firma wynajmuje specjalist\u0119 z obszaru digital marketingu na \u015bci\u015ble okre\u015blony czas do realizacji konkretnych zada\u0144.","breadcrumb":{"@id":"https:\/\/bidads.pl\/body-leasing-na-czas-okreslony\/#breadcrumb"},"inLanguage":"en-GB","potentialAction":[{"@type":"ReadAction","target":["https:\/\/bidads.pl\/body-leasing-na-czas-okreslony\/"]}]},{"@type":"ImageObject","inLanguage":"en-GB","@id":"https:\/\/bidads.pl\/body-leasing-na-czas-okreslony\/#primaryimage","url":"https:\/\/bidads.pl\/wp-content\/uploads\/2025\/01\/Body_leasing_na_czas_okreslony_BIDads_digital-marketinng.jpg","contentUrl":"https:\/\/bidads.pl\/wp-content\/uploads\/2025\/01\/Body_leasing_na_czas_okreslony_BIDads_digital-marketinng.jpg"},{"@type":"BreadcrumbList","@id":"https:\/\/bidads.pl\/body-leasing-na-czas-okreslony\/#breadcrumb","itemListElement":[{"@type":"ListItem","position":1,"name":"Strona g\u0142\u00f3wna","item":"https:\/\/bidads.pl\/"},{"@type":"ListItem","position":2,"name":"Na czas okre\u015blony"}]},{"@type":"WebSite","@id":"https:\/\/bidads.pl\/#website","url":"https:\/\/bidads.pl\/","name":"Bidads","description":"","publisher":{"@id":"https:\/\/bidads.pl\/#organization"},"potentialAction":[{"@type":"SearchAction","target":{"@type":"EntryPoint","urlTemplate":"https:\/\/bidads.pl\/?s={search_term_string}"},"query-input":{"@type":"PropertyValueSpecification","valueRequired":true,"valueName":"search_term_string"}}],"inLanguage":"en-GB"},{"@type":"Organization","@id":"https:\/\/bidads.pl\/#organization","name":"Bidads","url":"https:\/\/bidads.pl\/","logo":{"@type":"ImageObject","inLanguage":"en-GB","@id":"https:\/\/bidads.pl\/#\/schema\/logo\/image\/","url":"https:\/\/bidads.pl\/wp-content\/uploads\/2024\/12\/cropped-logo_BIDads.jpg","contentUrl":"https:\/\/bidads.pl\/wp-content\/uploads\/2024\/12\/cropped-logo_BIDads.jpg","width":424,"height":424,"caption":"Bidads"},"image":{"@id":"https:\/\/bidads.pl\/#\/schema\/logo\/image\/"},"sameAs":["https:\/\/www.linkedin.com\/company\/bidads-sp-z-o-o\/"]}]}},"_links":{"self":[{"href":"https:\/\/bidads.pl\/en\/wp-json\/wp\/v2\/pages\/38","targetHints":{"allow":["GET"]}}],"collection":[{"href":"https:\/\/bidads.pl\/en\/wp-json\/wp\/v2\/pages"}],"about":[{"href":"https:\/\/bidads.pl\/en\/wp-json\/wp\/v2\/types\/page"}],"author":[{"embeddable":true,"href":"https:\/\/bidads.pl\/en\/wp-json\/wp\/v2\/users\/2"}],"replies":[{"embeddable":true,"href":"https:\/\/bidads.pl\/en\/wp-json\/wp\/v2\/comments?post=38"}],"version-history":[{"count":28,"href":"https:\/\/bidads.pl\/en\/wp-json\/wp\/v2\/pages\/38\/revisions"}],"predecessor-version":[{"id":4718,"href":"https:\/\/bidads.pl\/en\/wp-json\/wp\/v2\/pages\/38\/revisions\/4718"}],"wp:attachment":[{"href":"https:\/\/bidads.pl\/en\/wp-json\/wp\/v2\/media?parent=38"}],"curies":[{"name":"wp","href":"https:\/\/api.w.org\/{rel}","templated":true}]}}