{"id":3767,"date":"2024-12-03T12:14:48","date_gmt":"2024-12-03T11:14:48","guid":{"rendered":"https:\/\/bidads.pl\/?page_id=3767"},"modified":"2025-01-31T22:14:46","modified_gmt":"2025-01-31T21:14:46","slug":"wygrany-przetarg","status":"publish","type":"page","link":"https:\/\/bidads.pl\/en\/wygrany-przetarg\/","title":{"rendered":"Successful tender"},"content":{"rendered":"<div data-elementor-type=\"wp-page\" data-elementor-id=\"3767\" class=\"elementor elementor-3767\">\n\t\t\t\t<div class=\"elementor-element elementor-element-7051d78a e-flex e-con-boxed e-con e-parent\" data-id=\"7051d78a\" data-element_type=\"container\">\n\t\t\t\t\t<div class=\"e-con-inner\">\n\t\t\t\t<div class=\"elementor-element elementor-element-35c8160 elementor-widget elementor-widget-noile-image-box\" data-id=\"35c8160\" data-element_type=\"widget\" data-widget_type=\"noile-image-box.default\">\n\t\t\t\t<div class=\"elementor-widget-container\">\n\t\t\t\t\t\t<div class=\"case-study-details__img-box\">\r\n\t\t<img decoding=\"async\" src=\"https:\/\/bidads.pl\/wp-content\/uploads\/2025\/01\/BIDads_body_leasing_wygrany_przetarg.jpg\" alt=\"BIDads_body_leasing_wygrany_przetarg\" title=\"BIDads_body_leasing_wygrany_przetarg\" class=\"case-study-details__img\" >\t\t<p class=\"case-study-details__card-category\">SEM, SEO, Programmatic<\/p>\r\n\t<\/div>\r\n\t\t\t\t<\/div>\n\t\t\t\t<\/div>\n\t\t\t\t\t<\/div>\n\t\t\t\t<\/div>\n\t\t<div class=\"elementor-element elementor-element-3a27a01c e-flex e-con-boxed e-con e-parent\" data-id=\"3a27a01c\" data-element_type=\"container\">\n\t\t\t\t\t<div class=\"e-con-inner\">\n\t\t<div class=\"elementor-element elementor-element-6a82069f e-con-full e-flex e-con e-child\" data-id=\"6a82069f\" data-element_type=\"container\">\n\t\t\t\t<div class=\"elementor-element elementor-element-280d397f elementor-widget elementor-widget-sidebar-case-info\" data-id=\"280d397f\" data-element_type=\"widget\" data-widget_type=\"sidebar-case-info.default\">\n\t\t\t\t<div class=\"elementor-widget-container\">\n\t\t\t\t\t    <div class=\"case-study-details__info case-study-details__info-item wow animated fadeInRight\" data-wow-delay=\"0.1s\" data-wow-duration=\"1500ms\">\r\n        <ul class=\"case-study-details__info-list\">\r\n                            <li class=\"case-study-details__info-item\">\r\n                    <p class=\"case-study-details__info-top\">Client<\/p>\r\n                    <p class=\"case-study-details__info-title\">Digital marketing agency<\/p>\r\n                <\/li>\r\n                            <li class=\"case-study-details__info-item\">\r\n                    <p class=\"case-study-details__info-top\">Industry<\/p>\r\n                    <p class=\"case-study-details__info-title\">Various industries<\/p>\r\n                <\/li>\r\n                    <\/ul>\r\n        <svg class=\"case-study-details__info-shape\" xmlns=\"http:\/\/www.w3.org\/2000\/svg\" width=\"222\" height=\"230\" viewbox=\"0 0 222 230\" fill=\"none\">\r\n            <path d=\"M98.55 91.9998L75.0334 109.136L145.728 218.98L179 219L98.55 91.9998Z\" \/>\r\n            <path d=\"M164.16 42.9998H109.44L0.000167847 187H53.2802L164.16 42.9998Z\" \/>\r\n            <path d=\"M179.691 -0.000244141L13.2508 219H52.6708L221.301 -0.000244141H179.691Z\" \/>\r\n        <\/svg>\r\n    <\/div><!-- \/.case-study-details__inf0 -->\r\n\t\t\t\t<\/div>\n\t\t\t\t<\/div>\n\t\t\t\t<div class=\"elementor-element elementor-element-6e553291 elementor-widget elementor-widget-sidebar-social-info\" data-id=\"6e553291\" data-element_type=\"widget\" data-widget_type=\"sidebar-social-info.default\">\n\t\t\t\t<div class=\"elementor-widget-container\">\n\t\t\t\t\t    <div class=\"case-study-details__social case-study-details__info-item\">\r\n        <h3 class=\"case-study-details__sm-title case-study-details__social-title\">Social Media<\/h3>        <ul class=\"case-study-details__social-list\">\r\n                            <li class=\"case-study-details__social-item\">\r\n                    <a class=\"case-study-details__social-link\"   href=\"https:\/\/www.facebook.com\/\">\r\n                        <span aria-hidden=\"true\" class=\"icon-facebook\"><\/span>                    <\/a>\r\n                <\/li>\r\n                            <li class=\"case-study-details__social-item\">\r\n                    <a class=\"case-study-details__social-link\"   href=\"https:\/\/www.twitter.com\/\">\r\n                        <span aria-hidden=\"true\" class=\"icon-linkedin\"><\/span>                    <\/a>\r\n                <\/li>\r\n                    <\/ul>\r\n    <\/div><!-- \/.case-study-details__social -->\r\n\r\n\t\t\t\t<\/div>\n\t\t\t\t<\/div>\n\t\t\t\t<\/div>\n\t\t<div class=\"elementor-element elementor-element-762d59e e-con-full e-flex e-con e-child\" data-id=\"762d59e\" data-element_type=\"container\">\n\t\t\t\t<div class=\"elementor-element elementor-element-30dbaf06 elementor-widget elementor-widget-text-editor\" data-id=\"30dbaf06\" data-element_type=\"widget\" data-widget_type=\"text-editor.default\">\n\t\t\t\t<div class=\"elementor-widget-container\">\n\t\t\t\t\t\t\t\t\t<div class=\"case-study-details__text-one-box case-study-details__item\">\n<h3 class=\"case-study-details__md-title\">Quick support for new marketing projects following tender wins<\/h3>\n\n\n<\/div>\t\t\t\t\t\t\t\t<\/div>\n\t\t\t\t<\/div>\n\t\t\t\t<div class=\"elementor-element elementor-element-62617ed3 elementor-widget elementor-widget-text-editor\" data-id=\"62617ed3\" data-element_type=\"widget\" data-widget_type=\"text-editor.default\">\n\t\t\t\t<div class=\"elementor-widget-container\">\n\t\t\t\t\t\t\t\t\t<div class=\"case-study-details__text-two-box case-study-details__item\">\n<h3 class=\"case-study-details__sm-title\">Scenario<\/h3>\n<p class=\"case-study-details__desc-two case-study-details__desc\">Company X, specialising in digital marketing, has secured several major tenders to run online\ncampaigns for new clients. These projects cover a wide range of activities, including SEM, SEO,\nprogrammatic advertising and paid social campaigns. While winning the tenders brings great\nopportunities, it also creates time pressure, as marketing activities must be launched\nimmediately. The in-house team is already fully engaged with ongoing projects, and without\nadditional support, the company risks delays. <\/p>\n\n\n<\/div>\t\t\t\t\t\t\t\t<\/div>\n\t\t\t\t<\/div>\n\t\t\t\t<div class=\"elementor-element elementor-element-5d28cf82 elementor-widget elementor-widget-text-editor\" data-id=\"5d28cf82\" data-element_type=\"widget\" data-widget_type=\"text-editor.default\">\n\t\t\t\t<div class=\"elementor-widget-container\">\n\t\t\t\t\t\t\t\t\t<div class=\"case-study-details__text-three-box case-study-details__item\">\n<h3 class=\"case-study-details__sm-title\">Body leasing Talent outsourcing solution<\/h3>\n<p class=\"case-study-details__desc-four case-study-details__desc\">Company X opts for talent outsourcing, hiring external experts in SEM, SEO and programmatic\ncampaigns, who can immediately start working on new projects. These specialists are quickly\nintegrated into the team, taking responsibility for key areas of the new campaigns. As a result,\nthe company can promptly execute projects for new clients, ensuring both quality and\nefficiency. The solution provides Company X with the flexibility to choose the right experts\nwithout the time-consuming process of recruiting permanent staff.<\/p>\n\n<\/div>\t\t\t\t\t\t\t\t<\/div>\n\t\t\t\t<\/div>\n\t\t\t\t<\/div>\n\t\t\t\t\t<\/div>\n\t\t\t\t<\/div>\n\t\t\t\t<\/div>","protected":false},"excerpt":{"rendered":"<p>SEM, SEO, Programmatic Klient: Agencja digital marketingowa Bran\u017ca: R\u00f3\u017cne Social Media Szybka pomoc przy nowych projektach marketingowych po wygranych przetargach Sytuacja Firma X specjalizuj\u0105ca si\u0119 w digital marketingu wygra\u0142a kilka du\u017cych przetarg\u00f3w na prowadzenie kampanii online dla nowych klient\u00f3w. Projekty obejmuj\u0105 szeroki zakres dzia\u0142a\u0144, takich jak SEM, SEO, kampanie programmatic oraz dzia\u0142ania paid social. Sukces [&hellip;]<\/p>","protected":false},"author":3,"featured_media":0,"parent":0,"menu_order":0,"comment_status":"closed","ping_status":"closed","template":"","meta":{"footnotes":""},"class_list":["post-3767","page","type-page","status-publish","hentry"],"yoast_head":"<!-- This site is optimized with the Yoast SEO plugin v25.2 - https:\/\/yoast.com\/wordpress\/plugins\/seo\/ -->\n<title>Wygrany przetarg - Bidads<\/title>\n<meta name=\"description\" content=\"BIDads - body leasing obejmuje szybk\u0105 pomoc przy nowych projektach marketingowych po wygranych przetargach.\" \/>\n<meta name=\"robots\" content=\"index, follow, max-snippet:-1, max-image-preview:large, max-video-preview:-1\" \/>\n<link rel=\"canonical\" href=\"https:\/\/bidads.pl\/en\/wygrany-przetarg\/\" \/>\n<meta property=\"og:locale\" content=\"en_GB\" \/>\n<meta property=\"og:type\" content=\"article\" \/>\n<meta property=\"og:title\" content=\"Wygrany przetarg - Bidads\" \/>\n<meta property=\"og:description\" content=\"BIDads - body leasing obejmuje szybk\u0105 pomoc przy nowych projektach marketingowych po wygranych przetargach.\" \/>\n<meta property=\"og:url\" content=\"https:\/\/bidads.pl\/en\/wygrany-przetarg\/\" \/>\n<meta property=\"og:site_name\" content=\"Bidads\" \/>\n<meta property=\"article:modified_time\" content=\"2025-01-31T21:14:46+00:00\" \/>\n<meta property=\"og:image\" content=\"https:\/\/bidads.pl\/wp-content\/uploads\/2025\/01\/BIDads_body_leasing_wygrany_przetarg.jpg\" \/>\n<meta name=\"twitter:card\" content=\"summary_large_image\" \/>\n<meta name=\"twitter:label1\" content=\"Estimated reading time\" \/>\n\t<meta name=\"twitter:data1\" content=\"2 minutes\" \/>\n<script type=\"application\/ld+json\" class=\"yoast-schema-graph\">{\"@context\":\"https:\/\/schema.org\",\"@graph\":[{\"@type\":\"WebPage\",\"@id\":\"https:\/\/bidads.pl\/wygrany-przetarg\/\",\"url\":\"https:\/\/bidads.pl\/wygrany-przetarg\/\",\"name\":\"Wygrany przetarg - Bidads\",\"isPartOf\":{\"@id\":\"https:\/\/bidads.pl\/#website\"},\"primaryImageOfPage\":{\"@id\":\"https:\/\/bidads.pl\/wygrany-przetarg\/#primaryimage\"},\"image\":{\"@id\":\"https:\/\/bidads.pl\/wygrany-przetarg\/#primaryimage\"},\"thumbnailUrl\":\"https:\/\/bidads.pl\/wp-content\/uploads\/2025\/01\/BIDads_body_leasing_wygrany_przetarg.jpg\",\"datePublished\":\"2024-12-03T11:14:48+00:00\",\"dateModified\":\"2025-01-31T21:14:46+00:00\",\"description\":\"BIDads - body leasing obejmuje szybk\u0105 pomoc przy nowych projektach marketingowych po wygranych przetargach.\",\"breadcrumb\":{\"@id\":\"https:\/\/bidads.pl\/wygrany-przetarg\/#breadcrumb\"},\"inLanguage\":\"en-GB\",\"potentialAction\":[{\"@type\":\"ReadAction\",\"target\":[\"https:\/\/bidads.pl\/wygrany-przetarg\/\"]}]},{\"@type\":\"ImageObject\",\"inLanguage\":\"en-GB\",\"@id\":\"https:\/\/bidads.pl\/wygrany-przetarg\/#primaryimage\",\"url\":\"https:\/\/bidads.pl\/wp-content\/uploads\/2025\/01\/BIDads_body_leasing_wygrany_przetarg.jpg\",\"contentUrl\":\"https:\/\/bidads.pl\/wp-content\/uploads\/2025\/01\/BIDads_body_leasing_wygrany_przetarg.jpg\"},{\"@type\":\"BreadcrumbList\",\"@id\":\"https:\/\/bidads.pl\/wygrany-przetarg\/#breadcrumb\",\"itemListElement\":[{\"@type\":\"ListItem\",\"position\":1,\"name\":\"Strona g\u0142\u00f3wna\",\"item\":\"https:\/\/bidads.pl\/\"},{\"@type\":\"ListItem\",\"position\":2,\"name\":\"Wygrany przetarg\"}]},{\"@type\":\"WebSite\",\"@id\":\"https:\/\/bidads.pl\/#website\",\"url\":\"https:\/\/bidads.pl\/\",\"name\":\"Bidads\",\"description\":\"\",\"publisher\":{\"@id\":\"https:\/\/bidads.pl\/#organization\"},\"potentialAction\":[{\"@type\":\"SearchAction\",\"target\":{\"@type\":\"EntryPoint\",\"urlTemplate\":\"https:\/\/bidads.pl\/?s={search_term_string}\"},\"query-input\":{\"@type\":\"PropertyValueSpecification\",\"valueRequired\":true,\"valueName\":\"search_term_string\"}}],\"inLanguage\":\"en-GB\"},{\"@type\":\"Organization\",\"@id\":\"https:\/\/bidads.pl\/#organization\",\"name\":\"Bidads\",\"url\":\"https:\/\/bidads.pl\/\",\"logo\":{\"@type\":\"ImageObject\",\"inLanguage\":\"en-GB\",\"@id\":\"https:\/\/bidads.pl\/#\/schema\/logo\/image\/\",\"url\":\"https:\/\/bidads.pl\/wp-content\/uploads\/2024\/12\/cropped-logo_BIDads.jpg\",\"contentUrl\":\"https:\/\/bidads.pl\/wp-content\/uploads\/2024\/12\/cropped-logo_BIDads.jpg\",\"width\":424,\"height\":424,\"caption\":\"Bidads\"},\"image\":{\"@id\":\"https:\/\/bidads.pl\/#\/schema\/logo\/image\/\"},\"sameAs\":[\"https:\/\/www.linkedin.com\/company\/bidads-sp-z-o-o\/\"]}]}<\/script>\n<!-- \/ Yoast SEO plugin. -->","yoast_head_json":{"title":"Wygrany przetarg - Bidads","description":"BIDads - body leasing obejmuje szybk\u0105 pomoc przy nowych projektach marketingowych po wygranych przetargach.","robots":{"index":"index","follow":"follow","max-snippet":"max-snippet:-1","max-image-preview":"max-image-preview:large","max-video-preview":"max-video-preview:-1"},"canonical":"https:\/\/bidads.pl\/en\/wygrany-przetarg\/","og_locale":"en_GB","og_type":"article","og_title":"Wygrany przetarg - Bidads","og_description":"BIDads - body leasing obejmuje szybk\u0105 pomoc przy nowych projektach marketingowych po wygranych przetargach.","og_url":"https:\/\/bidads.pl\/en\/wygrany-przetarg\/","og_site_name":"Bidads","article_modified_time":"2025-01-31T21:14:46+00:00","og_image":[{"url":"https:\/\/bidads.pl\/wp-content\/uploads\/2025\/01\/BIDads_body_leasing_wygrany_przetarg.jpg","type":"","width":"","height":""}],"twitter_card":"summary_large_image","twitter_misc":{"Estimated reading time":"2 minutes"},"schema":{"@context":"https:\/\/schema.org","@graph":[{"@type":"WebPage","@id":"https:\/\/bidads.pl\/wygrany-przetarg\/","url":"https:\/\/bidads.pl\/wygrany-przetarg\/","name":"Wygrany przetarg - Bidads","isPartOf":{"@id":"https:\/\/bidads.pl\/#website"},"primaryImageOfPage":{"@id":"https:\/\/bidads.pl\/wygrany-przetarg\/#primaryimage"},"image":{"@id":"https:\/\/bidads.pl\/wygrany-przetarg\/#primaryimage"},"thumbnailUrl":"https:\/\/bidads.pl\/wp-content\/uploads\/2025\/01\/BIDads_body_leasing_wygrany_przetarg.jpg","datePublished":"2024-12-03T11:14:48+00:00","dateModified":"2025-01-31T21:14:46+00:00","description":"BIDads - body leasing obejmuje szybk\u0105 pomoc przy nowych projektach marketingowych po wygranych przetargach.","breadcrumb":{"@id":"https:\/\/bidads.pl\/wygrany-przetarg\/#breadcrumb"},"inLanguage":"en-GB","potentialAction":[{"@type":"ReadAction","target":["https:\/\/bidads.pl\/wygrany-przetarg\/"]}]},{"@type":"ImageObject","inLanguage":"en-GB","@id":"https:\/\/bidads.pl\/wygrany-przetarg\/#primaryimage","url":"https:\/\/bidads.pl\/wp-content\/uploads\/2025\/01\/BIDads_body_leasing_wygrany_przetarg.jpg","contentUrl":"https:\/\/bidads.pl\/wp-content\/uploads\/2025\/01\/BIDads_body_leasing_wygrany_przetarg.jpg"},{"@type":"BreadcrumbList","@id":"https:\/\/bidads.pl\/wygrany-przetarg\/#breadcrumb","itemListElement":[{"@type":"ListItem","position":1,"name":"Strona g\u0142\u00f3wna","item":"https:\/\/bidads.pl\/"},{"@type":"ListItem","position":2,"name":"Wygrany przetarg"}]},{"@type":"WebSite","@id":"https:\/\/bidads.pl\/#website","url":"https:\/\/bidads.pl\/","name":"Bidads","description":"","publisher":{"@id":"https:\/\/bidads.pl\/#organization"},"potentialAction":[{"@type":"SearchAction","target":{"@type":"EntryPoint","urlTemplate":"https:\/\/bidads.pl\/?s={search_term_string}"},"query-input":{"@type":"PropertyValueSpecification","valueRequired":true,"valueName":"search_term_string"}}],"inLanguage":"en-GB"},{"@type":"Organization","@id":"https:\/\/bidads.pl\/#organization","name":"Bidads","url":"https:\/\/bidads.pl\/","logo":{"@type":"ImageObject","inLanguage":"en-GB","@id":"https:\/\/bidads.pl\/#\/schema\/logo\/image\/","url":"https:\/\/bidads.pl\/wp-content\/uploads\/2024\/12\/cropped-logo_BIDads.jpg","contentUrl":"https:\/\/bidads.pl\/wp-content\/uploads\/2024\/12\/cropped-logo_BIDads.jpg","width":424,"height":424,"caption":"Bidads"},"image":{"@id":"https:\/\/bidads.pl\/#\/schema\/logo\/image\/"},"sameAs":["https:\/\/www.linkedin.com\/company\/bidads-sp-z-o-o\/"]}]}},"_links":{"self":[{"href":"https:\/\/bidads.pl\/en\/wp-json\/wp\/v2\/pages\/3767","targetHints":{"allow":["GET"]}}],"collection":[{"href":"https:\/\/bidads.pl\/en\/wp-json\/wp\/v2\/pages"}],"about":[{"href":"https:\/\/bidads.pl\/en\/wp-json\/wp\/v2\/types\/page"}],"author":[{"embeddable":true,"href":"https:\/\/bidads.pl\/en\/wp-json\/wp\/v2\/users\/3"}],"replies":[{"embeddable":true,"href":"https:\/\/bidads.pl\/en\/wp-json\/wp\/v2\/comments?post=3767"}],"version-history":[{"count":10,"href":"https:\/\/bidads.pl\/en\/wp-json\/wp\/v2\/pages\/3767\/revisions"}],"predecessor-version":[{"id":4420,"href":"https:\/\/bidads.pl\/en\/wp-json\/wp\/v2\/pages\/3767\/revisions\/4420"}],"wp:attachment":[{"href":"https:\/\/bidads.pl\/en\/wp-json\/wp\/v2\/media?parent=3767"}],"curies":[{"name":"wp","href":"https:\/\/api.w.org\/{rel}","templated":true}]}}