{"id":3761,"date":"2024-12-03T12:10:54","date_gmt":"2024-12-03T11:10:54","guid":{"rendered":"https:\/\/bidads.pl\/?page_id=3761"},"modified":"2025-01-31T22:35:49","modified_gmt":"2025-01-31T21:35:49","slug":"zastepstwo-urlop","status":"publish","type":"page","link":"https:\/\/bidads.pl\/en\/zastepstwo-urlop\/","title":{"rendered":"Temporary replacement (holiday leave)"},"content":{"rendered":"<div data-elementor-type=\"wp-page\" data-elementor-id=\"3761\" class=\"elementor elementor-3761\">\n\t\t\t\t<div class=\"elementor-element elementor-element-5a6cc53a e-flex e-con-boxed e-con e-parent\" data-id=\"5a6cc53a\" data-element_type=\"container\">\n\t\t\t\t\t<div class=\"e-con-inner\">\n\t\t\t\t<div class=\"elementor-element elementor-element-137e95e8 elementor-widget elementor-widget-noile-image-box\" data-id=\"137e95e8\" data-element_type=\"widget\" data-widget_type=\"noile-image-box.default\">\n\t\t\t\t<div class=\"elementor-widget-container\">\n\t\t\t\t\t\t<div class=\"case-study-details__img-box\">\r\n\t\t<img decoding=\"async\" src=\"https:\/\/bidads.pl\/wp-content\/uploads\/2025\/01\/BIDads_body_leasing_zastepstwo_za_pracownika1.jpg\" alt=\"BIDads_body_leasing_zastepstwo_za_pracownika(1)\" title=\"BIDads_body_leasing_zastepstwo_za_pracownika(1)\" class=\"case-study-details__img\" >\t\t<p class=\"case-study-details__card-category\">Online Campaign<\/p>\r\n\t<\/div>\r\n\t\t\t\t<\/div>\n\t\t\t\t<\/div>\n\t\t\t\t\t<\/div>\n\t\t\t\t<\/div>\n\t\t<div class=\"elementor-element elementor-element-2154a6ed e-flex e-con-boxed e-con e-parent\" data-id=\"2154a6ed\" data-element_type=\"container\">\n\t\t\t\t\t<div class=\"e-con-inner\">\n\t\t<div class=\"elementor-element elementor-element-5d9f8520 e-con-full e-flex e-con e-child\" data-id=\"5d9f8520\" data-element_type=\"container\">\n\t\t\t\t<div class=\"elementor-element elementor-element-72f8643f elementor-widget elementor-widget-sidebar-case-info\" data-id=\"72f8643f\" data-element_type=\"widget\" data-widget_type=\"sidebar-case-info.default\">\n\t\t\t\t<div class=\"elementor-widget-container\">\n\t\t\t\t\t    <div class=\"case-study-details__info case-study-details__info-item wow animated fadeInRight\" data-wow-delay=\"0.1s\" data-wow-duration=\"1500ms\">\r\n        <ul class=\"case-study-details__info-list\">\r\n                            <li class=\"case-study-details__info-item\">\r\n                    <p class=\"case-study-details__info-top\">Client<\/p>\r\n                    <p class=\"case-study-details__info-title\">Digital marketing agency<\/p>\r\n                <\/li>\r\n                            <li class=\"case-study-details__info-item\">\r\n                    <p class=\"case-study-details__info-top\">Industry<\/p>\r\n                    <p class=\"case-study-details__info-title\">Various industries<\/p>\r\n                <\/li>\r\n                    <\/ul>\r\n        <svg class=\"case-study-details__info-shape\" xmlns=\"http:\/\/www.w3.org\/2000\/svg\" width=\"222\" height=\"230\" viewbox=\"0 0 222 230\" fill=\"none\">\r\n            <path d=\"M98.55 91.9998L75.0334 109.136L145.728 218.98L179 219L98.55 91.9998Z\" \/>\r\n            <path d=\"M164.16 42.9998H109.44L0.000167847 187H53.2802L164.16 42.9998Z\" \/>\r\n            <path d=\"M179.691 -0.000244141L13.2508 219H52.6708L221.301 -0.000244141H179.691Z\" \/>\r\n        <\/svg>\r\n    <\/div><!-- \/.case-study-details__inf0 -->\r\n\t\t\t\t<\/div>\n\t\t\t\t<\/div>\n\t\t\t\t<div class=\"elementor-element elementor-element-653bf497 elementor-widget elementor-widget-sidebar-social-info\" data-id=\"653bf497\" data-element_type=\"widget\" data-widget_type=\"sidebar-social-info.default\">\n\t\t\t\t<div class=\"elementor-widget-container\">\n\t\t\t\t\t    <div class=\"case-study-details__social case-study-details__info-item\">\r\n        <h3 class=\"case-study-details__sm-title case-study-details__social-title\">Social Media<\/h3>        <ul class=\"case-study-details__social-list\">\r\n                            <li class=\"case-study-details__social-item\">\r\n                    <a class=\"case-study-details__social-link\"   href=\"https:\/\/www.facebook.com\/\">\r\n                        <span aria-hidden=\"true\" class=\"icon-facebook\"><\/span>                    <\/a>\r\n                <\/li>\r\n                            <li class=\"case-study-details__social-item\">\r\n                    <a class=\"case-study-details__social-link\"   href=\"https:\/\/www.twitter.com\/\">\r\n                        <span aria-hidden=\"true\" class=\"icon-linkedin\"><\/span>                    <\/a>\r\n                <\/li>\r\n                    <\/ul>\r\n    <\/div><!-- \/.case-study-details__social -->\r\n\r\n\t\t\t\t<\/div>\n\t\t\t\t<\/div>\n\t\t\t\t<\/div>\n\t\t<div class=\"elementor-element elementor-element-49408041 e-con-full e-flex e-con e-child\" data-id=\"49408041\" data-element_type=\"container\">\n\t\t\t\t<div class=\"elementor-element elementor-element-da6d722 elementor-widget elementor-widget-text-editor\" data-id=\"da6d722\" data-element_type=\"widget\" data-widget_type=\"text-editor.default\">\n\t\t\t\t<div class=\"elementor-widget-container\">\n\t\t\t\t\t\t\t\t\t<div class=\"case-study-details__text-one-box case-study-details__item\">\n<h3 class=\"case-study-details__md-title\">Employee coverage during the summer period<\/h3>\n\n\n<\/div>\t\t\t\t\t\t\t\t<\/div>\n\t\t\t\t<\/div>\n\t\t\t\t<div class=\"elementor-element elementor-element-49d02631 elementor-widget elementor-widget-text-editor\" data-id=\"49d02631\" data-element_type=\"widget\" data-widget_type=\"text-editor.default\">\n\t\t\t\t<div class=\"elementor-widget-container\">\n\t\t\t\t\t\t\t\t\t<div class=\"case-study-details__text-two-box case-study-details__item\">\n<h3 class=\"case-study-details__sm-title\">Scenario<\/h3>\n<p class=\"case-study-details__desc-two case-study-details__desc\">Company Y, specialising in digital marketing, operates in a dynamic industry where online\ncampaigns (SEM, SEO, paid social) require constant monitoring and optimisation. During the\nsummer period, several key marketing team members responsible for managing Google Ads and\ncampaigns on Facebook and Instagram have planned extended annual leave. The company\nneeds support for two months to maintain campaign continuity and prevent performance\nissues.<\/p>\n<\/div>\t\t\t\t\t\t\t\t<\/div>\n\t\t\t\t<\/div>\n\t\t\t\t<div class=\"elementor-element elementor-element-62864839 elementor-widget elementor-widget-text-editor\" data-id=\"62864839\" data-element_type=\"widget\" data-widget_type=\"text-editor.default\">\n\t\t\t\t<div class=\"elementor-widget-container\">\n\t\t\t\t\t\t\t\t\t<div class=\"case-study-details__text-three-box case-study-details__item\">\n<h3 class=\"case-study-details__sm-title\">Body leasing Talent outsourcing solution<\/h3>\n<p class=\"case-study-details__desc-four case-study-details__desc\">Company Y decides to hire a specialist from a talent outsourcing agency, who takes over the\nresponsibilities of absent employees during their holiday leave. The new specialist promptly\ntakes over the task of monitoring and optimising campaigns, along with providing performance\nreports. With expertise in SEM and paid social campaigns, the external expert quickly integrates\ninto Company Y\u2019s workflow, ensuring that marketing activities continue without disruption.\nThis allows Company Y to maintain smooth operations and stability during the peak holiday\nperiod and avoid project delays. Once the regular employees return, the outsourced specialist\nconcludes his or her assignment.<\/p>\n\n<\/div>\t\t\t\t\t\t\t\t<\/div>\n\t\t\t\t<\/div>\n\t\t\t\t<\/div>\n\t\t\t\t\t<\/div>\n\t\t\t\t<\/div>\n\t\t\t\t<\/div>","protected":false},"excerpt":{"rendered":"<p>Kampanie online Klient: Agencja digital marketingowa Bran\u017ca: R\u00f3\u017cne Social Media Zast\u0119pstwo w okresie wakacyjnym Sytuacja Firma Y, specjalizuj\u0105ca si\u0119 w digital marketingu, dzia\u0142a w dynamicznej bran\u017cy, w kt\u00f3rej kampanie online (SEM, SEO, paid social) musz\u0105 by\u0107 stale monitorowane i optymalizowane. W okresie wakacyjnym kilku kluczowych pracownik\u00f3w dzia\u0142u marketingu, odpowiedzialnych za obs\u0142ug\u0119 reklam w Google Ads [&hellip;]<\/p>","protected":false},"author":3,"featured_media":0,"parent":0,"menu_order":0,"comment_status":"closed","ping_status":"closed","template":"","meta":{"footnotes":""},"class_list":["post-3761","page","type-page","status-publish","hentry"],"yoast_head":"<!-- This site is optimized with the Yoast SEO plugin v25.2 - https:\/\/yoast.com\/wordpress\/plugins\/seo\/ -->\n<title>Zast\u0119pstwo (urlop) - Bidads<\/title>\n<meta name=\"description\" content=\"Zewn\u0119trzny ekspert z do\u015bwiadczeniem w prowadzeniu kampanii SEM i paid social szybko dostosowuje si\u0119 do standard\u00f3w pracy w firmie.\" \/>\n<meta name=\"robots\" content=\"index, follow, max-snippet:-1, max-image-preview:large, max-video-preview:-1\" \/>\n<link rel=\"canonical\" href=\"https:\/\/bidads.pl\/en\/zastepstwo-urlop\/\" \/>\n<meta property=\"og:locale\" content=\"en_GB\" \/>\n<meta property=\"og:type\" content=\"article\" \/>\n<meta property=\"og:title\" content=\"Zast\u0119pstwo (urlop)\" \/>\n<meta property=\"og:description\" content=\"Zewn\u0119trzny ekspert z do\u015bwiadczeniem w prowadzeniu kampanii SEM i paid social szybko dostosowuje si\u0119 do standard\u00f3w pracy w firmie.\" \/>\n<meta property=\"og:url\" content=\"https:\/\/bidads.pl\/en\/zastepstwo-urlop\/\" \/>\n<meta property=\"og:site_name\" content=\"Bidads\" \/>\n<meta property=\"article:modified_time\" content=\"2025-01-31T21:35:49+00:00\" \/>\n<meta property=\"og:image\" content=\"https:\/\/bidads.pl\/wp-content\/uploads\/2025\/01\/BIDads_body_leasing_zastepstwo_za_pracownika1.jpg\" \/>\n<meta name=\"twitter:card\" content=\"summary_large_image\" \/>\n<meta name=\"twitter:title\" content=\"Zast\u0119pstwo (urlop)\" \/>\n<meta name=\"twitter:description\" content=\"Zewn\u0119trzny ekspert z do\u015bwiadczeniem w prowadzeniu kampanii SEM i paid social szybko dostosowuje si\u0119 do standard\u00f3w pracy w firmie.\" \/>\n<meta name=\"twitter:label1\" content=\"Estimated reading time\" \/>\n\t<meta name=\"twitter:data1\" content=\"2 minutes\" \/>\n<script type=\"application\/ld+json\" class=\"yoast-schema-graph\">{\"@context\":\"https:\/\/schema.org\",\"@graph\":[{\"@type\":\"WebPage\",\"@id\":\"https:\/\/bidads.pl\/zastepstwo-urlop\/\",\"url\":\"https:\/\/bidads.pl\/zastepstwo-urlop\/\",\"name\":\"Zast\u0119pstwo (urlop) - Bidads\",\"isPartOf\":{\"@id\":\"https:\/\/bidads.pl\/#website\"},\"primaryImageOfPage\":{\"@id\":\"https:\/\/bidads.pl\/zastepstwo-urlop\/#primaryimage\"},\"image\":{\"@id\":\"https:\/\/bidads.pl\/zastepstwo-urlop\/#primaryimage\"},\"thumbnailUrl\":\"https:\/\/bidads.pl\/wp-content\/uploads\/2025\/01\/BIDads_body_leasing_zastepstwo_za_pracownika1.jpg\",\"datePublished\":\"2024-12-03T11:10:54+00:00\",\"dateModified\":\"2025-01-31T21:35:49+00:00\",\"description\":\"Zewn\u0119trzny ekspert z do\u015bwiadczeniem w prowadzeniu kampanii SEM i paid social szybko dostosowuje si\u0119 do standard\u00f3w pracy w firmie.\",\"breadcrumb\":{\"@id\":\"https:\/\/bidads.pl\/zastepstwo-urlop\/#breadcrumb\"},\"inLanguage\":\"en-GB\",\"potentialAction\":[{\"@type\":\"ReadAction\",\"target\":[\"https:\/\/bidads.pl\/zastepstwo-urlop\/\"]}]},{\"@type\":\"ImageObject\",\"inLanguage\":\"en-GB\",\"@id\":\"https:\/\/bidads.pl\/zastepstwo-urlop\/#primaryimage\",\"url\":\"https:\/\/bidads.pl\/wp-content\/uploads\/2025\/01\/BIDads_body_leasing_zastepstwo_za_pracownika1.jpg\",\"contentUrl\":\"https:\/\/bidads.pl\/wp-content\/uploads\/2025\/01\/BIDads_body_leasing_zastepstwo_za_pracownika1.jpg\"},{\"@type\":\"BreadcrumbList\",\"@id\":\"https:\/\/bidads.pl\/zastepstwo-urlop\/#breadcrumb\",\"itemListElement\":[{\"@type\":\"ListItem\",\"position\":1,\"name\":\"Strona g\u0142\u00f3wna\",\"item\":\"https:\/\/bidads.pl\/\"},{\"@type\":\"ListItem\",\"position\":2,\"name\":\"Zast\u0119pstwo (urlop)\"}]},{\"@type\":\"WebSite\",\"@id\":\"https:\/\/bidads.pl\/#website\",\"url\":\"https:\/\/bidads.pl\/\",\"name\":\"Bidads\",\"description\":\"\",\"publisher\":{\"@id\":\"https:\/\/bidads.pl\/#organization\"},\"potentialAction\":[{\"@type\":\"SearchAction\",\"target\":{\"@type\":\"EntryPoint\",\"urlTemplate\":\"https:\/\/bidads.pl\/?s={search_term_string}\"},\"query-input\":{\"@type\":\"PropertyValueSpecification\",\"valueRequired\":true,\"valueName\":\"search_term_string\"}}],\"inLanguage\":\"en-GB\"},{\"@type\":\"Organization\",\"@id\":\"https:\/\/bidads.pl\/#organization\",\"name\":\"Bidads\",\"url\":\"https:\/\/bidads.pl\/\",\"logo\":{\"@type\":\"ImageObject\",\"inLanguage\":\"en-GB\",\"@id\":\"https:\/\/bidads.pl\/#\/schema\/logo\/image\/\",\"url\":\"https:\/\/bidads.pl\/wp-content\/uploads\/2024\/12\/cropped-logo_BIDads.jpg\",\"contentUrl\":\"https:\/\/bidads.pl\/wp-content\/uploads\/2024\/12\/cropped-logo_BIDads.jpg\",\"width\":424,\"height\":424,\"caption\":\"Bidads\"},\"image\":{\"@id\":\"https:\/\/bidads.pl\/#\/schema\/logo\/image\/\"},\"sameAs\":[\"https:\/\/www.linkedin.com\/company\/bidads-sp-z-o-o\/\"]}]}<\/script>\n<!-- \/ Yoast SEO plugin. -->","yoast_head_json":{"title":"Zast\u0119pstwo (urlop) - Bidads","description":"Zewn\u0119trzny ekspert z do\u015bwiadczeniem w prowadzeniu kampanii SEM i paid social szybko dostosowuje si\u0119 do standard\u00f3w pracy w firmie.","robots":{"index":"index","follow":"follow","max-snippet":"max-snippet:-1","max-image-preview":"max-image-preview:large","max-video-preview":"max-video-preview:-1"},"canonical":"https:\/\/bidads.pl\/en\/zastepstwo-urlop\/","og_locale":"en_GB","og_type":"article","og_title":"Zast\u0119pstwo (urlop)","og_description":"Zewn\u0119trzny ekspert z do\u015bwiadczeniem w prowadzeniu kampanii SEM i paid social szybko dostosowuje si\u0119 do standard\u00f3w pracy w firmie.","og_url":"https:\/\/bidads.pl\/en\/zastepstwo-urlop\/","og_site_name":"Bidads","article_modified_time":"2025-01-31T21:35:49+00:00","og_image":[{"url":"https:\/\/bidads.pl\/wp-content\/uploads\/2025\/01\/BIDads_body_leasing_zastepstwo_za_pracownika1.jpg","type":"","width":"","height":""}],"twitter_card":"summary_large_image","twitter_title":"Zast\u0119pstwo (urlop)","twitter_description":"Zewn\u0119trzny ekspert z do\u015bwiadczeniem w prowadzeniu kampanii SEM i paid social szybko dostosowuje si\u0119 do standard\u00f3w pracy w firmie.","twitter_misc":{"Estimated reading time":"2 minutes"},"schema":{"@context":"https:\/\/schema.org","@graph":[{"@type":"WebPage","@id":"https:\/\/bidads.pl\/zastepstwo-urlop\/","url":"https:\/\/bidads.pl\/zastepstwo-urlop\/","name":"Zast\u0119pstwo (urlop) - Bidads","isPartOf":{"@id":"https:\/\/bidads.pl\/#website"},"primaryImageOfPage":{"@id":"https:\/\/bidads.pl\/zastepstwo-urlop\/#primaryimage"},"image":{"@id":"https:\/\/bidads.pl\/zastepstwo-urlop\/#primaryimage"},"thumbnailUrl":"https:\/\/bidads.pl\/wp-content\/uploads\/2025\/01\/BIDads_body_leasing_zastepstwo_za_pracownika1.jpg","datePublished":"2024-12-03T11:10:54+00:00","dateModified":"2025-01-31T21:35:49+00:00","description":"Zewn\u0119trzny ekspert z do\u015bwiadczeniem w prowadzeniu kampanii SEM i paid social szybko dostosowuje si\u0119 do standard\u00f3w pracy w firmie.","breadcrumb":{"@id":"https:\/\/bidads.pl\/zastepstwo-urlop\/#breadcrumb"},"inLanguage":"en-GB","potentialAction":[{"@type":"ReadAction","target":["https:\/\/bidads.pl\/zastepstwo-urlop\/"]}]},{"@type":"ImageObject","inLanguage":"en-GB","@id":"https:\/\/bidads.pl\/zastepstwo-urlop\/#primaryimage","url":"https:\/\/bidads.pl\/wp-content\/uploads\/2025\/01\/BIDads_body_leasing_zastepstwo_za_pracownika1.jpg","contentUrl":"https:\/\/bidads.pl\/wp-content\/uploads\/2025\/01\/BIDads_body_leasing_zastepstwo_za_pracownika1.jpg"},{"@type":"BreadcrumbList","@id":"https:\/\/bidads.pl\/zastepstwo-urlop\/#breadcrumb","itemListElement":[{"@type":"ListItem","position":1,"name":"Strona g\u0142\u00f3wna","item":"https:\/\/bidads.pl\/"},{"@type":"ListItem","position":2,"name":"Zast\u0119pstwo (urlop)"}]},{"@type":"WebSite","@id":"https:\/\/bidads.pl\/#website","url":"https:\/\/bidads.pl\/","name":"Bidads","description":"","publisher":{"@id":"https:\/\/bidads.pl\/#organization"},"potentialAction":[{"@type":"SearchAction","target":{"@type":"EntryPoint","urlTemplate":"https:\/\/bidads.pl\/?s={search_term_string}"},"query-input":{"@type":"PropertyValueSpecification","valueRequired":true,"valueName":"search_term_string"}}],"inLanguage":"en-GB"},{"@type":"Organization","@id":"https:\/\/bidads.pl\/#organization","name":"Bidads","url":"https:\/\/bidads.pl\/","logo":{"@type":"ImageObject","inLanguage":"en-GB","@id":"https:\/\/bidads.pl\/#\/schema\/logo\/image\/","url":"https:\/\/bidads.pl\/wp-content\/uploads\/2024\/12\/cropped-logo_BIDads.jpg","contentUrl":"https:\/\/bidads.pl\/wp-content\/uploads\/2024\/12\/cropped-logo_BIDads.jpg","width":424,"height":424,"caption":"Bidads"},"image":{"@id":"https:\/\/bidads.pl\/#\/schema\/logo\/image\/"},"sameAs":["https:\/\/www.linkedin.com\/company\/bidads-sp-z-o-o\/"]}]}},"_links":{"self":[{"href":"https:\/\/bidads.pl\/en\/wp-json\/wp\/v2\/pages\/3761","targetHints":{"allow":["GET"]}}],"collection":[{"href":"https:\/\/bidads.pl\/en\/wp-json\/wp\/v2\/pages"}],"about":[{"href":"https:\/\/bidads.pl\/en\/wp-json\/wp\/v2\/types\/page"}],"author":[{"embeddable":true,"href":"https:\/\/bidads.pl\/en\/wp-json\/wp\/v2\/users\/3"}],"replies":[{"embeddable":true,"href":"https:\/\/bidads.pl\/en\/wp-json\/wp\/v2\/comments?post=3761"}],"version-history":[{"count":7,"href":"https:\/\/bidads.pl\/en\/wp-json\/wp\/v2\/pages\/3761\/revisions"}],"predecessor-version":[{"id":4416,"href":"https:\/\/bidads.pl\/en\/wp-json\/wp\/v2\/pages\/3761\/revisions\/4416"}],"wp:attachment":[{"href":"https:\/\/bidads.pl\/en\/wp-json\/wp\/v2\/media?parent=3761"}],"curies":[{"name":"wp","href":"https:\/\/api.w.org\/{rel}","templated":true}]}}