{"id":3755,"date":"2024-12-03T11:53:46","date_gmt":"2024-12-03T10:53:46","guid":{"rendered":"https:\/\/bidads.pl\/?page_id=3755"},"modified":"2025-01-31T22:32:01","modified_gmt":"2025-01-31T21:32:01","slug":"zastepstwo-l4","status":"publish","type":"page","link":"https:\/\/bidads.pl\/en\/zastepstwo-l4\/","title":{"rendered":"Temporary replacement (sick leave)"},"content":{"rendered":"<div data-elementor-type=\"wp-page\" data-elementor-id=\"3755\" class=\"elementor elementor-3755\">\n\t\t\t\t<div class=\"elementor-element elementor-element-21b688a7 e-flex e-con-boxed e-con e-parent\" data-id=\"21b688a7\" data-element_type=\"container\">\n\t\t\t\t\t<div class=\"e-con-inner\">\n\t\t\t\t<div class=\"elementor-element elementor-element-7d892be9 elementor-widget elementor-widget-noile-image-box\" data-id=\"7d892be9\" data-element_type=\"widget\" data-widget_type=\"noile-image-box.default\">\n\t\t\t\t<div class=\"elementor-widget-container\">\n\t\t\t\t\t\t<div class=\"case-study-details__img-box\">\r\n\t\t\t\t<p class=\"case-study-details__card-category\">Online Campaign<\/p>\r\n\t<\/div>\r\n\t\t\t\t<\/div>\n\t\t\t\t<\/div>\n\t\t\t\t\t<\/div>\n\t\t\t\t<\/div>\n\t\t<div class=\"elementor-element elementor-element-7d5ff5e e-flex e-con-boxed e-con e-parent\" data-id=\"7d5ff5e\" data-element_type=\"container\">\n\t\t\t\t\t<div class=\"e-con-inner\">\n\t\t<div class=\"elementor-element elementor-element-67dff721 e-con-full e-flex e-con e-child\" data-id=\"67dff721\" data-element_type=\"container\">\n\t\t\t\t<div class=\"elementor-element elementor-element-145724bf elementor-widget elementor-widget-sidebar-case-info\" data-id=\"145724bf\" data-element_type=\"widget\" data-widget_type=\"sidebar-case-info.default\">\n\t\t\t\t<div class=\"elementor-widget-container\">\n\t\t\t\t\t    <div class=\"case-study-details__info case-study-details__info-item wow animated fadeInRight\" data-wow-delay=\"0.1s\" data-wow-duration=\"1500ms\">\r\n        <ul class=\"case-study-details__info-list\">\r\n                            <li class=\"case-study-details__info-item\">\r\n                    <p class=\"case-study-details__info-top\">Client<\/p>\r\n                    <p class=\"case-study-details__info-title\">e-commerce<\/p>\r\n                <\/li>\r\n                            <li class=\"case-study-details__info-item\">\r\n                    <p class=\"case-study-details__info-top\">Industry<\/p>\r\n                    <p class=\"case-study-details__info-title\">Cosmetics<\/p>\r\n                <\/li>\r\n                    <\/ul>\r\n        <svg class=\"case-study-details__info-shape\" xmlns=\"http:\/\/www.w3.org\/2000\/svg\" width=\"222\" height=\"230\" viewbox=\"0 0 222 230\" fill=\"none\">\r\n            <path d=\"M98.55 91.9998L75.0334 109.136L145.728 218.98L179 219L98.55 91.9998Z\" \/>\r\n            <path d=\"M164.16 42.9998H109.44L0.000167847 187H53.2802L164.16 42.9998Z\" \/>\r\n            <path d=\"M179.691 -0.000244141L13.2508 219H52.6708L221.301 -0.000244141H179.691Z\" \/>\r\n        <\/svg>\r\n    <\/div><!-- \/.case-study-details__inf0 -->\r\n\t\t\t\t<\/div>\n\t\t\t\t<\/div>\n\t\t\t\t<div class=\"elementor-element elementor-element-699c97ad elementor-widget elementor-widget-sidebar-social-info\" data-id=\"699c97ad\" data-element_type=\"widget\" data-widget_type=\"sidebar-social-info.default\">\n\t\t\t\t<div class=\"elementor-widget-container\">\n\t\t\t\t\t    <div class=\"case-study-details__social case-study-details__info-item\">\r\n        <h3 class=\"case-study-details__sm-title case-study-details__social-title\">Social Media<\/h3>        <ul class=\"case-study-details__social-list\">\r\n                            <li class=\"case-study-details__social-item\">\r\n                    <a class=\"case-study-details__social-link\"   href=\"https:\/\/www.facebook.com\/\">\r\n                        <span aria-hidden=\"true\" class=\"icon-facebook\"><\/span>                    <\/a>\r\n                <\/li>\r\n                            <li class=\"case-study-details__social-item\">\r\n                    <a class=\"case-study-details__social-link\"   href=\"https:\/\/www.twitter.com\/\">\r\n                        <span aria-hidden=\"true\" class=\"icon-linkedin\"><\/span>                    <\/a>\r\n                <\/li>\r\n                    <\/ul>\r\n    <\/div><!-- \/.case-study-details__social -->\r\n\r\n\t\t\t\t<\/div>\n\t\t\t\t<\/div>\n\t\t\t\t<\/div>\n\t\t<div class=\"elementor-element elementor-element-2495dce e-con-full e-flex e-con e-child\" data-id=\"2495dce\" data-element_type=\"container\">\n\t\t\t\t<div class=\"elementor-element elementor-element-651c28a2 elementor-widget elementor-widget-text-editor\" data-id=\"651c28a2\" data-element_type=\"widget\" data-widget_type=\"text-editor.default\">\n\t\t\t\t<div class=\"elementor-widget-container\">\n\t\t\t\t\t\t\t\t\t<div class=\"case-study-details__text-one-box case-study-details__item\">\n<h3 class=\"case-study-details__md-title\">Temporary replacement for an employee on sick leave<\/h3>\n\n\n<\/div>\t\t\t\t\t\t\t\t<\/div>\n\t\t\t\t<\/div>\n\t\t\t\t<div class=\"elementor-element elementor-element-8bb3224 elementor-widget elementor-widget-text-editor\" data-id=\"8bb3224\" data-element_type=\"widget\" data-widget_type=\"text-editor.default\">\n\t\t\t\t<div class=\"elementor-widget-container\">\n\t\t\t\t\t\t\t\t\t<div class=\"case-study-details__text-two-box case-study-details__item\">\n<h3 class=\"case-study-details__sm-title\">Scenario<\/h3>\n<p class=\"case-study-details__desc-two case-study-details__desc\">An e-commerce business is running several online campaigns on Google Ads, Facebook Ads, and\nother advertising platforms that are crucial for driving sales. However, the digital marketing\nspecialist responsible for planning, optimising and monitoring these campaigns is on extended\nmedical leave, which puts performance and revenue at risk.<\/p>\n<\/div>\t\t\t\t\t\t\t\t<\/div>\n\t\t\t\t<\/div>\n\t\t\t\t<div class=\"elementor-element elementor-element-412bbb13 elementor-widget elementor-widget-text-editor\" data-id=\"412bbb13\" data-element_type=\"widget\" data-widget_type=\"text-editor.default\">\n\t\t\t\t<div class=\"elementor-widget-container\">\n\t\t\t\t\t\t\t\t\t<div class=\"case-study-details__text-three-box case-study-details__item\">\n<h3 class=\"case-study-details__sm-title\">Body leasing Talent outsourcing solution<\/h3>\n<p class=\"case-study-details__desc-four case-study-details__desc\">\nThe company opts to hire an external expert from a talent outsourcing agency, who takes over\nthe responsibilities of managing the online campaigns during the employee&#039;s absence. This\nensures uninterrupted operations and keeps high campaign effectiveness. The external expert\nquickly gets involved in the project, implements necessary adjustments, optimises the budgets\nand adapts ads to shifting market trends, This solution allows the company to maintain\nmarketing performance and prevent a decline in sales, without the need for immediate training\nof the in-house team.<\/p>\n\n<\/div>\t\t\t\t\t\t\t\t<\/div>\n\t\t\t\t<\/div>\n\t\t\t\t<\/div>\n\t\t\t\t\t<\/div>\n\t\t\t\t<\/div>\n\t\t\t\t<\/div>","protected":false},"excerpt":{"rendered":"<p>Kampanie online Klient: Sklep internetowy Bran\u017ca: Kosmetyki Social Media Zast\u0119pstwo dla pracownika na zwolnieniu lekarskim Sytuacja Firma e-commerce prowadzi kilka kampanii online w Google Ads, Facebook Ads oraz na innych platformach reklamowych, kt\u00f3re s\u0105 kluczowe dla generowania sprzeda\u017cy. Specjalista z dzia\u0142u digital marketingu, odpowiedzialny za planowanie, optymalizacj\u0119 i monitoring tych kampanii, przebywa na przed\u0142u\u017caj\u0105cym si\u0119 [&hellip;]<\/p>","protected":false},"author":3,"featured_media":0,"parent":0,"menu_order":0,"comment_status":"closed","ping_status":"closed","template":"","meta":{"footnotes":""},"class_list":["post-3755","page","type-page","status-publish","hentry"],"yoast_head":"<!-- This site is optimized with the Yoast SEO plugin v25.2 - https:\/\/yoast.com\/wordpress\/plugins\/seo\/ -->\n<title>Zast\u0119pstwo (L4) - Bidads<\/title>\n<meta name=\"description\" content=\"Wynajem specjalisty z agencji body leasingowej, kt\u00f3ry przejmuje obowi\u0105zki zwi\u0105zane z obs\u0142ug\u0105 kampanii online na czas nieobecno\u015bci pracownika.\" \/>\n<meta name=\"robots\" content=\"index, follow, max-snippet:-1, max-image-preview:large, max-video-preview:-1\" \/>\n<link rel=\"canonical\" href=\"https:\/\/bidads.pl\/en\/zastepstwo-l4\/\" \/>\n<meta property=\"og:locale\" content=\"en_GB\" \/>\n<meta property=\"og:type\" content=\"article\" \/>\n<meta property=\"og:title\" content=\"Zast\u0119pstwo (L4) - Bidads\" \/>\n<meta property=\"og:description\" content=\"Firma decyduje si\u0119 na wynajem specjalisty z agencji body leasingowej, kt\u00f3ry przejmuje obowi\u0105zki zwi\u0105zane z obs\u0142ug\u0105 kampanii online na czas nieobecno\u015bci pracownika.\" \/>\n<meta property=\"og:url\" content=\"https:\/\/bidads.pl\/en\/zastepstwo-l4\/\" \/>\n<meta property=\"og:site_name\" content=\"Bidads\" \/>\n<meta property=\"article:modified_time\" content=\"2025-01-31T21:32:01+00:00\" \/>\n<meta property=\"og:image\" content=\"https:\/\/bidads.pl\/wp-content\/uploads\/2023\/10\/case-study-details-1-1.jpg\" \/>\n<meta name=\"twitter:card\" content=\"summary_large_image\" \/>\n<meta name=\"twitter:description\" content=\"Firma decyduje si\u0119 na wynajem specjalisty z agencji body leasingowej, kt\u00f3ry przejmuje obowi\u0105zki zwi\u0105zane z obs\u0142ug\u0105 kampanii online na czas nieobecno\u015bci pracownika.\" \/>\n<meta name=\"twitter:label1\" content=\"Estimated reading time\" \/>\n\t<meta name=\"twitter:data1\" content=\"2 minutes\" \/>\n<script type=\"application\/ld+json\" class=\"yoast-schema-graph\">{\"@context\":\"https:\/\/schema.org\",\"@graph\":[{\"@type\":\"WebPage\",\"@id\":\"https:\/\/bidads.pl\/zastepstwo-l4\/\",\"url\":\"https:\/\/bidads.pl\/zastepstwo-l4\/\",\"name\":\"Zast\u0119pstwo (L4) - Bidads\",\"isPartOf\":{\"@id\":\"https:\/\/bidads.pl\/#website\"},\"primaryImageOfPage\":{\"@id\":\"https:\/\/bidads.pl\/zastepstwo-l4\/#primaryimage\"},\"image\":{\"@id\":\"https:\/\/bidads.pl\/zastepstwo-l4\/#primaryimage\"},\"thumbnailUrl\":\"https:\/\/bidads.pl\/wp-content\/uploads\/2023\/10\/case-study-details-1-1.jpg\",\"datePublished\":\"2024-12-03T10:53:46+00:00\",\"dateModified\":\"2025-01-31T21:32:01+00:00\",\"description\":\"Wynajem specjalisty z agencji body leasingowej, kt\u00f3ry przejmuje obowi\u0105zki zwi\u0105zane z obs\u0142ug\u0105 kampanii online na czas nieobecno\u015bci pracownika.\",\"breadcrumb\":{\"@id\":\"https:\/\/bidads.pl\/zastepstwo-l4\/#breadcrumb\"},\"inLanguage\":\"en-GB\",\"potentialAction\":[{\"@type\":\"ReadAction\",\"target\":[\"https:\/\/bidads.pl\/zastepstwo-l4\/\"]}]},{\"@type\":\"ImageObject\",\"inLanguage\":\"en-GB\",\"@id\":\"https:\/\/bidads.pl\/zastepstwo-l4\/#primaryimage\",\"url\":\"https:\/\/bidads.pl\/wp-content\/uploads\/2023\/10\/case-study-details-1-1.jpg\",\"contentUrl\":\"https:\/\/bidads.pl\/wp-content\/uploads\/2023\/10\/case-study-details-1-1.jpg\"},{\"@type\":\"BreadcrumbList\",\"@id\":\"https:\/\/bidads.pl\/zastepstwo-l4\/#breadcrumb\",\"itemListElement\":[{\"@type\":\"ListItem\",\"position\":1,\"name\":\"Strona g\u0142\u00f3wna\",\"item\":\"https:\/\/bidads.pl\/\"},{\"@type\":\"ListItem\",\"position\":2,\"name\":\"Zast\u0119pstwo (L4)\"}]},{\"@type\":\"WebSite\",\"@id\":\"https:\/\/bidads.pl\/#website\",\"url\":\"https:\/\/bidads.pl\/\",\"name\":\"Bidads\",\"description\":\"\",\"publisher\":{\"@id\":\"https:\/\/bidads.pl\/#organization\"},\"potentialAction\":[{\"@type\":\"SearchAction\",\"target\":{\"@type\":\"EntryPoint\",\"urlTemplate\":\"https:\/\/bidads.pl\/?s={search_term_string}\"},\"query-input\":{\"@type\":\"PropertyValueSpecification\",\"valueRequired\":true,\"valueName\":\"search_term_string\"}}],\"inLanguage\":\"en-GB\"},{\"@type\":\"Organization\",\"@id\":\"https:\/\/bidads.pl\/#organization\",\"name\":\"Bidads\",\"url\":\"https:\/\/bidads.pl\/\",\"logo\":{\"@type\":\"ImageObject\",\"inLanguage\":\"en-GB\",\"@id\":\"https:\/\/bidads.pl\/#\/schema\/logo\/image\/\",\"url\":\"https:\/\/bidads.pl\/wp-content\/uploads\/2024\/12\/cropped-logo_BIDads.jpg\",\"contentUrl\":\"https:\/\/bidads.pl\/wp-content\/uploads\/2024\/12\/cropped-logo_BIDads.jpg\",\"width\":424,\"height\":424,\"caption\":\"Bidads\"},\"image\":{\"@id\":\"https:\/\/bidads.pl\/#\/schema\/logo\/image\/\"},\"sameAs\":[\"https:\/\/www.linkedin.com\/company\/bidads-sp-z-o-o\/\"]}]}<\/script>\n<!-- \/ Yoast SEO plugin. -->","yoast_head_json":{"title":"Zast\u0119pstwo (L4) - Bidads","description":"Wynajem specjalisty z agencji body leasingowej, kt\u00f3ry przejmuje obowi\u0105zki zwi\u0105zane z obs\u0142ug\u0105 kampanii online na czas nieobecno\u015bci pracownika.","robots":{"index":"index","follow":"follow","max-snippet":"max-snippet:-1","max-image-preview":"max-image-preview:large","max-video-preview":"max-video-preview:-1"},"canonical":"https:\/\/bidads.pl\/en\/zastepstwo-l4\/","og_locale":"en_GB","og_type":"article","og_title":"Zast\u0119pstwo (L4) - Bidads","og_description":"Firma decyduje si\u0119 na wynajem specjalisty z agencji body leasingowej, kt\u00f3ry przejmuje obowi\u0105zki zwi\u0105zane z obs\u0142ug\u0105 kampanii online na czas nieobecno\u015bci pracownika.","og_url":"https:\/\/bidads.pl\/en\/zastepstwo-l4\/","og_site_name":"Bidads","article_modified_time":"2025-01-31T21:32:01+00:00","og_image":[{"url":"https:\/\/bidads.pl\/wp-content\/uploads\/2023\/10\/case-study-details-1-1.jpg","type":"","width":"","height":""}],"twitter_card":"summary_large_image","twitter_description":"Firma decyduje si\u0119 na wynajem specjalisty z agencji body leasingowej, kt\u00f3ry przejmuje obowi\u0105zki zwi\u0105zane z obs\u0142ug\u0105 kampanii online na czas nieobecno\u015bci pracownika.","twitter_misc":{"Estimated reading time":"2 minutes"},"schema":{"@context":"https:\/\/schema.org","@graph":[{"@type":"WebPage","@id":"https:\/\/bidads.pl\/zastepstwo-l4\/","url":"https:\/\/bidads.pl\/zastepstwo-l4\/","name":"Zast\u0119pstwo (L4) - Bidads","isPartOf":{"@id":"https:\/\/bidads.pl\/#website"},"primaryImageOfPage":{"@id":"https:\/\/bidads.pl\/zastepstwo-l4\/#primaryimage"},"image":{"@id":"https:\/\/bidads.pl\/zastepstwo-l4\/#primaryimage"},"thumbnailUrl":"https:\/\/bidads.pl\/wp-content\/uploads\/2023\/10\/case-study-details-1-1.jpg","datePublished":"2024-12-03T10:53:46+00:00","dateModified":"2025-01-31T21:32:01+00:00","description":"Wynajem specjalisty z agencji body leasingowej, kt\u00f3ry przejmuje obowi\u0105zki zwi\u0105zane z obs\u0142ug\u0105 kampanii online na czas nieobecno\u015bci pracownika.","breadcrumb":{"@id":"https:\/\/bidads.pl\/zastepstwo-l4\/#breadcrumb"},"inLanguage":"en-GB","potentialAction":[{"@type":"ReadAction","target":["https:\/\/bidads.pl\/zastepstwo-l4\/"]}]},{"@type":"ImageObject","inLanguage":"en-GB","@id":"https:\/\/bidads.pl\/zastepstwo-l4\/#primaryimage","url":"https:\/\/bidads.pl\/wp-content\/uploads\/2023\/10\/case-study-details-1-1.jpg","contentUrl":"https:\/\/bidads.pl\/wp-content\/uploads\/2023\/10\/case-study-details-1-1.jpg"},{"@type":"BreadcrumbList","@id":"https:\/\/bidads.pl\/zastepstwo-l4\/#breadcrumb","itemListElement":[{"@type":"ListItem","position":1,"name":"Strona g\u0142\u00f3wna","item":"https:\/\/bidads.pl\/"},{"@type":"ListItem","position":2,"name":"Zast\u0119pstwo (L4)"}]},{"@type":"WebSite","@id":"https:\/\/bidads.pl\/#website","url":"https:\/\/bidads.pl\/","name":"Bidads","description":"","publisher":{"@id":"https:\/\/bidads.pl\/#organization"},"potentialAction":[{"@type":"SearchAction","target":{"@type":"EntryPoint","urlTemplate":"https:\/\/bidads.pl\/?s={search_term_string}"},"query-input":{"@type":"PropertyValueSpecification","valueRequired":true,"valueName":"search_term_string"}}],"inLanguage":"en-GB"},{"@type":"Organization","@id":"https:\/\/bidads.pl\/#organization","name":"Bidads","url":"https:\/\/bidads.pl\/","logo":{"@type":"ImageObject","inLanguage":"en-GB","@id":"https:\/\/bidads.pl\/#\/schema\/logo\/image\/","url":"https:\/\/bidads.pl\/wp-content\/uploads\/2024\/12\/cropped-logo_BIDads.jpg","contentUrl":"https:\/\/bidads.pl\/wp-content\/uploads\/2024\/12\/cropped-logo_BIDads.jpg","width":424,"height":424,"caption":"Bidads"},"image":{"@id":"https:\/\/bidads.pl\/#\/schema\/logo\/image\/"},"sameAs":["https:\/\/www.linkedin.com\/company\/bidads-sp-z-o-o\/"]}]}},"_links":{"self":[{"href":"https:\/\/bidads.pl\/en\/wp-json\/wp\/v2\/pages\/3755","targetHints":{"allow":["GET"]}}],"collection":[{"href":"https:\/\/bidads.pl\/en\/wp-json\/wp\/v2\/pages"}],"about":[{"href":"https:\/\/bidads.pl\/en\/wp-json\/wp\/v2\/types\/page"}],"author":[{"embeddable":true,"href":"https:\/\/bidads.pl\/en\/wp-json\/wp\/v2\/users\/3"}],"replies":[{"embeddable":true,"href":"https:\/\/bidads.pl\/en\/wp-json\/wp\/v2\/comments?post=3755"}],"version-history":[{"count":4,"href":"https:\/\/bidads.pl\/en\/wp-json\/wp\/v2\/pages\/3755\/revisions"}],"predecessor-version":[{"id":3814,"href":"https:\/\/bidads.pl\/en\/wp-json\/wp\/v2\/pages\/3755\/revisions\/3814"}],"wp:attachment":[{"href":"https:\/\/bidads.pl\/en\/wp-json\/wp\/v2\/media?parent=3755"}],"curies":[{"name":"wp","href":"https:\/\/api.w.org\/{rel}","templated":true}]}}