{"id":3749,"date":"2024-12-03T11:46:51","date_gmt":"2024-12-03T10:46:51","guid":{"rendered":"https:\/\/bidads.pl\/?page_id=3749"},"modified":"2025-03-04T16:25:11","modified_gmt":"2025-03-04T15:25:11","slug":"kampania-po-aktualizacji-algorytmu","status":"publish","type":"page","link":"https:\/\/bidads.pl\/en\/kampania-po-aktualizacji-algorytmu\/","title":{"rendered":"Algorithm update"},"content":{"rendered":"<div data-elementor-type=\"wp-page\" data-elementor-id=\"3749\" class=\"elementor elementor-3749\">\n\t\t\t\t<div class=\"elementor-element elementor-element-6245f65d e-flex e-con-boxed e-con e-parent\" data-id=\"6245f65d\" data-element_type=\"container\">\n\t\t\t\t\t<div class=\"e-con-inner\">\n\t\t\t\t<div class=\"elementor-element elementor-element-5bb91c99 elementor-widget elementor-widget-noile-image-box\" data-id=\"5bb91c99\" data-element_type=\"widget\" data-widget_type=\"noile-image-box.default\">\n\t\t\t\t<div class=\"elementor-widget-container\">\n\t\t\t\t\t\t<div class=\"case-study-details__img-box\">\r\n\t\t<img decoding=\"async\" src=\"https:\/\/bidads.pl\/wp-content\/uploads\/2025\/01\/BIDads_-body-leasing-_-google-ads-aktualizacja_algorytmu-1.jpg\" alt=\"BIDads_ body leasing _ google ads aktualizacja_algorytmu (1)\" title=\"BIDads_ body leasing _ google ads aktualizacja_algorytmu (1)\" class=\"case-study-details__img\" >\t\t<p class=\"case-study-details__card-category\">Google Ads<\/p>\r\n\t<\/div>\r\n\t\t\t\t<\/div>\n\t\t\t\t<\/div>\n\t\t\t\t\t<\/div>\n\t\t\t\t<\/div>\n\t\t<div class=\"elementor-element elementor-element-74e8e5be e-flex e-con-boxed e-con e-parent\" data-id=\"74e8e5be\" data-element_type=\"container\">\n\t\t\t\t\t<div class=\"e-con-inner\">\n\t\t<div class=\"elementor-element elementor-element-4c8af392 e-con-full e-flex e-con e-child\" data-id=\"4c8af392\" data-element_type=\"container\">\n\t\t\t\t<div class=\"elementor-element elementor-element-e295448 elementor-widget elementor-widget-sidebar-case-info\" data-id=\"e295448\" data-element_type=\"widget\" data-widget_type=\"sidebar-case-info.default\">\n\t\t\t\t<div class=\"elementor-widget-container\">\n\t\t\t\t\t    <div class=\"case-study-details__info case-study-details__info-item wow animated fadeInRight\" data-wow-delay=\"0.1s\" data-wow-duration=\"1500ms\">\r\n        <ul class=\"case-study-details__info-list\">\r\n                            <li class=\"case-study-details__info-item\">\r\n                    <p class=\"case-study-details__info-top\">Client<\/p>\r\n                    <p class=\"case-study-details__info-title\">media house<\/p>\r\n                <\/li>\r\n                            <li class=\"case-study-details__info-item\">\r\n                    <p class=\"case-study-details__info-top\">Industry<\/p>\r\n                    <p class=\"case-study-details__info-title\">Fintech<\/p>\r\n                <\/li>\r\n                    <\/ul>\r\n        <svg class=\"case-study-details__info-shape\" xmlns=\"http:\/\/www.w3.org\/2000\/svg\" width=\"222\" height=\"230\" viewbox=\"0 0 222 230\" fill=\"none\">\r\n            <path d=\"M98.55 91.9998L75.0334 109.136L145.728 218.98L179 219L98.55 91.9998Z\" \/>\r\n            <path d=\"M164.16 42.9998H109.44L0.000167847 187H53.2802L164.16 42.9998Z\" \/>\r\n            <path d=\"M179.691 -0.000244141L13.2508 219H52.6708L221.301 -0.000244141H179.691Z\" \/>\r\n        <\/svg>\r\n    <\/div><!-- \/.case-study-details__inf0 -->\r\n\t\t\t\t<\/div>\n\t\t\t\t<\/div>\n\t\t\t\t<div class=\"elementor-element elementor-element-304e5c1c elementor-widget elementor-widget-sidebar-social-info\" data-id=\"304e5c1c\" data-element_type=\"widget\" data-widget_type=\"sidebar-social-info.default\">\n\t\t\t\t<div class=\"elementor-widget-container\">\n\t\t\t\t\t    <div class=\"case-study-details__social case-study-details__info-item\">\r\n        <h3 class=\"case-study-details__sm-title case-study-details__social-title\">Social Media<\/h3>        <ul class=\"case-study-details__social-list\">\r\n                            <li class=\"case-study-details__social-item\">\r\n                    <a class=\"case-study-details__social-link\"   href=\"https:\/\/www.facebook.com\/\">\r\n                        <span aria-hidden=\"true\" class=\"icon-facebook\"><\/span>                    <\/a>\r\n                <\/li>\r\n                            <li class=\"case-study-details__social-item\">\r\n                    <a class=\"case-study-details__social-link\"   href=\"https:\/\/www.twitter.com\/\">\r\n                        <span aria-hidden=\"true\" class=\"icon-linkedin\"><\/span>                    <\/a>\r\n                <\/li>\r\n                    <\/ul>\r\n    <\/div><!-- \/.case-study-details__social -->\r\n\r\n\t\t\t\t<\/div>\n\t\t\t\t<\/div>\n\t\t\t\t<\/div>\n\t\t<div class=\"elementor-element elementor-element-42bec15f e-con-full e-flex e-con e-child\" data-id=\"42bec15f\" data-element_type=\"container\">\n\t\t\t\t<div class=\"elementor-element elementor-element-17541f4a elementor-widget elementor-widget-text-editor\" data-id=\"17541f4a\" data-element_type=\"widget\" data-widget_type=\"text-editor.default\">\n\t\t\t\t<div class=\"elementor-widget-container\">\n\t\t\t\t\t\t\t\t\t<div class=\"case-study-details__text-one-box case-study-details__item\">\n<h3 class=\"case-study-details__md-title\">Improving an underperforming Google Ads campaign after algorithm update<\/h3>\n\n\n<\/div>\t\t\t\t\t\t\t\t<\/div>\n\t\t\t\t<\/div>\n\t\t\t\t<div class=\"elementor-element elementor-element-29c163b3 elementor-widget elementor-widget-text-editor\" data-id=\"29c163b3\" data-element_type=\"widget\" data-widget_type=\"text-editor.default\">\n\t\t\t\t<div class=\"elementor-widget-container\">\n\t\t\t\t\t\t\t\t\t<div class=\"case-study-details__text-two-box case-study-details__item\">\n<h3 class=\"case-study-details__sm-title\">Scenario<\/h3>\n<p class=\"case-study-details__desc-two case-study-details__desc\">Following a Google algorithm update, an ongoing Google Ads campaign for a large fintech client\nis losing effectiveness, resulting in higher conversion costs and lower-quality leads. The internal\nteam lacks the expertise to quickly adapt the strategy to these changes.<\/p>\n<p class=\"case-study-details__desc-three case-study-details__desc\">\u00a0<\/p>\n<\/div>\t\t\t\t\t\t\t\t<\/div>\n\t\t\t\t<\/div>\n\t\t\t\t<div class=\"elementor-element elementor-element-390f992d elementor-widget elementor-widget-text-editor\" data-id=\"390f992d\" data-element_type=\"widget\" data-widget_type=\"text-editor.default\">\n\t\t\t\t<div class=\"elementor-widget-container\">\n\t\t\t\t\t\t\t\t\t<div class=\"case-study-details__text-three-box case-study-details__item\">\n<h3 class=\"case-study-details__sm-title\">Body leasing Talent outsourcing solution<\/h3>\n<p class=\"case-study-details__desc-four case-study-details__desc\">The agency hires a Google Ads expert with experience in dealing with algorithm changes, who\nanalyses the new situation and makes the necessary adjustments within a few weeks. This\nallows the campaign to quickly regain optimal performance, avoiding a prolonged dip in\neffectiveness.<\/p>\n\n<\/div>\t\t\t\t\t\t\t\t<\/div>\n\t\t\t\t<\/div>\n\t\t\t\t<\/div>\n\t\t\t\t\t<\/div>\n\t\t\t\t<\/div>\n\t\t\t\t<\/div>","protected":false},"excerpt":{"rendered":"<p>Google Ads Klient: Dom mediowy Bran\u017ca: Fintech Social Media Poprawa s\u0142abo dzia\u0142aj\u0105cej kampanii Google Ads po aktualizacji algorytmu Sytuacja Po aktualizacji algorytmu Google, dotychczasowa kampania Google Ads dla du\u017cego klienta z bran\u017cy fintech traci swoj\u0105 skuteczno\u015b\u0107, co powoduje wzrost koszt\u00f3w konwersji i spadek jako\u015bci lead\u00f3w. Zesp\u00f3\u0142 wewn\u0119trzny nie ma wystarczaj\u0105cej wiedzy, aby szybko dostosowa\u0107 strategi\u0119 [&hellip;]<\/p>","protected":false},"author":2,"featured_media":0,"parent":0,"menu_order":0,"comment_status":"closed","ping_status":"closed","template":"","meta":{"footnotes":""},"class_list":["post-3749","page","type-page","status-publish","hentry"],"yoast_head":"<!-- This site is optimized with the Yoast SEO plugin v25.2 - https:\/\/yoast.com\/wordpress\/plugins\/seo\/ -->\n<title>Kampania po aktualizacji algorytmu - Bidads<\/title>\n<meta name=\"description\" content=\"BODY LEASING - Poprawa s\u0142abo dzia\u0142aj\u0105cej kampanii Google Ads. Szybkie przywr\u00f3cenie kampanii do optymalnych parametr\u00f3w.\" \/>\n<meta name=\"robots\" content=\"index, follow, max-snippet:-1, max-image-preview:large, max-video-preview:-1\" \/>\n<link rel=\"canonical\" href=\"https:\/\/bidads.pl\/en\/kampania-po-aktualizacji-algorytmu\/\" \/>\n<meta property=\"og:locale\" content=\"en_GB\" \/>\n<meta property=\"og:type\" content=\"article\" \/>\n<meta property=\"og:title\" content=\"Kampania po aktualizacji algorytmu\" \/>\n<meta property=\"og:description\" content=\"BODY LEASING - Poprawa s\u0142abo dzia\u0142aj\u0105cej kampanii Google Ads. Szybkie przywr\u00f3cenie kampanii do optymalnych parametr\u00f3w.\" \/>\n<meta property=\"og:url\" content=\"https:\/\/bidads.pl\/en\/kampania-po-aktualizacji-algorytmu\/\" \/>\n<meta property=\"og:site_name\" content=\"Bidads\" \/>\n<meta property=\"article:modified_time\" content=\"2025-03-04T15:25:11+00:00\" \/>\n<meta property=\"og:image\" content=\"https:\/\/bidads.pl\/wp-content\/uploads\/2025\/01\/BIDads_-body-leasing-_-google-ads-aktualizacja_algorytmu-1.jpg\" \/>\n<meta name=\"twitter:card\" content=\"summary_large_image\" \/>\n<meta name=\"twitter:title\" content=\"Kampania po aktualizacji algorytmu\" \/>\n<meta name=\"twitter:description\" content=\"BODY LEASING - Poprawa s\u0142abo dzia\u0142aj\u0105cej kampanii Google Ads. Szybkie przywr\u00f3cenie kampanii do optymalnych parametr\u00f3w.\" \/>\n<meta name=\"twitter:label1\" content=\"Estimated reading time\" \/>\n\t<meta name=\"twitter:data1\" content=\"1 minute\" \/>\n<script type=\"application\/ld+json\" class=\"yoast-schema-graph\">{\"@context\":\"https:\/\/schema.org\",\"@graph\":[{\"@type\":\"WebPage\",\"@id\":\"https:\/\/bidads.pl\/kampania-po-aktualizacji-algorytmu\/\",\"url\":\"https:\/\/bidads.pl\/kampania-po-aktualizacji-algorytmu\/\",\"name\":\"Kampania po aktualizacji algorytmu - Bidads\",\"isPartOf\":{\"@id\":\"https:\/\/bidads.pl\/#website\"},\"primaryImageOfPage\":{\"@id\":\"https:\/\/bidads.pl\/kampania-po-aktualizacji-algorytmu\/#primaryimage\"},\"image\":{\"@id\":\"https:\/\/bidads.pl\/kampania-po-aktualizacji-algorytmu\/#primaryimage\"},\"thumbnailUrl\":\"https:\/\/bidads.pl\/wp-content\/uploads\/2025\/01\/BIDads_-body-leasing-_-google-ads-aktualizacja_algorytmu-1.jpg\",\"datePublished\":\"2024-12-03T10:46:51+00:00\",\"dateModified\":\"2025-03-04T15:25:11+00:00\",\"description\":\"BODY LEASING - Poprawa s\u0142abo dzia\u0142aj\u0105cej kampanii Google Ads. Szybkie przywr\u00f3cenie kampanii do optymalnych parametr\u00f3w.\",\"breadcrumb\":{\"@id\":\"https:\/\/bidads.pl\/kampania-po-aktualizacji-algorytmu\/#breadcrumb\"},\"inLanguage\":\"en-GB\",\"potentialAction\":[{\"@type\":\"ReadAction\",\"target\":[\"https:\/\/bidads.pl\/kampania-po-aktualizacji-algorytmu\/\"]}]},{\"@type\":\"ImageObject\",\"inLanguage\":\"en-GB\",\"@id\":\"https:\/\/bidads.pl\/kampania-po-aktualizacji-algorytmu\/#primaryimage\",\"url\":\"https:\/\/bidads.pl\/wp-content\/uploads\/2025\/01\/BIDads_-body-leasing-_-google-ads-aktualizacja_algorytmu-1.jpg\",\"contentUrl\":\"https:\/\/bidads.pl\/wp-content\/uploads\/2025\/01\/BIDads_-body-leasing-_-google-ads-aktualizacja_algorytmu-1.jpg\"},{\"@type\":\"BreadcrumbList\",\"@id\":\"https:\/\/bidads.pl\/kampania-po-aktualizacji-algorytmu\/#breadcrumb\",\"itemListElement\":[{\"@type\":\"ListItem\",\"position\":1,\"name\":\"Strona g\u0142\u00f3wna\",\"item\":\"https:\/\/bidads.pl\/\"},{\"@type\":\"ListItem\",\"position\":2,\"name\":\"Kampania po aktualizacji algorytmu\"}]},{\"@type\":\"WebSite\",\"@id\":\"https:\/\/bidads.pl\/#website\",\"url\":\"https:\/\/bidads.pl\/\",\"name\":\"Bidads\",\"description\":\"\",\"publisher\":{\"@id\":\"https:\/\/bidads.pl\/#organization\"},\"potentialAction\":[{\"@type\":\"SearchAction\",\"target\":{\"@type\":\"EntryPoint\",\"urlTemplate\":\"https:\/\/bidads.pl\/?s={search_term_string}\"},\"query-input\":{\"@type\":\"PropertyValueSpecification\",\"valueRequired\":true,\"valueName\":\"search_term_string\"}}],\"inLanguage\":\"en-GB\"},{\"@type\":\"Organization\",\"@id\":\"https:\/\/bidads.pl\/#organization\",\"name\":\"Bidads\",\"url\":\"https:\/\/bidads.pl\/\",\"logo\":{\"@type\":\"ImageObject\",\"inLanguage\":\"en-GB\",\"@id\":\"https:\/\/bidads.pl\/#\/schema\/logo\/image\/\",\"url\":\"https:\/\/bidads.pl\/wp-content\/uploads\/2024\/12\/cropped-logo_BIDads.jpg\",\"contentUrl\":\"https:\/\/bidads.pl\/wp-content\/uploads\/2024\/12\/cropped-logo_BIDads.jpg\",\"width\":424,\"height\":424,\"caption\":\"Bidads\"},\"image\":{\"@id\":\"https:\/\/bidads.pl\/#\/schema\/logo\/image\/\"},\"sameAs\":[\"https:\/\/www.linkedin.com\/company\/bidads-sp-z-o-o\/\"]}]}<\/script>\n<!-- \/ Yoast SEO plugin. -->","yoast_head_json":{"title":"Kampania po aktualizacji algorytmu - Bidads","description":"BODY LEASING - Poprawa s\u0142abo dzia\u0142aj\u0105cej kampanii Google Ads. Szybkie przywr\u00f3cenie kampanii do optymalnych parametr\u00f3w.","robots":{"index":"index","follow":"follow","max-snippet":"max-snippet:-1","max-image-preview":"max-image-preview:large","max-video-preview":"max-video-preview:-1"},"canonical":"https:\/\/bidads.pl\/en\/kampania-po-aktualizacji-algorytmu\/","og_locale":"en_GB","og_type":"article","og_title":"Kampania po aktualizacji algorytmu","og_description":"BODY LEASING - Poprawa s\u0142abo dzia\u0142aj\u0105cej kampanii Google Ads. Szybkie przywr\u00f3cenie kampanii do optymalnych parametr\u00f3w.","og_url":"https:\/\/bidads.pl\/en\/kampania-po-aktualizacji-algorytmu\/","og_site_name":"Bidads","article_modified_time":"2025-03-04T15:25:11+00:00","og_image":[{"url":"https:\/\/bidads.pl\/wp-content\/uploads\/2025\/01\/BIDads_-body-leasing-_-google-ads-aktualizacja_algorytmu-1.jpg","type":"","width":"","height":""}],"twitter_card":"summary_large_image","twitter_title":"Kampania po aktualizacji algorytmu","twitter_description":"BODY LEASING - Poprawa s\u0142abo dzia\u0142aj\u0105cej kampanii Google Ads. Szybkie przywr\u00f3cenie kampanii do optymalnych parametr\u00f3w.","twitter_misc":{"Estimated reading time":"1 minute"},"schema":{"@context":"https:\/\/schema.org","@graph":[{"@type":"WebPage","@id":"https:\/\/bidads.pl\/kampania-po-aktualizacji-algorytmu\/","url":"https:\/\/bidads.pl\/kampania-po-aktualizacji-algorytmu\/","name":"Kampania po aktualizacji algorytmu - Bidads","isPartOf":{"@id":"https:\/\/bidads.pl\/#website"},"primaryImageOfPage":{"@id":"https:\/\/bidads.pl\/kampania-po-aktualizacji-algorytmu\/#primaryimage"},"image":{"@id":"https:\/\/bidads.pl\/kampania-po-aktualizacji-algorytmu\/#primaryimage"},"thumbnailUrl":"https:\/\/bidads.pl\/wp-content\/uploads\/2025\/01\/BIDads_-body-leasing-_-google-ads-aktualizacja_algorytmu-1.jpg","datePublished":"2024-12-03T10:46:51+00:00","dateModified":"2025-03-04T15:25:11+00:00","description":"BODY LEASING - Poprawa s\u0142abo dzia\u0142aj\u0105cej kampanii Google Ads. Szybkie przywr\u00f3cenie kampanii do optymalnych parametr\u00f3w.","breadcrumb":{"@id":"https:\/\/bidads.pl\/kampania-po-aktualizacji-algorytmu\/#breadcrumb"},"inLanguage":"en-GB","potentialAction":[{"@type":"ReadAction","target":["https:\/\/bidads.pl\/kampania-po-aktualizacji-algorytmu\/"]}]},{"@type":"ImageObject","inLanguage":"en-GB","@id":"https:\/\/bidads.pl\/kampania-po-aktualizacji-algorytmu\/#primaryimage","url":"https:\/\/bidads.pl\/wp-content\/uploads\/2025\/01\/BIDads_-body-leasing-_-google-ads-aktualizacja_algorytmu-1.jpg","contentUrl":"https:\/\/bidads.pl\/wp-content\/uploads\/2025\/01\/BIDads_-body-leasing-_-google-ads-aktualizacja_algorytmu-1.jpg"},{"@type":"BreadcrumbList","@id":"https:\/\/bidads.pl\/kampania-po-aktualizacji-algorytmu\/#breadcrumb","itemListElement":[{"@type":"ListItem","position":1,"name":"Strona g\u0142\u00f3wna","item":"https:\/\/bidads.pl\/"},{"@type":"ListItem","position":2,"name":"Kampania po aktualizacji algorytmu"}]},{"@type":"WebSite","@id":"https:\/\/bidads.pl\/#website","url":"https:\/\/bidads.pl\/","name":"Bidads","description":"","publisher":{"@id":"https:\/\/bidads.pl\/#organization"},"potentialAction":[{"@type":"SearchAction","target":{"@type":"EntryPoint","urlTemplate":"https:\/\/bidads.pl\/?s={search_term_string}"},"query-input":{"@type":"PropertyValueSpecification","valueRequired":true,"valueName":"search_term_string"}}],"inLanguage":"en-GB"},{"@type":"Organization","@id":"https:\/\/bidads.pl\/#organization","name":"Bidads","url":"https:\/\/bidads.pl\/","logo":{"@type":"ImageObject","inLanguage":"en-GB","@id":"https:\/\/bidads.pl\/#\/schema\/logo\/image\/","url":"https:\/\/bidads.pl\/wp-content\/uploads\/2024\/12\/cropped-logo_BIDads.jpg","contentUrl":"https:\/\/bidads.pl\/wp-content\/uploads\/2024\/12\/cropped-logo_BIDads.jpg","width":424,"height":424,"caption":"Bidads"},"image":{"@id":"https:\/\/bidads.pl\/#\/schema\/logo\/image\/"},"sameAs":["https:\/\/www.linkedin.com\/company\/bidads-sp-z-o-o\/"]}]}},"_links":{"self":[{"href":"https:\/\/bidads.pl\/en\/wp-json\/wp\/v2\/pages\/3749","targetHints":{"allow":["GET"]}}],"collection":[{"href":"https:\/\/bidads.pl\/en\/wp-json\/wp\/v2\/pages"}],"about":[{"href":"https:\/\/bidads.pl\/en\/wp-json\/wp\/v2\/types\/page"}],"author":[{"embeddable":true,"href":"https:\/\/bidads.pl\/en\/wp-json\/wp\/v2\/users\/2"}],"replies":[{"embeddable":true,"href":"https:\/\/bidads.pl\/en\/wp-json\/wp\/v2\/comments?post=3749"}],"version-history":[{"count":14,"href":"https:\/\/bidads.pl\/en\/wp-json\/wp\/v2\/pages\/3749\/revisions"}],"predecessor-version":[{"id":5049,"href":"https:\/\/bidads.pl\/en\/wp-json\/wp\/v2\/pages\/3749\/revisions\/5049"}],"wp:attachment":[{"href":"https:\/\/bidads.pl\/en\/wp-json\/wp\/v2\/media?parent=3749"}],"curies":[{"name":"wp","href":"https:\/\/api.w.org\/{rel}","templated":true}]}}