{"id":3743,"date":"2024-12-03T11:36:05","date_gmt":"2024-12-03T10:36:05","guid":{"rendered":"https:\/\/bidads.pl\/?page_id=3743"},"modified":"2025-01-31T21:38:31","modified_gmt":"2025-01-31T20:38:31","slug":"intensywna-promocja","status":"publish","type":"page","link":"https:\/\/bidads.pl\/en\/intensywna-promocja\/","title":{"rendered":"Intensive promotion"},"content":{"rendered":"<div data-elementor-type=\"wp-page\" data-elementor-id=\"3743\" class=\"elementor elementor-3743\">\n\t\t\t\t<div class=\"elementor-element elementor-element-59421eb5 e-flex e-con-boxed e-con e-parent\" data-id=\"59421eb5\" data-element_type=\"container\">\n\t\t\t\t\t<div class=\"e-con-inner\">\n\t\t\t\t<div class=\"elementor-element elementor-element-4a0c2d22 elementor-widget elementor-widget-noile-image-box\" data-id=\"4a0c2d22\" data-element_type=\"widget\" data-widget_type=\"noile-image-box.default\">\n\t\t\t\t<div class=\"elementor-widget-container\">\n\t\t\t\t\t\t<div class=\"case-study-details__img-box\">\r\n\t\t<img decoding=\"async\" src=\"https:\/\/bidads.pl\/wp-content\/uploads\/2025\/01\/BIDads_body_leasing_paid_social_okres_intensywnej_promocji.jpg\" alt=\"BIDads_body_leasing_paid_social_okres_intensywnej_promocji\" title=\"BIDads_body_leasing_paid_social_okres_intensywnej_promocji\" class=\"case-study-details__img\" >\t\t<p class=\"case-study-details__card-category\">Paid Social<\/p>\r\n\t<\/div>\r\n\t\t\t\t<\/div>\n\t\t\t\t<\/div>\n\t\t\t\t\t<\/div>\n\t\t\t\t<\/div>\n\t\t<div class=\"elementor-element elementor-element-906826f e-flex e-con-boxed e-con e-parent\" data-id=\"906826f\" data-element_type=\"container\">\n\t\t\t\t\t<div class=\"e-con-inner\">\n\t\t<div class=\"elementor-element elementor-element-28f9ec3e e-con-full e-flex e-con e-child\" data-id=\"28f9ec3e\" data-element_type=\"container\">\n\t\t\t\t<div class=\"elementor-element elementor-element-75b812ee elementor-widget elementor-widget-sidebar-case-info\" data-id=\"75b812ee\" data-element_type=\"widget\" data-widget_type=\"sidebar-case-info.default\">\n\t\t\t\t<div class=\"elementor-widget-container\">\n\t\t\t\t\t    <div class=\"case-study-details__info case-study-details__info-item wow animated fadeInRight\" data-wow-delay=\"0.1s\" data-wow-duration=\"1500ms\">\r\n        <ul class=\"case-study-details__info-list\">\r\n                            <li class=\"case-study-details__info-item\">\r\n                    <p class=\"case-study-details__info-top\">Client<\/p>\r\n                    <p class=\"case-study-details__info-title\">Shoe manufacturer<\/p>\r\n                <\/li>\r\n                            <li class=\"case-study-details__info-item\">\r\n                    <p class=\"case-study-details__info-top\">Industry<\/p>\r\n                    <p class=\"case-study-details__info-title\">Fashion<\/p>\r\n                <\/li>\r\n                    <\/ul>\r\n        <svg class=\"case-study-details__info-shape\" xmlns=\"http:\/\/www.w3.org\/2000\/svg\" width=\"222\" height=\"230\" viewbox=\"0 0 222 230\" fill=\"none\">\r\n            <path d=\"M98.55 91.9998L75.0334 109.136L145.728 218.98L179 219L98.55 91.9998Z\" \/>\r\n            <path d=\"M164.16 42.9998H109.44L0.000167847 187H53.2802L164.16 42.9998Z\" \/>\r\n            <path d=\"M179.691 -0.000244141L13.2508 219H52.6708L221.301 -0.000244141H179.691Z\" \/>\r\n        <\/svg>\r\n    <\/div><!-- \/.case-study-details__inf0 -->\r\n\t\t\t\t<\/div>\n\t\t\t\t<\/div>\n\t\t\t\t<div class=\"elementor-element elementor-element-78786266 elementor-widget elementor-widget-sidebar-social-info\" data-id=\"78786266\" data-element_type=\"widget\" data-widget_type=\"sidebar-social-info.default\">\n\t\t\t\t<div class=\"elementor-widget-container\">\n\t\t\t\t\t    <div class=\"case-study-details__social case-study-details__info-item\">\r\n        <h3 class=\"case-study-details__sm-title case-study-details__social-title\">Social Media<\/h3>        <ul class=\"case-study-details__social-list\">\r\n                            <li class=\"case-study-details__social-item\">\r\n                    <a class=\"case-study-details__social-link\"   href=\"https:\/\/www.facebook.com\/\">\r\n                        <span aria-hidden=\"true\" class=\"icon-facebook\"><\/span>                    <\/a>\r\n                <\/li>\r\n                            <li class=\"case-study-details__social-item\">\r\n                    <a class=\"case-study-details__social-link\"   href=\"https:\/\/www.twitter.com\/\">\r\n                        <span aria-hidden=\"true\" class=\"icon-linkedin\"><\/span>                    <\/a>\r\n                <\/li>\r\n                    <\/ul>\r\n    <\/div><!-- \/.case-study-details__social -->\r\n\r\n\t\t\t\t<\/div>\n\t\t\t\t<\/div>\n\t\t\t\t<\/div>\n\t\t<div class=\"elementor-element elementor-element-6af88e8 e-con-full e-flex e-con e-child\" data-id=\"6af88e8\" data-element_type=\"container\">\n\t\t\t\t<div class=\"elementor-element elementor-element-33e6a657 elementor-widget elementor-widget-text-editor\" data-id=\"33e6a657\" data-element_type=\"widget\" data-widget_type=\"text-editor.default\">\n\t\t\t\t<div class=\"elementor-widget-container\">\n\t\t\t\t\t\t\t\t\t<div class=\"case-study-details__text-one-box case-study-details__item\">\n<h3 class=\"case-study-details__md-title\">Support in creating paid social campaigns during peak promotional periods<\/h3>\n\n\n<\/div>\t\t\t\t\t\t\t\t<\/div>\n\t\t\t\t<\/div>\n\t\t\t\t<div class=\"elementor-element elementor-element-533020e0 elementor-widget elementor-widget-text-editor\" data-id=\"533020e0\" data-element_type=\"widget\" data-widget_type=\"text-editor.default\">\n\t\t\t\t<div class=\"elementor-widget-container\">\n\t\t\t\t\t\t\t\t\t<div class=\"case-study-details__text-two-box case-study-details__item\">\n<h3 class=\"case-study-details__sm-title\">Scenario<\/h3>\n<p class=\"case-study-details__desc-two case-study-details__desc\">A fashion brand is planning intensive campaigns on Instagram and TikTok ahead of a new\ncollection launch. The in-house team lacks the capacity to quickly create and optimise multiple\ncreative assets and dynamic video ads for large-scale campaigns.<\/p>\n\n<\/div>\t\t\t\t\t\t\t\t<\/div>\n\t\t\t\t<\/div>\n\t\t\t\t<div class=\"elementor-element elementor-element-3729ab01 elementor-widget elementor-widget-text-editor\" data-id=\"3729ab01\" data-element_type=\"widget\" data-widget_type=\"text-editor.default\">\n\t\t\t\t<div class=\"elementor-widget-container\">\n\t\t\t\t\t\t\t\t\t<div class=\"case-study-details__text-three-box case-study-details__item\">\n<h3 class=\"case-study-details__sm-title\">Body leasing Talent outsourcing solution<\/h3>\n<p class=\"case-study-details__desc-four case-study-details__desc\">The brand hires a paid social specialist for several months who focuses solely on creating and\noptimising campaigns across these platforms. This enables the brand to quickly adjust creatives\nbased on performance and user reactions, increasing both reach and conversion rates.<\/p>\n\n<\/div>\t\t\t\t\t\t\t\t<\/div>\n\t\t\t\t<\/div>\n\t\t\t\t<\/div>\n\t\t\t\t\t<\/div>\n\t\t\t\t<\/div>\n\t\t\t\t<\/div>","protected":false},"excerpt":{"rendered":"<p>Paid Social Klient: Producent obuwia Bran\u017ca: Moda Social Media Wsparcie w tworzeniu kampanii Paid Social w okresie intensywnych dzia\u0142a\u0144 promocyjnych Sytuacja Marka modowa planuje intensywne kampanie na Instagramie i TikToku przed premier\u0105 nowej kolekcji. Skala dzia\u0142a\u0144 przekracza mo\u017cliwo\u015bci wewn\u0119trznego zespo\u0142u, kt\u00f3ry nie jest w stanie szybko stworzy\u0107 i optymalizowa\u0107 dziesi\u0105tek kreatywnych kreacji oraz dynamicznych reklam [&hellip;]<\/p>","protected":false},"author":2,"featured_media":0,"parent":0,"menu_order":0,"comment_status":"closed","ping_status":"closed","template":"","meta":{"footnotes":""},"class_list":["post-3743","page","type-page","status-publish","hentry"],"yoast_head":"<!-- This site is optimized with the Yoast SEO plugin v25.2 - https:\/\/yoast.com\/wordpress\/plugins\/seo\/ -->\n<title>Intensywna promocja - Bidads<\/title>\n<meta name=\"description\" content=\"Intensywna promocja - specjalista od paid social, kt\u00f3ry koncentruje si\u0119 wy\u0142\u0105cznie na tworzeniu i optymalizacji kampanii na tych platformach.\" \/>\n<meta name=\"robots\" content=\"index, follow, max-snippet:-1, max-image-preview:large, max-video-preview:-1\" \/>\n<link rel=\"canonical\" href=\"https:\/\/bidads.pl\/en\/intensywna-promocja\/\" \/>\n<meta property=\"og:locale\" content=\"en_GB\" \/>\n<meta property=\"og:type\" content=\"article\" \/>\n<meta property=\"og:title\" content=\"Intensywna promocja - Bidads\" \/>\n<meta property=\"og:description\" content=\"Intensywna promocja - specjalista od paid social, kt\u00f3ry koncentruje si\u0119 wy\u0142\u0105cznie na tworzeniu i optymalizacji kampanii na tych platformach.\" \/>\n<meta property=\"og:url\" content=\"https:\/\/bidads.pl\/en\/intensywna-promocja\/\" \/>\n<meta property=\"og:site_name\" content=\"Bidads\" \/>\n<meta property=\"article:modified_time\" content=\"2025-01-31T20:38:31+00:00\" \/>\n<meta property=\"og:image\" content=\"https:\/\/bidads.pl\/wp-content\/uploads\/2025\/01\/BIDads_body_leasing_paid_social_okres_intensywnej_promocji.jpg\" \/>\n<meta name=\"twitter:card\" content=\"summary_large_image\" \/>\n<meta name=\"twitter:title\" content=\"Intensywna promocja\" \/>\n<meta name=\"twitter:description\" content=\"Intensywna promocja - specjalista od paid social, kt\u00f3ry koncentruje si\u0119 wy\u0142\u0105cznie na tworzeniu i optymalizacji kampanii na tych platformach.\" \/>\n<meta name=\"twitter:label1\" content=\"Estimated reading time\" \/>\n\t<meta name=\"twitter:data1\" content=\"1 minute\" \/>\n<script type=\"application\/ld+json\" class=\"yoast-schema-graph\">{\"@context\":\"https:\/\/schema.org\",\"@graph\":[{\"@type\":\"WebPage\",\"@id\":\"https:\/\/bidads.pl\/intensywna-promocja\/\",\"url\":\"https:\/\/bidads.pl\/intensywna-promocja\/\",\"name\":\"Intensywna promocja - Bidads\",\"isPartOf\":{\"@id\":\"https:\/\/bidads.pl\/#website\"},\"primaryImageOfPage\":{\"@id\":\"https:\/\/bidads.pl\/intensywna-promocja\/#primaryimage\"},\"image\":{\"@id\":\"https:\/\/bidads.pl\/intensywna-promocja\/#primaryimage\"},\"thumbnailUrl\":\"https:\/\/bidads.pl\/wp-content\/uploads\/2025\/01\/BIDads_body_leasing_paid_social_okres_intensywnej_promocji.jpg\",\"datePublished\":\"2024-12-03T10:36:05+00:00\",\"dateModified\":\"2025-01-31T20:38:31+00:00\",\"description\":\"Intensywna promocja - specjalista od paid social, kt\u00f3ry koncentruje si\u0119 wy\u0142\u0105cznie na tworzeniu i optymalizacji kampanii na tych platformach.\",\"breadcrumb\":{\"@id\":\"https:\/\/bidads.pl\/intensywna-promocja\/#breadcrumb\"},\"inLanguage\":\"en-GB\",\"potentialAction\":[{\"@type\":\"ReadAction\",\"target\":[\"https:\/\/bidads.pl\/intensywna-promocja\/\"]}]},{\"@type\":\"ImageObject\",\"inLanguage\":\"en-GB\",\"@id\":\"https:\/\/bidads.pl\/intensywna-promocja\/#primaryimage\",\"url\":\"https:\/\/bidads.pl\/wp-content\/uploads\/2025\/01\/BIDads_body_leasing_paid_social_okres_intensywnej_promocji.jpg\",\"contentUrl\":\"https:\/\/bidads.pl\/wp-content\/uploads\/2025\/01\/BIDads_body_leasing_paid_social_okres_intensywnej_promocji.jpg\"},{\"@type\":\"BreadcrumbList\",\"@id\":\"https:\/\/bidads.pl\/intensywna-promocja\/#breadcrumb\",\"itemListElement\":[{\"@type\":\"ListItem\",\"position\":1,\"name\":\"Strona g\u0142\u00f3wna\",\"item\":\"https:\/\/bidads.pl\/\"},{\"@type\":\"ListItem\",\"position\":2,\"name\":\"Intensywna promocja\"}]},{\"@type\":\"WebSite\",\"@id\":\"https:\/\/bidads.pl\/#website\",\"url\":\"https:\/\/bidads.pl\/\",\"name\":\"Bidads\",\"description\":\"\",\"publisher\":{\"@id\":\"https:\/\/bidads.pl\/#organization\"},\"potentialAction\":[{\"@type\":\"SearchAction\",\"target\":{\"@type\":\"EntryPoint\",\"urlTemplate\":\"https:\/\/bidads.pl\/?s={search_term_string}\"},\"query-input\":{\"@type\":\"PropertyValueSpecification\",\"valueRequired\":true,\"valueName\":\"search_term_string\"}}],\"inLanguage\":\"en-GB\"},{\"@type\":\"Organization\",\"@id\":\"https:\/\/bidads.pl\/#organization\",\"name\":\"Bidads\",\"url\":\"https:\/\/bidads.pl\/\",\"logo\":{\"@type\":\"ImageObject\",\"inLanguage\":\"en-GB\",\"@id\":\"https:\/\/bidads.pl\/#\/schema\/logo\/image\/\",\"url\":\"https:\/\/bidads.pl\/wp-content\/uploads\/2024\/12\/cropped-logo_BIDads.jpg\",\"contentUrl\":\"https:\/\/bidads.pl\/wp-content\/uploads\/2024\/12\/cropped-logo_BIDads.jpg\",\"width\":424,\"height\":424,\"caption\":\"Bidads\"},\"image\":{\"@id\":\"https:\/\/bidads.pl\/#\/schema\/logo\/image\/\"},\"sameAs\":[\"https:\/\/www.linkedin.com\/company\/bidads-sp-z-o-o\/\"]}]}<\/script>\n<!-- \/ Yoast SEO plugin. -->","yoast_head_json":{"title":"Intensywna promocja - Bidads","description":"Intensywna promocja - specjalista od paid social, kt\u00f3ry koncentruje si\u0119 wy\u0142\u0105cznie na tworzeniu i optymalizacji kampanii na tych platformach.","robots":{"index":"index","follow":"follow","max-snippet":"max-snippet:-1","max-image-preview":"max-image-preview:large","max-video-preview":"max-video-preview:-1"},"canonical":"https:\/\/bidads.pl\/en\/intensywna-promocja\/","og_locale":"en_GB","og_type":"article","og_title":"Intensywna promocja - Bidads","og_description":"Intensywna promocja - specjalista od paid social, kt\u00f3ry koncentruje si\u0119 wy\u0142\u0105cznie na tworzeniu i optymalizacji kampanii na tych platformach.","og_url":"https:\/\/bidads.pl\/en\/intensywna-promocja\/","og_site_name":"Bidads","article_modified_time":"2025-01-31T20:38:31+00:00","og_image":[{"url":"https:\/\/bidads.pl\/wp-content\/uploads\/2025\/01\/BIDads_body_leasing_paid_social_okres_intensywnej_promocji.jpg","type":"","width":"","height":""}],"twitter_card":"summary_large_image","twitter_title":"Intensywna promocja","twitter_description":"Intensywna promocja - specjalista od paid social, kt\u00f3ry koncentruje si\u0119 wy\u0142\u0105cznie na tworzeniu i optymalizacji kampanii na tych platformach.","twitter_misc":{"Estimated reading time":"1 minute"},"schema":{"@context":"https:\/\/schema.org","@graph":[{"@type":"WebPage","@id":"https:\/\/bidads.pl\/intensywna-promocja\/","url":"https:\/\/bidads.pl\/intensywna-promocja\/","name":"Intensywna promocja - Bidads","isPartOf":{"@id":"https:\/\/bidads.pl\/#website"},"primaryImageOfPage":{"@id":"https:\/\/bidads.pl\/intensywna-promocja\/#primaryimage"},"image":{"@id":"https:\/\/bidads.pl\/intensywna-promocja\/#primaryimage"},"thumbnailUrl":"https:\/\/bidads.pl\/wp-content\/uploads\/2025\/01\/BIDads_body_leasing_paid_social_okres_intensywnej_promocji.jpg","datePublished":"2024-12-03T10:36:05+00:00","dateModified":"2025-01-31T20:38:31+00:00","description":"Intensywna promocja - specjalista od paid social, kt\u00f3ry koncentruje si\u0119 wy\u0142\u0105cznie na tworzeniu i optymalizacji kampanii na tych platformach.","breadcrumb":{"@id":"https:\/\/bidads.pl\/intensywna-promocja\/#breadcrumb"},"inLanguage":"en-GB","potentialAction":[{"@type":"ReadAction","target":["https:\/\/bidads.pl\/intensywna-promocja\/"]}]},{"@type":"ImageObject","inLanguage":"en-GB","@id":"https:\/\/bidads.pl\/intensywna-promocja\/#primaryimage","url":"https:\/\/bidads.pl\/wp-content\/uploads\/2025\/01\/BIDads_body_leasing_paid_social_okres_intensywnej_promocji.jpg","contentUrl":"https:\/\/bidads.pl\/wp-content\/uploads\/2025\/01\/BIDads_body_leasing_paid_social_okres_intensywnej_promocji.jpg"},{"@type":"BreadcrumbList","@id":"https:\/\/bidads.pl\/intensywna-promocja\/#breadcrumb","itemListElement":[{"@type":"ListItem","position":1,"name":"Strona g\u0142\u00f3wna","item":"https:\/\/bidads.pl\/"},{"@type":"ListItem","position":2,"name":"Intensywna promocja"}]},{"@type":"WebSite","@id":"https:\/\/bidads.pl\/#website","url":"https:\/\/bidads.pl\/","name":"Bidads","description":"","publisher":{"@id":"https:\/\/bidads.pl\/#organization"},"potentialAction":[{"@type":"SearchAction","target":{"@type":"EntryPoint","urlTemplate":"https:\/\/bidads.pl\/?s={search_term_string}"},"query-input":{"@type":"PropertyValueSpecification","valueRequired":true,"valueName":"search_term_string"}}],"inLanguage":"en-GB"},{"@type":"Organization","@id":"https:\/\/bidads.pl\/#organization","name":"Bidads","url":"https:\/\/bidads.pl\/","logo":{"@type":"ImageObject","inLanguage":"en-GB","@id":"https:\/\/bidads.pl\/#\/schema\/logo\/image\/","url":"https:\/\/bidads.pl\/wp-content\/uploads\/2024\/12\/cropped-logo_BIDads.jpg","contentUrl":"https:\/\/bidads.pl\/wp-content\/uploads\/2024\/12\/cropped-logo_BIDads.jpg","width":424,"height":424,"caption":"Bidads"},"image":{"@id":"https:\/\/bidads.pl\/#\/schema\/logo\/image\/"},"sameAs":["https:\/\/www.linkedin.com\/company\/bidads-sp-z-o-o\/"]}]}},"_links":{"self":[{"href":"https:\/\/bidads.pl\/en\/wp-json\/wp\/v2\/pages\/3743","targetHints":{"allow":["GET"]}}],"collection":[{"href":"https:\/\/bidads.pl\/en\/wp-json\/wp\/v2\/pages"}],"about":[{"href":"https:\/\/bidads.pl\/en\/wp-json\/wp\/v2\/types\/page"}],"author":[{"embeddable":true,"href":"https:\/\/bidads.pl\/en\/wp-json\/wp\/v2\/users\/2"}],"replies":[{"embeddable":true,"href":"https:\/\/bidads.pl\/en\/wp-json\/wp\/v2\/comments?post=3743"}],"version-history":[{"count":7,"href":"https:\/\/bidads.pl\/en\/wp-json\/wp\/v2\/pages\/3743\/revisions"}],"predecessor-version":[{"id":4408,"href":"https:\/\/bidads.pl\/en\/wp-json\/wp\/v2\/pages\/3743\/revisions\/4408"}],"wp:attachment":[{"href":"https:\/\/bidads.pl\/en\/wp-json\/wp\/v2\/media?parent=3743"}],"curies":[{"name":"wp","href":"https:\/\/api.w.org\/{rel}","templated":true}]}}