{"id":3736,"date":"2024-12-03T11:27:27","date_gmt":"2024-12-03T10:27:27","guid":{"rendered":"https:\/\/bidads.pl\/?page_id=3736"},"modified":"2025-01-31T22:22:55","modified_gmt":"2025-01-31T21:22:55","slug":"zagraniczna-kampania","status":"publish","type":"page","link":"https:\/\/bidads.pl\/en\/zagraniczna-kampania\/","title":{"rendered":"International campaign"},"content":{"rendered":"<div data-elementor-type=\"wp-page\" data-elementor-id=\"3736\" class=\"elementor elementor-3736\">\n\t\t\t\t<div class=\"elementor-element elementor-element-64c64ff5 e-flex e-con-boxed e-con e-parent\" data-id=\"64c64ff5\" data-element_type=\"container\">\n\t\t\t\t\t<div class=\"e-con-inner\">\n\t\t\t\t<div class=\"elementor-element elementor-element-7be6193f elementor-widget elementor-widget-noile-image-box\" data-id=\"7be6193f\" data-element_type=\"widget\" data-widget_type=\"noile-image-box.default\">\n\t\t\t\t<div class=\"elementor-widget-container\">\n\t\t\t\t\t\t<div class=\"case-study-details__img-box\">\r\n\t\t<img decoding=\"async\" src=\"https:\/\/bidads.pl\/wp-content\/uploads\/2025\/01\/BIDads_body_leasing_programmatic_rynek_zagraniczny-1.jpg\" alt=\"BIDads_body_leasing_programmatic_rynek_zagraniczny\" title=\"https:\/\/bidads.pl\/en\/zagraniczna-kampania\/\" class=\"case-study-details__img\" >\t\t<p class=\"case-study-details__card-category\">Programmatic<\/p>\r\n\t<\/div>\r\n\t\t\t\t<\/div>\n\t\t\t\t<\/div>\n\t\t\t\t\t<\/div>\n\t\t\t\t<\/div>\n\t\t<div class=\"elementor-element elementor-element-4195fdd1 e-flex e-con-boxed e-con e-parent\" data-id=\"4195fdd1\" data-element_type=\"container\">\n\t\t\t\t\t<div class=\"e-con-inner\">\n\t\t<div class=\"elementor-element elementor-element-3c0e974f e-con-full e-flex e-con e-child\" data-id=\"3c0e974f\" data-element_type=\"container\">\n\t\t\t\t<div class=\"elementor-element elementor-element-3e9bed09 elementor-widget elementor-widget-sidebar-case-info\" data-id=\"3e9bed09\" data-element_type=\"widget\" data-widget_type=\"sidebar-case-info.default\">\n\t\t\t\t<div class=\"elementor-widget-container\">\n\t\t\t\t\t    <div class=\"case-study-details__info case-study-details__info-item wow animated fadeInRight\" data-wow-delay=\"0.1s\" data-wow-duration=\"1500ms\">\r\n        <ul class=\"case-study-details__info-list\">\r\n                            <li class=\"case-study-details__info-item\">\r\n                    <p class=\"case-study-details__info-top\">Client<\/p>\r\n                    <p class=\"case-study-details__info-title\">software producer<\/p>\r\n                <\/li>\r\n                            <li class=\"case-study-details__info-item\">\r\n                    <p class=\"case-study-details__info-top\">Industry<\/p>\r\n                    <p class=\"case-study-details__info-title\">technology industry<\/p>\r\n                <\/li>\r\n                    <\/ul>\r\n        <svg class=\"case-study-details__info-shape\" xmlns=\"http:\/\/www.w3.org\/2000\/svg\" width=\"222\" height=\"230\" viewbox=\"0 0 222 230\" fill=\"none\">\r\n            <path d=\"M98.55 91.9998L75.0334 109.136L145.728 218.98L179 219L98.55 91.9998Z\" \/>\r\n            <path d=\"M164.16 42.9998H109.44L0.000167847 187H53.2802L164.16 42.9998Z\" \/>\r\n            <path d=\"M179.691 -0.000244141L13.2508 219H52.6708L221.301 -0.000244141H179.691Z\" \/>\r\n        <\/svg>\r\n    <\/div><!-- \/.case-study-details__inf0 -->\r\n\t\t\t\t<\/div>\n\t\t\t\t<\/div>\n\t\t\t\t<div class=\"elementor-element elementor-element-581655a6 elementor-widget elementor-widget-sidebar-social-info\" data-id=\"581655a6\" data-element_type=\"widget\" data-widget_type=\"sidebar-social-info.default\">\n\t\t\t\t<div class=\"elementor-widget-container\">\n\t\t\t\t\t    <div class=\"case-study-details__social case-study-details__info-item\">\r\n        <h3 class=\"case-study-details__sm-title case-study-details__social-title\">Social Media<\/h3>        <ul class=\"case-study-details__social-list\">\r\n                            <li class=\"case-study-details__social-item\">\r\n                    <a class=\"case-study-details__social-link\"   href=\"https:\/\/www.facebook.com\/\">\r\n                        <span aria-hidden=\"true\" class=\"icon-facebook\"><\/span>                    <\/a>\r\n                <\/li>\r\n                            <li class=\"case-study-details__social-item\">\r\n                    <a class=\"case-study-details__social-link\"   href=\"https:\/\/www.twitter.com\/\">\r\n                        <span aria-hidden=\"true\" class=\"icon-linkedin\"><\/span>                    <\/a>\r\n                <\/li>\r\n                    <\/ul>\r\n    <\/div><!-- \/.case-study-details__social -->\r\n\r\n\t\t\t\t<\/div>\n\t\t\t\t<\/div>\n\t\t\t\t<\/div>\n\t\t<div class=\"elementor-element elementor-element-10d2d971 e-con-full e-flex e-con e-child\" data-id=\"10d2d971\" data-element_type=\"container\">\n\t\t\t\t<div class=\"elementor-element elementor-element-45e15080 elementor-widget elementor-widget-text-editor\" data-id=\"45e15080\" data-element_type=\"widget\" data-widget_type=\"text-editor.default\">\n\t\t\t\t<div class=\"elementor-widget-container\">\n\t\t\t\t\t\t\t\t\t<div class=\"case-study-details__text-one-box case-study-details__item\">\n<h3 class=\"case-study-details__md-title\">Launching a programmatic campaign for a new foreign market<\/h3>\n\n\n<\/div>\t\t\t\t\t\t\t\t<\/div>\n\t\t\t\t<\/div>\n\t\t\t\t<div class=\"elementor-element elementor-element-18eb7e1 elementor-widget elementor-widget-text-editor\" data-id=\"18eb7e1\" data-element_type=\"widget\" data-widget_type=\"text-editor.default\">\n\t\t\t\t<div class=\"elementor-widget-container\">\n\t\t\t\t\t\t\t\t\t<div class=\"case-study-details__text-two-box case-study-details__item\">\n<h3 class=\"case-study-details__sm-title\">Scenario<\/h3>\n<p class=\"case-study-details__desc-two case-study-details__desc\">A tech company is planning to expand into new foreign markets and wants to launch\nprogrammatic campaigns in countries where it has not previously operated. It needs a specialist\nwho is familiar with international markets and has experience in media buying automation.<\/p>\n\n\n<\/div>\t\t\t\t\t\t\t\t<\/div>\n\t\t\t\t<\/div>\n\t\t\t\t<div class=\"elementor-element elementor-element-24d3fc4b elementor-widget elementor-widget-text-editor\" data-id=\"24d3fc4b\" data-element_type=\"widget\" data-widget_type=\"text-editor.default\">\n\t\t\t\t<div class=\"elementor-widget-container\">\n\t\t\t\t\t\t\t\t\t<div class=\"case-study-details__text-three-box case-study-details__item\">\n<h3 class=\"case-study-details__sm-title\">Body leasing Talent outsourcing solution<\/h3>\n<p class=\"case-study-details__desc-four case-study-details__desc\">The company decides to hire a programmatic buying expert for six months to set up campaigns,\nmanage DSP platforms and optimise performance in real time. This allows the company to\nquickly gain valuable insights into new markets without the need to hire permanent staff.<\/p>\n\n<\/div>\t\t\t\t\t\t\t\t<\/div>\n\t\t\t\t<\/div>\n\t\t\t\t<\/div>\n\t\t\t\t\t<\/div>\n\t\t\t\t<\/div>\n\t\t\t\t<\/div>","protected":false},"excerpt":{"rendered":"<p>Programmatic Klient: Producent oprogramowania Bran\u017ca: Technologiczna Social Media Uruchomienie kampanii programmatic dla nowego rynku zagranicznego Sytuacja Sytuacja Firma technologiczna planuje ekspansj\u0119 na nowe rynki zagraniczne i chce uruchomi\u0107 kampanie programmatic w krajach, w kt\u00f3rych dot\u0105d nie dzia\u0142a\u0142a. Potrzebuje specjalisty, kt\u00f3ry zna specyfik\u0119 rynk\u00f3w zagranicznych i posiada do\u015bwiadczenie w automatyzacji zakupu medi\u00f3w. Zastosowanie body leasingu Firma [&hellip;]<\/p>","protected":false},"author":3,"featured_media":0,"parent":0,"menu_order":0,"comment_status":"closed","ping_status":"closed","template":"","meta":{"footnotes":""},"class_list":["post-3736","page","type-page","status-publish","hentry"],"yoast_head":"<!-- This site is optimized with the Yoast SEO plugin v25.2 - https:\/\/yoast.com\/wordpress\/plugins\/seo\/ -->\n<title>Zagraniczna kampania - Bidads<\/title>\n<meta name=\"description\" content=\"Jak dzia\u0142a body leasing w digital marketingu: Uruchomienie kampanii programmatic dla nowego rynku zagranicznego\" \/>\n<meta name=\"robots\" content=\"index, follow, max-snippet:-1, max-image-preview:large, max-video-preview:-1\" \/>\n<link rel=\"canonical\" href=\"https:\/\/bidads.pl\/en\/zagraniczna-kampania\/\" \/>\n<meta property=\"og:locale\" content=\"en_GB\" \/>\n<meta property=\"og:type\" content=\"article\" \/>\n<meta property=\"og:title\" content=\"Zagraniczna kampania - Bidads\" \/>\n<meta property=\"og:description\" content=\"Jak dzia\u0142a body leasing w digital marketingu: Uruchomienie kampanii programmatic dla nowego rynku zagranicznego\" \/>\n<meta property=\"og:url\" content=\"https:\/\/bidads.pl\/en\/zagraniczna-kampania\/\" \/>\n<meta property=\"og:site_name\" content=\"Bidads\" \/>\n<meta property=\"article:modified_time\" content=\"2025-01-31T21:22:55+00:00\" \/>\n<meta property=\"og:image\" content=\"https:\/\/bidads.pl\/wp-content\/uploads\/2025\/01\/BIDads_body_leasing_programmatic_rynek_zagraniczny-1.jpg\" \/>\n<meta name=\"twitter:card\" content=\"summary_large_image\" \/>\n<meta name=\"twitter:label1\" content=\"Estimated reading time\" \/>\n\t<meta name=\"twitter:data1\" content=\"1 minute\" \/>\n<script type=\"application\/ld+json\" class=\"yoast-schema-graph\">{\"@context\":\"https:\/\/schema.org\",\"@graph\":[{\"@type\":\"WebPage\",\"@id\":\"https:\/\/bidads.pl\/zagraniczna-kampania\/\",\"url\":\"https:\/\/bidads.pl\/zagraniczna-kampania\/\",\"name\":\"Zagraniczna kampania - Bidads\",\"isPartOf\":{\"@id\":\"https:\/\/bidads.pl\/#website\"},\"primaryImageOfPage\":{\"@id\":\"https:\/\/bidads.pl\/zagraniczna-kampania\/#primaryimage\"},\"image\":{\"@id\":\"https:\/\/bidads.pl\/zagraniczna-kampania\/#primaryimage\"},\"thumbnailUrl\":\"https:\/\/bidads.pl\/wp-content\/uploads\/2025\/01\/BIDads_body_leasing_programmatic_rynek_zagraniczny-1.jpg\",\"datePublished\":\"2024-12-03T10:27:27+00:00\",\"dateModified\":\"2025-01-31T21:22:55+00:00\",\"description\":\"Jak dzia\u0142a body leasing w digital marketingu: Uruchomienie kampanii programmatic dla nowego rynku zagranicznego\",\"breadcrumb\":{\"@id\":\"https:\/\/bidads.pl\/zagraniczna-kampania\/#breadcrumb\"},\"inLanguage\":\"en-GB\",\"potentialAction\":[{\"@type\":\"ReadAction\",\"target\":[\"https:\/\/bidads.pl\/zagraniczna-kampania\/\"]}]},{\"@type\":\"ImageObject\",\"inLanguage\":\"en-GB\",\"@id\":\"https:\/\/bidads.pl\/zagraniczna-kampania\/#primaryimage\",\"url\":\"https:\/\/bidads.pl\/wp-content\/uploads\/2025\/01\/BIDads_body_leasing_programmatic_rynek_zagraniczny-1.jpg\",\"contentUrl\":\"https:\/\/bidads.pl\/wp-content\/uploads\/2025\/01\/BIDads_body_leasing_programmatic_rynek_zagraniczny-1.jpg\"},{\"@type\":\"BreadcrumbList\",\"@id\":\"https:\/\/bidads.pl\/zagraniczna-kampania\/#breadcrumb\",\"itemListElement\":[{\"@type\":\"ListItem\",\"position\":1,\"name\":\"Strona g\u0142\u00f3wna\",\"item\":\"https:\/\/bidads.pl\/\"},{\"@type\":\"ListItem\",\"position\":2,\"name\":\"Zagraniczna kampania\"}]},{\"@type\":\"WebSite\",\"@id\":\"https:\/\/bidads.pl\/#website\",\"url\":\"https:\/\/bidads.pl\/\",\"name\":\"Bidads\",\"description\":\"\",\"publisher\":{\"@id\":\"https:\/\/bidads.pl\/#organization\"},\"potentialAction\":[{\"@type\":\"SearchAction\",\"target\":{\"@type\":\"EntryPoint\",\"urlTemplate\":\"https:\/\/bidads.pl\/?s={search_term_string}\"},\"query-input\":{\"@type\":\"PropertyValueSpecification\",\"valueRequired\":true,\"valueName\":\"search_term_string\"}}],\"inLanguage\":\"en-GB\"},{\"@type\":\"Organization\",\"@id\":\"https:\/\/bidads.pl\/#organization\",\"name\":\"Bidads\",\"url\":\"https:\/\/bidads.pl\/\",\"logo\":{\"@type\":\"ImageObject\",\"inLanguage\":\"en-GB\",\"@id\":\"https:\/\/bidads.pl\/#\/schema\/logo\/image\/\",\"url\":\"https:\/\/bidads.pl\/wp-content\/uploads\/2024\/12\/cropped-logo_BIDads.jpg\",\"contentUrl\":\"https:\/\/bidads.pl\/wp-content\/uploads\/2024\/12\/cropped-logo_BIDads.jpg\",\"width\":424,\"height\":424,\"caption\":\"Bidads\"},\"image\":{\"@id\":\"https:\/\/bidads.pl\/#\/schema\/logo\/image\/\"},\"sameAs\":[\"https:\/\/www.linkedin.com\/company\/bidads-sp-z-o-o\/\"]}]}<\/script>\n<!-- \/ Yoast SEO plugin. -->","yoast_head_json":{"title":"Zagraniczna kampania - Bidads","description":"Jak dzia\u0142a body leasing w digital marketingu: Uruchomienie kampanii programmatic dla nowego rynku zagranicznego","robots":{"index":"index","follow":"follow","max-snippet":"max-snippet:-1","max-image-preview":"max-image-preview:large","max-video-preview":"max-video-preview:-1"},"canonical":"https:\/\/bidads.pl\/en\/zagraniczna-kampania\/","og_locale":"en_GB","og_type":"article","og_title":"Zagraniczna kampania - Bidads","og_description":"Jak dzia\u0142a body leasing w digital marketingu: Uruchomienie kampanii programmatic dla nowego rynku zagranicznego","og_url":"https:\/\/bidads.pl\/en\/zagraniczna-kampania\/","og_site_name":"Bidads","article_modified_time":"2025-01-31T21:22:55+00:00","og_image":[{"url":"https:\/\/bidads.pl\/wp-content\/uploads\/2025\/01\/BIDads_body_leasing_programmatic_rynek_zagraniczny-1.jpg","type":"","width":"","height":""}],"twitter_card":"summary_large_image","twitter_misc":{"Estimated reading time":"1 minute"},"schema":{"@context":"https:\/\/schema.org","@graph":[{"@type":"WebPage","@id":"https:\/\/bidads.pl\/zagraniczna-kampania\/","url":"https:\/\/bidads.pl\/zagraniczna-kampania\/","name":"Zagraniczna kampania - Bidads","isPartOf":{"@id":"https:\/\/bidads.pl\/#website"},"primaryImageOfPage":{"@id":"https:\/\/bidads.pl\/zagraniczna-kampania\/#primaryimage"},"image":{"@id":"https:\/\/bidads.pl\/zagraniczna-kampania\/#primaryimage"},"thumbnailUrl":"https:\/\/bidads.pl\/wp-content\/uploads\/2025\/01\/BIDads_body_leasing_programmatic_rynek_zagraniczny-1.jpg","datePublished":"2024-12-03T10:27:27+00:00","dateModified":"2025-01-31T21:22:55+00:00","description":"Jak dzia\u0142a body leasing w digital marketingu: Uruchomienie kampanii programmatic dla nowego rynku zagranicznego","breadcrumb":{"@id":"https:\/\/bidads.pl\/zagraniczna-kampania\/#breadcrumb"},"inLanguage":"en-GB","potentialAction":[{"@type":"ReadAction","target":["https:\/\/bidads.pl\/zagraniczna-kampania\/"]}]},{"@type":"ImageObject","inLanguage":"en-GB","@id":"https:\/\/bidads.pl\/zagraniczna-kampania\/#primaryimage","url":"https:\/\/bidads.pl\/wp-content\/uploads\/2025\/01\/BIDads_body_leasing_programmatic_rynek_zagraniczny-1.jpg","contentUrl":"https:\/\/bidads.pl\/wp-content\/uploads\/2025\/01\/BIDads_body_leasing_programmatic_rynek_zagraniczny-1.jpg"},{"@type":"BreadcrumbList","@id":"https:\/\/bidads.pl\/zagraniczna-kampania\/#breadcrumb","itemListElement":[{"@type":"ListItem","position":1,"name":"Strona g\u0142\u00f3wna","item":"https:\/\/bidads.pl\/"},{"@type":"ListItem","position":2,"name":"Zagraniczna kampania"}]},{"@type":"WebSite","@id":"https:\/\/bidads.pl\/#website","url":"https:\/\/bidads.pl\/","name":"Bidads","description":"","publisher":{"@id":"https:\/\/bidads.pl\/#organization"},"potentialAction":[{"@type":"SearchAction","target":{"@type":"EntryPoint","urlTemplate":"https:\/\/bidads.pl\/?s={search_term_string}"},"query-input":{"@type":"PropertyValueSpecification","valueRequired":true,"valueName":"search_term_string"}}],"inLanguage":"en-GB"},{"@type":"Organization","@id":"https:\/\/bidads.pl\/#organization","name":"Bidads","url":"https:\/\/bidads.pl\/","logo":{"@type":"ImageObject","inLanguage":"en-GB","@id":"https:\/\/bidads.pl\/#\/schema\/logo\/image\/","url":"https:\/\/bidads.pl\/wp-content\/uploads\/2024\/12\/cropped-logo_BIDads.jpg","contentUrl":"https:\/\/bidads.pl\/wp-content\/uploads\/2024\/12\/cropped-logo_BIDads.jpg","width":424,"height":424,"caption":"Bidads"},"image":{"@id":"https:\/\/bidads.pl\/#\/schema\/logo\/image\/"},"sameAs":["https:\/\/www.linkedin.com\/company\/bidads-sp-z-o-o\/"]}]}},"_links":{"self":[{"href":"https:\/\/bidads.pl\/en\/wp-json\/wp\/v2\/pages\/3736","targetHints":{"allow":["GET"]}}],"collection":[{"href":"https:\/\/bidads.pl\/en\/wp-json\/wp\/v2\/pages"}],"about":[{"href":"https:\/\/bidads.pl\/en\/wp-json\/wp\/v2\/types\/page"}],"author":[{"embeddable":true,"href":"https:\/\/bidads.pl\/en\/wp-json\/wp\/v2\/users\/3"}],"replies":[{"embeddable":true,"href":"https:\/\/bidads.pl\/en\/wp-json\/wp\/v2\/comments?post=3736"}],"version-history":[{"count":7,"href":"https:\/\/bidads.pl\/en\/wp-json\/wp\/v2\/pages\/3736\/revisions"}],"predecessor-version":[{"id":4400,"href":"https:\/\/bidads.pl\/en\/wp-json\/wp\/v2\/pages\/3736\/revisions\/4400"}],"wp:attachment":[{"href":"https:\/\/bidads.pl\/en\/wp-json\/wp\/v2\/media?parent=3736"}],"curies":[{"name":"wp","href":"https:\/\/api.w.org\/{rel}","templated":true}]}}