{"id":3729,"date":"2024-12-03T11:21:27","date_gmt":"2024-12-03T10:21:27","guid":{"rendered":"https:\/\/bidads.pl\/?page_id=3729"},"modified":"2025-01-31T18:30:47","modified_gmt":"2025-01-31T17:30:47","slug":"audyt-seo","status":"publish","type":"page","link":"https:\/\/bidads.pl\/en\/audyt-seo\/","title":{"rendered":"SEO Audit"},"content":{"rendered":"<div data-elementor-type=\"wp-page\" data-elementor-id=\"3729\" class=\"elementor elementor-3729\">\n\t\t\t\t<div class=\"elementor-element elementor-element-56e9a805 e-flex e-con-boxed e-con e-parent\" data-id=\"56e9a805\" data-element_type=\"container\">\n\t\t\t\t\t<div class=\"e-con-inner\">\n\t\t\t\t<div class=\"elementor-element elementor-element-52ee0b9 elementor-widget elementor-widget-noile-image-box\" data-id=\"52ee0b9\" data-element_type=\"widget\" data-widget_type=\"noile-image-box.default\">\n\t\t\t\t<div class=\"elementor-widget-container\">\n\t\t\t\t\t\t<div class=\"case-study-details__img-box\">\r\n\t\t<img decoding=\"async\" src=\"https:\/\/bidads.pl\/wp-content\/uploads\/2025\/01\/BIDads_-body-leasing-_-SEO-_-zewnetrzny-audyt-seo.jpg\" alt=\"BIDads_audyt_SEO\" title=\"BIDads_ body leasing _ SEO _ zewnetrzny audyt seo\" class=\"case-study-details__img\" >\t\t<p class=\"case-study-details__card-category\">SEO<\/p>\r\n\t<\/div>\r\n\t\t\t\t<\/div>\n\t\t\t\t<\/div>\n\t\t\t\t\t<\/div>\n\t\t\t\t<\/div>\n\t\t<div class=\"elementor-element elementor-element-3367907b e-flex e-con-boxed e-con e-parent\" data-id=\"3367907b\" data-element_type=\"container\">\n\t\t\t\t\t<div class=\"e-con-inner\">\n\t\t<div class=\"elementor-element elementor-element-49b314be e-con-full e-flex e-con e-child\" data-id=\"49b314be\" data-element_type=\"container\">\n\t\t\t\t<div class=\"elementor-element elementor-element-77258bb0 elementor-widget elementor-widget-sidebar-case-info\" data-id=\"77258bb0\" data-element_type=\"widget\" data-widget_type=\"sidebar-case-info.default\">\n\t\t\t\t<div class=\"elementor-widget-container\">\n\t\t\t\t\t    <div class=\"case-study-details__info case-study-details__info-item wow animated fadeInRight\" data-wow-delay=\"0.1s\" data-wow-duration=\"1500ms\">\r\n        <ul class=\"case-study-details__info-list\">\r\n                            <li class=\"case-study-details__info-item\">\r\n                    <p class=\"case-study-details__info-top\">Client<\/p>\r\n                    <p class=\"case-study-details__info-title\">Digital Agency<\/p>\r\n                <\/li>\r\n                            <li class=\"case-study-details__info-item\">\r\n                    <p class=\"case-study-details__info-top\">Industry<\/p>\r\n                    <p class=\"case-study-details__info-title\">Real estate industry<\/p>\r\n                <\/li>\r\n                    <\/ul>\r\n        <svg class=\"case-study-details__info-shape\" xmlns=\"http:\/\/www.w3.org\/2000\/svg\" width=\"222\" height=\"230\" viewbox=\"0 0 222 230\" fill=\"none\">\r\n            <path d=\"M98.55 91.9998L75.0334 109.136L145.728 218.98L179 219L98.55 91.9998Z\" \/>\r\n            <path d=\"M164.16 42.9998H109.44L0.000167847 187H53.2802L164.16 42.9998Z\" \/>\r\n            <path d=\"M179.691 -0.000244141L13.2508 219H52.6708L221.301 -0.000244141H179.691Z\" \/>\r\n        <\/svg>\r\n    <\/div><!-- \/.case-study-details__inf0 -->\r\n\t\t\t\t<\/div>\n\t\t\t\t<\/div>\n\t\t\t\t<div class=\"elementor-element elementor-element-71333462 elementor-widget elementor-widget-sidebar-social-info\" data-id=\"71333462\" data-element_type=\"widget\" data-widget_type=\"sidebar-social-info.default\">\n\t\t\t\t<div class=\"elementor-widget-container\">\n\t\t\t\t\t    <div class=\"case-study-details__social case-study-details__info-item\">\r\n        <h3 class=\"case-study-details__sm-title case-study-details__social-title\">Social Media<\/h3>        <ul class=\"case-study-details__social-list\">\r\n                            <li class=\"case-study-details__social-item\">\r\n                    <a class=\"case-study-details__social-link\"   href=\"https:\/\/www.facebook.com\/\">\r\n                        <span aria-hidden=\"true\" class=\"icon-facebook\"><\/span>                    <\/a>\r\n                <\/li>\r\n                            <li class=\"case-study-details__social-item\">\r\n                    <a class=\"case-study-details__social-link\"   href=\"https:\/\/www.twitter.com\/\">\r\n                        <span aria-hidden=\"true\" class=\"icon-linkedin\"><\/span>                    <\/a>\r\n                <\/li>\r\n                    <\/ul>\r\n    <\/div><!-- \/.case-study-details__social -->\r\n\r\n\t\t\t\t<\/div>\n\t\t\t\t<\/div>\n\t\t\t\t<\/div>\n\t\t<div class=\"elementor-element elementor-element-2b216a75 e-con-full e-flex e-con e-child\" data-id=\"2b216a75\" data-element_type=\"container\">\n\t\t\t\t<div class=\"elementor-element elementor-element-47eb9f94 elementor-widget elementor-widget-text-editor\" data-id=\"47eb9f94\" data-element_type=\"widget\" data-widget_type=\"text-editor.default\">\n\t\t\t\t<div class=\"elementor-widget-container\">\n\t\t\t\t\t\t\t\t\t<div class=\"case-study-details__text-one-box case-study-details__item\">\n<h3 class=\"case-study-details__md-title\">SEO audit and content strategy implementation<\/h3>\n<p class=\"case-study-details__desc-one case-study-details__desc\"><\/p>\n\n<\/div>\t\t\t\t\t\t\t\t<\/div>\n\t\t\t\t<\/div>\n\t\t\t\t<div class=\"elementor-element elementor-element-71b7cb5f elementor-widget elementor-widget-text-editor\" data-id=\"71b7cb5f\" data-element_type=\"widget\" data-widget_type=\"text-editor.default\">\n\t\t\t\t<div class=\"elementor-widget-container\">\n\t\t\t\t\t\t\t\t\t<div class=\"case-study-details__text-two-box case-study-details__item\">\n<h3 class=\"case-study-details__sm-title\">Scenario<\/h3>\n<p class=\"case-study-details__desc-two case-study-details__desc\">\nA digital agency acquires a real estate client who needs to improve their website visibility in\nGoogle search results. A detailed SEO audit and a long-term content strategy are needed to\nimprove rankings for key search terms.<\/p>\n\n<\/div>\n\n\n\n\n\t\t\t\t\t\t\t\t<\/div>\n\t\t\t\t<\/div>\n\t\t\t\t<div class=\"elementor-element elementor-element-6f5d33a1 elementor-widget elementor-widget-text-editor\" data-id=\"6f5d33a1\" data-element_type=\"widget\" data-widget_type=\"text-editor.default\">\n\t\t\t\t<div class=\"elementor-widget-container\">\n\t\t\t\t\t\t\t\t\t<div class=\"case-study-details__text-three-box case-study-details__item\">\n<h3 class=\"case-study-details__sm-title\">Body leasing Talent outsourcing solution<\/h3>\n<p class=\"case-study-details__desc-four case-study-details__desc\">The agency hires an external SEO specialist who conducts a comprehensive technical audit,\nkeyword analysis and develops a content strategy over several months. This enables the agency\nto swiftly implement changes on the website, increasing its visibility and driving organic traffic.<\/p>\n\n<\/div>\t\t\t\t\t\t\t\t<\/div>\n\t\t\t\t<\/div>\n\t\t\t\t<\/div>\n\t\t\t\t\t<\/div>\n\t\t\t\t<\/div>\n\t\t\t\t<\/div>","protected":false},"excerpt":{"rendered":"<p>SEO Klient: Agencja digitalowa Bran\u017ca: Nieruchomo\u015bci Social Media Przeprowadzenie audytu SEO i wdro\u017cenie strategii contentowej Sytuacja Agencja digitalowa zdobywa klienta z bran\u017cy nieruchomo\u015bci, kt\u00f3ry potrzebuje poprawy widoczno\u015bci swojej strony w wyszukiwarce Google. Wymagany jest gruntowny audyt SEO oraz opracowanie d\u0142ugoterminowej strategii contentowej, aby poprawi\u0107 pozycje kluczowych fraz. Zastosowanie body leasingu Agencja wynajmuje zewn\u0119trznego specjalist\u0119 SEO, [&hellip;]<\/p>","protected":false},"author":2,"featured_media":0,"parent":0,"menu_order":0,"comment_status":"closed","ping_status":"closed","template":"","meta":{"footnotes":""},"class_list":["post-3729","page","type-page","status-publish","hentry"],"yoast_head":"<!-- This site is optimized with the Yoast SEO plugin v25.2 - https:\/\/yoast.com\/wordpress\/plugins\/seo\/ -->\n<title>Audyt SEO - Bidads<\/title>\n<meta name=\"description\" content=\"Body leasing Bidads: gruntowny audyt SEO oraz opracowanie d\u0142ugoterminowej strategii contentowej, aby poprawi\u0107 pozycje kluczowych fraz.\" \/>\n<meta name=\"robots\" content=\"index, follow, max-snippet:-1, max-image-preview:large, max-video-preview:-1\" \/>\n<link rel=\"canonical\" href=\"https:\/\/bidads.pl\/en\/audyt-seo\/\" \/>\n<meta property=\"og:locale\" content=\"en_GB\" \/>\n<meta property=\"og:type\" content=\"article\" \/>\n<meta property=\"og:title\" content=\"Audyt SEO\" \/>\n<meta property=\"og:description\" content=\"Body leasing Bidads: gruntowny audyt SEO oraz opracowanie d\u0142ugoterminowej strategii contentowej, aby poprawi\u0107 pozycje kluczowych fraz.\" \/>\n<meta property=\"og:url\" content=\"https:\/\/bidads.pl\/en\/audyt-seo\/\" \/>\n<meta property=\"og:site_name\" content=\"Bidads\" \/>\n<meta property=\"article:modified_time\" content=\"2025-01-31T17:30:47+00:00\" \/>\n<meta property=\"og:image\" content=\"https:\/\/bidads.pl\/wp-content\/uploads\/2025\/01\/BIDads_-body-leasing-_-SEO-_-zewnetrzny-audyt-seo.jpg\" \/>\n\t<meta property=\"og:image:width\" content=\"1300\" \/>\n\t<meta property=\"og:image:height\" content=\"866\" \/>\n\t<meta property=\"og:image:type\" content=\"image\/jpeg\" \/>\n<meta name=\"twitter:card\" content=\"summary_large_image\" \/>\n<meta name=\"twitter:title\" content=\"Audyt SEO\" \/>\n<meta name=\"twitter:description\" content=\"Body leasing Bidads: gruntowny audyt SEO oraz opracowanie d\u0142ugoterminowej strategii contentowej, aby poprawi\u0107 pozycje kluczowych fraz.\" \/>\n<meta name=\"twitter:image\" content=\"https:\/\/bidads.pl\/wp-content\/uploads\/2025\/01\/BIDads_-body-leasing-_-SEO-_-zewnetrzny-audyt-seo.jpg\" \/>\n<meta name=\"twitter:label1\" content=\"Estimated reading time\" \/>\n\t<meta name=\"twitter:data1\" content=\"1 minute\" \/>\n<script type=\"application\/ld+json\" class=\"yoast-schema-graph\">{\"@context\":\"https:\/\/schema.org\",\"@graph\":[{\"@type\":\"WebPage\",\"@id\":\"https:\/\/bidads.pl\/audyt-seo\/\",\"url\":\"https:\/\/bidads.pl\/audyt-seo\/\",\"name\":\"Audyt SEO - Bidads\",\"isPartOf\":{\"@id\":\"https:\/\/bidads.pl\/#website\"},\"primaryImageOfPage\":{\"@id\":\"https:\/\/bidads.pl\/audyt-seo\/#primaryimage\"},\"image\":{\"@id\":\"https:\/\/bidads.pl\/audyt-seo\/#primaryimage\"},\"thumbnailUrl\":\"https:\/\/bidads.pl\/wp-content\/uploads\/2025\/01\/BIDads_-body-leasing-_-SEO-_-zewnetrzny-audyt-seo.jpg\",\"datePublished\":\"2024-12-03T10:21:27+00:00\",\"dateModified\":\"2025-01-31T17:30:47+00:00\",\"description\":\"Body leasing Bidads: gruntowny audyt SEO oraz opracowanie d\u0142ugoterminowej strategii contentowej, aby poprawi\u0107 pozycje kluczowych fraz.\",\"breadcrumb\":{\"@id\":\"https:\/\/bidads.pl\/audyt-seo\/#breadcrumb\"},\"inLanguage\":\"en-GB\",\"potentialAction\":[{\"@type\":\"ReadAction\",\"target\":[\"https:\/\/bidads.pl\/audyt-seo\/\"]}]},{\"@type\":\"ImageObject\",\"inLanguage\":\"en-GB\",\"@id\":\"https:\/\/bidads.pl\/audyt-seo\/#primaryimage\",\"url\":\"https:\/\/bidads.pl\/wp-content\/uploads\/2025\/01\/BIDads_-body-leasing-_-SEO-_-zewnetrzny-audyt-seo.jpg\",\"contentUrl\":\"https:\/\/bidads.pl\/wp-content\/uploads\/2025\/01\/BIDads_-body-leasing-_-SEO-_-zewnetrzny-audyt-seo.jpg\"},{\"@type\":\"BreadcrumbList\",\"@id\":\"https:\/\/bidads.pl\/audyt-seo\/#breadcrumb\",\"itemListElement\":[{\"@type\":\"ListItem\",\"position\":1,\"name\":\"Strona g\u0142\u00f3wna\",\"item\":\"https:\/\/bidads.pl\/\"},{\"@type\":\"ListItem\",\"position\":2,\"name\":\"Audyt SEO\"}]},{\"@type\":\"WebSite\",\"@id\":\"https:\/\/bidads.pl\/#website\",\"url\":\"https:\/\/bidads.pl\/\",\"name\":\"Bidads\",\"description\":\"\",\"publisher\":{\"@id\":\"https:\/\/bidads.pl\/#organization\"},\"potentialAction\":[{\"@type\":\"SearchAction\",\"target\":{\"@type\":\"EntryPoint\",\"urlTemplate\":\"https:\/\/bidads.pl\/?s={search_term_string}\"},\"query-input\":{\"@type\":\"PropertyValueSpecification\",\"valueRequired\":true,\"valueName\":\"search_term_string\"}}],\"inLanguage\":\"en-GB\"},{\"@type\":\"Organization\",\"@id\":\"https:\/\/bidads.pl\/#organization\",\"name\":\"Bidads\",\"url\":\"https:\/\/bidads.pl\/\",\"logo\":{\"@type\":\"ImageObject\",\"inLanguage\":\"en-GB\",\"@id\":\"https:\/\/bidads.pl\/#\/schema\/logo\/image\/\",\"url\":\"https:\/\/bidads.pl\/wp-content\/uploads\/2024\/12\/cropped-logo_BIDads.jpg\",\"contentUrl\":\"https:\/\/bidads.pl\/wp-content\/uploads\/2024\/12\/cropped-logo_BIDads.jpg\",\"width\":424,\"height\":424,\"caption\":\"Bidads\"},\"image\":{\"@id\":\"https:\/\/bidads.pl\/#\/schema\/logo\/image\/\"},\"sameAs\":[\"https:\/\/www.linkedin.com\/company\/bidads-sp-z-o-o\/\"]}]}<\/script>\n<!-- \/ Yoast SEO plugin. -->","yoast_head_json":{"title":"Audyt SEO - Bidads","description":"Body leasing Bidads: gruntowny audyt SEO oraz opracowanie d\u0142ugoterminowej strategii contentowej, aby poprawi\u0107 pozycje kluczowych fraz.","robots":{"index":"index","follow":"follow","max-snippet":"max-snippet:-1","max-image-preview":"max-image-preview:large","max-video-preview":"max-video-preview:-1"},"canonical":"https:\/\/bidads.pl\/en\/audyt-seo\/","og_locale":"en_GB","og_type":"article","og_title":"Audyt SEO","og_description":"Body leasing Bidads: gruntowny audyt SEO oraz opracowanie d\u0142ugoterminowej strategii contentowej, aby poprawi\u0107 pozycje kluczowych fraz.","og_url":"https:\/\/bidads.pl\/en\/audyt-seo\/","og_site_name":"Bidads","article_modified_time":"2025-01-31T17:30:47+00:00","og_image":[{"width":1300,"height":866,"url":"https:\/\/bidads.pl\/wp-content\/uploads\/2025\/01\/BIDads_-body-leasing-_-SEO-_-zewnetrzny-audyt-seo.jpg","type":"image\/jpeg"}],"twitter_card":"summary_large_image","twitter_title":"Audyt SEO","twitter_description":"Body leasing Bidads: gruntowny audyt SEO oraz opracowanie d\u0142ugoterminowej strategii contentowej, aby poprawi\u0107 pozycje kluczowych fraz.","twitter_image":"https:\/\/bidads.pl\/wp-content\/uploads\/2025\/01\/BIDads_-body-leasing-_-SEO-_-zewnetrzny-audyt-seo.jpg","twitter_misc":{"Estimated reading time":"1 minute"},"schema":{"@context":"https:\/\/schema.org","@graph":[{"@type":"WebPage","@id":"https:\/\/bidads.pl\/audyt-seo\/","url":"https:\/\/bidads.pl\/audyt-seo\/","name":"Audyt SEO - Bidads","isPartOf":{"@id":"https:\/\/bidads.pl\/#website"},"primaryImageOfPage":{"@id":"https:\/\/bidads.pl\/audyt-seo\/#primaryimage"},"image":{"@id":"https:\/\/bidads.pl\/audyt-seo\/#primaryimage"},"thumbnailUrl":"https:\/\/bidads.pl\/wp-content\/uploads\/2025\/01\/BIDads_-body-leasing-_-SEO-_-zewnetrzny-audyt-seo.jpg","datePublished":"2024-12-03T10:21:27+00:00","dateModified":"2025-01-31T17:30:47+00:00","description":"Body leasing Bidads: gruntowny audyt SEO oraz opracowanie d\u0142ugoterminowej strategii contentowej, aby poprawi\u0107 pozycje kluczowych fraz.","breadcrumb":{"@id":"https:\/\/bidads.pl\/audyt-seo\/#breadcrumb"},"inLanguage":"en-GB","potentialAction":[{"@type":"ReadAction","target":["https:\/\/bidads.pl\/audyt-seo\/"]}]},{"@type":"ImageObject","inLanguage":"en-GB","@id":"https:\/\/bidads.pl\/audyt-seo\/#primaryimage","url":"https:\/\/bidads.pl\/wp-content\/uploads\/2025\/01\/BIDads_-body-leasing-_-SEO-_-zewnetrzny-audyt-seo.jpg","contentUrl":"https:\/\/bidads.pl\/wp-content\/uploads\/2025\/01\/BIDads_-body-leasing-_-SEO-_-zewnetrzny-audyt-seo.jpg"},{"@type":"BreadcrumbList","@id":"https:\/\/bidads.pl\/audyt-seo\/#breadcrumb","itemListElement":[{"@type":"ListItem","position":1,"name":"Strona g\u0142\u00f3wna","item":"https:\/\/bidads.pl\/"},{"@type":"ListItem","position":2,"name":"Audyt SEO"}]},{"@type":"WebSite","@id":"https:\/\/bidads.pl\/#website","url":"https:\/\/bidads.pl\/","name":"Bidads","description":"","publisher":{"@id":"https:\/\/bidads.pl\/#organization"},"potentialAction":[{"@type":"SearchAction","target":{"@type":"EntryPoint","urlTemplate":"https:\/\/bidads.pl\/?s={search_term_string}"},"query-input":{"@type":"PropertyValueSpecification","valueRequired":true,"valueName":"search_term_string"}}],"inLanguage":"en-GB"},{"@type":"Organization","@id":"https:\/\/bidads.pl\/#organization","name":"Bidads","url":"https:\/\/bidads.pl\/","logo":{"@type":"ImageObject","inLanguage":"en-GB","@id":"https:\/\/bidads.pl\/#\/schema\/logo\/image\/","url":"https:\/\/bidads.pl\/wp-content\/uploads\/2024\/12\/cropped-logo_BIDads.jpg","contentUrl":"https:\/\/bidads.pl\/wp-content\/uploads\/2024\/12\/cropped-logo_BIDads.jpg","width":424,"height":424,"caption":"Bidads"},"image":{"@id":"https:\/\/bidads.pl\/#\/schema\/logo\/image\/"},"sameAs":["https:\/\/www.linkedin.com\/company\/bidads-sp-z-o-o\/"]}]}},"_links":{"self":[{"href":"https:\/\/bidads.pl\/en\/wp-json\/wp\/v2\/pages\/3729","targetHints":{"allow":["GET"]}}],"collection":[{"href":"https:\/\/bidads.pl\/en\/wp-json\/wp\/v2\/pages"}],"about":[{"href":"https:\/\/bidads.pl\/en\/wp-json\/wp\/v2\/types\/page"}],"author":[{"embeddable":true,"href":"https:\/\/bidads.pl\/en\/wp-json\/wp\/v2\/users\/2"}],"replies":[{"embeddable":true,"href":"https:\/\/bidads.pl\/en\/wp-json\/wp\/v2\/comments?post=3729"}],"version-history":[{"count":7,"href":"https:\/\/bidads.pl\/en\/wp-json\/wp\/v2\/pages\/3729\/revisions"}],"predecessor-version":[{"id":4367,"href":"https:\/\/bidads.pl\/en\/wp-json\/wp\/v2\/pages\/3729\/revisions\/4367"}],"wp:attachment":[{"href":"https:\/\/bidads.pl\/en\/wp-json\/wp\/v2\/media?parent=3729"}],"curies":[{"name":"wp","href":"https:\/\/api.w.org\/{rel}","templated":true}]}}