{"id":3703,"date":"2024-12-02T23:58:20","date_gmt":"2024-12-02T22:58:20","guid":{"rendered":"https:\/\/bidads.pl\/?page_id=3703"},"modified":"2025-01-31T22:05:30","modified_gmt":"2025-01-31T21:05:30","slug":"optymalizacja-kampanii","status":"publish","type":"page","link":"https:\/\/bidads.pl\/en\/optymalizacja-kampanii\/","title":{"rendered":"Campaign optimisation"},"content":{"rendered":"<div data-elementor-type=\"wp-page\" data-elementor-id=\"3703\" class=\"elementor elementor-3703\">\n\t\t\t\t<div class=\"elementor-element elementor-element-4865b5d7 e-flex e-con-boxed e-con e-parent\" data-id=\"4865b5d7\" data-element_type=\"container\">\n\t\t\t\t\t<div class=\"e-con-inner\">\n\t\t\t\t<div class=\"elementor-element elementor-element-2c4fd286 elementor-widget elementor-widget-noile-image-box\" data-id=\"2c4fd286\" data-element_type=\"widget\" data-widget_type=\"noile-image-box.default\">\n\t\t\t\t<div class=\"elementor-widget-container\">\n\t\t\t\t\t\t<div class=\"case-study-details__img-box\">\r\n\t\t<img decoding=\"async\" src=\"https:\/\/bidads.pl\/wp-content\/uploads\/2025\/01\/BIDads_body_leasing_SEM_optymalizacja_kampanii-1.jpg\" alt=\"BIDads_body_leasing_SEM_optymalizacja_kampanii\" title=\"BIDads_body_leasing_SEM_optymalizacja_kampanii\" class=\"case-study-details__img\" >\t\t<p class=\"case-study-details__card-category\">SEM<\/p>\r\n\t<\/div>\r\n\t\t\t\t<\/div>\n\t\t\t\t<\/div>\n\t\t\t\t\t<\/div>\n\t\t\t\t<\/div>\n\t\t<div class=\"elementor-element elementor-element-6982de63 e-flex e-con-boxed e-con e-parent\" data-id=\"6982de63\" data-element_type=\"container\">\n\t\t\t\t\t<div class=\"e-con-inner\">\n\t\t<div class=\"elementor-element elementor-element-8ed3126 e-con-full e-flex e-con e-child\" data-id=\"8ed3126\" data-element_type=\"container\">\n\t\t\t\t<div class=\"elementor-element elementor-element-2ba8c32f elementor-widget elementor-widget-sidebar-case-info\" data-id=\"2ba8c32f\" data-element_type=\"widget\" data-widget_type=\"sidebar-case-info.default\">\n\t\t\t\t<div class=\"elementor-widget-container\">\n\t\t\t\t\t    <div class=\"case-study-details__info case-study-details__info-item wow animated fadeInRight\" data-wow-delay=\"0.1s\" data-wow-duration=\"1500ms\">\r\n        <ul class=\"case-study-details__info-list\">\r\n                            <li class=\"case-study-details__info-item\">\r\n                    <p class=\"case-study-details__info-top\">Client<\/p>\r\n                    <p class=\"case-study-details__info-title\">e-commerce<\/p>\r\n                <\/li>\r\n                            <li class=\"case-study-details__info-item\">\r\n                    <p class=\"case-study-details__info-top\">Industry<\/p>\r\n                    <p class=\"case-study-details__info-title\">electronics industry<\/p>\r\n                <\/li>\r\n                    <\/ul>\r\n        <svg class=\"case-study-details__info-shape\" xmlns=\"http:\/\/www.w3.org\/2000\/svg\" width=\"222\" height=\"230\" viewbox=\"0 0 222 230\" fill=\"none\">\r\n            <path d=\"M98.55 91.9998L75.0334 109.136L145.728 218.98L179 219L98.55 91.9998Z\" \/>\r\n            <path d=\"M164.16 42.9998H109.44L0.000167847 187H53.2802L164.16 42.9998Z\" \/>\r\n            <path d=\"M179.691 -0.000244141L13.2508 219H52.6708L221.301 -0.000244141H179.691Z\" \/>\r\n        <\/svg>\r\n    <\/div><!-- \/.case-study-details__inf0 -->\r\n\t\t\t\t<\/div>\n\t\t\t\t<\/div>\n\t\t\t\t<div class=\"elementor-element elementor-element-57891600 elementor-widget elementor-widget-sidebar-social-info\" data-id=\"57891600\" data-element_type=\"widget\" data-widget_type=\"sidebar-social-info.default\">\n\t\t\t\t<div class=\"elementor-widget-container\">\n\t\t\t\t\t    <div class=\"case-study-details__social case-study-details__info-item\">\r\n        <h3 class=\"case-study-details__sm-title case-study-details__social-title\">Social Media<\/h3>        <ul class=\"case-study-details__social-list\">\r\n                            <li class=\"case-study-details__social-item\">\r\n                    <a class=\"case-study-details__social-link\"   href=\"https:\/\/www.facebook.com\/\">\r\n                        <span aria-hidden=\"true\" class=\"icon-facebook\"><\/span>                    <\/a>\r\n                <\/li>\r\n                            <li class=\"case-study-details__social-item\">\r\n                    <a class=\"case-study-details__social-link\"   href=\"https:\/\/www.twitter.com\/\">\r\n                        <span aria-hidden=\"true\" class=\"icon-linkedin\"><\/span>                    <\/a>\r\n                <\/li>\r\n                    <\/ul>\r\n    <\/div><!-- \/.case-study-details__social -->\r\n\r\n\t\t\t\t<\/div>\n\t\t\t\t<\/div>\n\t\t\t\t<\/div>\n\t\t<div class=\"elementor-element elementor-element-29ca6901 e-con-full e-flex e-con e-child\" data-id=\"29ca6901\" data-element_type=\"container\">\n\t\t\t\t<div class=\"elementor-element elementor-element-7f8201c0 elementor-widget elementor-widget-text-editor\" data-id=\"7f8201c0\" data-element_type=\"widget\" data-widget_type=\"text-editor.default\">\n\t\t\t\t<div class=\"elementor-widget-container\">\n\t\t\t\t\t\t\t\t\t<div class=\"case-study-details__text-one-box case-study-details__item\">\n<h3 class=\"case-study-details__md-title\">Support in optimising large SEM campaigns during peak seasons<\/h3>\n<p class=\"case-study-details__desc-one case-study-details__desc\"><\/p>\n<\/div>\t\t\t\t\t\t\t\t<\/div>\n\t\t\t\t<\/div>\n\t\t\t\t<div class=\"elementor-element elementor-element-f7091be elementor-widget elementor-widget-text-editor\" data-id=\"f7091be\" data-element_type=\"widget\" data-widget_type=\"text-editor.default\">\n\t\t\t\t<div class=\"elementor-widget-container\">\n\t\t\t\t\t\t\t\t\t<div class=\"case-study-details__text-two-box case-study-details__item\">\n<h3 class=\"case-study-details__sm-title\">Scenario<\/h3>\n<p class=\"case-study-details__desc-two case-study-details__desc\">An e-commerce business is preparing for Black Friday and holiday sales. Growing competition\nin Google Ads SEM campaigns requires continuous budget optimisation, performance tracking\nand bid strategy adjustments to maintain low CPC and high conversion rates.\n<\/p>\n<\/div>\t\t\t\t\t\t\t\t<\/div>\n\t\t\t\t<\/div>\n\t\t\t\t<div class=\"elementor-element elementor-element-375dc3c3 elementor-widget elementor-widget-text-editor\" data-id=\"375dc3c3\" data-element_type=\"widget\" data-widget_type=\"text-editor.default\">\n\t\t\t\t<div class=\"elementor-widget-container\">\n\t\t\t\t\t\t\t\t\t<div class=\"case-study-details__text-three-box case-study-details__item\">\n<h3 class=\"case-study-details__sm-title\">Body leasing Talent outsourcing solution<\/h3>\n<p class=\"case-study-details__desc-four case-study-details__desc\">The company hires an SEM expert for three months, dedicated to campaign optimisation. This\nenables swift adaptation to market changes, real-time performance analysis and maximising\ncampaign effectiveness during peak sales season.<\/p>\n<\/div>\t\t\t\t\t\t\t\t<\/div>\n\t\t\t\t<\/div>\n\t\t\t\t<\/div>\n\t\t\t\t\t<\/div>\n\t\t\t\t<\/div>\n\t\t\t\t<\/div>","protected":false},"excerpt":{"rendered":"<p>SEM Klient: Sklep internetowy Bran\u017ca: Elektronika Social Media Wsparcie w optymalizacji kampanii SEM dla du\u017cych kampanii sezonowych Sytuacja Firma z bran\u017cy e-commerce przygotowuje si\u0119 do Black Friday i \u015bwi\u0105tecznych wyprzeda\u017cy. Wzrost konkurencji w kampaniach SEM na Google Ads wymaga ci\u0105g\u0142ej optymalizacji bud\u017cetu, \u015bledzenia wynik\u00f3w i dostosowywania strategii licytacji, aby utrzyma\u0107 niskie koszty CPC i wysok\u0105 [&hellip;]<\/p>","protected":false},"author":2,"featured_media":0,"parent":0,"menu_order":0,"comment_status":"closed","ping_status":"closed","template":"elementor_header_footer","meta":{"footnotes":""},"class_list":["post-3703","page","type-page","status-publish","hentry"],"yoast_head":"<!-- This site is optimized with the Yoast SEO plugin v25.2 - https:\/\/yoast.com\/wordpress\/plugins\/seo\/ -->\n<title>Optymalizacja kampanii - Bidads<\/title>\n<meta name=\"description\" content=\"Firma wynajmuje specjalist\u0119 SEM na 3 miesi\u0105ce, kt\u00f3ry koncentruje si\u0119 wy\u0142\u0105cznie na optymalizacji danej kampanii.\" \/>\n<meta name=\"robots\" content=\"index, follow, max-snippet:-1, max-image-preview:large, max-video-preview:-1\" \/>\n<link rel=\"canonical\" href=\"https:\/\/bidads.pl\/en\/optymalizacja-kampanii\/\" \/>\n<meta property=\"og:locale\" content=\"en_GB\" \/>\n<meta property=\"og:type\" content=\"article\" \/>\n<meta property=\"og:title\" content=\"Optymalizacja kampanii - Bidads\" \/>\n<meta property=\"og:description\" content=\"Firma wynajmuje specjalist\u0119 SEM na 3 miesi\u0105ce, kt\u00f3ry koncentruje si\u0119 wy\u0142\u0105cznie na optymalizacji danej kampanii.\" \/>\n<meta property=\"og:url\" content=\"https:\/\/bidads.pl\/en\/optymalizacja-kampanii\/\" \/>\n<meta property=\"og:site_name\" content=\"Bidads\" \/>\n<meta property=\"article:modified_time\" content=\"2025-01-31T21:05:30+00:00\" \/>\n<meta property=\"og:image\" content=\"https:\/\/bidads.pl\/wp-content\/uploads\/2025\/01\/BIDads_body_leasing_SEM_optymalizacja_kampanii-1.jpg\" \/>\n<meta name=\"twitter:card\" content=\"summary_large_image\" \/>\n<meta name=\"twitter:label1\" content=\"Estimated reading time\" \/>\n\t<meta name=\"twitter:data1\" content=\"1 minute\" \/>\n<script type=\"application\/ld+json\" class=\"yoast-schema-graph\">{\"@context\":\"https:\/\/schema.org\",\"@graph\":[{\"@type\":\"WebPage\",\"@id\":\"https:\/\/bidads.pl\/optymalizacja-kampanii\/\",\"url\":\"https:\/\/bidads.pl\/optymalizacja-kampanii\/\",\"name\":\"Optymalizacja kampanii - Bidads\",\"isPartOf\":{\"@id\":\"https:\/\/bidads.pl\/#website\"},\"primaryImageOfPage\":{\"@id\":\"https:\/\/bidads.pl\/optymalizacja-kampanii\/#primaryimage\"},\"image\":{\"@id\":\"https:\/\/bidads.pl\/optymalizacja-kampanii\/#primaryimage\"},\"thumbnailUrl\":\"https:\/\/bidads.pl\/wp-content\/uploads\/2025\/01\/BIDads_body_leasing_SEM_optymalizacja_kampanii-1.jpg\",\"datePublished\":\"2024-12-02T22:58:20+00:00\",\"dateModified\":\"2025-01-31T21:05:30+00:00\",\"description\":\"Firma wynajmuje specjalist\u0119 SEM na 3 miesi\u0105ce, kt\u00f3ry koncentruje si\u0119 wy\u0142\u0105cznie na optymalizacji danej kampanii.\",\"breadcrumb\":{\"@id\":\"https:\/\/bidads.pl\/optymalizacja-kampanii\/#breadcrumb\"},\"inLanguage\":\"en-GB\",\"potentialAction\":[{\"@type\":\"ReadAction\",\"target\":[\"https:\/\/bidads.pl\/optymalizacja-kampanii\/\"]}]},{\"@type\":\"ImageObject\",\"inLanguage\":\"en-GB\",\"@id\":\"https:\/\/bidads.pl\/optymalizacja-kampanii\/#primaryimage\",\"url\":\"https:\/\/bidads.pl\/wp-content\/uploads\/2025\/01\/BIDads_body_leasing_SEM_optymalizacja_kampanii-1.jpg\",\"contentUrl\":\"https:\/\/bidads.pl\/wp-content\/uploads\/2025\/01\/BIDads_body_leasing_SEM_optymalizacja_kampanii-1.jpg\"},{\"@type\":\"BreadcrumbList\",\"@id\":\"https:\/\/bidads.pl\/optymalizacja-kampanii\/#breadcrumb\",\"itemListElement\":[{\"@type\":\"ListItem\",\"position\":1,\"name\":\"Strona g\u0142\u00f3wna\",\"item\":\"https:\/\/bidads.pl\/\"},{\"@type\":\"ListItem\",\"position\":2,\"name\":\"Optymalizacja kampanii\"}]},{\"@type\":\"WebSite\",\"@id\":\"https:\/\/bidads.pl\/#website\",\"url\":\"https:\/\/bidads.pl\/\",\"name\":\"Bidads\",\"description\":\"\",\"publisher\":{\"@id\":\"https:\/\/bidads.pl\/#organization\"},\"potentialAction\":[{\"@type\":\"SearchAction\",\"target\":{\"@type\":\"EntryPoint\",\"urlTemplate\":\"https:\/\/bidads.pl\/?s={search_term_string}\"},\"query-input\":{\"@type\":\"PropertyValueSpecification\",\"valueRequired\":true,\"valueName\":\"search_term_string\"}}],\"inLanguage\":\"en-GB\"},{\"@type\":\"Organization\",\"@id\":\"https:\/\/bidads.pl\/#organization\",\"name\":\"Bidads\",\"url\":\"https:\/\/bidads.pl\/\",\"logo\":{\"@type\":\"ImageObject\",\"inLanguage\":\"en-GB\",\"@id\":\"https:\/\/bidads.pl\/#\/schema\/logo\/image\/\",\"url\":\"https:\/\/bidads.pl\/wp-content\/uploads\/2024\/12\/cropped-logo_BIDads.jpg\",\"contentUrl\":\"https:\/\/bidads.pl\/wp-content\/uploads\/2024\/12\/cropped-logo_BIDads.jpg\",\"width\":424,\"height\":424,\"caption\":\"Bidads\"},\"image\":{\"@id\":\"https:\/\/bidads.pl\/#\/schema\/logo\/image\/\"},\"sameAs\":[\"https:\/\/www.linkedin.com\/company\/bidads-sp-z-o-o\/\"]}]}<\/script>\n<!-- \/ Yoast SEO plugin. -->","yoast_head_json":{"title":"Optymalizacja kampanii - Bidads","description":"Firma wynajmuje specjalist\u0119 SEM na 3 miesi\u0105ce, kt\u00f3ry koncentruje si\u0119 wy\u0142\u0105cznie na optymalizacji danej kampanii.","robots":{"index":"index","follow":"follow","max-snippet":"max-snippet:-1","max-image-preview":"max-image-preview:large","max-video-preview":"max-video-preview:-1"},"canonical":"https:\/\/bidads.pl\/en\/optymalizacja-kampanii\/","og_locale":"en_GB","og_type":"article","og_title":"Optymalizacja kampanii - Bidads","og_description":"Firma wynajmuje specjalist\u0119 SEM na 3 miesi\u0105ce, kt\u00f3ry koncentruje si\u0119 wy\u0142\u0105cznie na optymalizacji danej kampanii.","og_url":"https:\/\/bidads.pl\/en\/optymalizacja-kampanii\/","og_site_name":"Bidads","article_modified_time":"2025-01-31T21:05:30+00:00","og_image":[{"url":"https:\/\/bidads.pl\/wp-content\/uploads\/2025\/01\/BIDads_body_leasing_SEM_optymalizacja_kampanii-1.jpg","type":"","width":"","height":""}],"twitter_card":"summary_large_image","twitter_misc":{"Estimated reading time":"1 minute"},"schema":{"@context":"https:\/\/schema.org","@graph":[{"@type":"WebPage","@id":"https:\/\/bidads.pl\/optymalizacja-kampanii\/","url":"https:\/\/bidads.pl\/optymalizacja-kampanii\/","name":"Optymalizacja kampanii - Bidads","isPartOf":{"@id":"https:\/\/bidads.pl\/#website"},"primaryImageOfPage":{"@id":"https:\/\/bidads.pl\/optymalizacja-kampanii\/#primaryimage"},"image":{"@id":"https:\/\/bidads.pl\/optymalizacja-kampanii\/#primaryimage"},"thumbnailUrl":"https:\/\/bidads.pl\/wp-content\/uploads\/2025\/01\/BIDads_body_leasing_SEM_optymalizacja_kampanii-1.jpg","datePublished":"2024-12-02T22:58:20+00:00","dateModified":"2025-01-31T21:05:30+00:00","description":"Firma wynajmuje specjalist\u0119 SEM na 3 miesi\u0105ce, kt\u00f3ry koncentruje si\u0119 wy\u0142\u0105cznie na optymalizacji danej kampanii.","breadcrumb":{"@id":"https:\/\/bidads.pl\/optymalizacja-kampanii\/#breadcrumb"},"inLanguage":"en-GB","potentialAction":[{"@type":"ReadAction","target":["https:\/\/bidads.pl\/optymalizacja-kampanii\/"]}]},{"@type":"ImageObject","inLanguage":"en-GB","@id":"https:\/\/bidads.pl\/optymalizacja-kampanii\/#primaryimage","url":"https:\/\/bidads.pl\/wp-content\/uploads\/2025\/01\/BIDads_body_leasing_SEM_optymalizacja_kampanii-1.jpg","contentUrl":"https:\/\/bidads.pl\/wp-content\/uploads\/2025\/01\/BIDads_body_leasing_SEM_optymalizacja_kampanii-1.jpg"},{"@type":"BreadcrumbList","@id":"https:\/\/bidads.pl\/optymalizacja-kampanii\/#breadcrumb","itemListElement":[{"@type":"ListItem","position":1,"name":"Strona g\u0142\u00f3wna","item":"https:\/\/bidads.pl\/"},{"@type":"ListItem","position":2,"name":"Optymalizacja kampanii"}]},{"@type":"WebSite","@id":"https:\/\/bidads.pl\/#website","url":"https:\/\/bidads.pl\/","name":"Bidads","description":"","publisher":{"@id":"https:\/\/bidads.pl\/#organization"},"potentialAction":[{"@type":"SearchAction","target":{"@type":"EntryPoint","urlTemplate":"https:\/\/bidads.pl\/?s={search_term_string}"},"query-input":{"@type":"PropertyValueSpecification","valueRequired":true,"valueName":"search_term_string"}}],"inLanguage":"en-GB"},{"@type":"Organization","@id":"https:\/\/bidads.pl\/#organization","name":"Bidads","url":"https:\/\/bidads.pl\/","logo":{"@type":"ImageObject","inLanguage":"en-GB","@id":"https:\/\/bidads.pl\/#\/schema\/logo\/image\/","url":"https:\/\/bidads.pl\/wp-content\/uploads\/2024\/12\/cropped-logo_BIDads.jpg","contentUrl":"https:\/\/bidads.pl\/wp-content\/uploads\/2024\/12\/cropped-logo_BIDads.jpg","width":424,"height":424,"caption":"Bidads"},"image":{"@id":"https:\/\/bidads.pl\/#\/schema\/logo\/image\/"},"sameAs":["https:\/\/www.linkedin.com\/company\/bidads-sp-z-o-o\/"]}]}},"_links":{"self":[{"href":"https:\/\/bidads.pl\/en\/wp-json\/wp\/v2\/pages\/3703","targetHints":{"allow":["GET"]}}],"collection":[{"href":"https:\/\/bidads.pl\/en\/wp-json\/wp\/v2\/pages"}],"about":[{"href":"https:\/\/bidads.pl\/en\/wp-json\/wp\/v2\/types\/page"}],"author":[{"embeddable":true,"href":"https:\/\/bidads.pl\/en\/wp-json\/wp\/v2\/users\/2"}],"replies":[{"embeddable":true,"href":"https:\/\/bidads.pl\/en\/wp-json\/wp\/v2\/comments?post=3703"}],"version-history":[{"count":20,"href":"https:\/\/bidads.pl\/en\/wp-json\/wp\/v2\/pages\/3703\/revisions"}],"predecessor-version":[{"id":4303,"href":"https:\/\/bidads.pl\/en\/wp-json\/wp\/v2\/pages\/3703\/revisions\/4303"}],"wp:attachment":[{"href":"https:\/\/bidads.pl\/en\/wp-json\/wp\/v2\/media?parent=3703"}],"curies":[{"name":"wp","href":"https:\/\/api.w.org\/{rel}","templated":true}]}}