{"id":36,"date":"2023-10-08T04:33:12","date_gmt":"2023-10-08T04:33:12","guid":{"rendered":"http:\/\/noile-demo.local\/?page_id=36"},"modified":"2025-01-31T22:11:22","modified_gmt":"2025-01-31T21:11:22","slug":"body-leasing-projektowy","status":"publish","type":"page","link":"https:\/\/bidads.pl\/en\/body-leasing-projektowy\/","title":{"rendered":"Project-based"},"content":{"rendered":"<div data-elementor-type=\"wp-page\" data-elementor-id=\"36\" class=\"elementor elementor-36\">\n\t\t\t\t<div class=\"elementor-element elementor-element-d8642f1 elementor-hidden-mobile e-flex e-con-boxed e-con e-parent\" data-id=\"d8642f1\" data-element_type=\"container\">\n\t\t\t\t\t<div class=\"e-con-inner\">\n\t\t<div class=\"elementor-element elementor-element-99a73a9 e-con-full e-flex e-con e-child\" data-id=\"99a73a9\" data-element_type=\"container\">\n\t\t\t\t<div class=\"elementor-element elementor-element-ca4d811 elementor-widget elementor-widget-sidebar-nav\" data-id=\"ca4d811\" data-element_type=\"widget\" data-widget_type=\"sidebar-nav.default\">\n\t\t\t\t<div class=\"elementor-widget-container\">\n\t\t\t\t\t    <div class=\"page-sidebar__service page-sidebar__single wow animated fadeInLeft\" data-wow-delay=\"0.1s\" data-wow-duration=\"1500ms\">\r\n        <h3 class=\"page-sidebar__title\">Collaboration Models<\/h3>        <div class=\"menu-modele-wspolpracy-container\"><ul id=\"menu-modele-wspolpracy\" class=\"page-sidebar__service-list\"><li id=\"menu-item-73\" class=\"menu-item menu-item-type-post_type menu-item-object-page megamenu-hide menu-item-73\"><a href=\"https:\/\/bidads.pl\/en\/body-leasing-na-czas-okreslony\/\">Fixed-term<\/a><\/li>\n<li id=\"menu-item-71\" class=\"menu-item menu-item-type-post_type menu-item-object-page megamenu-hide menu-item-71\"><a href=\"https:\/\/bidads.pl\/en\/body-leasing-projektowy\/\">Project-based<\/a><\/li>\n<li id=\"menu-item-72\" class=\"menu-item menu-item-type-post_type menu-item-object-page megamenu-hide menu-item-72\"><a href=\"https:\/\/bidads.pl\/en\/body-leasing-dlugoterminowy\/\">Long-term<\/a><\/li>\n<li id=\"menu-item-70\" class=\"menu-item menu-item-type-post_type menu-item-object-page megamenu-hide menu-item-70\"><a href=\"https:\/\/bidads.pl\/en\/body-leasing-z-mozliwoscia-zatrudnienia\/\">Contract-to-hire<\/a><\/li>\n<li id=\"menu-item-69\" class=\"menu-item menu-item-type-post_type menu-item-object-page megamenu-hide menu-item-69\"><a href=\"https:\/\/bidads.pl\/en\/body-leasing-zespolowy\/\">Team-based<\/a><\/li>\n<\/ul><\/div>        <\/ul>\r\n    <\/div><!-- \/.blog-sidebar__service -->\r\n\t\t\t\t<\/div>\n\t\t\t\t<\/div>\n\t\t\t\t<div class=\"elementor-element elementor-element-9cc1b51 elementor-widget elementor-widget-sidebar-social-info\" data-id=\"9cc1b51\" data-element_type=\"widget\" data-widget_type=\"sidebar-social-info.default\">\n\t\t\t\t<div class=\"elementor-widget-container\">\n\t\t\t\t\t    <div class=\"page-sidebar__social page-sidebar__single wow animated fadeInLeft\" data-wow-delay=\"0.1s\" data-wow-duration=\"1500ms\">\r\n        <h3 class=\"page-sidebar__title\">Social Media<\/h3>        <div class=\"page-sidebar__social-list social-list\">\r\n           \r\n                            <a class=\"page-sidebar__social-link social-link\"   href=\"https:\/\/www.facebook.com\/\">\r\n                    <i aria-hidden=\"true\" class=\"icon-facebook\"><\/i>                <\/a>\r\n                            <a class=\"page-sidebar__social-link social-link\"   href=\"https:\/\/www.linkedin.com\/company\/bidads-sp-z-o-o\/\">\r\n                    <i aria-hidden=\"true\" class=\"icon-linkedin\"><\/i>                <\/a>\r\n                    <\/div>\r\n    <\/div><!-- \/.page-sidebar__social -->\r\n\r\n\t\t\t\t<\/div>\n\t\t\t\t<\/div>\n\t\t\t\t<div class=\"elementor-element elementor-element-f331d54 elementor-widget elementor-widget-noile-sidebar-call-to-action\" data-id=\"f331d54\" data-element_type=\"widget\" data-widget_type=\"noile-sidebar-call-to-action.default\">\n\t\t\t\t<div class=\"elementor-widget-container\">\n\t\t\t\t\t    <div class=\"page-sidebar__contact page-sidebar__single wow animated fadeInLeft\" data-wow-delay=\"0.1s\" data-wow-duration=\"1500ms\" style=\"background-image: url('https:\/\/bidads.pl\/wp-content\/uploads\/2025\/01\/BIDads_body_leasing_masz_pytania_zadzwon.jpg');\">\r\n        <div class=\"page-sidebar__contact-wrap\">\r\n            <h3 class=\"page-sidebar__contact-title\">Got questions? Give us a call!<\/h3>            <a href=\"tel:-+48-698-578-557\" class=\"page-sidebar__contact-btn\">\r\n                <span class=\"page-sidebar__contact-icon icon-phone\"><\/span>\r\n                <h4 class=\"page-sidebar__contact-text\">  +48 698 578 557<\/h4>\r\n            <\/a>\r\n        <\/div>\r\n    <\/div><!-- \/.page-sidebar__contact -->\r\n\t\t\t\t<\/div>\n\t\t\t\t<\/div>\n\t\t\t\t<\/div>\n\t\t<div class=\"elementor-element elementor-element-a445e39 e-con-full e-flex e-con e-child\" data-id=\"a445e39\" data-element_type=\"container\">\n\t\t<div class=\"elementor-element elementor-element-3d434cd e-con-full e-flex e-con e-child\" data-id=\"3d434cd\" data-element_type=\"container\">\n\t\t\t\t<div class=\"elementor-element elementor-element-9f9bdc0 elementor-widget elementor-widget-image\" data-id=\"9f9bdc0\" data-element_type=\"widget\" data-widget_type=\"image.default\">\n\t\t\t\t<div class=\"elementor-widget-container\">\n\t\t\t\t\t\t\t\t\t\t\t\t\t\t\t<img fetchpriority=\"high\" decoding=\"async\" width=\"750\" height=\"500\" src=\"https:\/\/bidads.pl\/wp-content\/uploads\/2025\/01\/Body_leasing_projektowy_BIDads_digital_marketinng.jpg\" class=\"attachment-full size-full wp-image-4426\" alt=\"Body_leasing_projektowy_BIDads_digital_marketinng\" srcset=\"https:\/\/bidads.pl\/wp-content\/uploads\/2025\/01\/Body_leasing_projektowy_BIDads_digital_marketinng.jpg 750w, https:\/\/bidads.pl\/wp-content\/uploads\/2025\/01\/Body_leasing_projektowy_BIDads_digital_marketinng-300x200.jpg 300w\" sizes=\"(max-width: 750px) 100vw, 750px\" \/>\t\t\t\t\t\t\t\t\t\t\t\t\t\t\t<\/div>\n\t\t\t\t<\/div>\n\t\t\t\t<div class=\"elementor-element elementor-element-dd81f0f elementor-widget elementor-widget-text-editor\" data-id=\"dd81f0f\" data-element_type=\"widget\" data-widget_type=\"text-editor.default\">\n\t\t\t\t<div class=\"elementor-widget-container\">\n\t\t\t\t\t\t\t\t\t<h3 class=\"service-details-page__top-service-title\">Project-based talent outsourcing<\/h3>\t\t\t\t\t\t\t\t<\/div>\n\t\t\t\t<\/div>\n\t\t\t\t<div class=\"elementor-element elementor-element-c3e9cf0 elementor-widget elementor-widget-text-editor\" data-id=\"c3e9cf0\" data-element_type=\"widget\" data-widget_type=\"text-editor.default\">\n\t\t\t\t<div class=\"elementor-widget-container\">\n\t\t\t\t\t\t\t\t\t<p class=\"service-details-page__top-service-desc\">The company hires a digital marketing specialist for a specific project, such as implementing a programmatic campaign, optimising websites, or auditing a paid social campaign.<\/p>\n&nbsp;\n<p class=\"service-details-page__top-service-desc\"><strong>Who is this solution for? <\/strong><\/p>\n&nbsp;\n<p class=\"service-details-page__top-service-desc\">Ideal for companies that need expert support for projects with defined goals and scope,\nregardless of duration.<\/p>\n&nbsp;\n<p class=\"service-details-page__top-service-desc\"><strong>Benefits<\/strong><\/p>\n&nbsp;\n<ul>\n\n \t<li>\n<p class=\"service-details-page__top-service-desc\"><strong>Results-driven approach<\/strong> You pay the external specialist based on outcomes rather than hours worked, ensuring projects are completed on time and within budget.<\/p>\n<\/li>\n\n<br>\n\n \t<li>\n<p class=\"service-details-page__top-service-desc\"><strong>Full project support <\/strong>The hired expert is dedicated exclusively to your project, guaranteeing full commitment and high efficiency.<\/p>\n<\/li>\n<br>\n \t<li>\n<p class=\"service-details-page__top-service-desc\"><strong>Transparent costs <\/strong>Employment costs are clearly defined upfront, making it easier to manage your budget without unexpected expenses.<\/p>\n<\/li>\n<br>\n \t<li>\n<p class=\"service-details-page__top-service-desc\"><strong>Time savings <\/strong>You get instant access to top-tier professionals without lengthy recruitment processes or onboarding.<\/p>\n<\/li>\n<br>\n \t<li>\n<p class=\"service-details-page__top-service-desc\"><strong>Expert knowledge on demand <\/strong> You can bring in experts with unique skills to handle\ncomplex or unconventional challenges.<\/p>\n<\/li>\n<br>\n \t<li>\n<p class=\"service-details-page__top-service-desc\"><strong>Flexibility of resources <\/strong>You can easily scale your team throughout the project while maintaining access to trusted specialists.<\/p>\n<\/li>\n\n<\/ul>\t\t\t\t\t\t\t\t<\/div>\n\t\t\t\t<\/div>\n\t\t\t\t<\/div>\n\t\t\t\t<\/div>\n\t\t\t\t\t<\/div>\n\t\t\t\t<\/div>\n\t\t<div class=\"elementor-element elementor-element-f697113 elementor-hidden-desktop elementor-hidden-tablet e-flex e-con-boxed e-con e-parent\" data-id=\"f697113\" data-element_type=\"container\">\n\t\t\t\t\t<div class=\"e-con-inner\">\n\t\t<div class=\"elementor-element elementor-element-3b43172 e-con-full e-flex e-con e-child\" data-id=\"3b43172\" data-element_type=\"container\">\n\t\t\t\t<div class=\"elementor-element elementor-element-a5a3e13 elementor-widget elementor-widget-sidebar-nav\" data-id=\"a5a3e13\" data-element_type=\"widget\" data-widget_type=\"sidebar-nav.default\">\n\t\t\t\t<div class=\"elementor-widget-container\">\n\t\t\t\t\t    <div class=\"page-sidebar__service page-sidebar__single wow animated fadeInLeft\" data-wow-delay=\"0.1s\" data-wow-duration=\"1500ms\">\r\n        <h3 class=\"page-sidebar__title\">Collaboration Models<\/h3>        <div class=\"menu-modele-wspolpracy-container\"><ul id=\"menu-modele-wspolpracy-1\" class=\"page-sidebar__service-list\"><li class=\"menu-item menu-item-type-post_type menu-item-object-page megamenu-hide menu-item-73\"><a href=\"https:\/\/bidads.pl\/en\/body-leasing-na-czas-okreslony\/\">Fixed-term<\/a><\/li>\n<li class=\"menu-item menu-item-type-post_type menu-item-object-page megamenu-hide menu-item-71\"><a href=\"https:\/\/bidads.pl\/en\/body-leasing-projektowy\/\">Project-based<\/a><\/li>\n<li class=\"menu-item menu-item-type-post_type menu-item-object-page megamenu-hide menu-item-72\"><a href=\"https:\/\/bidads.pl\/en\/body-leasing-dlugoterminowy\/\">Long-term<\/a><\/li>\n<li class=\"menu-item menu-item-type-post_type menu-item-object-page megamenu-hide menu-item-70\"><a href=\"https:\/\/bidads.pl\/en\/body-leasing-z-mozliwoscia-zatrudnienia\/\">Contract-to-hire<\/a><\/li>\n<li class=\"menu-item menu-item-type-post_type menu-item-object-page megamenu-hide menu-item-69\"><a href=\"https:\/\/bidads.pl\/en\/body-leasing-zespolowy\/\">Team-based<\/a><\/li>\n<\/ul><\/div>        <\/ul>\r\n    <\/div><!-- \/.blog-sidebar__service -->\r\n\t\t\t\t<\/div>\n\t\t\t\t<\/div>\n\t\t\t\t<div class=\"elementor-element elementor-element-03ea4b4 elementor-widget elementor-widget-sidebar-social-info\" data-id=\"03ea4b4\" data-element_type=\"widget\" data-widget_type=\"sidebar-social-info.default\">\n\t\t\t\t<div class=\"elementor-widget-container\">\n\t\t\t\t\t    <div class=\"page-sidebar__social page-sidebar__single wow animated fadeInLeft\" data-wow-delay=\"0.1s\" data-wow-duration=\"1500ms\">\r\n        <h3 class=\"page-sidebar__title\">Social Media<\/h3>        <div class=\"page-sidebar__social-list social-list\">\r\n           \r\n                            <a class=\"page-sidebar__social-link social-link\"   href=\"https:\/\/www.facebook.com\/\">\r\n                    <i aria-hidden=\"true\" class=\"icon-facebook\"><\/i>                <\/a>\r\n                            <a class=\"page-sidebar__social-link social-link\"   href=\"https:\/\/www.linkedin.com\/company\/bidads-sp-z-o-o\/\">\r\n                    <i aria-hidden=\"true\" class=\"icon-linkedin\"><\/i>                <\/a>\r\n                    <\/div>\r\n    <\/div><!-- \/.page-sidebar__social -->\r\n\r\n\t\t\t\t<\/div>\n\t\t\t\t<\/div>\n\t\t\t\t<div class=\"elementor-element elementor-element-bd992a7 elementor-widget elementor-widget-noile-sidebar-call-to-action\" data-id=\"bd992a7\" data-element_type=\"widget\" data-widget_type=\"noile-sidebar-call-to-action.default\">\n\t\t\t\t<div class=\"elementor-widget-container\">\n\t\t\t\t\t    <div class=\"page-sidebar__contact page-sidebar__single wow animated fadeInLeft\" data-wow-delay=\"0.1s\" data-wow-duration=\"1500ms\" style=\"background-image: url('https:\/\/bidads.pl\/wp-content\/uploads\/2025\/01\/BIDads_body_leasing_masz_pytania_zadzwon.jpg');\">\r\n        <div class=\"page-sidebar__contact-wrap\">\r\n            <h3 class=\"page-sidebar__contact-title\">Got questions? Give us a call!<\/h3>            <a href=\"tel:-+48-698-578-557\" class=\"page-sidebar__contact-btn\">\r\n                <span class=\"page-sidebar__contact-icon icon-phone\"><\/span>\r\n                <h4 class=\"page-sidebar__contact-text\">  +48 698 578 557<\/h4>\r\n            <\/a>\r\n        <\/div>\r\n    <\/div><!-- \/.page-sidebar__contact -->\r\n\t\t\t\t<\/div>\n\t\t\t\t<\/div>\n\t\t\t\t<\/div>\n\t\t<div class=\"elementor-element elementor-element-1be83d0 e-con-full e-flex e-con e-child\" data-id=\"1be83d0\" data-element_type=\"container\">\n\t\t<div class=\"elementor-element elementor-element-96f962c e-con-full e-flex e-con e-child\" data-id=\"96f962c\" data-element_type=\"container\">\n\t\t\t\t<div class=\"elementor-element elementor-element-2a4969d elementor-widget elementor-widget-image\" data-id=\"2a4969d\" data-element_type=\"widget\" data-widget_type=\"image.default\">\n\t\t\t\t<div class=\"elementor-widget-container\">\n\t\t\t\t\t\t\t\t\t\t\t\t\t\t\t<img fetchpriority=\"high\" decoding=\"async\" width=\"750\" height=\"500\" src=\"https:\/\/bidads.pl\/wp-content\/uploads\/2025\/01\/Body_leasing_projektowy_BIDads_digital_marketinng.jpg\" class=\"attachment-full size-full wp-image-4426\" alt=\"Body_leasing_projektowy_BIDads_digital_marketinng\" srcset=\"https:\/\/bidads.pl\/wp-content\/uploads\/2025\/01\/Body_leasing_projektowy_BIDads_digital_marketinng.jpg 750w, https:\/\/bidads.pl\/wp-content\/uploads\/2025\/01\/Body_leasing_projektowy_BIDads_digital_marketinng-300x200.jpg 300w\" sizes=\"(max-width: 750px) 100vw, 750px\" \/>\t\t\t\t\t\t\t\t\t\t\t\t\t\t\t<\/div>\n\t\t\t\t<\/div>\n\t\t\t\t<div class=\"elementor-element elementor-element-f0c2865 elementor-widget elementor-widget-text-editor\" data-id=\"f0c2865\" data-element_type=\"widget\" data-widget_type=\"text-editor.default\">\n\t\t\t\t<div class=\"elementor-widget-container\">\n\t\t\t\t\t\t\t\t\t<h3 class=\"service-details-page__top-service-title\">Project-based talent outsourcing<\/h3>\t\t\t\t\t\t\t\t<\/div>\n\t\t\t\t<\/div>\n\t\t\t\t<div class=\"elementor-element elementor-element-9edb2ee elementor-widget elementor-widget-text-editor\" data-id=\"9edb2ee\" data-element_type=\"widget\" data-widget_type=\"text-editor.default\">\n\t\t\t\t<div class=\"elementor-widget-container\">\n\t\t\t\t\t\t\t\t\t<p class=\"service-details-page__top-service-desc\">The company hires a digital marketing specialist for a specific project, such as implementing a programmatic campaign, optimising websites, or auditing a paid social campaign.<\/p><p>\u00a0<\/p><p class=\"service-details-page__top-service-desc\"><strong>Who is this solution for? <\/strong><\/p><p>\u00a0<\/p><p class=\"service-details-page__top-service-desc\">Ideal for companies that need expert support for projects with defined goals and scope,\nregardless of duration.<\/p><p>\u00a0<\/p><p class=\"service-details-page__top-service-desc\"><strong>Benefits<\/strong><\/p><p>\u00a0<br \/><br \/><\/p><p class=\"service-details-page__top-service-desc\"><strong>&#8211; Fokus na wyniki.<\/strong> You pay the external specialist based on outcomes rather than hours worked, ensuring projects are completed on time and within budget.<\/p><p>\u00a0<\/p><p class=\"service-details-page__top-service-desc\"><strong>&#8211; Pe\u0142ne wsparcie projektowe. <\/strong>The hired expert is dedicated exclusively to your project, guaranteeing full commitment and high efficiency.<\/p><p>\u00a0<\/p><p class=\"service-details-page__top-service-desc\"><strong>&#8211; Kontrola koszt\u00f3w. <\/strong>Employment costs are clearly defined upfront, making it easier to manage your budget without unexpected expenses.<\/p><p>\u00a0<\/p><p><strong>&#8211; Oszcz\u0119dno\u015b\u0107 czasu. <\/strong>You get instant access to top-tier professionals without lengthy recruitment processes or onboarding.<\/p><p>\u00a0<\/p><p><strong>&#8211; Dost\u0119p do specjalistycznej wiedzy. <\/strong> You can bring in experts with unique skills to handle\ncomplex or unconventional challenges.<\/p><p>\u00a0<\/p><p class=\"service-details-page__top-service-desc\"><strong>&#8211; Elastyczno\u015b\u0107 zasob\u00f3w. <\/strong>You can easily scale your team throughout the project while maintaining access to trusted specialists.<\/p>\t\t\t\t\t\t\t\t<\/div>\n\t\t\t\t<\/div>\n\t\t\t\t<\/div>\n\t\t\t\t<\/div>\n\t\t\t\t\t<\/div>\n\t\t\t\t<\/div>\n\t\t\t\t<\/div>","protected":false},"excerpt":{"rendered":"<p>Modele wsp\u00f3\u0142pracy Na czas okre\u015blony Projektowy D\u0142ugoterminowy Z mo\u017cliwo\u015bci\u0105 zatrudnienia Zespo\u0142owy Social Media Masz pytania? Zadzwo\u0144 +48 698 578 557 Body leasing projektowy (project-based) Firma wynajmuje specjalist\u0119 z obszaru digital marketingu do realizacji konkretnego projektu, np. wdro\u017cenie kampanii programmatic, optymalizacja stron czy audyt kampanii Paid Social. &nbsp; Dla kogo? &nbsp; Model wsp\u00f3\u0142pracy idealny dla firmy [&hellip;]<\/p>","protected":false},"author":2,"featured_media":0,"parent":0,"menu_order":0,"comment_status":"closed","ping_status":"closed","template":"elementor_header_footer","meta":{"footnotes":""},"class_list":["post-36","page","type-page","status-publish","hentry"],"yoast_head":"<!-- This site is optimized with the Yoast SEO plugin v25.2 - https:\/\/yoast.com\/wordpress\/plugins\/seo\/ -->\n<title>Projektowy - Bidads<\/title>\n<meta name=\"description\" content=\"Model wsp\u00f3\u0142pracy idealny dla firmy potrzebuj\u0105cej wsparcia przy projekcie, kt\u00f3ry ma z g\u00f3ry okre\u015blone cele i zakres dzia\u0142a\u0144, niezale\u017cnie od czasu trwania.\" \/>\n<meta name=\"robots\" content=\"index, follow, max-snippet:-1, max-image-preview:large, max-video-preview:-1\" \/>\n<link rel=\"canonical\" href=\"https:\/\/bidads.pl\/en\/body-leasing-projektowy\/\" \/>\n<meta property=\"og:locale\" content=\"en_GB\" \/>\n<meta property=\"og:type\" content=\"article\" \/>\n<meta property=\"og:title\" content=\"Projektowy - Bidads\" \/>\n<meta property=\"og:description\" content=\"Model wsp\u00f3\u0142pracy idealny dla firmy potrzebuj\u0105cej wsparcia przy projekcie, kt\u00f3ry ma z g\u00f3ry okre\u015blone cele i zakres dzia\u0142a\u0144, niezale\u017cnie od czasu trwania.\" \/>\n<meta property=\"og:url\" content=\"https:\/\/bidads.pl\/en\/body-leasing-projektowy\/\" \/>\n<meta property=\"og:site_name\" content=\"Bidads\" \/>\n<meta property=\"article:modified_time\" content=\"2025-01-31T21:11:22+00:00\" \/>\n<meta property=\"og:image\" content=\"https:\/\/bidads.pl\/wp-content\/uploads\/2025\/01\/Body_leasing_projektowy_BIDads_digital_marketinng.jpg\" \/>\n<meta name=\"twitter:card\" content=\"summary_large_image\" \/>\n<meta name=\"twitter:label1\" content=\"Estimated reading time\" \/>\n\t<meta name=\"twitter:data1\" content=\"3 minutes\" \/>\n<script type=\"application\/ld+json\" class=\"yoast-schema-graph\">{\"@context\":\"https:\/\/schema.org\",\"@graph\":[{\"@type\":\"WebPage\",\"@id\":\"https:\/\/bidads.pl\/body-leasing-projektowy\/\",\"url\":\"https:\/\/bidads.pl\/body-leasing-projektowy\/\",\"name\":\"Projektowy - Bidads\",\"isPartOf\":{\"@id\":\"https:\/\/bidads.pl\/#website\"},\"primaryImageOfPage\":{\"@id\":\"https:\/\/bidads.pl\/body-leasing-projektowy\/#primaryimage\"},\"image\":{\"@id\":\"https:\/\/bidads.pl\/body-leasing-projektowy\/#primaryimage\"},\"thumbnailUrl\":\"https:\/\/bidads.pl\/wp-content\/uploads\/2025\/01\/Body_leasing_projektowy_BIDads_digital_marketinng.jpg\",\"datePublished\":\"2023-10-08T04:33:12+00:00\",\"dateModified\":\"2025-01-31T21:11:22+00:00\",\"description\":\"Model wsp\u00f3\u0142pracy idealny dla firmy potrzebuj\u0105cej wsparcia przy projekcie, kt\u00f3ry ma z g\u00f3ry okre\u015blone cele i zakres dzia\u0142a\u0144, niezale\u017cnie od czasu trwania.\",\"breadcrumb\":{\"@id\":\"https:\/\/bidads.pl\/body-leasing-projektowy\/#breadcrumb\"},\"inLanguage\":\"en-GB\",\"potentialAction\":[{\"@type\":\"ReadAction\",\"target\":[\"https:\/\/bidads.pl\/body-leasing-projektowy\/\"]}]},{\"@type\":\"ImageObject\",\"inLanguage\":\"en-GB\",\"@id\":\"https:\/\/bidads.pl\/body-leasing-projektowy\/#primaryimage\",\"url\":\"https:\/\/bidads.pl\/wp-content\/uploads\/2025\/01\/Body_leasing_projektowy_BIDads_digital_marketinng.jpg\",\"contentUrl\":\"https:\/\/bidads.pl\/wp-content\/uploads\/2025\/01\/Body_leasing_projektowy_BIDads_digital_marketinng.jpg\"},{\"@type\":\"BreadcrumbList\",\"@id\":\"https:\/\/bidads.pl\/body-leasing-projektowy\/#breadcrumb\",\"itemListElement\":[{\"@type\":\"ListItem\",\"position\":1,\"name\":\"Strona g\u0142\u00f3wna\",\"item\":\"https:\/\/bidads.pl\/\"},{\"@type\":\"ListItem\",\"position\":2,\"name\":\"Projektowy\"}]},{\"@type\":\"WebSite\",\"@id\":\"https:\/\/bidads.pl\/#website\",\"url\":\"https:\/\/bidads.pl\/\",\"name\":\"Bidads\",\"description\":\"\",\"publisher\":{\"@id\":\"https:\/\/bidads.pl\/#organization\"},\"potentialAction\":[{\"@type\":\"SearchAction\",\"target\":{\"@type\":\"EntryPoint\",\"urlTemplate\":\"https:\/\/bidads.pl\/?s={search_term_string}\"},\"query-input\":{\"@type\":\"PropertyValueSpecification\",\"valueRequired\":true,\"valueName\":\"search_term_string\"}}],\"inLanguage\":\"en-GB\"},{\"@type\":\"Organization\",\"@id\":\"https:\/\/bidads.pl\/#organization\",\"name\":\"Bidads\",\"url\":\"https:\/\/bidads.pl\/\",\"logo\":{\"@type\":\"ImageObject\",\"inLanguage\":\"en-GB\",\"@id\":\"https:\/\/bidads.pl\/#\/schema\/logo\/image\/\",\"url\":\"https:\/\/bidads.pl\/wp-content\/uploads\/2024\/12\/cropped-logo_BIDads.jpg\",\"contentUrl\":\"https:\/\/bidads.pl\/wp-content\/uploads\/2024\/12\/cropped-logo_BIDads.jpg\",\"width\":424,\"height\":424,\"caption\":\"Bidads\"},\"image\":{\"@id\":\"https:\/\/bidads.pl\/#\/schema\/logo\/image\/\"},\"sameAs\":[\"https:\/\/www.linkedin.com\/company\/bidads-sp-z-o-o\/\"]}]}<\/script>\n<!-- \/ Yoast SEO plugin. -->","yoast_head_json":{"title":"Projektowy - Bidads","description":"Model wsp\u00f3\u0142pracy idealny dla firmy potrzebuj\u0105cej wsparcia przy projekcie, kt\u00f3ry ma z g\u00f3ry okre\u015blone cele i zakres dzia\u0142a\u0144, niezale\u017cnie od czasu trwania.","robots":{"index":"index","follow":"follow","max-snippet":"max-snippet:-1","max-image-preview":"max-image-preview:large","max-video-preview":"max-video-preview:-1"},"canonical":"https:\/\/bidads.pl\/en\/body-leasing-projektowy\/","og_locale":"en_GB","og_type":"article","og_title":"Projektowy - Bidads","og_description":"Model wsp\u00f3\u0142pracy idealny dla firmy potrzebuj\u0105cej wsparcia przy projekcie, kt\u00f3ry ma z g\u00f3ry okre\u015blone cele i zakres dzia\u0142a\u0144, niezale\u017cnie od czasu trwania.","og_url":"https:\/\/bidads.pl\/en\/body-leasing-projektowy\/","og_site_name":"Bidads","article_modified_time":"2025-01-31T21:11:22+00:00","og_image":[{"url":"https:\/\/bidads.pl\/wp-content\/uploads\/2025\/01\/Body_leasing_projektowy_BIDads_digital_marketinng.jpg","type":"","width":"","height":""}],"twitter_card":"summary_large_image","twitter_misc":{"Estimated reading time":"3 minutes"},"schema":{"@context":"https:\/\/schema.org","@graph":[{"@type":"WebPage","@id":"https:\/\/bidads.pl\/body-leasing-projektowy\/","url":"https:\/\/bidads.pl\/body-leasing-projektowy\/","name":"Projektowy - Bidads","isPartOf":{"@id":"https:\/\/bidads.pl\/#website"},"primaryImageOfPage":{"@id":"https:\/\/bidads.pl\/body-leasing-projektowy\/#primaryimage"},"image":{"@id":"https:\/\/bidads.pl\/body-leasing-projektowy\/#primaryimage"},"thumbnailUrl":"https:\/\/bidads.pl\/wp-content\/uploads\/2025\/01\/Body_leasing_projektowy_BIDads_digital_marketinng.jpg","datePublished":"2023-10-08T04:33:12+00:00","dateModified":"2025-01-31T21:11:22+00:00","description":"Model wsp\u00f3\u0142pracy idealny dla firmy potrzebuj\u0105cej wsparcia przy projekcie, kt\u00f3ry ma z g\u00f3ry okre\u015blone cele i zakres dzia\u0142a\u0144, niezale\u017cnie od czasu trwania.","breadcrumb":{"@id":"https:\/\/bidads.pl\/body-leasing-projektowy\/#breadcrumb"},"inLanguage":"en-GB","potentialAction":[{"@type":"ReadAction","target":["https:\/\/bidads.pl\/body-leasing-projektowy\/"]}]},{"@type":"ImageObject","inLanguage":"en-GB","@id":"https:\/\/bidads.pl\/body-leasing-projektowy\/#primaryimage","url":"https:\/\/bidads.pl\/wp-content\/uploads\/2025\/01\/Body_leasing_projektowy_BIDads_digital_marketinng.jpg","contentUrl":"https:\/\/bidads.pl\/wp-content\/uploads\/2025\/01\/Body_leasing_projektowy_BIDads_digital_marketinng.jpg"},{"@type":"BreadcrumbList","@id":"https:\/\/bidads.pl\/body-leasing-projektowy\/#breadcrumb","itemListElement":[{"@type":"ListItem","position":1,"name":"Strona g\u0142\u00f3wna","item":"https:\/\/bidads.pl\/"},{"@type":"ListItem","position":2,"name":"Projektowy"}]},{"@type":"WebSite","@id":"https:\/\/bidads.pl\/#website","url":"https:\/\/bidads.pl\/","name":"Bidads","description":"","publisher":{"@id":"https:\/\/bidads.pl\/#organization"},"potentialAction":[{"@type":"SearchAction","target":{"@type":"EntryPoint","urlTemplate":"https:\/\/bidads.pl\/?s={search_term_string}"},"query-input":{"@type":"PropertyValueSpecification","valueRequired":true,"valueName":"search_term_string"}}],"inLanguage":"en-GB"},{"@type":"Organization","@id":"https:\/\/bidads.pl\/#organization","name":"Bidads","url":"https:\/\/bidads.pl\/","logo":{"@type":"ImageObject","inLanguage":"en-GB","@id":"https:\/\/bidads.pl\/#\/schema\/logo\/image\/","url":"https:\/\/bidads.pl\/wp-content\/uploads\/2024\/12\/cropped-logo_BIDads.jpg","contentUrl":"https:\/\/bidads.pl\/wp-content\/uploads\/2024\/12\/cropped-logo_BIDads.jpg","width":424,"height":424,"caption":"Bidads"},"image":{"@id":"https:\/\/bidads.pl\/#\/schema\/logo\/image\/"},"sameAs":["https:\/\/www.linkedin.com\/company\/bidads-sp-z-o-o\/"]}]}},"_links":{"self":[{"href":"https:\/\/bidads.pl\/en\/wp-json\/wp\/v2\/pages\/36","targetHints":{"allow":["GET"]}}],"collection":[{"href":"https:\/\/bidads.pl\/en\/wp-json\/wp\/v2\/pages"}],"about":[{"href":"https:\/\/bidads.pl\/en\/wp-json\/wp\/v2\/types\/page"}],"author":[{"embeddable":true,"href":"https:\/\/bidads.pl\/en\/wp-json\/wp\/v2\/users\/2"}],"replies":[{"embeddable":true,"href":"https:\/\/bidads.pl\/en\/wp-json\/wp\/v2\/comments?post=36"}],"version-history":[{"count":25,"href":"https:\/\/bidads.pl\/en\/wp-json\/wp\/v2\/pages\/36\/revisions"}],"predecessor-version":[{"id":4715,"href":"https:\/\/bidads.pl\/en\/wp-json\/wp\/v2\/pages\/36\/revisions\/4715"}],"wp:attachment":[{"href":"https:\/\/bidads.pl\/en\/wp-json\/wp\/v2\/media?parent=36"}],"curies":[{"name":"wp","href":"https:\/\/api.w.org\/{rel}","templated":true}]}}