{"id":131,"date":"2023-10-08T04:40:57","date_gmt":"2023-10-08T04:40:57","guid":{"rendered":"http:\/\/noile-demo.local\/?page_id=131"},"modified":"2025-01-31T21:26:23","modified_gmt":"2025-01-31T20:26:23","slug":"blog","status":"publish","type":"page","link":"https:\/\/bidads.pl\/en\/blog\/","title":{"rendered":"Blog"},"content":{"rendered":"<div data-elementor-type=\"wp-page\" data-elementor-id=\"131\" class=\"elementor elementor-131\">\n\t\t\t\t<div class=\"elementor-element elementor-element-32016e6 e-con-full e-flex e-con e-parent\" data-id=\"32016e6\" data-element_type=\"container\">\n\t\t\t\t<div class=\"elementor-element elementor-element-0ddc953 elementor-widget elementor-widget-noile-blog\" data-id=\"0ddc953\" data-element_type=\"widget\" data-widget_type=\"noile-blog.default\">\n\t\t\t\t<div class=\"elementor-widget-container\">\n\t\t\t\t\t\t<!-- Blog One Start -->\r\n\t<section class=\"blog-one blog\">\r\n\t\t<div class=\"container\">\r\n\t\t\t\r\n\t\t\t<div class=\"row g-4\">\r\n\t\t\t\t\t\t\t\t\t<div class=\"col-lg-4 col-md-6 wow animated fadeInUp\" data-wow-delay=\"0.1s\" data-wow-duration=\"1300ms\">\r\n\t\t\t\t\t\t<div class=\"blog__card\">\r\n\t\t\t\t\t\t\t\t\t\t\t\t\t\t\t<a href=\"https:\/\/bidads.pl\/en\/bidads-poszukuje-specjalistow-z-obszaru-digital-marketingu\/\" class=\"blog__card-img-box\">\r\n\t\t\t\t\t\t\t\t\t<img fetchpriority=\"high\" decoding=\"async\" width=\"416\" height=\"270\" src=\"https:\/\/bidads.pl\/wp-content\/uploads\/2026\/04\/BIDads-poszukuje-specjalistow-2-416x270.jpg\" class=\"&quot;blog__card-img&quot; wp-post-image\" alt=\"\" \/>\t\t\t\t\t\t\t\t\t\t\t\t\t\t\t\t\t\t\t\t\t\t\t\t\t\t\t\t<p class=\"blog__card-category\">BLOG<\/p>\r\n\t\t\t\t\t\t\t\t\t\t\t\t\t\t\t\t\t<\/a><!-- \/.blog-one__img-box -->\r\n\t\t\t\t\t\t\t\t\t\t\t\t\t\t<ul class=\"blog__card-comment-box\">\r\n\t\t\t\t\t\t\t\t<li class=\"blog__card-comment-item\">\r\n\t\t\t\t\t\t\t\t\t\t\t\t\t\t\t\t\t<\/li>\r\n\t\t\t\t\t\t\t\t<li class=\"blog__card-comment-item blog__card-comment-item-divider\">\r\n\t\t\t\t\t\t\t\t\t<p class=\"blog__card-comment\">\/<\/p>\r\n\t\t\t\t\t\t\t\t<\/li>\r\n\t\t\t\t\t\t\t\t<li class=\"blog__card-comment-item\">\r\n\t\t\t\t\t\t\t\t\t<p class=\"blog__card-comment\">2026-04-24<\/p>\r\n\t\t\t\t\t\t\t\t<\/li>\r\n\t\t\t\t\t\t\t<\/ul><!-- \/.blog-one__comment -->\r\n\t\t\t\t\t\t\t<a href=\"https:\/\/bidads.pl\/en\/bidads-poszukuje-specjalistow-z-obszaru-digital-marketingu\/\" class=\"blog__card-title\">\r\n\t\t\t\t\t\t\t\t\t\t\t\t\t\t\t\tBIDads poszukuje specjalist\u00f3w\t\t\t\t\t\t\t<\/a>\r\n\t\t\t\t\t\t\t<div class=\"blog__card-author\">\r\n\t\t\t\t\t\t\t\t<div class=\"blog__card-author-img-box\">\r\n\t\t\t\t\t\t\t\t\t\t\t\t\t\t\t\t\t\t<img decoding=\"async\" src=\"https:\/\/secure.gravatar.com\/avatar\/2533cf8542d321ad0a9d739c170290769c834651ae2577f2e15bf41bc49c7ffc?s=96&#038;d=mm&#038;r=g\" alt=\"author\" class=\"blog__card-author-img\">\r\n\t\t\t\t\t\t\t\t<\/div>\r\n\t\t\t\t\t\t\t\t<p class=\"blog__card-author-name\">by\t\t\t\t\t\t\t\t\t<span class=\"blog__card-author-name-highlight\">Katarzyna<\/span>\r\n\t\t\t\t\t\t\t\t<\/p>\r\n\t\t\t\t\t\t\t<\/div><!-- \/.blog-one__author -->\r\n\t\t\t\t\t\t<\/div><!-- \/.blog-one__item -->\r\n\t\t\t\t\t<\/div>\r\n\t\t\t\t\t\t\t\t\t<div class=\"col-lg-4 col-md-6 wow animated fadeInUp\" data-wow-delay=\"0.1s\" data-wow-duration=\"1300ms\">\r\n\t\t\t\t\t\t<div class=\"blog__card\">\r\n\t\t\t\t\t\t\t\t\t\t\t\t\t\t\t<a href=\"https:\/\/bidads.pl\/en\/co-to-depresja-oznacza-dla-branzy-digital-marketingu-bidads\/\" class=\"blog__card-img-box\">\r\n\t\t\t\t\t\t\t\t\t<img decoding=\"async\" width=\"416\" height=\"270\" src=\"https:\/\/bidads.pl\/wp-content\/uploads\/2026\/02\/ogolnopolski-dzien-walki-z-depresja-_-digital-marketing-416x270.jpg\" class=\"&quot;blog__card-img&quot; wp-post-image\" alt=\"\" srcset=\"https:\/\/bidads.pl\/wp-content\/uploads\/2026\/02\/ogolnopolski-dzien-walki-z-depresja-_-digital-marketing-416x270.jpg 416w, https:\/\/bidads.pl\/wp-content\/uploads\/2026\/02\/ogolnopolski-dzien-walki-z-depresja-_-digital-marketing-18x12.jpg 18w\" sizes=\"(max-width: 416px) 100vw, 416px\" \/>\t\t\t\t\t\t\t\t\t\t\t\t\t\t\t\t\t\t\t\t\t\t\t\t\t\t\t\t<p class=\"blog__card-category\">BLOG<\/p>\r\n\t\t\t\t\t\t\t\t\t\t\t\t\t\t\t\t\t<\/a><!-- \/.blog-one__img-box -->\r\n\t\t\t\t\t\t\t\t\t\t\t\t\t\t<ul class=\"blog__card-comment-box\">\r\n\t\t\t\t\t\t\t\t<li class=\"blog__card-comment-item\">\r\n\t\t\t\t\t\t\t\t\t\t\t\t\t\t\t\t\t<\/li>\r\n\t\t\t\t\t\t\t\t<li class=\"blog__card-comment-item blog__card-comment-item-divider\">\r\n\t\t\t\t\t\t\t\t\t<p class=\"blog__card-comment\">\/<\/p>\r\n\t\t\t\t\t\t\t\t<\/li>\r\n\t\t\t\t\t\t\t\t<li class=\"blog__card-comment-item\">\r\n\t\t\t\t\t\t\t\t\t<p class=\"blog__card-comment\">2026-02-23<\/p>\r\n\t\t\t\t\t\t\t\t<\/li>\r\n\t\t\t\t\t\t\t<\/ul><!-- \/.blog-one__comment -->\r\n\t\t\t\t\t\t\t<a href=\"https:\/\/bidads.pl\/en\/co-to-depresja-oznacza-dla-branzy-digital-marketingu-bidads\/\" class=\"blog__card-title\">\r\n\t\t\t\t\t\t\t\t\t\t\t\t\t\t\t\tDepresja kosztuje firmy coraz wi\u0119cej. Co to oznacza dl\t\t\t\t\t\t\t<\/a>\r\n\t\t\t\t\t\t\t<div class=\"blog__card-author\">\r\n\t\t\t\t\t\t\t\t<div class=\"blog__card-author-img-box\">\r\n\t\t\t\t\t\t\t\t\t\t\t\t\t\t\t\t\t\t<img decoding=\"async\" src=\"https:\/\/secure.gravatar.com\/avatar\/4bca664305a2f02d87e8b779e3ee3ca0c3a9ad372a77ba6cad738e24e3818b82?s=96&#038;d=mm&#038;r=g\" alt=\"author\" class=\"blog__card-author-img\">\r\n\t\t\t\t\t\t\t\t<\/div>\r\n\t\t\t\t\t\t\t\t<p class=\"blog__card-author-name\">by\t\t\t\t\t\t\t\t\t<span class=\"blog__card-author-name-highlight\">Admin<\/span>\r\n\t\t\t\t\t\t\t\t<\/p>\r\n\t\t\t\t\t\t\t<\/div><!-- \/.blog-one__author -->\r\n\t\t\t\t\t\t<\/div><!-- \/.blog-one__item -->\r\n\t\t\t\t\t<\/div>\r\n\t\t\t\t\t\t\t\t\t<div class=\"col-lg-4 col-md-6 wow animated fadeInUp\" data-wow-delay=\"0.1s\" data-wow-duration=\"1300ms\">\r\n\t\t\t\t\t\t<div class=\"blog__card\">\r\n\t\t\t\t\t\t\t\t\t\t\t\t\t\t\t<a href=\"https:\/\/bidads.pl\/en\/body-leasing-w-digital-marketingu-w-2026-roku-bidads\/\" class=\"blog__card-img-box\">\r\n\t\t\t\t\t\t\t\t\t<img decoding=\"async\" width=\"416\" height=\"270\" src=\"https:\/\/bidads.pl\/wp-content\/uploads\/2026\/02\/BIDads-_-body-leasing-_-zespoly-projektowe-416x270.jpg\" class=\"&quot;blog__card-img&quot; wp-post-image\" alt=\"BIDads _ body leaisng _ zespo\u0142y projektowe\" srcset=\"https:\/\/bidads.pl\/wp-content\/uploads\/2026\/02\/BIDads-_-body-leasing-_-zespoly-projektowe-416x270.jpg 416w, https:\/\/bidads.pl\/wp-content\/uploads\/2026\/02\/BIDads-_-body-leasing-_-zespoly-projektowe-18x12.jpg 18w\" sizes=\"(max-width: 416px) 100vw, 416px\" \/>\t\t\t\t\t\t\t\t\t\t\t\t\t\t\t\t\t\t\t\t\t\t\t\t\t\t\t\t<p class=\"blog__card-category\">BLOG<\/p>\r\n\t\t\t\t\t\t\t\t\t\t\t\t\t\t\t\t\t<\/a><!-- \/.blog-one__img-box -->\r\n\t\t\t\t\t\t\t\t\t\t\t\t\t\t<ul class=\"blog__card-comment-box\">\r\n\t\t\t\t\t\t\t\t<li class=\"blog__card-comment-item\">\r\n\t\t\t\t\t\t\t\t\t\t\t\t\t\t\t\t\t<\/li>\r\n\t\t\t\t\t\t\t\t<li class=\"blog__card-comment-item blog__card-comment-item-divider\">\r\n\t\t\t\t\t\t\t\t\t<p class=\"blog__card-comment\">\/<\/p>\r\n\t\t\t\t\t\t\t\t<\/li>\r\n\t\t\t\t\t\t\t\t<li class=\"blog__card-comment-item\">\r\n\t\t\t\t\t\t\t\t\t<p class=\"blog__card-comment\">2026-02-13<\/p>\r\n\t\t\t\t\t\t\t\t<\/li>\r\n\t\t\t\t\t\t\t<\/ul><!-- \/.blog-one__comment -->\r\n\t\t\t\t\t\t\t<a href=\"https:\/\/bidads.pl\/en\/body-leasing-w-digital-marketingu-w-2026-roku-bidads\/\" class=\"blog__card-title\">\r\n\t\t\t\t\t\t\t\t\t\t\t\t\t\t\t\tBody leasing w digital marketingu w 2026 roku\t\t\t\t\t\t\t<\/a>\r\n\t\t\t\t\t\t\t<div class=\"blog__card-author\">\r\n\t\t\t\t\t\t\t\t<div class=\"blog__card-author-img-box\">\r\n\t\t\t\t\t\t\t\t\t\t\t\t\t\t\t\t\t\t<img decoding=\"async\" src=\"https:\/\/secure.gravatar.com\/avatar\/4bca664305a2f02d87e8b779e3ee3ca0c3a9ad372a77ba6cad738e24e3818b82?s=96&#038;d=mm&#038;r=g\" alt=\"author\" class=\"blog__card-author-img\">\r\n\t\t\t\t\t\t\t\t<\/div>\r\n\t\t\t\t\t\t\t\t<p class=\"blog__card-author-name\">by\t\t\t\t\t\t\t\t\t<span class=\"blog__card-author-name-highlight\">Admin<\/span>\r\n\t\t\t\t\t\t\t\t<\/p>\r\n\t\t\t\t\t\t\t<\/div><!-- \/.blog-one__author -->\r\n\t\t\t\t\t\t<\/div><!-- \/.blog-one__item -->\r\n\t\t\t\t\t<\/div>\r\n\t\t\t\t\t\t\t\t\t<div class=\"col-lg-4 col-md-6 wow animated fadeInUp\" data-wow-delay=\"0.1s\" data-wow-duration=\"1300ms\">\r\n\t\t\t\t\t\t<div class=\"blog__card\">\r\n\t\t\t\t\t\t\t\t\t\t\t\t\t\t\t<a href=\"https:\/\/bidads.pl\/en\/system-buddy-w-body-leasingu-szybka-integracja-i-efektywne-wdrozenie-specjalistow\/\" class=\"blog__card-img-box\">\r\n\t\t\t\t\t\t\t\t\t<img loading=\"lazy\" decoding=\"async\" width=\"416\" height=\"270\" src=\"https:\/\/bidads.pl\/wp-content\/uploads\/2025\/08\/BIDads_-praca-w-formule-body-leasing-_-system-buddy-1-416x270.jpg\" class=\"&quot;blog__card-img&quot; wp-post-image\" alt=\"\" srcset=\"https:\/\/bidads.pl\/wp-content\/uploads\/2025\/08\/BIDads_-praca-w-formule-body-leasing-_-system-buddy-1-416x270.jpg 416w, https:\/\/bidads.pl\/wp-content\/uploads\/2025\/08\/BIDads_-praca-w-formule-body-leasing-_-system-buddy-1-300x195.jpg 300w, https:\/\/bidads.pl\/wp-content\/uploads\/2025\/08\/BIDads_-praca-w-formule-body-leasing-_-system-buddy-1-768x499.jpg 768w, https:\/\/bidads.pl\/wp-content\/uploads\/2025\/08\/BIDads_-praca-w-formule-body-leasing-_-system-buddy-1-18x12.jpg 18w, https:\/\/bidads.pl\/wp-content\/uploads\/2025\/08\/BIDads_-praca-w-formule-body-leasing-_-system-buddy-1.jpg 1000w\" sizes=\"(max-width: 416px) 100vw, 416px\" \/>\t\t\t\t\t\t\t\t\t\t\t\t\t\t\t\t\t\t\t\t\t\t\t\t\t\t\t\t<p class=\"blog__card-category\">BLOG<\/p>\r\n\t\t\t\t\t\t\t\t\t\t\t\t\t\t\t\t\t<\/a><!-- \/.blog-one__img-box -->\r\n\t\t\t\t\t\t\t\t\t\t\t\t\t\t<ul class=\"blog__card-comment-box\">\r\n\t\t\t\t\t\t\t\t<li class=\"blog__card-comment-item\">\r\n\t\t\t\t\t\t\t\t\t\t\t\t\t\t\t\t\t<\/li>\r\n\t\t\t\t\t\t\t\t<li class=\"blog__card-comment-item blog__card-comment-item-divider\">\r\n\t\t\t\t\t\t\t\t\t<p class=\"blog__card-comment\">\/<\/p>\r\n\t\t\t\t\t\t\t\t<\/li>\r\n\t\t\t\t\t\t\t\t<li class=\"blog__card-comment-item\">\r\n\t\t\t\t\t\t\t\t\t<p class=\"blog__card-comment\">2025-08-13<\/p>\r\n\t\t\t\t\t\t\t\t<\/li>\r\n\t\t\t\t\t\t\t<\/ul><!-- \/.blog-one__comment -->\r\n\t\t\t\t\t\t\t<a href=\"https:\/\/bidads.pl\/en\/system-buddy-w-body-leasingu-szybka-integracja-i-efektywne-wdrozenie-specjalistow\/\" class=\"blog__card-title\">\r\n\t\t\t\t\t\t\t\t\t\t\t\t\t\t\t\tThe Buddy System, the Secret to Rapid Integration\t\t\t\t\t\t\t<\/a>\r\n\t\t\t\t\t\t\t<div class=\"blog__card-author\">\r\n\t\t\t\t\t\t\t\t<div class=\"blog__card-author-img-box\">\r\n\t\t\t\t\t\t\t\t\t\t\t\t\t\t\t\t\t\t<img decoding=\"async\" src=\"https:\/\/secure.gravatar.com\/avatar\/4bca664305a2f02d87e8b779e3ee3ca0c3a9ad372a77ba6cad738e24e3818b82?s=96&#038;d=mm&#038;r=g\" alt=\"author\" class=\"blog__card-author-img\">\r\n\t\t\t\t\t\t\t\t<\/div>\r\n\t\t\t\t\t\t\t\t<p class=\"blog__card-author-name\">by\t\t\t\t\t\t\t\t\t<span class=\"blog__card-author-name-highlight\">Admin<\/span>\r\n\t\t\t\t\t\t\t\t<\/p>\r\n\t\t\t\t\t\t\t<\/div><!-- \/.blog-one__author -->\r\n\t\t\t\t\t\t<\/div><!-- \/.blog-one__item -->\r\n\t\t\t\t\t<\/div>\r\n\t\t\t\t\t\t\t\t\t<div class=\"col-lg-4 col-md-6 wow animated fadeInUp\" data-wow-delay=\"0.1s\" data-wow-duration=\"1300ms\">\r\n\t\t\t\t\t\t<div class=\"blog__card\">\r\n\t\t\t\t\t\t\t\t\t\t\t\t\t\t\t<a href=\"https:\/\/bidads.pl\/en\/integracja-zespolu-w-body-leasingu\/\" class=\"blog__card-img-box\">\r\n\t\t\t\t\t\t\t\t\t<img loading=\"lazy\" decoding=\"async\" width=\"416\" height=\"270\" src=\"https:\/\/bidads.pl\/wp-content\/uploads\/2025\/01\/integracja-zespolu-w-body-leasingu-_-BIDads-416x270.jpg\" class=\"&quot;blog__card-img&quot; wp-post-image\" alt=\"\" srcset=\"https:\/\/bidads.pl\/wp-content\/uploads\/2025\/01\/integracja-zespolu-w-body-leasingu-_-BIDads-416x270.jpg 416w, https:\/\/bidads.pl\/wp-content\/uploads\/2025\/01\/integracja-zespolu-w-body-leasingu-_-BIDads-18x12.jpg 18w\" sizes=\"(max-width: 416px) 100vw, 416px\" \/>\t\t\t\t\t\t\t\t\t\t\t\t\t\t\t\t\t\t\t\t\t\t\t\t\t\t\t\t<p class=\"blog__card-category\">BLOG<\/p>\r\n\t\t\t\t\t\t\t\t\t\t\t\t\t\t\t\t\t<\/a><!-- \/.blog-one__img-box -->\r\n\t\t\t\t\t\t\t\t\t\t\t\t\t\t<ul class=\"blog__card-comment-box\">\r\n\t\t\t\t\t\t\t\t<li class=\"blog__card-comment-item\">\r\n\t\t\t\t\t\t\t\t\t\t\t\t\t\t\t\t\t<\/li>\r\n\t\t\t\t\t\t\t\t<li class=\"blog__card-comment-item blog__card-comment-item-divider\">\r\n\t\t\t\t\t\t\t\t\t<p class=\"blog__card-comment\">\/<\/p>\r\n\t\t\t\t\t\t\t\t<\/li>\r\n\t\t\t\t\t\t\t\t<li class=\"blog__card-comment-item\">\r\n\t\t\t\t\t\t\t\t\t<p class=\"blog__card-comment\">2025-06-27<\/p>\r\n\t\t\t\t\t\t\t\t<\/li>\r\n\t\t\t\t\t\t\t<\/ul><!-- \/.blog-one__comment -->\r\n\t\t\t\t\t\t\t<a href=\"https:\/\/bidads.pl\/en\/integracja-zespolu-w-body-leasingu\/\" class=\"blog__card-title\">\r\n\t\t\t\t\t\t\t\t\t\t\t\t\t\t\t\tTeam Integration in Body Leasing\t\t\t\t\t\t\t<\/a>\r\n\t\t\t\t\t\t\t<div class=\"blog__card-author\">\r\n\t\t\t\t\t\t\t\t<div class=\"blog__card-author-img-box\">\r\n\t\t\t\t\t\t\t\t\t\t\t\t\t\t\t\t\t\t<img decoding=\"async\" src=\"https:\/\/secure.gravatar.com\/avatar\/4bca664305a2f02d87e8b779e3ee3ca0c3a9ad372a77ba6cad738e24e3818b82?s=96&#038;d=mm&#038;r=g\" alt=\"author\" class=\"blog__card-author-img\">\r\n\t\t\t\t\t\t\t\t<\/div>\r\n\t\t\t\t\t\t\t\t<p class=\"blog__card-author-name\">by\t\t\t\t\t\t\t\t\t<span class=\"blog__card-author-name-highlight\">Admin<\/span>\r\n\t\t\t\t\t\t\t\t<\/p>\r\n\t\t\t\t\t\t\t<\/div><!-- \/.blog-one__author -->\r\n\t\t\t\t\t\t<\/div><!-- \/.blog-one__item -->\r\n\t\t\t\t\t<\/div>\r\n\t\t\t\t\t\t\t\t\t<div class=\"col-lg-4 col-md-6 wow animated fadeInUp\" data-wow-delay=\"0.1s\" data-wow-duration=\"1300ms\">\r\n\t\t\t\t\t\t<div class=\"blog__card\">\r\n\t\t\t\t\t\t\t\t\t\t\t\t\t\t\t<a href=\"https:\/\/bidads.pl\/en\/jak-body-leasing-zmienia-przyszlosc-pracy-w-digital-marketingu\/\" class=\"blog__card-img-box\">\r\n\t\t\t\t\t\t\t\t\t<img loading=\"lazy\" decoding=\"async\" width=\"416\" height=\"270\" src=\"https:\/\/bidads.pl\/wp-content\/uploads\/2025\/01\/Monika-Sypczuk-_-BIDads-_-strona-www-1-1-416x270.jpg\" class=\"&quot;blog__card-img&quot; wp-post-image\" alt=\"Monika Sypczuk\" \/>\t\t\t\t\t\t\t\t\t\t\t\t\t\t\t\t\t\t\t\t\t\t\t\t\t\t\t\t<p class=\"blog__card-category\">BLOG<\/p>\r\n\t\t\t\t\t\t\t\t\t\t\t\t\t\t\t\t\t<\/a><!-- \/.blog-one__img-box -->\r\n\t\t\t\t\t\t\t\t\t\t\t\t\t\t<ul class=\"blog__card-comment-box\">\r\n\t\t\t\t\t\t\t\t<li class=\"blog__card-comment-item\">\r\n\t\t\t\t\t\t\t\t\t\t\t\t\t\t\t\t\t<\/li>\r\n\t\t\t\t\t\t\t\t<li class=\"blog__card-comment-item blog__card-comment-item-divider\">\r\n\t\t\t\t\t\t\t\t\t<p class=\"blog__card-comment\">\/<\/p>\r\n\t\t\t\t\t\t\t\t<\/li>\r\n\t\t\t\t\t\t\t\t<li class=\"blog__card-comment-item\">\r\n\t\t\t\t\t\t\t\t\t<p class=\"blog__card-comment\">2025-06-15<\/p>\r\n\t\t\t\t\t\t\t\t<\/li>\r\n\t\t\t\t\t\t\t<\/ul><!-- \/.blog-one__comment -->\r\n\t\t\t\t\t\t\t<a href=\"https:\/\/bidads.pl\/en\/jak-body-leasing-zmienia-przyszlosc-pracy-w-digital-marketingu\/\" class=\"blog__card-title\">\r\n\t\t\t\t\t\t\t\t\t\t\t\t\t\t\t\tThe Future of Work in Digital Marketing\t\t\t\t\t\t\t<\/a>\r\n\t\t\t\t\t\t\t<div class=\"blog__card-author\">\r\n\t\t\t\t\t\t\t\t<div class=\"blog__card-author-img-box\">\r\n\t\t\t\t\t\t\t\t\t\t\t\t\t\t\t\t\t\t<img decoding=\"async\" src=\"https:\/\/secure.gravatar.com\/avatar\/4bca664305a2f02d87e8b779e3ee3ca0c3a9ad372a77ba6cad738e24e3818b82?s=96&#038;d=mm&#038;r=g\" alt=\"author\" class=\"blog__card-author-img\">\r\n\t\t\t\t\t\t\t\t<\/div>\r\n\t\t\t\t\t\t\t\t<p class=\"blog__card-author-name\">by\t\t\t\t\t\t\t\t\t<span class=\"blog__card-author-name-highlight\">Admin<\/span>\r\n\t\t\t\t\t\t\t\t<\/p>\r\n\t\t\t\t\t\t\t<\/div><!-- \/.blog-one__author -->\r\n\t\t\t\t\t\t<\/div><!-- \/.blog-one__item -->\r\n\t\t\t\t\t<\/div>\r\n\t\t\t\t\t\t\t\t\t\t\t\t\t<div class=\"blog-pagination wp-pagination justify-content-center text-center\">\r\n\t\t\t\t\t\t<span class=\"page-numbers current\">1<\/span>\n<a class=\"page-numbers\" href=\"https:\/\/bidads.pl\/en\/wp-json\/wp\/v2\/pages\/131\/page\/2\/\">2<\/a>\n<a class=\"page-numbers\" href=\"https:\/\/bidads.pl\/en\/wp-json\/wp\/v2\/pages\/131\/page\/3\/\">3<\/a>\n<a class=\"next page-numbers\" href=\"https:\/\/bidads.pl\/en\/wp-json\/wp\/v2\/pages\/131\/page\/2\/\"><i class=\"fa fa-angle-right\"><\/i><\/a>\t\t\t\t\t<\/div><!-- \/.blog-post-pagination -->\r\n\t\t\t\t\t\t\t\t\t\t\t<\/div><!-- \/.row -->\r\n\t\t<\/div><!-- \/.container -->\r\n\t<\/section>\r\n\t<!-- Blog One End -->\r\n\t\t\t\t<\/div>\n\t\t\t\t<\/div>\n\t\t\t\t<\/div>\n\t\t\t\t<\/div>","protected":false},"excerpt":{"rendered":"<p>BLOG \/ 2025-01-13 Body leasing &amp; workation by Admin BLOG \/ 2025-01-13 Work-Life Fit &amp; Work-Life Balance by Admin BLOG Leave a Commenton Praca i macierzy\u0144stwo \/ 2025-01-10 Praca i macierzy\u0144stwo by Admin BLOG \/ 2025-01-10 Zarz\u0105dzanie kosztami zatrudnienia by Admin BLOG \/ 2023-10-09 Praca zdalna przyci\u0105ga talenty by Admin BLOG \/ 2023-10-09 Pracownik na [&hellip;]<\/p>","protected":false},"author":2,"featured_media":0,"parent":0,"menu_order":0,"comment_status":"closed","ping_status":"closed","template":"elementor_header_footer","meta":{"footnotes":""},"class_list":["post-131","page","type-page","status-publish","hentry"],"yoast_head":"<!-- This site is optimized with the Yoast SEO plugin v25.2 - https:\/\/yoast.com\/wordpress\/plugins\/seo\/ -->\n<title>Blog - Bidads<\/title>\n<meta name=\"description\" content=\"Body leasing w digital marketingu - zyskaj pewno\u015b\u0107, \u017ce zatrudniasz najlepsze talenty na rynku. Rozwijaj sw\u00f3j biznes z BIDads!\" \/>\n<meta name=\"robots\" content=\"index, follow, max-snippet:-1, max-image-preview:large, max-video-preview:-1\" \/>\n<link rel=\"canonical\" href=\"https:\/\/bidads.pl\/en\/blog\/\" \/>\n<meta property=\"og:locale\" content=\"en_GB\" \/>\n<meta property=\"og:type\" content=\"article\" \/>\n<meta property=\"og:title\" content=\"Blog\" \/>\n<meta property=\"og:description\" content=\"Body leasing w digital marketingu - zyskaj pewno\u015b\u0107, \u017ce zatrudniasz najlepsze talenty na rynku. Rozwijaj sw\u00f3j biznes z BIDads!\" \/>\n<meta property=\"og:url\" content=\"https:\/\/bidads.pl\/en\/blog\/\" \/>\n<meta property=\"og:site_name\" content=\"Bidads\" \/>\n<meta property=\"article:modified_time\" content=\"2025-01-31T20:26:23+00:00\" \/>\n<meta property=\"og:image\" content=\"https:\/\/bidads.pl\/wp-content\/uploads\/2025\/01\/BIDads_body_leasing_BLOG-e1736867939711.jpg\" \/>\n\t<meta property=\"og:image:width\" content=\"1280\" \/>\n\t<meta property=\"og:image:height\" content=\"732\" \/>\n\t<meta property=\"og:image:type\" content=\"image\/jpeg\" \/>\n<meta name=\"twitter:card\" content=\"summary_large_image\" \/>\n<meta name=\"twitter:title\" content=\"Blog\" \/>\n<meta name=\"twitter:description\" content=\"Body leasing w digital marketingu - zyskaj pewno\u015b\u0107, \u017ce zatrudniasz najlepsze talenty na rynku. Rozwijaj sw\u00f3j biznes z BIDads!\" \/>\n<meta name=\"twitter:image\" content=\"https:\/\/bidads.pl\/wp-content\/uploads\/2025\/01\/BIDads_body_leasing_BLOG-e1736867939711.jpg\" \/>\n<meta name=\"twitter:label1\" content=\"Estimated reading time\" \/>\n\t<meta name=\"twitter:data1\" content=\"3 minutes\" \/>\n<script type=\"application\/ld+json\" class=\"yoast-schema-graph\">{\"@context\":\"https:\/\/schema.org\",\"@graph\":[{\"@type\":\"WebPage\",\"@id\":\"https:\/\/bidads.pl\/blog\/\",\"url\":\"https:\/\/bidads.pl\/blog\/\",\"name\":\"Blog - Bidads\",\"isPartOf\":{\"@id\":\"https:\/\/bidads.pl\/#website\"},\"primaryImageOfPage\":{\"@id\":\"https:\/\/bidads.pl\/blog\/#primaryimage\"},\"image\":{\"@id\":\"https:\/\/bidads.pl\/blog\/#primaryimage\"},\"thumbnailUrl\":\"https:\/\/bidads.pl\/wp-content\/uploads\/2025\/01\/Informacja_prasowa_BIDads_body_leasing_i_workation-416x270.jpg\",\"datePublished\":\"2023-10-08T04:40:57+00:00\",\"dateModified\":\"2025-01-31T20:26:23+00:00\",\"description\":\"Body leasing w digital marketingu - zyskaj pewno\u015b\u0107, \u017ce zatrudniasz najlepsze talenty na rynku. Rozwijaj sw\u00f3j biznes z BIDads!\",\"breadcrumb\":{\"@id\":\"https:\/\/bidads.pl\/blog\/#breadcrumb\"},\"inLanguage\":\"en-GB\",\"potentialAction\":[{\"@type\":\"ReadAction\",\"target\":[\"https:\/\/bidads.pl\/blog\/\"]}]},{\"@type\":\"ImageObject\",\"inLanguage\":\"en-GB\",\"@id\":\"https:\/\/bidads.pl\/blog\/#primaryimage\",\"url\":\"https:\/\/bidads.pl\/wp-content\/uploads\/2025\/01\/Informacja_prasowa_BIDads_body_leasing_i_workation-416x270.jpg\",\"contentUrl\":\"https:\/\/bidads.pl\/wp-content\/uploads\/2025\/01\/Informacja_prasowa_BIDads_body_leasing_i_workation-416x270.jpg\"},{\"@type\":\"BreadcrumbList\",\"@id\":\"https:\/\/bidads.pl\/blog\/#breadcrumb\",\"itemListElement\":[{\"@type\":\"ListItem\",\"position\":1,\"name\":\"Strona g\u0142\u00f3wna\",\"item\":\"https:\/\/bidads.pl\/\"},{\"@type\":\"ListItem\",\"position\":2,\"name\":\"Blog\"}]},{\"@type\":\"WebSite\",\"@id\":\"https:\/\/bidads.pl\/#website\",\"url\":\"https:\/\/bidads.pl\/\",\"name\":\"Bidads\",\"description\":\"\",\"publisher\":{\"@id\":\"https:\/\/bidads.pl\/#organization\"},\"potentialAction\":[{\"@type\":\"SearchAction\",\"target\":{\"@type\":\"EntryPoint\",\"urlTemplate\":\"https:\/\/bidads.pl\/?s={search_term_string}\"},\"query-input\":{\"@type\":\"PropertyValueSpecification\",\"valueRequired\":true,\"valueName\":\"search_term_string\"}}],\"inLanguage\":\"en-GB\"},{\"@type\":\"Organization\",\"@id\":\"https:\/\/bidads.pl\/#organization\",\"name\":\"Bidads\",\"url\":\"https:\/\/bidads.pl\/\",\"logo\":{\"@type\":\"ImageObject\",\"inLanguage\":\"en-GB\",\"@id\":\"https:\/\/bidads.pl\/#\/schema\/logo\/image\/\",\"url\":\"https:\/\/bidads.pl\/wp-content\/uploads\/2024\/12\/cropped-logo_BIDads.jpg\",\"contentUrl\":\"https:\/\/bidads.pl\/wp-content\/uploads\/2024\/12\/cropped-logo_BIDads.jpg\",\"width\":424,\"height\":424,\"caption\":\"Bidads\"},\"image\":{\"@id\":\"https:\/\/bidads.pl\/#\/schema\/logo\/image\/\"},\"sameAs\":[\"https:\/\/www.linkedin.com\/company\/bidads-sp-z-o-o\/\"]}]}<\/script>\n<!-- \/ Yoast SEO plugin. -->","yoast_head_json":{"title":"Blog - Bidads","description":"Body leasing w digital marketingu - zyskaj pewno\u015b\u0107, \u017ce zatrudniasz najlepsze talenty na rynku. Rozwijaj sw\u00f3j biznes z BIDads!","robots":{"index":"index","follow":"follow","max-snippet":"max-snippet:-1","max-image-preview":"max-image-preview:large","max-video-preview":"max-video-preview:-1"},"canonical":"https:\/\/bidads.pl\/en\/blog\/","og_locale":"en_GB","og_type":"article","og_title":"Blog","og_description":"Body leasing w digital marketingu - zyskaj pewno\u015b\u0107, \u017ce zatrudniasz najlepsze talenty na rynku. Rozwijaj sw\u00f3j biznes z BIDads!","og_url":"https:\/\/bidads.pl\/en\/blog\/","og_site_name":"Bidads","article_modified_time":"2025-01-31T20:26:23+00:00","og_image":[{"width":1280,"height":732,"url":"https:\/\/bidads.pl\/wp-content\/uploads\/2025\/01\/BIDads_body_leasing_BLOG-e1736867939711.jpg","type":"image\/jpeg"}],"twitter_card":"summary_large_image","twitter_title":"Blog","twitter_description":"Body leasing w digital marketingu - zyskaj pewno\u015b\u0107, \u017ce zatrudniasz najlepsze talenty na rynku. Rozwijaj sw\u00f3j biznes z BIDads!","twitter_image":"https:\/\/bidads.pl\/wp-content\/uploads\/2025\/01\/BIDads_body_leasing_BLOG-e1736867939711.jpg","twitter_misc":{"Estimated reading time":"3 minutes"},"schema":{"@context":"https:\/\/schema.org","@graph":[{"@type":"WebPage","@id":"https:\/\/bidads.pl\/blog\/","url":"https:\/\/bidads.pl\/blog\/","name":"Blog - Bidads","isPartOf":{"@id":"https:\/\/bidads.pl\/#website"},"primaryImageOfPage":{"@id":"https:\/\/bidads.pl\/blog\/#primaryimage"},"image":{"@id":"https:\/\/bidads.pl\/blog\/#primaryimage"},"thumbnailUrl":"https:\/\/bidads.pl\/wp-content\/uploads\/2025\/01\/Informacja_prasowa_BIDads_body_leasing_i_workation-416x270.jpg","datePublished":"2023-10-08T04:40:57+00:00","dateModified":"2025-01-31T20:26:23+00:00","description":"Body leasing w digital marketingu - zyskaj pewno\u015b\u0107, \u017ce zatrudniasz najlepsze talenty na rynku. Rozwijaj sw\u00f3j biznes z BIDads!","breadcrumb":{"@id":"https:\/\/bidads.pl\/blog\/#breadcrumb"},"inLanguage":"en-GB","potentialAction":[{"@type":"ReadAction","target":["https:\/\/bidads.pl\/blog\/"]}]},{"@type":"ImageObject","inLanguage":"en-GB","@id":"https:\/\/bidads.pl\/blog\/#primaryimage","url":"https:\/\/bidads.pl\/wp-content\/uploads\/2025\/01\/Informacja_prasowa_BIDads_body_leasing_i_workation-416x270.jpg","contentUrl":"https:\/\/bidads.pl\/wp-content\/uploads\/2025\/01\/Informacja_prasowa_BIDads_body_leasing_i_workation-416x270.jpg"},{"@type":"BreadcrumbList","@id":"https:\/\/bidads.pl\/blog\/#breadcrumb","itemListElement":[{"@type":"ListItem","position":1,"name":"Strona g\u0142\u00f3wna","item":"https:\/\/bidads.pl\/"},{"@type":"ListItem","position":2,"name":"Blog"}]},{"@type":"WebSite","@id":"https:\/\/bidads.pl\/#website","url":"https:\/\/bidads.pl\/","name":"Bidads","description":"","publisher":{"@id":"https:\/\/bidads.pl\/#organization"},"potentialAction":[{"@type":"SearchAction","target":{"@type":"EntryPoint","urlTemplate":"https:\/\/bidads.pl\/?s={search_term_string}"},"query-input":{"@type":"PropertyValueSpecification","valueRequired":true,"valueName":"search_term_string"}}],"inLanguage":"en-GB"},{"@type":"Organization","@id":"https:\/\/bidads.pl\/#organization","name":"Bidads","url":"https:\/\/bidads.pl\/","logo":{"@type":"ImageObject","inLanguage":"en-GB","@id":"https:\/\/bidads.pl\/#\/schema\/logo\/image\/","url":"https:\/\/bidads.pl\/wp-content\/uploads\/2024\/12\/cropped-logo_BIDads.jpg","contentUrl":"https:\/\/bidads.pl\/wp-content\/uploads\/2024\/12\/cropped-logo_BIDads.jpg","width":424,"height":424,"caption":"Bidads"},"image":{"@id":"https:\/\/bidads.pl\/#\/schema\/logo\/image\/"},"sameAs":["https:\/\/www.linkedin.com\/company\/bidads-sp-z-o-o\/"]}]}},"_links":{"self":[{"href":"https:\/\/bidads.pl\/en\/wp-json\/wp\/v2\/pages\/131","targetHints":{"allow":["GET"]}}],"collection":[{"href":"https:\/\/bidads.pl\/en\/wp-json\/wp\/v2\/pages"}],"about":[{"href":"https:\/\/bidads.pl\/en\/wp-json\/wp\/v2\/types\/page"}],"author":[{"embeddable":true,"href":"https:\/\/bidads.pl\/en\/wp-json\/wp\/v2\/users\/2"}],"replies":[{"embeddable":true,"href":"https:\/\/bidads.pl\/en\/wp-json\/wp\/v2\/comments?post=131"}],"version-history":[{"count":11,"href":"https:\/\/bidads.pl\/en\/wp-json\/wp\/v2\/pages\/131\/revisions"}],"predecessor-version":[{"id":4515,"href":"https:\/\/bidads.pl\/en\/wp-json\/wp\/v2\/pages\/131\/revisions\/4515"}],"wp:attachment":[{"href":"https:\/\/bidads.pl\/en\/wp-json\/wp\/v2\/media?parent=131"}],"curies":[{"name":"wp","href":"https:\/\/api.w.org\/{rel}","templated":true}]}}